{"id":605,"date":"2020-12-18T13:50:24","date_gmt":"2020-12-18T12:50:24","guid":{"rendered":"https:\/\/www.dehner.de\/unternehmen\/?page_id=605"},"modified":"2021-11-24T13:07:26","modified_gmt":"2021-11-24T12:07:26","slug":"tierkodex","status":"publish","type":"page","link":"https:\/\/www.dehner.de\/unternehmen\/unternehmen\/philosophie-engagement\/tierkodex\/","title":{"rendered":"Tierkodex"},"content":{"rendered":"<div class=\"container page-content dehner-paragraph \">\n\t<div class=\"ce-gridRow6040 row\">\n\t\t<div class=\"colpos-101 col-xs-12 col-md-7\">\n\t\t\t<div id=\"block_5fdca4d20e4f0\" class=\"ce-text\">\n\t\t\t\t<header class=\"fsc\">\n\t\t\t\t\t\t\t\t\t\t\t<strong class=\"subheader\">&#8222;Wir von Dehner f\u00fchlen uns f\u00fcr das Wohlbefinden der Tiere verantwortlich.&#8220;<\/strong>\n\t\t\t\t\t\t\t\t\t\t\t\t\t\t\t\t<h2>Tierkodex<\/h2>\n\t\t\t\t\t\t\t\t\t<\/header>\n\t\t\t\t<div class=\"bodytext\">\n\t\t\t\t\t\t\t\t\t\t\t<p>Dehner kommt seiner ethischen und moralischen Verpflichtung im Umgang mit Tieren in vielf\u00e4ltiger Weise nach. Das beginnt bereits bei der\u00a0<b>gewissenhaften Auswahl der Z\u00fcchter<\/b>\u00a0und\u00a0<b>Lieferanten<\/b>\u00a0und f\u00fchrt \u00fcber eine\u00a0<b>sorgsame Behandlung<\/b>\u00a0der Tiere in den Dehner Garten-Centern und Dehner Zoo-Filialen bis hin zur\u00a0<b>ausf\u00fchrlichen Beratung<\/b>\u00a0der Kunden vor und nach dem Tierkauf.<\/p>\n<p>Der hohe Anspruch des Hauses Dehner an den verantwortungsvollen Umgang mit Tieren wurde in unserem\u00a0<b>Tierkodex<\/b>\u00a0formuliert. Er dient als verbindlicher Leitfaden f\u00fcr alle Mitarbeiter und legt den Standard f\u00fcr unsere Tierhaltung fest. Durch eine intensive Zusammenarbeit mit Tier\u00e4rzten und die konstruktive Diskussion mit Tierschutzorganisationen wird unser Leitfaden st\u00e4ndig weiterentwickelt und auf den aktuellsten Stand gebracht. &#8222;Diese Verpflichtung zu beherzigen, ist f\u00fcr Mitarbeiter des Hauses Dehner selbstverst\u00e4ndlich und unumg\u00e4nglich&#8220;.<\/p>\n\t\t\t\t\t\t\t\t\t<\/div>\n\t\t\t<\/div>\n\t\t<\/div>\n\t\t\t\t\t<div class=\"colpos-102 col-xs-12 col-md-5\">\n\t\t\t\t\t\t\t\t\t\t<div id=\"block_5fdca4d20e4f0\" class=\"ce-image\">\n\t\t\t\t\t\t\t<picture><img decoding=\"async\" class=\"img-responsive\" src=\"https:\/\/www.dehner.de\/unternehmen\/app\/uploads\/sites\/3\/2021\/07\/bild-welpe_992x434.jpg\" srcset=\"https:\/\/www.dehner.de\/unternehmen\/app\/uploads\/sites\/3\/2021\/07\/bild-welpe_992x434.jpg 992w, https:\/\/www.dehner.de\/unternehmen\/app\/uploads\/sites\/3\/2021\/07\/bild-welpe_992x434-768x336.jpg 768w\" sizes=\"(max-width: ) 100vw, \"\/><\/picture>\t\t\t\t\t\t<\/div>\n\n\t\t\t\t\t\t\t\t\t\t\t\t\t\t\t<div id=\"block_5fdca4d20e4f0\" class=\"ce-ctabox\">\n\t\t\t\t\t\t\t<header class=\"fsc hyphenate\">\n\t\t\t\t\t\t\t\t\t\t\t\t\t\t\t\t\t<strong class=\"subheader\">Unser Leitfaden f\u00fcr den Umgang mit Tieren<\/strong>\n\t\t\t\t\t\t\t\t\t\t\t\t\t\t\t\t\t\t\t\t\t\t\t\t\t<h2>Dehner Tierkodex<\/h2>\n\t\t\t\t\t\t\t\t\t\t\t\t\t\t\t<header>\n\t\t\t\t\t\t\t\t\t\t\t\t\t\t\t\t\t\t\t\t\t\t\t\t<a\n                                        href=\"https:\/\/www.dehner.de\/unternehmen\/app\/uploads\/sites\/3\/2021\/11\/Heimtierkodex_LangDIN_112021_ES_low.pdf\"\n                                        target=\"_blank\"\n                                        class=\"btn btn-primary\"\n                                    >\n                                        PDF Download                                    <\/a>\n\t\t\t\t\t\t\t\t\t\t\t\t\t\t\t\t\t\t\t\t\t<\/div>\n\t\t\t\t\t\t\t\t\t                                                <div id=\"block_5fdca4d20e4f0\">\n                                                                                <\/div>\n\t\t\t\t\t\t\t\t\t\t\t\t<\/div>\n\t\t\t<\/div>\n<\/div>\n","protected":false},"excerpt":{"rendered":"","protected":false},"author":1,"featured_media":0,"parent":214,"menu_order":0,"comment_status":"closed","ping_status":"closed","template":"","meta":{"_acf_changed":false,"footnotes":""},"class_list":["post-605","page","type-page","status-publish","hentry"],"acf":[],"yoast_head":"<!-- This site is optimized with the Yoast SEO plugin v24.5 - https:\/\/yoast.com\/wordpress\/plugins\/seo\/ -->\n<title>Tierkodex - Dehner Unternehmen<\/title>\n<meta name=\"robots\" content=\"index, follow, max-snippet:-1, max-image-preview:large, max-video-preview:-1\" \/>\n<link rel=\"canonical\" href=\"https:\/\/www.dehner.de\/unternehmen\/unternehmen\/philosophie-engagement\/tierkodex\/\" \/>\n<meta property=\"og:locale\" content=\"de_DE\" \/>\n<meta property=\"og:type\" content=\"article\" \/>\n<meta property=\"og:title\" content=\"Tierkodex - Dehner Unternehmen\" \/>\n<meta property=\"og:url\" content=\"https:\/\/www.dehner.de\/unternehmen\/unternehmen\/philosophie-engagement\/tierkodex\/\" \/>\n<meta property=\"og:site_name\" content=\"Dehner Unternehmen\" \/>\n<meta property=\"article:modified_time\" content=\"2021-11-24T12:07:26+00:00\" \/>\n<meta name=\"twitter:card\" content=\"summary_large_image\" \/>\n<script type=\"application\/ld+json\" class=\"yoast-schema-graph\">{\"@context\":\"https:\/\/schema.org\",\"@graph\":[{\"@type\":\"WebPage\",\"@id\":\"https:\/\/www.dehner.de\/unternehmen\/unternehmen\/philosophie-engagement\/tierkodex\/\",\"url\":\"https:\/\/www.dehner.de\/unternehmen\/unternehmen\/philosophie-engagement\/tierkodex\/\",\"name\":\"Tierkodex - Dehner Unternehmen\",\"isPartOf\":{\"@id\":\"https:\/\/www.dehner.de\/unternehmen\/#website\"},\"datePublished\":\"2020-12-18T12:50:24+00:00\",\"dateModified\":\"2021-11-24T12:07:26+00:00\",\"breadcrumb\":{\"@id\":\"https:\/\/www.dehner.de\/unternehmen\/unternehmen\/philosophie-engagement\/tierkodex\/#breadcrumb\"},\"inLanguage\":\"de-DE\",\"potentialAction\":[{\"@type\":\"ReadAction\",\"target\":[\"https:\/\/www.dehner.de\/unternehmen\/unternehmen\/philosophie-engagement\/tierkodex\/\"]}]},{\"@type\":\"BreadcrumbList\",\"@id\":\"https:\/\/www.dehner.de\/unternehmen\/unternehmen\/philosophie-engagement\/tierkodex\/#breadcrumb\",\"itemListElement\":[{\"@type\":\"ListItem\",\"position\":1,\"name\":\"Home\",\"item\":\"https:\/\/www.dehner.de\/unternehmen\/\"},{\"@type\":\"ListItem\",\"position\":2,\"name\":\"\u00dcber uns\",\"item\":\"https:\/\/www.dehner.at\/unternehmen\/unternehmen\/\"},{\"@type\":\"ListItem\",\"position\":3,\"name\":\"Philosophie &amp; Engagement\",\"item\":\"https:\/\/www.dehner.de\/unternehmen\/unternehmen\/philosophie-engagement\/\"},{\"@type\":\"ListItem\",\"position\":4,\"name\":\"Tierkodex\"}]},{\"@type\":\"WebSite\",\"@id\":\"https:\/\/www.dehner.de\/unternehmen\/#website\",\"url\":\"https:\/\/www.dehner.de\/unternehmen\/\",\"name\":\"Dehner Unternehmen\",\"description\":\"Eine weitere Dehner Websites Website\",\"potentialAction\":[{\"@type\":\"SearchAction\",\"target\":{\"@type\":\"EntryPoint\",\"urlTemplate\":\"https:\/\/www.dehner.de\/unternehmen\/?s={search_term_string}\"},\"query-input\":{\"@type\":\"PropertyValueSpecification\",\"valueRequired\":true,\"valueName\":\"search_term_string\"}}],\"inLanguage\":\"de-DE\"}]}<\/script>\n<!-- \/ Yoast SEO plugin. -->","yoast_head_json":{"title":"Tierkodex - Dehner Unternehmen","robots":{"index":"index","follow":"follow","max-snippet":"max-snippet:-1","max-image-preview":"max-image-preview:large","max-video-preview":"max-video-preview:-1"},"canonical":"https:\/\/www.dehner.de\/unternehmen\/unternehmen\/philosophie-engagement\/tierkodex\/","og_locale":"de_DE","og_type":"article","og_title":"Tierkodex - Dehner Unternehmen","og_url":"https:\/\/www.dehner.de\/unternehmen\/unternehmen\/philosophie-engagement\/tierkodex\/","og_site_name":"Dehner Unternehmen","article_modified_time":"2021-11-24T12:07:26+00:00","twitter_card":"summary_large_image","schema":{"@context":"https:\/\/schema.org","@graph":[{"@type":"WebPage","@id":"https:\/\/www.dehner.de\/unternehmen\/unternehmen\/philosophie-engagement\/tierkodex\/","url":"https:\/\/www.dehner.de\/unternehmen\/unternehmen\/philosophie-engagement\/tierkodex\/","name":"Tierkodex - Dehner Unternehmen","isPartOf":{"@id":"https:\/\/www.dehner.de\/unternehmen\/#website"},"datePublished":"2020-12-18T12:50:24+00:00","dateModified":"2021-11-24T12:07:26+00:00","breadcrumb":{"@id":"https:\/\/www.dehner.de\/unternehmen\/unternehmen\/philosophie-engagement\/tierkodex\/#breadcrumb"},"inLanguage":"de-DE","potentialAction":[{"@type":"ReadAction","target":["https:\/\/www.dehner.de\/unternehmen\/unternehmen\/philosophie-engagement\/tierkodex\/"]}]},{"@type":"BreadcrumbList","@id":"https:\/\/www.dehner.de\/unternehmen\/unternehmen\/philosophie-engagement\/tierkodex\/#breadcrumb","itemListElement":[{"@type":"ListItem","position":1,"name":"Home","item":"https:\/\/www.dehner.de\/unternehmen\/"},{"@type":"ListItem","position":2,"name":"\u00dcber uns","item":"https:\/\/www.dehner.at\/unternehmen\/unternehmen\/"},{"@type":"ListItem","position":3,"name":"Philosophie &amp; Engagement","item":"https:\/\/www.dehner.de\/unternehmen\/unternehmen\/philosophie-engagement\/"},{"@type":"ListItem","position":4,"name":"Tierkodex"}]},{"@type":"WebSite","@id":"https:\/\/www.dehner.de\/unternehmen\/#website","url":"https:\/\/www.dehner.de\/unternehmen\/","name":"Dehner Unternehmen","description":"Eine weitere Dehner Websites Website","potentialAction":[{"@type":"SearchAction","target":{"@type":"EntryPoint","urlTemplate":"https:\/\/www.dehner.de\/unternehmen\/?s={search_term_string}"},"query-input":{"@type":"PropertyValueSpecification","valueRequired":true,"valueName":"search_term_string"}}],"inLanguage":"de-DE"}]}},"_links":{"self":[{"href":"https:\/\/www.dehner.de\/unternehmen\/wp-json\/wp\/v2\/pages\/605","targetHints":{"allow":["GET"]}}],"collection":[{"href":"https:\/\/www.dehner.de\/unternehmen\/wp-json\/wp\/v2\/pages"}],"about":[{"href":"https:\/\/www.dehner.de\/unternehmen\/wp-json\/wp\/v2\/types\/page"}],"author":[{"embeddable":true,"href":"https:\/\/www.dehner.de\/unternehmen\/wp-json\/wp\/v2\/users\/1"}],"replies":[{"embeddable":true,"href":"https:\/\/www.dehner.de\/unternehmen\/wp-json\/wp\/v2\/comments?post=605"}],"version-history":[{"count":20,"href":"https:\/\/www.dehner.de\/unternehmen\/wp-json\/wp\/v2\/pages\/605\/revisions"}],"predecessor-version":[{"id":2958,"href":"https:\/\/www.dehner.de\/unternehmen\/wp-json\/wp\/v2\/pages\/605\/revisions\/2958"}],"up":[{"embeddable":true,"href":"https:\/\/www.dehner.de\/unternehmen\/wp-json\/wp\/v2\/pages\/214"}],"wp:attachment":[{"href":"https:\/\/www.dehner.de\/unternehmen\/wp-json\/wp\/v2\/media?parent=605"}],"curies":[{"name":"wp","href":"https:\/\/api.w.org\/{rel}","templated":true}]}}