{"id":601,"date":"2020-12-18T13:46:11","date_gmt":"2020-12-18T12:46:11","guid":{"rendered":"https:\/\/www.dehner.de\/unternehmen\/?page_id=601"},"modified":"2024-06-25T14:38:08","modified_gmt":"2024-06-25T12:38:08","slug":"dehner-hilfsfonds","status":"publish","type":"page","link":"https:\/\/www.dehner.de\/unternehmen\/unternehmen\/philosophie-engagement\/dehner-hilfsfonds\/","title":{"rendered":"Dehner Hilfsfonds"},"content":{"rendered":"<div class=\"container page-content dehner-paragraph \">\n\t<div class=\"ce-gridRow6040 row\">\n\t\t<div class=\"colpos-101 col-xs-12 col-md-7\">\n\t\t\t<div id=\"block_5fdca3fc1ea0f\" class=\"ce-text\">\n\t\t\t\t<header class=\"fsc\">\n\t\t\t\t\t\t\t\t\t\t\t<strong class=\"subheader\">F\u00fcr Menschen in Not<\/strong>\n\t\t\t\t\t\t\t\t\t\t\t\t\t\t\t\t<h2>Dehner Hilfsfonds<\/h2>\n\t\t\t\t\t\t\t\t\t<\/header>\n\t\t\t\t<div class=\"bodytext\">\n\t\t\t\t\t\t\t\t\t\t\t<div id=\"c133\" class=\"ce-text\">\n<div class=\"bodytext\">\n<p>Die mildt\u00e4tige und gemeinn\u00fctzige Stiftung <em>Dehner Hilfsfonds f\u00fcr Menschen in Not <\/em>wurde 2001 von der Inhaberfamilie von Europas gr\u00f6\u00dfter Garten-Center-Gruppe ins Leben gerufen. Ziel des Dehner-Fonds ist es, finanzielle Hilfestellungen f\u00fcr unverschuldet in Not geratene Menschen zu gew\u00e4hren.<\/p>\n<p>Der Dehner Hilfsfonds konzentriert sich dabei ausschlie\u00dflich auf die Unterst\u00fctzung der Tafeln in Deutschland und \u00d6sterreich und setzt so ein Zeichen gegen Armut. Denn gerade bei den Tafeln ist die Notlage in der Gesellschaft jeden Tag deutlich sp\u00fcrbar.<\/p>\n<p><em>\u00a0<\/em>\u00abAls Europas gr\u00f6\u00dfte Garten-Center-Gruppe sind wir mit mehr als 135 Dehner-M\u00e4rkten in Deutschland und \u00d6sterreich regional stark vertreten. Wichtig ist uns deshalb eine direkte und nachhaltige Hilfe f\u00fcr die Menschen vor Ort. Die Tafeln in Deutschland und \u00d6sterreich leisten tagt\u00e4glich bemerkenswerte und ehrenamtliche Arbeit, die wir gerne unterst\u00fctzen\u00bb, erkl\u00e4rt Georg Weber, Chief Executive Officer des Unternehmens und Vorsitzender des Dehner Hilfsfonds.<\/p>\n<p>So hilft Dehner seit 2011 lokalen Tafeln und anderen sozialen Einrichtungen in Deutschland und seit 2017 auch Organisationen in \u00d6sterreich. In Deutschland z\u00e4hlen derzeit \u00fcber 900 Organisationen mit mehr als 2.000 Ausgabestellen zum Dachverband Tafel Deutschland. Zum Verband der \u00f6sterreichischen Tafeln geh\u00f6ren bereits \u00fcber 100 Sozialeinrichtungen und Ausgabestellen. Die Tafeln finanzieren sich grunds\u00e4tzlich \u00fcber Spenden. Durch die Spendenaktionen des Dehner Hilfsfonds an lokale Tafeln erfahren hilfsbed\u00fcrftige Menschen deutschlandweit und in \u00d6sterreich direkte Unterst\u00fctzung vor Ort. Auch die Dehner-Kunden k\u00f6nnen sich \u00fcber Spendendosen, die in den Garten-Centern aufgestellt sind, an den Tafel-Hilfsaktionen beteiligen.<\/p>\n<p>&nbsp;<\/p>\n<\/div>\n<\/div>\n<div id=\"c135\" class=\"ce-text\">\n<div class=\"bodytext\">\n<div>\n<h4><b>Spendenkonto<\/b><\/h4>\n<\/div>\n<div><\/div>\n<div>\n<p>Dehner Hilfsfonds f\u00fcr Menschen in Not<br \/>\nDonauw\u00f6rther Stra\u00dfe 3<br \/>\n86641 Rain<\/p>\n<\/div>\n<div><\/div>\n<div>\n<p>HypoVereinsbank Donauw\u00f6rth<br \/>\nIBAN: DE19\u00a0 7222\u00a0 0074\u00a0 0319\u00a0 4019\u00a0 62<br \/>\nBIC: HYVEDEMM255<\/p>\n<\/div>\n<\/div>\n<\/div>\n\t\t\t\t\t\t\t\t\t<\/div>\n\t\t\t<\/div>\n\t\t<\/div>\n\t\t\t\t\t<div class=\"colpos-102 col-xs-12 col-md-5\">\n\t\t\t\t\t\t\t\t\t\t<div id=\"block_5fdca3fc1ea0f\" class=\"ce-image\">\n\t\t\t\t\t\t\t<picture><img decoding=\"async\" class=\"img-responsive\" src=\"https:\/\/www.dehner.de\/unternehmen\/app\/uploads\/sites\/3\/2020\/12\/csm_2001-Dehner-Hilfsfonds_5ae6790717.jpg\" srcset=\"\" sizes=\"(max-width: ) 100vw, \"\/><\/picture>\t\t\t\t\t\t<\/div>\n\n\t\t\t\t\t\t\t\t\t                                                <div id=\"block_5fdca3fc1ea0f\">\n                                                                                    <ul class=\"arrows ce-menu ce-menu-0\">\n                                                                        <li>\n                                        <svg id=\"chevron-right\" class=\"icon svg-chevron-right-dims\" viewBox=\"0 0 10 16\" role=\"img\" aria-labelledby=\"title\"><title>chevron-right<\/title><path d=\"M6.55 8.112L.02 14.459l1.394 1.434L9.37 8.16 1.434 0 0 1.395z\" fill=\"currentColor\" fill-rule=\"evenodd\"><\/path><\/svg>\n                                            <a target=\"\" href=\"https:\/\/www.dehner.de\/unternehmen\/pressemeldung\/dehner-hilfsfonds-unterstuetzt-tafeln-mit-100-000-euro\/\">Spendenaktion 2023: Dehner Hilfsfonds unterst\u00fctzt deutsche und \u00f6sterreichische Tafeln mit 100.000 Euro<\/a>\n                                        <\/li>\n                                                                                                <\/ul>\n                                                    <\/div>\n\t\t\t\t\t\t\t\t\t\t\t\t<\/div>\n\t\t\t<\/div>\n<\/div>\n","protected":false},"excerpt":{"rendered":"","protected":false},"author":1,"featured_media":0,"parent":214,"menu_order":0,"comment_status":"closed","ping_status":"closed","template":"","meta":{"_acf_changed":false,"footnotes":""},"class_list":["post-601","page","type-page","status-publish","hentry"],"acf":[],"yoast_head":"<!-- This site is optimized with the Yoast SEO plugin v24.5 - https:\/\/yoast.com\/wordpress\/plugins\/seo\/ -->\n<title>Dehner Hilfsfonds - Dehner Unternehmen<\/title>\n<meta name=\"robots\" content=\"index, follow, max-snippet:-1, max-image-preview:large, max-video-preview:-1\" \/>\n<link rel=\"canonical\" href=\"https:\/\/www.dehner.de\/unternehmen\/unternehmen\/philosophie-engagement\/dehner-hilfsfonds\/\" \/>\n<meta property=\"og:locale\" content=\"de_DE\" \/>\n<meta property=\"og:type\" content=\"article\" \/>\n<meta property=\"og:title\" content=\"Dehner Hilfsfonds - Dehner Unternehmen\" \/>\n<meta property=\"og:url\" content=\"https:\/\/www.dehner.de\/unternehmen\/unternehmen\/philosophie-engagement\/dehner-hilfsfonds\/\" \/>\n<meta property=\"og:site_name\" content=\"Dehner Unternehmen\" \/>\n<meta property=\"article:modified_time\" content=\"2024-06-25T12:38:08+00:00\" \/>\n<meta name=\"twitter:card\" content=\"summary_large_image\" \/>\n<script type=\"application\/ld+json\" class=\"yoast-schema-graph\">{\"@context\":\"https:\/\/schema.org\",\"@graph\":[{\"@type\":\"WebPage\",\"@id\":\"https:\/\/www.dehner.de\/unternehmen\/unternehmen\/philosophie-engagement\/dehner-hilfsfonds\/\",\"url\":\"https:\/\/www.dehner.de\/unternehmen\/unternehmen\/philosophie-engagement\/dehner-hilfsfonds\/\",\"name\":\"Dehner Hilfsfonds - Dehner Unternehmen\",\"isPartOf\":{\"@id\":\"https:\/\/www.dehner.de\/unternehmen\/#website\"},\"datePublished\":\"2020-12-18T12:46:11+00:00\",\"dateModified\":\"2024-06-25T12:38:08+00:00\",\"breadcrumb\":{\"@id\":\"https:\/\/www.dehner.de\/unternehmen\/unternehmen\/philosophie-engagement\/dehner-hilfsfonds\/#breadcrumb\"},\"inLanguage\":\"de-DE\",\"potentialAction\":[{\"@type\":\"ReadAction\",\"target\":[\"https:\/\/www.dehner.de\/unternehmen\/unternehmen\/philosophie-engagement\/dehner-hilfsfonds\/\"]}]},{\"@type\":\"BreadcrumbList\",\"@id\":\"https:\/\/www.dehner.de\/unternehmen\/unternehmen\/philosophie-engagement\/dehner-hilfsfonds\/#breadcrumb\",\"itemListElement\":[{\"@type\":\"ListItem\",\"position\":1,\"name\":\"Home\",\"item\":\"https:\/\/www.dehner.de\/unternehmen\/\"},{\"@type\":\"ListItem\",\"position\":2,\"name\":\"\u00dcber uns\",\"item\":\"https:\/\/www.dehner.at\/unternehmen\/unternehmen\/\"},{\"@type\":\"ListItem\",\"position\":3,\"name\":\"Philosophie &amp; Engagement\",\"item\":\"https:\/\/www.dehner.de\/unternehmen\/unternehmen\/philosophie-engagement\/\"},{\"@type\":\"ListItem\",\"position\":4,\"name\":\"Dehner Hilfsfonds\"}]},{\"@type\":\"WebSite\",\"@id\":\"https:\/\/www.dehner.de\/unternehmen\/#website\",\"url\":\"https:\/\/www.dehner.de\/unternehmen\/\",\"name\":\"Dehner Unternehmen\",\"description\":\"Eine weitere Dehner Websites Website\",\"potentialAction\":[{\"@type\":\"SearchAction\",\"target\":{\"@type\":\"EntryPoint\",\"urlTemplate\":\"https:\/\/www.dehner.de\/unternehmen\/?s={search_term_string}\"},\"query-input\":{\"@type\":\"PropertyValueSpecification\",\"valueRequired\":true,\"valueName\":\"search_term_string\"}}],\"inLanguage\":\"de-DE\"}]}<\/script>\n<!-- \/ Yoast SEO plugin. -->","yoast_head_json":{"title":"Dehner Hilfsfonds - Dehner Unternehmen","robots":{"index":"index","follow":"follow","max-snippet":"max-snippet:-1","max-image-preview":"max-image-preview:large","max-video-preview":"max-video-preview:-1"},"canonical":"https:\/\/www.dehner.de\/unternehmen\/unternehmen\/philosophie-engagement\/dehner-hilfsfonds\/","og_locale":"de_DE","og_type":"article","og_title":"Dehner Hilfsfonds - Dehner Unternehmen","og_url":"https:\/\/www.dehner.de\/unternehmen\/unternehmen\/philosophie-engagement\/dehner-hilfsfonds\/","og_site_name":"Dehner Unternehmen","article_modified_time":"2024-06-25T12:38:08+00:00","twitter_card":"summary_large_image","schema":{"@context":"https:\/\/schema.org","@graph":[{"@type":"WebPage","@id":"https:\/\/www.dehner.de\/unternehmen\/unternehmen\/philosophie-engagement\/dehner-hilfsfonds\/","url":"https:\/\/www.dehner.de\/unternehmen\/unternehmen\/philosophie-engagement\/dehner-hilfsfonds\/","name":"Dehner Hilfsfonds - Dehner Unternehmen","isPartOf":{"@id":"https:\/\/www.dehner.de\/unternehmen\/#website"},"datePublished":"2020-12-18T12:46:11+00:00","dateModified":"2024-06-25T12:38:08+00:00","breadcrumb":{"@id":"https:\/\/www.dehner.de\/unternehmen\/unternehmen\/philosophie-engagement\/dehner-hilfsfonds\/#breadcrumb"},"inLanguage":"de-DE","potentialAction":[{"@type":"ReadAction","target":["https:\/\/www.dehner.de\/unternehmen\/unternehmen\/philosophie-engagement\/dehner-hilfsfonds\/"]}]},{"@type":"BreadcrumbList","@id":"https:\/\/www.dehner.de\/unternehmen\/unternehmen\/philosophie-engagement\/dehner-hilfsfonds\/#breadcrumb","itemListElement":[{"@type":"ListItem","position":1,"name":"Home","item":"https:\/\/www.dehner.de\/unternehmen\/"},{"@type":"ListItem","position":2,"name":"\u00dcber uns","item":"https:\/\/www.dehner.at\/unternehmen\/unternehmen\/"},{"@type":"ListItem","position":3,"name":"Philosophie &amp; Engagement","item":"https:\/\/www.dehner.de\/unternehmen\/unternehmen\/philosophie-engagement\/"},{"@type":"ListItem","position":4,"name":"Dehner Hilfsfonds"}]},{"@type":"WebSite","@id":"https:\/\/www.dehner.de\/unternehmen\/#website","url":"https:\/\/www.dehner.de\/unternehmen\/","name":"Dehner Unternehmen","description":"Eine weitere Dehner Websites Website","potentialAction":[{"@type":"SearchAction","target":{"@type":"EntryPoint","urlTemplate":"https:\/\/www.dehner.de\/unternehmen\/?s={search_term_string}"},"query-input":{"@type":"PropertyValueSpecification","valueRequired":true,"valueName":"search_term_string"}}],"inLanguage":"de-DE"}]}},"_links":{"self":[{"href":"https:\/\/www.dehner.de\/unternehmen\/wp-json\/wp\/v2\/pages\/601","targetHints":{"allow":["GET"]}}],"collection":[{"href":"https:\/\/www.dehner.de\/unternehmen\/wp-json\/wp\/v2\/pages"}],"about":[{"href":"https:\/\/www.dehner.de\/unternehmen\/wp-json\/wp\/v2\/types\/page"}],"author":[{"embeddable":true,"href":"https:\/\/www.dehner.de\/unternehmen\/wp-json\/wp\/v2\/users\/1"}],"replies":[{"embeddable":true,"href":"https:\/\/www.dehner.de\/unternehmen\/wp-json\/wp\/v2\/comments?post=601"}],"version-history":[{"count":23,"href":"https:\/\/www.dehner.de\/unternehmen\/wp-json\/wp\/v2\/pages\/601\/revisions"}],"predecessor-version":[{"id":3981,"href":"https:\/\/www.dehner.de\/unternehmen\/wp-json\/wp\/v2\/pages\/601\/revisions\/3981"}],"up":[{"embeddable":true,"href":"https:\/\/www.dehner.de\/unternehmen\/wp-json\/wp\/v2\/pages\/214"}],"wp:attachment":[{"href":"https:\/\/www.dehner.de\/unternehmen\/wp-json\/wp\/v2\/media?parent=601"}],"curies":[{"name":"wp","href":"https:\/\/api.w.org\/{rel}","templated":true}]}}