{"id":450,"date":"2020-12-17T10:01:13","date_gmt":"2020-12-17T09:01:13","guid":{"rendered":"https:\/\/www.dehner.de\/?page_id=450"},"modified":"2020-12-18T17:56:34","modified_gmt":"2020-12-18T16:56:34","slug":"die-gruenlinge-stellen-sich-vor","status":"publish","type":"page","link":"https:\/\/www.dehner.de\/unternehmen\/einkaufserlebnis\/dehner-fuer-kids\/die-gruenlinge-stellen-sich-vor\/","title":{"rendered":"Die Gr\u00fcnlinge stellen sich vor"},"content":{"rendered":"<div class=\"container page-content dehner-paragraph \">\n\t<div class=\"ce-gridRow6040 row\">\n\t\t<div class=\"colpos-101 col-xs-12 col-md-7\">\n\t\t\t<div id=\"block_5fdc97553bd8d\" class=\"ce-text\">\n\t\t\t\t<header class=\"fsc\">\n\t\t\t\t\t\t\t\t\t\t\t<strong class=\"subheader\">Der kunterbunte Freundeskreis stellt sich vor<\/strong>\n\t\t\t\t\t\t\t\t\t\t\t\t\t\t\t\t<h2>Die Gr\u00fcnlinge<\/h2>\n\t\t\t\t\t\t\t\t\t<\/header>\n\t\t\t\t<div class=\"bodytext\">\n\t\t\t\t\t\t\t\t\t\t\t<ul>\n<li>Der sprechende Papagei JayJay<\/li>\n<li>Willi, der Handwerker<\/li>\n<li>Die sehr belesene Elfie<\/li>\n<li>Die eifrige Mimi<\/li>\n<li>Marie, die gro\u00dfe Schwester<\/li>\n<li>Max, der Entdecker<\/li>\n<li>Der erfahrene Theo Zwickelberg<\/li>\n<\/ul>\n<p>\u00dcber die rechte Navigation springen Sie zu den einzelnen Charakteren.<\/p>\n\t\t\t\t\t\t\t\t\t<\/div>\n\t\t\t<\/div>\n\t\t<\/div>\n\t\t\t\t\t<div class=\"colpos-102 col-xs-12 col-md-5\">\n\t\t\t\t                                                <div id=\"block_5fdc97553bd8d\">\n                                                                                <\/div>\n\t\t\t\t\t\t\t\t\t\t\t\t<\/div>\n\t\t\t<\/div>\n<\/div>\n\n\n<div class=\"container page-content\">\n\t<div id=\"block_5fdc97853bd8e\" class=\"ce-gridRow255025 row\">\n\t\t<div class=\"colpos-101 col-xs-12 col-md-3\">\n\t\t\t<div id=\"c295\" class=\"ce-image\">\n\t\t\t\t<picture><img decoding=\"async\" class=\"img-responsive\" src=\"https:\/\/www.dehner.de\/unternehmen\/app\/uploads\/sites\/3\/2020\/12\/csm_Gruenlinge-Jay-Jay_20e28f7971.jpg\" srcset=\"\" sizes=\"(max-width: ) 100vw, \"\/><\/picture>\t\t\t<\/div>\n\t\t<\/div>\n\t\t<div class=\"colpos-102 col-xs-12 col-md-6\">\n\t\t\t<div id=\"c296\" class=\"ce-text\">\n\t\t\t\t\t\t\t\t\t<h2>JayJay<\/h2>\n\t\t\t\t\t\t\t\t\t\t\t\t\t<div class=\"bodytext\">\n\t\t\t\t\t<p><b>Hobbies:<\/b>\u00a0Witze erz\u00e4hlen, Singen, &#8222;gut drauf sein&#8220;<br \/>\n<b>Eigenschaften:<\/b>\u00a0gute Menschenkenntnis, humorvoll, manchmal etwas vorlaut, hilfsbereit<\/p>\n<p>Als\u00a0<b>sprechender Papagei<\/b>\u00a0stellt\u00a0<b>JayJay<\/b>\u00a0im Dehner Garten-Center die Verbindung zwischen der realen Alltagswelt und den Gr\u00fcnlingen her.<br \/>\nStets hat er den \u00dcberblick im Markt und wei\u00df sowohl was zwischen den Regalen, als auch in der T\u00fcftel-Zentrale der Gr\u00fcnlinge grad los ist. Er ist neugierig und saugt alle interessanten Informationen auf. Als Verbindungsmedium steht er auch mal \u201eSchmiere\u201c und gibt Max und Marie wichtige Hinweise mit auf den Weg nach Hause.<br \/>\nStets hat er dabei auf eine liebenswerte Art den Schalk im Nacken.<\/p>\n\t\t\t\t\t<\/div>\n\t\t\t\t\t\t\t<\/div>\n\t\t<\/div>\n\t\t<div class=\"colpos-103 col-xs-12 col-md-3 my-auto text-center px-sm-0\">\n            \t\t<\/div>\n\t<\/div>\n<\/div>\n\n\n<div class=\"container page-content\">\n\t<div id=\"block_5fdc97913bd8f\" class=\"ce-gridRow255025 row\">\n\t\t<div class=\"colpos-101 col-xs-12 col-md-3\">\n\t\t\t<div id=\"c295\" class=\"ce-image\">\n\t\t\t\t<picture><img decoding=\"async\" class=\"img-responsive\" src=\"https:\/\/www.dehner.de\/unternehmen\/app\/uploads\/sites\/3\/2020\/12\/csm_Gruenlinge-Willi_1a0e4e0a6a.jpg\" srcset=\"\" sizes=\"(max-width: ) 100vw, \"\/><\/picture>\t\t\t<\/div>\n\t\t<\/div>\n\t\t<div class=\"colpos-102 col-xs-12 col-md-6\">\n\t\t\t<div id=\"c296\" class=\"ce-text\">\n\t\t\t\t\t\t\t\t\t<h2>Willi<\/h2>\n\t\t\t\t\t\t\t\t\t\t\t\t\t<div class=\"bodytext\">\n\t\t\t\t\t<p><b>Hobbies:\u00a0<\/b>Handwerk, Konstruktionen, Tiere<br \/>\n<b>Eigenschaften:\u00a0<\/b>t\u00fcchtig, geschickt, loyal, improvisiert gern<\/p>\n<p><b>Willi<\/b>\u00a0ist eine\u00a0<b>richtig treue Seele<\/b>. Er spricht nicht ganz so viel wie die anderen, was aber meistens daran liegt, dass er alle H\u00e4nde voll zu tun hat. Er ist hilfsbereit und t\u00fcchtig und setzt Ideen mit Leidenschaft in die Tat um.<\/p>\n<p>Sein pers\u00f6nlicher Mentor ist Theo Zwickelberg, der auf das handwerkliche Geschick von Willi nicht verzichten kann. Willi agiert sehr uneigenn\u00fctzig und bringt sein Engagement von ganzem Herzen zum Wohle der Allgemeinheit ein. Weil er sehr bescheiden ist, untertreibt er oft \u2013 selbst wenn ihm der Arbeitsschwei\u00df von der Stirn perlt.<\/p>\n\t\t\t\t\t<\/div>\n\t\t\t\t\t\t\t<\/div>\n\t\t<\/div>\n\t\t<div class=\"colpos-103 col-xs-12 col-md-3 my-auto text-center px-sm-0\">\n            \t\t<\/div>\n\t<\/div>\n<\/div>\n\n\n<div class=\"container page-content\">\n\t<div id=\"block_5fdc979f3bd90\" class=\"ce-gridRow255025 row\">\n\t\t<div class=\"colpos-101 col-xs-12 col-md-3\">\n\t\t\t<div id=\"c295\" class=\"ce-image\">\n\t\t\t\t<picture><img decoding=\"async\" class=\"img-responsive\" src=\"https:\/\/www.dehner.de\/unternehmen\/app\/uploads\/sites\/3\/2020\/12\/csm_Gruenlinge-Elfie_79ad37745c.jpg\" srcset=\"\" sizes=\"(max-width: ) 100vw, \"\/><\/picture>\t\t\t<\/div>\n\t\t<\/div>\n\t\t<div class=\"colpos-102 col-xs-12 col-md-6\">\n\t\t\t<div id=\"c296\" class=\"ce-text\">\n\t\t\t\t\t\t\t\t\t<h2>Elfie<\/h2>\n\t\t\t\t\t\t\t\t\t\t\t\t\t<div class=\"bodytext\">\n\t\t\t\t\t<div>\n<p><b>Hobbies:<\/b>\u00a0Fachlekt\u00fcre, Zitate, Gedichte<br \/>\n<b>Eigenschaften:<\/b>\u00a0intelligent, sachlich, ordentlich, manchmal etwas dominant<\/p>\n<\/div>\n<div>\n<p><b>Elfie<\/b>\u00a0ist sehr\u00a0<b>klug<\/b>, aber manchmal auch ein richtiger Besserwisser. Elfie ist\u00a0<b>sehr belesen<\/b>\u00a0und ihr Wissensdurst ist schwer zu stillen.<\/p>\n<\/div>\n<div>\n<p>Als gebildete Theoretikerin gibt sie wichtige und wertvolle Hinweise, welche die anderen Gr\u00fcnlinge gern in Tat und Werk umsetzen. Sie hat gute p\u00e4dagogische F\u00e4higkeiten und begeistert nicht nur die Gr\u00fcnlinge, sondern auch Max und Marie mit vielen Hinweisen, die allen weiterhelfen.<\/p>\n<\/div>\n<div>\n<p>Dennoch wei\u00df sie ganz genau, dass nur das gemeinsame Miteinander aller Gr\u00fcnlinge ans Ziel f\u00fchrt.<\/p>\n<\/div>\n\t\t\t\t\t<\/div>\n\t\t\t\t\t\t\t<\/div>\n\t\t<\/div>\n\t\t<div class=\"colpos-103 col-xs-12 col-md-3 my-auto text-center px-sm-0\">\n            \t\t<\/div>\n\t<\/div>\n<\/div>\n\n\n<div class=\"container page-content\">\n\t<div id=\"block_5fdc97ac3bd91\" class=\"ce-gridRow255025 row\">\n\t\t<div class=\"colpos-101 col-xs-12 col-md-3\">\n\t\t\t<div id=\"c295\" class=\"ce-image\">\n\t\t\t\t<picture><img decoding=\"async\" class=\"img-responsive\" src=\"https:\/\/www.dehner.de\/unternehmen\/app\/uploads\/sites\/3\/2020\/12\/csm_Gruenlinge-Mimi_c79d6d22f4.jpg\" srcset=\"\" sizes=\"(max-width: ) 100vw, \"\/><\/picture>\t\t\t<\/div>\n\t\t<\/div>\n\t\t<div class=\"colpos-102 col-xs-12 col-md-6\">\n\t\t\t<div id=\"c296\" class=\"ce-text\">\n\t\t\t\t\t\t\t\t\t<h2>Mimi<\/h2>\n\t\t\t\t\t\t\t\t\t\t\t\t\t<div class=\"bodytext\">\n\t\t\t\t\t<div>\n<p><b>Hobbies:<\/b>\u00a0Dekorieren, Entdecken, Basteln<br \/>\n<b>Eigenschaften:<\/b>\u00a0sch\u00fcchtern, manchmal etwas naiv, sozial und emsig<\/p>\n<\/div>\n<div>\n<p><b>Mimi<\/b>, die kleine Maus, ist\u00a0<b>immer in Bewegung<\/b>. Mal werkelt sie hier, mal huscht sie da, immer eifrig und flei\u00dfig. Ein wenig sch\u00fcchtern ist sie schon, aber wen sie gut kennt, den schlie\u00dft sie schnell ins Herz.<\/p>\n<\/div>\n<div>\n<p>Sie handelt oft intuitiv, ist aber viel auf die Hinweise der anderen Gr\u00fcnlinge angewiesen. Kleine Fehler verzeiht man ihr gern, denn letztendlich ist sie eine gute Freundin, auf die man sich jederzeit verlassen kann.<\/p>\n<\/div>\n<div>\n<p>Sie ist sehr feingeistig und sensibel und sowohl die anderen Gr\u00fcnlinge wie auch Max und Marie haben sie zum Knuddeln gern.<\/p>\n<\/div>\n\t\t\t\t\t<\/div>\n\t\t\t\t\t\t\t<\/div>\n\t\t<\/div>\n\t\t<div class=\"colpos-103 col-xs-12 col-md-3 my-auto text-center px-sm-0\">\n            \t\t<\/div>\n\t<\/div>\n<\/div>\n\n\n<div class=\"container page-content\">\n\t<div id=\"block_5fdc97b83bd92\" class=\"ce-gridRow255025 row\">\n\t\t<div class=\"colpos-101 col-xs-12 col-md-3\">\n\t\t\t<div id=\"c295\" class=\"ce-image\">\n\t\t\t\t<picture><img decoding=\"async\" class=\"img-responsive\" src=\"https:\/\/www.dehner.de\/unternehmen\/app\/uploads\/sites\/3\/2020\/12\/csm_Gruenlinge-Marie_dcacce7d93.jpg\" srcset=\"\" sizes=\"(max-width: ) 100vw, \"\/><\/picture>\t\t\t<\/div>\n\t\t<\/div>\n\t\t<div class=\"colpos-102 col-xs-12 col-md-6\">\n\t\t\t<div id=\"c296\" class=\"ce-text\">\n\t\t\t\t\t\t\t\t\t<h2>Marie<\/h2>\n\t\t\t\t\t\t\t\t\t\t\t\t\t<div class=\"bodytext\">\n\t\t\t\t\t<p><b>Alter:<\/b>\u00a010 Jahre<br \/>\n<b>Hobbies:<\/b>\u00a0Malen, Lesen, mit dem Fahrrad in die Natur fahren<br \/>\n<b>Eigenschaften:<\/b>\u00a0verantwortungsvoll, diplomatisch, kreativ, wissbegierig<\/p>\n<p>Marie geht in ihrer Rolle der \u00e4lteren Schwester auf und \u00fcbernimmt gern hin und wieder etwas\u00a0<b>Verantwortung<\/b>\u00a0f\u00fcr Max.<\/p>\n<p>Sie\u00a0<b>interessiert sich f\u00fcr vieles<\/b>\u00a0und spielt im Gegensatz zu gleichaltrigen M\u00e4dchen eben nicht nur mit den \u201eM\u00e4dchensachen\u201c, sondern w\u00fcnscht sich zu Geburtstag und Weihnachten auch gern Dinge wie Mikroskop oder Lexikon. Sie kann Geheimnisse leichter f\u00fcr sich behalten als Max und bremst ihn hin und wieder aus, wenn er \u00fcber das Ziel hinaus schie\u00dfen will.<\/p>\n<p>Marie ist gleicherma\u00dfen f\u00fcr Max wie f\u00fcr die Eltern eine jederzeit verl\u00e4ssliche St\u00fctze.<\/p>\n\t\t\t\t\t<\/div>\n\t\t\t\t\t\t\t<\/div>\n\t\t<\/div>\n\t\t<div class=\"colpos-103 col-xs-12 col-md-3 my-auto text-center px-sm-0\">\n            \t\t<\/div>\n\t<\/div>\n<\/div>\n\n\n<div class=\"container page-content\">\n\t<div id=\"block_5fdc97cf3bd93\" class=\"ce-gridRow255025 row\">\n\t\t<div class=\"colpos-101 col-xs-12 col-md-3\">\n\t\t\t<div id=\"c295\" class=\"ce-image\">\n\t\t\t\t<picture><img decoding=\"async\" class=\"img-responsive\" src=\"https:\/\/www.dehner.de\/unternehmen\/app\/uploads\/sites\/3\/2020\/12\/csm_Gruenlinge-Max_f0261c0c9e.jpg\" srcset=\"\" sizes=\"(max-width: ) 100vw, \"\/><\/picture>\t\t\t<\/div>\n\t\t<\/div>\n\t\t<div class=\"colpos-102 col-xs-12 col-md-6\">\n\t\t\t<div id=\"c296\" class=\"ce-text\">\n\t\t\t\t\t\t\t\t\t<h2>Max<\/h2>\n\t\t\t\t\t\t\t\t\t\t\t\t\t<div class=\"bodytext\">\n\t\t\t\t\t<p><b>Alter:<\/b>\u00a05 Jahre<br \/>\n<b>Hobbies:<\/b>\u00a0Erforschen, Entdecken, Basteln<br \/>\n<b>Eigenschaften:<\/b>\u00a0impulsiv, ehrlich, verspielt, interessiert<\/p>\n<p><b>Max<\/b>\u00a0ist ein\u00a0<b>aufgeweckter<\/b>\u00a0f\u00fcnfj\u00e4hriger Junge. In seinem\u00a0<b>Entdeckerdrang<\/b>\u00a0ist er oft forsch und ungest\u00fcm, au\u00dferdem geh\u00f6rt die Geduld nicht zu seinen St\u00e4rken.<\/p>\n<p>Um Dinge zu verstehen, probiert er viel aus \u2013 wobei \u00f6fter einmal etwas schief geht. Er versteht sich grunds\u00e4tzlich gut mit seiner \u00e4lteren Schwester, mag es aber nicht so gern, wenn er offensichtlich von allen als \u201eNesth\u00e4kchen\u201c behandelt wird.<\/p>\n<p>Trotzdem genie\u00dft er bei Mama und Papa oft den \u201eWelpenbonus\u201c, denn weil Max die Familie mit seinen guten Absichten oft \u00fcberrascht, wird ihm das ein und andere Missgeschick meist schnell verziehen.<\/p>\n\t\t\t\t\t<\/div>\n\t\t\t\t\t\t\t<\/div>\n\t\t<\/div>\n\t\t<div class=\"colpos-103 col-xs-12 col-md-3 my-auto text-center px-sm-0\">\n            \t\t<\/div>\n\t<\/div>\n<\/div>\n\n\n<div class=\"container page-content\">\n\t<div id=\"block_5fdc97da3bd94\" class=\"ce-gridRow255025 row\">\n\t\t<div class=\"colpos-101 col-xs-12 col-md-3\">\n\t\t\t<div id=\"c295\" class=\"ce-image\">\n\t\t\t\t<picture><img decoding=\"async\" class=\"img-responsive\" src=\"https:\/\/www.dehner.de\/unternehmen\/app\/uploads\/sites\/3\/2020\/12\/csm_Gruenlinge-Theo_1b52733161.jpg\" srcset=\"\" sizes=\"(max-width: ) 100vw, \"\/><\/picture>\t\t\t<\/div>\n\t\t<\/div>\n\t\t<div class=\"colpos-102 col-xs-12 col-md-6\">\n\t\t\t<div id=\"c296\" class=\"ce-text\">\n\t\t\t\t\t\t\t\t\t<h2>Theo Zwickelberg<\/h2>\n\t\t\t\t\t\t\t\t\t\t\t\t\t<div class=\"bodytext\">\n\t\t\t\t\t<p><b>Hobbies:<\/b>\u00a0Erforschen, Planen, Umsetzen, von fr\u00fcher erz\u00e4hlen<br \/>\n<b>Eigenschaften:<\/b>\u00a0sehr erfahren, umsichtig, besonnen<\/p>\n<p><b>Theo Zwickelberg<\/b>\u00a0ist der\u00a0<b>erfahrenste aller Gr\u00fcnlinge<\/b>. Obwohl \u00fcber das eigentliche Alter nie gesprochen wird, trumpft er mit der gr\u00f6\u00dften Lebensweisheit auf.<\/p>\n<p>Er ist die graue Eminenz der Gr\u00fcnlinge und sein Wort, wie auch seine Taten genie\u00dfen bei allen gro\u00dfen Respekt. Dabei ist Theo alles andere als eitel, sondern eher pragmatisch.<\/p>\n<p>Er gr\u00fcbelt viel, hat jedoch zu jeder Zeit schnell eine umsetzbare L\u00f6sung parat. Und obwohl er sich auf fast allen Gebieten gut auskennt, lernt er trotzdem gern dazu.<\/p>\n\t\t\t\t\t<\/div>\n\t\t\t\t\t\t\t<\/div>\n\t\t<\/div>\n\t\t<div class=\"colpos-103 col-xs-12 col-md-3 my-auto text-center px-sm-0\">\n            \t\t<\/div>\n\t<\/div>\n<\/div>\n","protected":false},"excerpt":{"rendered":"","protected":false},"author":1,"featured_media":0,"parent":228,"menu_order":0,"comment_status":"closed","ping_status":"closed","template":"","meta":{"_acf_changed":false,"footnotes":""},"class_list":["post-450","page","type-page","status-publish","hentry"],"acf":[],"yoast_head":"<!-- This site is optimized with the Yoast SEO plugin v24.5 - https:\/\/yoast.com\/wordpress\/plugins\/seo\/ -->\n<title>Die Gr\u00fcnlinge stellen sich vor - Dehner Unternehmen<\/title>\n<meta name=\"robots\" content=\"index, follow, max-snippet:-1, max-image-preview:large, max-video-preview:-1\" \/>\n<link rel=\"canonical\" href=\"https:\/\/www.dehner.de\/unternehmen\/einkaufserlebnis\/dehner-fuer-kids\/die-gruenlinge-stellen-sich-vor\/\" \/>\n<meta property=\"og:locale\" content=\"de_DE\" \/>\n<meta property=\"og:type\" content=\"article\" \/>\n<meta property=\"og:title\" content=\"Die Gr\u00fcnlinge stellen sich vor - Dehner Unternehmen\" \/>\n<meta property=\"og:url\" content=\"https:\/\/www.dehner.de\/unternehmen\/einkaufserlebnis\/dehner-fuer-kids\/die-gruenlinge-stellen-sich-vor\/\" \/>\n<meta property=\"og:site_name\" content=\"Dehner Unternehmen\" \/>\n<meta property=\"article:modified_time\" content=\"2020-12-18T16:56:34+00:00\" \/>\n<meta name=\"twitter:card\" content=\"summary_large_image\" \/>\n<script type=\"application\/ld+json\" class=\"yoast-schema-graph\">{\"@context\":\"https:\/\/schema.org\",\"@graph\":[{\"@type\":\"WebPage\",\"@id\":\"https:\/\/www.dehner.de\/unternehmen\/einkaufserlebnis\/dehner-fuer-kids\/die-gruenlinge-stellen-sich-vor\/\",\"url\":\"https:\/\/www.dehner.de\/unternehmen\/einkaufserlebnis\/dehner-fuer-kids\/die-gruenlinge-stellen-sich-vor\/\",\"name\":\"Die Gr\u00fcnlinge stellen sich vor - Dehner Unternehmen\",\"isPartOf\":{\"@id\":\"https:\/\/www.dehner.de\/unternehmen\/#website\"},\"datePublished\":\"2020-12-17T09:01:13+00:00\",\"dateModified\":\"2020-12-18T16:56:34+00:00\",\"breadcrumb\":{\"@id\":\"https:\/\/www.dehner.de\/unternehmen\/einkaufserlebnis\/dehner-fuer-kids\/die-gruenlinge-stellen-sich-vor\/#breadcrumb\"},\"inLanguage\":\"de-DE\",\"potentialAction\":[{\"@type\":\"ReadAction\",\"target\":[\"https:\/\/www.dehner.de\/unternehmen\/einkaufserlebnis\/dehner-fuer-kids\/die-gruenlinge-stellen-sich-vor\/\"]}]},{\"@type\":\"BreadcrumbList\",\"@id\":\"https:\/\/www.dehner.de\/unternehmen\/einkaufserlebnis\/dehner-fuer-kids\/die-gruenlinge-stellen-sich-vor\/#breadcrumb\",\"itemListElement\":[{\"@type\":\"ListItem\",\"position\":1,\"name\":\"Home\",\"item\":\"https:\/\/www.dehner.de\/unternehmen\/\"},{\"@type\":\"ListItem\",\"position\":2,\"name\":\"Dehner erleben\",\"item\":\"https:\/\/www.dehner.de\/unternehmen\/einkaufserlebnis\/\"},{\"@type\":\"ListItem\",\"position\":3,\"name\":\"Dehner f\u00fcr Kids\",\"item\":\"https:\/\/www.dehner.de\/unternehmen\/einkaufserlebnis\/dehner-fuer-kids\/\"},{\"@type\":\"ListItem\",\"position\":4,\"name\":\"Die Gr\u00fcnlinge stellen sich vor\"}]},{\"@type\":\"WebSite\",\"@id\":\"https:\/\/www.dehner.de\/unternehmen\/#website\",\"url\":\"https:\/\/www.dehner.de\/unternehmen\/\",\"name\":\"Dehner Unternehmen\",\"description\":\"Eine weitere Dehner Websites Website\",\"potentialAction\":[{\"@type\":\"SearchAction\",\"target\":{\"@type\":\"EntryPoint\",\"urlTemplate\":\"https:\/\/www.dehner.de\/unternehmen\/?s={search_term_string}\"},\"query-input\":{\"@type\":\"PropertyValueSpecification\",\"valueRequired\":true,\"valueName\":\"search_term_string\"}}],\"inLanguage\":\"de-DE\"}]}<\/script>\n<!-- \/ Yoast SEO plugin. -->","yoast_head_json":{"title":"Die Gr\u00fcnlinge stellen sich vor - Dehner Unternehmen","robots":{"index":"index","follow":"follow","max-snippet":"max-snippet:-1","max-image-preview":"max-image-preview:large","max-video-preview":"max-video-preview:-1"},"canonical":"https:\/\/www.dehner.de\/unternehmen\/einkaufserlebnis\/dehner-fuer-kids\/die-gruenlinge-stellen-sich-vor\/","og_locale":"de_DE","og_type":"article","og_title":"Die Gr\u00fcnlinge stellen sich vor - Dehner Unternehmen","og_url":"https:\/\/www.dehner.de\/unternehmen\/einkaufserlebnis\/dehner-fuer-kids\/die-gruenlinge-stellen-sich-vor\/","og_site_name":"Dehner Unternehmen","article_modified_time":"2020-12-18T16:56:34+00:00","twitter_card":"summary_large_image","schema":{"@context":"https:\/\/schema.org","@graph":[{"@type":"WebPage","@id":"https:\/\/www.dehner.de\/unternehmen\/einkaufserlebnis\/dehner-fuer-kids\/die-gruenlinge-stellen-sich-vor\/","url":"https:\/\/www.dehner.de\/unternehmen\/einkaufserlebnis\/dehner-fuer-kids\/die-gruenlinge-stellen-sich-vor\/","name":"Die Gr\u00fcnlinge stellen sich vor - Dehner Unternehmen","isPartOf":{"@id":"https:\/\/www.dehner.de\/unternehmen\/#website"},"datePublished":"2020-12-17T09:01:13+00:00","dateModified":"2020-12-18T16:56:34+00:00","breadcrumb":{"@id":"https:\/\/www.dehner.de\/unternehmen\/einkaufserlebnis\/dehner-fuer-kids\/die-gruenlinge-stellen-sich-vor\/#breadcrumb"},"inLanguage":"de-DE","potentialAction":[{"@type":"ReadAction","target":["https:\/\/www.dehner.de\/unternehmen\/einkaufserlebnis\/dehner-fuer-kids\/die-gruenlinge-stellen-sich-vor\/"]}]},{"@type":"BreadcrumbList","@id":"https:\/\/www.dehner.de\/unternehmen\/einkaufserlebnis\/dehner-fuer-kids\/die-gruenlinge-stellen-sich-vor\/#breadcrumb","itemListElement":[{"@type":"ListItem","position":1,"name":"Home","item":"https:\/\/www.dehner.de\/unternehmen\/"},{"@type":"ListItem","position":2,"name":"Dehner erleben","item":"https:\/\/www.dehner.de\/unternehmen\/einkaufserlebnis\/"},{"@type":"ListItem","position":3,"name":"Dehner f\u00fcr Kids","item":"https:\/\/www.dehner.de\/unternehmen\/einkaufserlebnis\/dehner-fuer-kids\/"},{"@type":"ListItem","position":4,"name":"Die Gr\u00fcnlinge stellen sich vor"}]},{"@type":"WebSite","@id":"https:\/\/www.dehner.de\/unternehmen\/#website","url":"https:\/\/www.dehner.de\/unternehmen\/","name":"Dehner Unternehmen","description":"Eine weitere Dehner Websites Website","potentialAction":[{"@type":"SearchAction","target":{"@type":"EntryPoint","urlTemplate":"https:\/\/www.dehner.de\/unternehmen\/?s={search_term_string}"},"query-input":{"@type":"PropertyValueSpecification","valueRequired":true,"valueName":"search_term_string"}}],"inLanguage":"de-DE"}]}},"_links":{"self":[{"href":"https:\/\/www.dehner.de\/unternehmen\/wp-json\/wp\/v2\/pages\/450","targetHints":{"allow":["GET"]}}],"collection":[{"href":"https:\/\/www.dehner.de\/unternehmen\/wp-json\/wp\/v2\/pages"}],"about":[{"href":"https:\/\/www.dehner.de\/unternehmen\/wp-json\/wp\/v2\/types\/page"}],"author":[{"embeddable":true,"href":"https:\/\/www.dehner.de\/unternehmen\/wp-json\/wp\/v2\/users\/1"}],"replies":[{"embeddable":true,"href":"https:\/\/www.dehner.de\/unternehmen\/wp-json\/wp\/v2\/comments?post=450"}],"version-history":[{"count":4,"href":"https:\/\/www.dehner.de\/unternehmen\/wp-json\/wp\/v2\/pages\/450\/revisions"}],"predecessor-version":[{"id":943,"href":"https:\/\/www.dehner.de\/unternehmen\/wp-json\/wp\/v2\/pages\/450\/revisions\/943"}],"up":[{"embeddable":true,"href":"https:\/\/www.dehner.de\/unternehmen\/wp-json\/wp\/v2\/pages\/228"}],"wp:attachment":[{"href":"https:\/\/www.dehner.de\/unternehmen\/wp-json\/wp\/v2\/media?parent=450"}],"curies":[{"name":"wp","href":"https:\/\/api.w.org\/{rel}","templated":true}]}}