{"id":30,"date":"2020-12-15T12:20:02","date_gmt":"2020-12-15T11:20:02","guid":{"rendered":"https:\/\/www.dehner.de\/unternehmen\/?page_id=30"},"modified":"2025-10-10T08:22:19","modified_gmt":"2025-10-10T06:22:19","slug":"impressum","status":"publish","type":"page","link":"https:\/\/www.dehner.de\/unternehmen\/service\/impressum\/","title":{"rendered":"Impressum"},"content":{"rendered":"<div class=\"container page-content dehner-paragraph \">\n\t<div class=\"ce-gridRow6040 \">\n\t\t<div class=\"colpos-101 col-12\">\n\t\t\t<div id=\"block_c0308cbedcdca0fc5538b9a26d12955b\" class=\"ce-text\">\n\t\t\t\t<header class=\"fsc\">\n\t\t\t\t\t\t\t\t\t\t\t\t\t\t\t\t<h2>Impressum<\/h2>\n\t\t\t\t\t\t\t\t\t<\/header>\n\t\t\t\t<div class=\"bodytext\">\n\t\t\t\t\t\t\t\t\t\t\t<table class=\"contenttable\" summary=\"\">\n<tbody>\n<tr>\n<td rowspan=\"1\"><b>Postanschrift<\/b><\/td>\n<td><\/td>\n<td rowspan=\"1\">Dehner Gartencenter GmbH &amp; Co. KG<br \/>\nDonauw\u00f6rther Str. 3-5<br \/>\nD-86641 Rain<\/td>\n<\/tr>\n<tr>\n<td><b>Telefon<\/b><\/td>\n<td><\/td>\n<td>+ 49 (0)9090 \/ 77 0<\/td>\n<\/tr>\n<tr>\n<td><b>Telefax<\/b><\/td>\n<td><\/td>\n<td>+ 49 (0)9090 \/ 77 77 70<\/td>\n<\/tr>\n<tr>\n<td><b>E-Mailadresse<\/b><\/td>\n<td><\/td>\n<td>\u00a0<a class=\"mail\" title=\"Dehner E-Mailadresse\">info(at)dehner.de<\/a><\/td>\n<\/tr>\n<tr>\n<td><b>Internetadresse<\/b><\/td>\n<td><\/td>\n<td>www.dehner.de\/unternehmen<\/td>\n<\/tr>\n<tr>\n<td><b>Komplement\u00e4rin<\/b><\/td>\n<td><\/td>\n<td>Dehner Gartencenter Verwaltungs-GmbH<br \/>\nD-86641 Rain<br \/>\nAmtsgericht Augsburg HRB 30828<\/td>\n<\/tr>\n<tr>\n<td><b>Gesch\u00e4ftsf\u00fchrer<\/b><\/td>\n<td><\/td>\n<td>Georg Weber, Frank B\u00f6ing, Dr. Hansj\u00f6rg Flassak, Oliver Haller<\/td>\n<\/tr>\n<tr>\n<td><b>Eingetragen beim<\/b><\/td>\n<td><\/td>\n<td>\u00a0Amtsgericht Augsburg HRA 18972<\/td>\n<\/tr>\n<tr>\n<td><b>UST-ID-Nummer<\/b><\/td>\n<td><\/td>\n<td>DE 308 158 430<\/td>\n<\/tr>\n<tr>\n<td><b>GLN<\/b><\/td>\n<td><\/td>\n<td>40 03572 000436<\/td>\n<\/tr>\n<\/tbody>\n<\/table>\n<p>&nbsp;&nbsp;<\/p>\n<p>Eine Bereitschaft oder Verpflichtung zur Teilnahme an einem Streitbeilegungsverfahren vor einer Verbraucherschlichtungsstelle besteht nicht.<\/p>\n\t\t\t\t\t\t\t\t\t<\/div>\n\t\t\t<\/div>\n\t\t<\/div>\n\t\t\t<\/div>\n<\/div>\n\n\n<div class=\"container page-content dehner-paragraph \">\n\t<div class=\"ce-gridRow6040 \">\n\t\t<div class=\"colpos-101 col-12\">\n\t\t\t<div id=\"block_fdc2d248a7efc004e108147258abd6aa\" class=\"ce-text\">\n\t\t\t\t<header class=\"fsc\">\n\t\t\t\t\t\t\t\t\t\t\t\t\t\t\t\t<h2>Hinweis<\/h2>\n\t\t\t\t\t\t\t\t\t<\/header>\n\t\t\t\t<div class=\"bodytext\">\n\t\t\t\t\t\t\t\t\t\t\t<p>S\u00e4mtliche Inhalte wie Texte, Bildermaterial, Ton-, Video- und Animationsdateien sowie deren Arrangements unterliegen dem Schutz des Urheberrechts und anderen Gesetzen zum Schutz geistigen Eigentums. Inhalte dieser Website d\u00fcrfen nicht zu kommerziellen Zwecken kopiert, verbreitet oder ver\u00e4ndert werden, sofern nicht ausdr\u00fccklich anders gekennzeichnet oder eine Zustimmung von der Dehner erteilt wurde.<\/p>\n\t\t\t\t\t\t\t\t\t<\/div>\n\t\t\t<\/div>\n\t\t<\/div>\n\t\t\t<\/div>\n<\/div>\n\n\n\n<script type=\"application\/javascript\">\n var UC_UI_SUPPRESS_CMP_DISPLAY=true;\n<\/script>\n","protected":false},"excerpt":{"rendered":"","protected":false},"author":1,"featured_media":0,"parent":13,"menu_order":0,"comment_status":"closed","ping_status":"closed","template":"","meta":{"_acf_changed":false,"footnotes":""},"class_list":["post-30","page","type-page","status-publish","hentry"],"acf":[],"yoast_head":"<!-- This site is optimized with the Yoast SEO plugin v24.5 - https:\/\/yoast.com\/wordpress\/plugins\/seo\/ -->\n<title>Impressum - Dehner Unternehmen<\/title>\n<meta name=\"robots\" content=\"index, follow, max-snippet:-1, max-image-preview:large, max-video-preview:-1\" \/>\n<link rel=\"canonical\" href=\"https:\/\/www.dehner.de\/unternehmen\/service\/impressum\/\" \/>\n<meta property=\"og:locale\" content=\"de_DE\" \/>\n<meta property=\"og:type\" content=\"article\" \/>\n<meta property=\"og:title\" content=\"Impressum - Dehner Unternehmen\" \/>\n<meta property=\"og:url\" content=\"https:\/\/www.dehner.de\/unternehmen\/service\/impressum\/\" \/>\n<meta property=\"og:site_name\" content=\"Dehner Unternehmen\" \/>\n<meta property=\"article:modified_time\" content=\"2025-10-10T06:22:19+00:00\" \/>\n<meta name=\"twitter:card\" content=\"summary_large_image\" \/>\n<meta name=\"twitter:label1\" content=\"Est. reading time\" \/>\n\t<meta name=\"twitter:data1\" content=\"1 Minute\" \/>\n<script type=\"application\/ld+json\" class=\"yoast-schema-graph\">{\"@context\":\"https:\/\/schema.org\",\"@graph\":[{\"@type\":\"WebPage\",\"@id\":\"https:\/\/www.dehner.de\/unternehmen\/service\/impressum\/\",\"url\":\"https:\/\/www.dehner.de\/unternehmen\/service\/impressum\/\",\"name\":\"Impressum - Dehner Unternehmen\",\"isPartOf\":{\"@id\":\"https:\/\/www.dehner.de\/unternehmen\/#website\"},\"datePublished\":\"2020-12-15T11:20:02+00:00\",\"dateModified\":\"2025-10-10T06:22:19+00:00\",\"breadcrumb\":{\"@id\":\"https:\/\/www.dehner.de\/unternehmen\/service\/impressum\/#breadcrumb\"},\"inLanguage\":\"de-DE\",\"potentialAction\":[{\"@type\":\"ReadAction\",\"target\":[\"https:\/\/www.dehner.de\/unternehmen\/service\/impressum\/\"]}]},{\"@type\":\"BreadcrumbList\",\"@id\":\"https:\/\/www.dehner.de\/unternehmen\/service\/impressum\/#breadcrumb\",\"itemListElement\":[{\"@type\":\"ListItem\",\"position\":1,\"name\":\"Home\",\"item\":\"https:\/\/www.dehner.de\/unternehmen\/\"},{\"@type\":\"ListItem\",\"position\":2,\"name\":\"Service\",\"item\":\"https:\/\/www.dehner.de\/unternehmen\/service\/\"},{\"@type\":\"ListItem\",\"position\":3,\"name\":\"Impressum\"}]},{\"@type\":\"WebSite\",\"@id\":\"https:\/\/www.dehner.de\/unternehmen\/#website\",\"url\":\"https:\/\/www.dehner.de\/unternehmen\/\",\"name\":\"Dehner Unternehmen\",\"description\":\"Eine weitere Dehner Websites Website\",\"potentialAction\":[{\"@type\":\"SearchAction\",\"target\":{\"@type\":\"EntryPoint\",\"urlTemplate\":\"https:\/\/www.dehner.de\/unternehmen\/?s={search_term_string}\"},\"query-input\":{\"@type\":\"PropertyValueSpecification\",\"valueRequired\":true,\"valueName\":\"search_term_string\"}}],\"inLanguage\":\"de-DE\"}]}<\/script>\n<!-- \/ Yoast SEO plugin. -->","yoast_head_json":{"title":"Impressum - Dehner Unternehmen","robots":{"index":"index","follow":"follow","max-snippet":"max-snippet:-1","max-image-preview":"max-image-preview:large","max-video-preview":"max-video-preview:-1"},"canonical":"https:\/\/www.dehner.de\/unternehmen\/service\/impressum\/","og_locale":"de_DE","og_type":"article","og_title":"Impressum - Dehner Unternehmen","og_url":"https:\/\/www.dehner.de\/unternehmen\/service\/impressum\/","og_site_name":"Dehner Unternehmen","article_modified_time":"2025-10-10T06:22:19+00:00","twitter_card":"summary_large_image","twitter_misc":{"Est. reading time":"1 Minute"},"schema":{"@context":"https:\/\/schema.org","@graph":[{"@type":"WebPage","@id":"https:\/\/www.dehner.de\/unternehmen\/service\/impressum\/","url":"https:\/\/www.dehner.de\/unternehmen\/service\/impressum\/","name":"Impressum - Dehner Unternehmen","isPartOf":{"@id":"https:\/\/www.dehner.de\/unternehmen\/#website"},"datePublished":"2020-12-15T11:20:02+00:00","dateModified":"2025-10-10T06:22:19+00:00","breadcrumb":{"@id":"https:\/\/www.dehner.de\/unternehmen\/service\/impressum\/#breadcrumb"},"inLanguage":"de-DE","potentialAction":[{"@type":"ReadAction","target":["https:\/\/www.dehner.de\/unternehmen\/service\/impressum\/"]}]},{"@type":"BreadcrumbList","@id":"https:\/\/www.dehner.de\/unternehmen\/service\/impressum\/#breadcrumb","itemListElement":[{"@type":"ListItem","position":1,"name":"Home","item":"https:\/\/www.dehner.de\/unternehmen\/"},{"@type":"ListItem","position":2,"name":"Service","item":"https:\/\/www.dehner.de\/unternehmen\/service\/"},{"@type":"ListItem","position":3,"name":"Impressum"}]},{"@type":"WebSite","@id":"https:\/\/www.dehner.de\/unternehmen\/#website","url":"https:\/\/www.dehner.de\/unternehmen\/","name":"Dehner Unternehmen","description":"Eine weitere Dehner Websites Website","potentialAction":[{"@type":"SearchAction","target":{"@type":"EntryPoint","urlTemplate":"https:\/\/www.dehner.de\/unternehmen\/?s={search_term_string}"},"query-input":{"@type":"PropertyValueSpecification","valueRequired":true,"valueName":"search_term_string"}}],"inLanguage":"de-DE"}]}},"_links":{"self":[{"href":"https:\/\/www.dehner.de\/unternehmen\/wp-json\/wp\/v2\/pages\/30","targetHints":{"allow":["GET"]}}],"collection":[{"href":"https:\/\/www.dehner.de\/unternehmen\/wp-json\/wp\/v2\/pages"}],"about":[{"href":"https:\/\/www.dehner.de\/unternehmen\/wp-json\/wp\/v2\/types\/page"}],"author":[{"embeddable":true,"href":"https:\/\/www.dehner.de\/unternehmen\/wp-json\/wp\/v2\/users\/1"}],"replies":[{"embeddable":true,"href":"https:\/\/www.dehner.de\/unternehmen\/wp-json\/wp\/v2\/comments?post=30"}],"version-history":[{"count":16,"href":"https:\/\/www.dehner.de\/unternehmen\/wp-json\/wp\/v2\/pages\/30\/revisions"}],"predecessor-version":[{"id":4134,"href":"https:\/\/www.dehner.de\/unternehmen\/wp-json\/wp\/v2\/pages\/30\/revisions\/4134"}],"up":[{"embeddable":true,"href":"https:\/\/www.dehner.de\/unternehmen\/wp-json\/wp\/v2\/pages\/13"}],"wp:attachment":[{"href":"https:\/\/www.dehner.de\/unternehmen\/wp-json\/wp\/v2\/media?parent=30"}],"curies":[{"name":"wp","href":"https:\/\/api.w.org\/{rel}","templated":true}]}}