{"id":24,"date":"2020-12-15T12:18:54","date_gmt":"2020-12-15T11:18:54","guid":{"rendered":"https:\/\/www.dehner.de\/unternehmen\/?page_id=24"},"modified":"2021-01-21T11:49:57","modified_gmt":"2021-01-21T10:49:57","slug":"online-shop-social-media","status":"publish","type":"page","link":"https:\/\/www.dehner.de\/unternehmen\/unternehmen\/online-shop-social-media\/","title":{"rendered":"Online-Shop &#038; Social Media"},"content":{"rendered":"<div class=\"container page-content dehner-paragraph \">\n\t<div class=\"ce-gridRow6040 row\">\n\t\t<div class=\"colpos-101 col-xs-12 col-md-7\">\n\t\t\t<div id=\"block_5fd9e97865e77\" class=\"ce-text\">\n\t\t\t\t<header class=\"fsc\">\n\t\t\t\t\t\t\t\t\t\t\t<strong class=\"subheader\">Suchen, informieren, kaufen<\/strong>\n\t\t\t\t\t\t\t\t\t\t\t\t\t\t\t\t<h2>Grenzenlos Einkaufen bei Dehner<\/h2>\n\t\t\t\t\t\t\t\t\t<\/header>\n\t\t\t\t<div class=\"bodytext\">\n\t\t\t\t\t\t\t\t\t\t\t<p>In unserem Online-Shop finden Sie rund <strong>30.000 Artikel!<\/strong><\/p>\n<p>Informieren Sie sich detailliert \u00fcber einzelne Produkte. Auch alle Standorte und \u00d6ffnungszeiten der M\u00e4rkte sind online abrufbar. Alle M\u00e4rkte sind mit Tablet-PCs ausgestattet, die <strong>vor Ort<\/strong> zur <strong>Beratung<\/strong> und <strong>Bestellabwicklung<\/strong> verwendet werden k\u00f6nnen.<\/p>\n<p>Unser Personal unterst\u00fctzt Sie nat\u00fcrlich weiterhin mit kompetenter Beratung und <strong>ausgezeichnetem Service<\/strong> und kann dabei auch direkt auf hilfreiche Online-Informationen zur\u00fcckgreifen.<\/p>\n<p>Die Dehner M\u00e4rkte und der Onlinekanal sind eng miteinander verkn\u00fcpft. So k\u00f6nnen Sie die Verf\u00fcgbarkeit Ihres Wunschartikels in Ihrem Dehner Markt von zu Hause aus abrufen. Zudem ist es m\u00f6glich, dass Sie sowohl in den <strong>M\u00e4rkten<\/strong> als auch <strong>online unsere Produkte bestellen<\/strong> und im gleichen aber auch im jeweils anderen Kanal liefern bzw. abholen k\u00f6nnen (Click &#038; Reserve).<\/p>\n\t\t\t\t\t\t\t\t\t<\/div>\n\t\t\t<\/div>\n\t\t<\/div>\n\t\t\t\t\t<div class=\"colpos-102 col-xs-12 col-md-5\">\n\t\t\t\t\t\t\t\t\t\t<div id=\"block_5fd9e97865e77\" class=\"ce-ctabox\">\n\t\t\t\t\t\t\t<header class=\"fsc hyphenate\">\n\t\t\t\t\t\t\t\t\t\t\t\t\t\t\t\t\t<strong class=\"subheader\">Bestellen Sie schnell &#038; einfach von zu Hause<\/strong>\n\t\t\t\t\t\t\t\t\t\t\t\t\t\t\t\t\t\t\t\t\t\t\t\t\t<h2>Online-Shop<\/h2>\n\t\t\t\t\t\t\t\t\t\t\t\t\t\t\t<header>\n\t\t\t\t\t\t\t\t\t\t\t\t\t\t\t\t\t\t\t\t\t\t\t\t<a\n                                        href=\"https:\/\/www.dehner.de\/\"\n                                        target=\"_blank\"\n                                        class=\"btn btn-primary\"\n                                    >\n                                        Deutschland                                    <\/a>\n\t\t\t\t\t\t\t\t\t\t\t\t\t\t\t\t\t<a\n                                        href=\"https:\/\/www.dehner.at\/\"\n                                        target=\"_blank\"\n                                        class=\"btn btn-primary\"\n                                    >\n                                        \u00d6sterreich                                    <\/a>\n\t\t\t\t\t\t\t\t\t\t\t\t\t\t\t\t\t\t\t\t\t<\/div>\n\t\t\t\t\t\t\t\t\t\t\t\t\t\t\t<div id=\"block_5fd9e97865e77\" class=\"ce-ctabox\">\n\t\t\t\t\t\t\t<header class=\"fsc hyphenate\">\n\t\t\t\t\t\t\t\t\t\t\t\t\t\t\t\t\t<strong class=\"subheader\">Immer auf dem Laufenden<\/strong>\n\t\t\t\t\t\t\t\t\t\t\t\t\t\t\t\t\t\t\t\t\t\t\t\t\t<h2>Newsletter anmelden<\/h2>\n\t\t\t\t\t\t\t\t\t\t\t\t\t\t\t<header>\n\t\t\t\t\t\t\t\t\t\t\t\t\t\t\t\t\t\t\t\t\t\t\t\t<a\n                                        href=\"https:\/\/www.dehner.de\/service\/newsletter\/\"\n                                        target=\"_blank\"\n                                        class=\"btn btn-primary\"\n                                    >\n                                        Deutschland                                    <\/a>\n\t\t\t\t\t\t\t\t\t\t\t\t\t\t\t\t\t<a\n                                        href=\"https:\/\/www.dehner.at\/service\/newsletter\/\"\n                                        target=\"_blank\"\n                                        class=\"btn btn-primary\"\n                                    >\n                                        \u00d6sterreich                                    <\/a>\n\t\t\t\t\t\t\t\t\t\t\t\t\t\t\t\t\t\t\t\t\t<\/div>\n\t\t\t\t\t\t\t\t\t\t\t\t<\/div>\n\t\t\t<\/div>\n<\/div>\n\n\n<div class=\"container page-content dehner-paragraph \">\n\t<div class=\"ce-gridRow6040 row\">\n\t\t<div class=\"colpos-101 col-xs-12 col-md-7\">\n\t\t\t<div id=\"block_5fd9ea6f65e7a\" class=\"ce-text\">\n\t\t\t\t<header class=\"fsc\">\n\t\t\t\t\t\t\t\t\t\t\t\t\t\t\t\t<h2>Unsere Social Media Kan\u00e4le<\/h2>\n\t\t\t\t\t\t\t\t\t<\/header>\n\t\t\t\t<div class=\"bodytext\">\n\t\t\t\t\t\t\t\t\t\t\t<p><strong><a href=\"https:\/\/www.facebook.com\/dehner\" target=\"_blank\" rel=\"noopener\">Facebook<\/a><\/strong><br \/>\nTipps &amp; Tricks rund um Pflanzen, Tiere und Zoo! Und auch spannende Gewinnspiele &amp; Aktionen warten auf die Fans.<\/p>\n<p><strong><a href=\"https:\/\/www.youtube.com\/user\/DehnerGartencenter\" target=\"_blank\" rel=\"noopener\">YouTube<\/a><\/strong><br \/>\nImmer aktuelle Filme und Berichte in unserem Youtube-Kanal ansehen.<\/p>\n<p><strong><a href=\"https:\/\/www.instagram.com\/mein.dehner\/\" target=\"_blank\" rel=\"noopener\">Instagram<\/a><\/strong><br \/>\nInspirationen, Tipps und Tricks rund um Pflanzen, Tiere, Deko und mehr.<\/p>\n<p><strong><a href=\"https:\/\/www.pinterest.de\/meindehner\/\" target=\"_blank\" rel=\"noopener\">Pinterest<\/a><\/strong><br \/>\nTolle Inspirationen und kreative Ideen warten auf ihre Fans<\/p>\n\t\t\t\t\t\t\t\t\t<\/div>\n\t\t\t<\/div>\n\t\t<\/div>\n\t\t\t\t\t<div class=\"colpos-102 col-xs-12 col-md-5\">\n\t\t\t\t                                                <div id=\"block_5fd9ea6f65e7a\">\n                                                            <h2>Machen Sie mit<\/h2>\n                                                                                    <ul class=\"arrows ce-menu ce-menu-0\">\n                                                                        <li>\n                                        <svg id=\"chevron-right\" class=\"icon svg-chevron-right-dims\" viewBox=\"0 0 10 16\" role=\"img\" aria-labelledby=\"title\"><title>chevron-right<\/title><path d=\"M6.55 8.112L.02 14.459l1.394 1.434L9.37 8.16 1.434 0 0 1.395z\" fill=\"currentColor\" fill-rule=\"evenodd\"><\/path><\/svg>\n                                            <a target=\"_blank\" href=\"https:\/\/www.facebook.com\/dehner\">Facebook<\/a>\n                                        <\/li>\n                                                                                                            <li>\n                                        <svg id=\"chevron-right\" class=\"icon svg-chevron-right-dims\" viewBox=\"0 0 10 16\" role=\"img\" aria-labelledby=\"title\"><title>chevron-right<\/title><path d=\"M6.55 8.112L.02 14.459l1.394 1.434L9.37 8.16 1.434 0 0 1.395z\" fill=\"currentColor\" fill-rule=\"evenodd\"><\/path><\/svg>\n                                            <a target=\"_blank\" href=\"https:\/\/www.youtube.com\/user\/DehnerGartencenter\">YouTube<\/a>\n                                        <\/li>\n                                                                                                            <li>\n                                        <svg id=\"chevron-right\" class=\"icon svg-chevron-right-dims\" viewBox=\"0 0 10 16\" role=\"img\" aria-labelledby=\"title\"><title>chevron-right<\/title><path d=\"M6.55 8.112L.02 14.459l1.394 1.434L9.37 8.16 1.434 0 0 1.395z\" fill=\"currentColor\" fill-rule=\"evenodd\"><\/path><\/svg>\n                                            <a target=\"_blank\" href=\"https:\/\/www.instagram.com\/mein.dehner\/\">Instagram<\/a>\n                                        <\/li>\n                                                                                                            <li>\n                                        <svg id=\"chevron-right\" class=\"icon svg-chevron-right-dims\" viewBox=\"0 0 10 16\" role=\"img\" aria-labelledby=\"title\"><title>chevron-right<\/title><path d=\"M6.55 8.112L.02 14.459l1.394 1.434L9.37 8.16 1.434 0 0 1.395z\" fill=\"currentColor\" fill-rule=\"evenodd\"><\/path><\/svg>\n                                            <a target=\"_blank\" href=\"https:\/\/www.pinterest.de\/meindehner\/\">Pinterest<\/a>\n                                        <\/li>\n                                                                                                <\/ul>\n                                                    <\/div>\n\t\t\t\t\t\t\t\t\t\t\t\t<\/div>\n\t\t\t<\/div>\n<\/div>\n\n\n<div class=\"container page-content\">\n    <div class=\"ce-container\">\n        <div class=\"width-default\">\n                        <div class=\"slider ce-slidercontainer content-slider\" id=\"slider-block_5fda1cb249e91\" data-slick='{&quot;autoplay&quot;:true,&quot;arrows&quot;:true,&quot;dots&quot;:false,&quot;ease&quot;:&quot;ease-in-out&quot;,&quot;slidesToShow&quot;:1,&quot;slidesToScroll&quot;:1,&quot;autoplaySpeed&quot;:5000,&quot;prevArrow&quot;:&quot;&lt;button type=\\&quot;button\\&quot; class=\\&quot;slick-prev\\&quot;&gt;&lt;svg class=\\&quot;icon svg-chevron-left-dims\\&quot; viewBox=\\&quot;0 0 10 16\\&quot; role=\\&quot;img\\&quot; aria-labelledby=\\&quot;title\\&quot;&gt;&lt;use xlink:href=\\&quot;https:\\\/\\\/www.dehner.de\\\/unternehmen\\\/app\\\/themes\\\/dehner-unternehmen\\\/assets\\\/images\\\/icons\\\/icons-symbols.svg#chevron-left\\&quot;&gt;&lt;\\\/use&gt;&lt;\\\/svg&gt;&lt;\\\/button&gt;&quot;,&quot;nextArrow&quot;:&quot;&lt;button type=\\&quot;button\\&quot; class=\\&quot;slick-next\\&quot;&gt;&lt;svg class=\\&quot;icon svg-chevron-right-dims\\&quot; viewBox=\\&quot;0 0 10 16\\&quot; role=\\&quot;img\\&quot; aria-labelledby=\\&quot;title\\&quot;&gt;&lt;use xlink:href=\\&quot;https:\\\/\\\/www.dehner.de\\\/unternehmen\\\/app\\\/themes\\\/dehner-unternehmen\\\/assets\\\/images\\\/icons\\\/icons-symbols.svg#chevron-right\\&quot;&gt;&lt;\\\/use&gt;&lt;\\\/svg&gt;&lt;\\\/button&gt;&quot;,&quot;responsive&quot;:[{&quot;breakpoint&quot;:576,&quot;settings&quot;:{&quot;arrows&quot;:false}}]}'>\n                <div class=\"ce-slideritem\"><figure class='slide-image'><picture><img decoding=\"async\" class=\"\" src=\"https:\/\/www.dehner.de\/unternehmen\/app\/uploads\/sites\/3\/2020\/12\/csm_Shop_neu-1920x740.jpg\" srcset=\"https:\/\/www.dehner.de\/unternehmen\/app\/uploads\/sites\/3\/2020\/12\/csm_Shop_neu.jpg 1920w, https:\/\/www.dehner.de\/unternehmen\/app\/uploads\/sites\/3\/2020\/12\/csm_Shop_neu-768x296.jpg 768w, https:\/\/www.dehner.de\/unternehmen\/app\/uploads\/sites\/3\/2020\/12\/csm_Shop_neu-1536x592.jpg 1536w\" sizes=\"(max-width: 1920px) 100vw, 1920px\"\/><\/picture><\/figure>                                    <figcaption class=\"slide-image-caption container\"><strong class=\"slide-image-caption-header slider-single-caption\">Dehner Online-Shop<\/strong><\/figcaption>\n                                \n                            <\/div>\n                                    <\/div>\n        <\/div>\n    <\/div>\n<\/div>\n","protected":false},"excerpt":{"rendered":"","protected":false},"author":1,"featured_media":0,"parent":6,"menu_order":0,"comment_status":"closed","ping_status":"closed","template":"","meta":{"_acf_changed":false,"footnotes":""},"class_list":["post-24","page","type-page","status-publish","hentry"],"acf":[],"yoast_head":"<!-- This site is optimized with the Yoast SEO plugin v24.5 - https:\/\/yoast.com\/wordpress\/plugins\/seo\/ -->\n<title>Online-Shop &amp; Social Media - Dehner Unternehmen<\/title>\n<meta name=\"robots\" content=\"index, follow, max-snippet:-1, max-image-preview:large, max-video-preview:-1\" \/>\n<link rel=\"canonical\" href=\"https:\/\/www.dehner.de\/unternehmen\/unternehmen\/online-shop-social-media\/\" \/>\n<meta property=\"og:locale\" content=\"de_DE\" \/>\n<meta property=\"og:type\" content=\"article\" \/>\n<meta property=\"og:title\" content=\"Online-Shop &amp; Social Media - Dehner Unternehmen\" \/>\n<meta property=\"og:url\" content=\"https:\/\/www.dehner.de\/unternehmen\/unternehmen\/online-shop-social-media\/\" \/>\n<meta property=\"og:site_name\" content=\"Dehner Unternehmen\" \/>\n<meta property=\"article:modified_time\" content=\"2021-01-21T10:49:57+00:00\" \/>\n<meta name=\"twitter:card\" content=\"summary_large_image\" \/>\n<script type=\"application\/ld+json\" class=\"yoast-schema-graph\">{\"@context\":\"https:\/\/schema.org\",\"@graph\":[{\"@type\":\"WebPage\",\"@id\":\"https:\/\/www.dehner.de\/unternehmen\/unternehmen\/online-shop-social-media\/\",\"url\":\"https:\/\/www.dehner.de\/unternehmen\/unternehmen\/online-shop-social-media\/\",\"name\":\"Online-Shop & Social Media - Dehner Unternehmen\",\"isPartOf\":{\"@id\":\"https:\/\/www.dehner.de\/unternehmen\/#website\"},\"datePublished\":\"2020-12-15T11:18:54+00:00\",\"dateModified\":\"2021-01-21T10:49:57+00:00\",\"breadcrumb\":{\"@id\":\"https:\/\/www.dehner.de\/unternehmen\/unternehmen\/online-shop-social-media\/#breadcrumb\"},\"inLanguage\":\"de-DE\",\"potentialAction\":[{\"@type\":\"ReadAction\",\"target\":[\"https:\/\/www.dehner.de\/unternehmen\/unternehmen\/online-shop-social-media\/\"]}]},{\"@type\":\"BreadcrumbList\",\"@id\":\"https:\/\/www.dehner.de\/unternehmen\/unternehmen\/online-shop-social-media\/#breadcrumb\",\"itemListElement\":[{\"@type\":\"ListItem\",\"position\":1,\"name\":\"Home\",\"item\":\"https:\/\/www.dehner.de\/unternehmen\/\"},{\"@type\":\"ListItem\",\"position\":2,\"name\":\"\u00dcber uns\",\"item\":\"https:\/\/www.dehner.at\/unternehmen\/unternehmen\/\"},{\"@type\":\"ListItem\",\"position\":3,\"name\":\"Online-Shop &#038; Social Media\"}]},{\"@type\":\"WebSite\",\"@id\":\"https:\/\/www.dehner.de\/unternehmen\/#website\",\"url\":\"https:\/\/www.dehner.de\/unternehmen\/\",\"name\":\"Dehner Unternehmen\",\"description\":\"Eine weitere Dehner Websites Website\",\"potentialAction\":[{\"@type\":\"SearchAction\",\"target\":{\"@type\":\"EntryPoint\",\"urlTemplate\":\"https:\/\/www.dehner.de\/unternehmen\/?s={search_term_string}\"},\"query-input\":{\"@type\":\"PropertyValueSpecification\",\"valueRequired\":true,\"valueName\":\"search_term_string\"}}],\"inLanguage\":\"de-DE\"}]}<\/script>\n<!-- \/ Yoast SEO plugin. -->","yoast_head_json":{"title":"Online-Shop & Social Media - Dehner Unternehmen","robots":{"index":"index","follow":"follow","max-snippet":"max-snippet:-1","max-image-preview":"max-image-preview:large","max-video-preview":"max-video-preview:-1"},"canonical":"https:\/\/www.dehner.de\/unternehmen\/unternehmen\/online-shop-social-media\/","og_locale":"de_DE","og_type":"article","og_title":"Online-Shop & Social Media - Dehner Unternehmen","og_url":"https:\/\/www.dehner.de\/unternehmen\/unternehmen\/online-shop-social-media\/","og_site_name":"Dehner Unternehmen","article_modified_time":"2021-01-21T10:49:57+00:00","twitter_card":"summary_large_image","schema":{"@context":"https:\/\/schema.org","@graph":[{"@type":"WebPage","@id":"https:\/\/www.dehner.de\/unternehmen\/unternehmen\/online-shop-social-media\/","url":"https:\/\/www.dehner.de\/unternehmen\/unternehmen\/online-shop-social-media\/","name":"Online-Shop & Social Media - Dehner Unternehmen","isPartOf":{"@id":"https:\/\/www.dehner.de\/unternehmen\/#website"},"datePublished":"2020-12-15T11:18:54+00:00","dateModified":"2021-01-21T10:49:57+00:00","breadcrumb":{"@id":"https:\/\/www.dehner.de\/unternehmen\/unternehmen\/online-shop-social-media\/#breadcrumb"},"inLanguage":"de-DE","potentialAction":[{"@type":"ReadAction","target":["https:\/\/www.dehner.de\/unternehmen\/unternehmen\/online-shop-social-media\/"]}]},{"@type":"BreadcrumbList","@id":"https:\/\/www.dehner.de\/unternehmen\/unternehmen\/online-shop-social-media\/#breadcrumb","itemListElement":[{"@type":"ListItem","position":1,"name":"Home","item":"https:\/\/www.dehner.de\/unternehmen\/"},{"@type":"ListItem","position":2,"name":"\u00dcber uns","item":"https:\/\/www.dehner.at\/unternehmen\/unternehmen\/"},{"@type":"ListItem","position":3,"name":"Online-Shop &#038; Social Media"}]},{"@type":"WebSite","@id":"https:\/\/www.dehner.de\/unternehmen\/#website","url":"https:\/\/www.dehner.de\/unternehmen\/","name":"Dehner Unternehmen","description":"Eine weitere Dehner Websites Website","potentialAction":[{"@type":"SearchAction","target":{"@type":"EntryPoint","urlTemplate":"https:\/\/www.dehner.de\/unternehmen\/?s={search_term_string}"},"query-input":{"@type":"PropertyValueSpecification","valueRequired":true,"valueName":"search_term_string"}}],"inLanguage":"de-DE"}]}},"_links":{"self":[{"href":"https:\/\/www.dehner.de\/unternehmen\/wp-json\/wp\/v2\/pages\/24","targetHints":{"allow":["GET"]}}],"collection":[{"href":"https:\/\/www.dehner.de\/unternehmen\/wp-json\/wp\/v2\/pages"}],"about":[{"href":"https:\/\/www.dehner.de\/unternehmen\/wp-json\/wp\/v2\/types\/page"}],"author":[{"embeddable":true,"href":"https:\/\/www.dehner.de\/unternehmen\/wp-json\/wp\/v2\/users\/1"}],"replies":[{"embeddable":true,"href":"https:\/\/www.dehner.de\/unternehmen\/wp-json\/wp\/v2\/comments?post=24"}],"version-history":[{"count":12,"href":"https:\/\/www.dehner.de\/unternehmen\/wp-json\/wp\/v2\/pages\/24\/revisions"}],"predecessor-version":[{"id":1662,"href":"https:\/\/www.dehner.de\/unternehmen\/wp-json\/wp\/v2\/pages\/24\/revisions\/1662"}],"up":[{"embeddable":true,"href":"https:\/\/www.dehner.de\/unternehmen\/wp-json\/wp\/v2\/pages\/6"}],"wp:attachment":[{"href":"https:\/\/www.dehner.de\/unternehmen\/wp-json\/wp\/v2\/media?parent=24"}],"curies":[{"name":"wp","href":"https:\/\/api.w.org\/{rel}","templated":true}]}}