{"id":234,"date":"2020-12-16T07:43:37","date_gmt":"2020-12-16T06:43:37","guid":{"rendered":"https:\/\/www.dehner.de\/unternehmen\/?page_id=234"},"modified":"2020-12-17T14:25:31","modified_gmt":"2020-12-17T13:25:31","slug":"aktuelle-meldungen","status":"publish","type":"page","link":"https:\/\/www.dehner.de\/unternehmen\/presse\/aktuelle-meldungen\/","title":{"rendered":"Aktuelle Meldungen"},"content":{"rendered":"\n<div class=\"container page-content\">\n\t<div id=\"c409\">\n\t\t<h2>Pressemeldungen <\/h2>\n\t\t\t\t\t<div class=\"news\">\n\t\t\t<div class=\"news-list-view\">\n\n\t\t\t\t<div class=\"pagination-top\">\n\t\t\t\t\t        <div class=\"page-navigation\">\n            <ul class=\"f3-widget-paginator\">\n\n                \n                \n                \n                                    <li>\n                        <a class=\"current\" href=\"https:\/\/www.dehner.de\/unternehmen\/presse\/aktuelle-meldungen\/?y=all&#038;pagination=1\">1<\/a>\n                    <\/li>\n                                    <li>\n                        <a class=\"\" href=\"https:\/\/www.dehner.de\/unternehmen\/presse\/aktuelle-meldungen\/?y=all&#038;pagination=2\">2<\/a>\n                    <\/li>\n                                    <li>\n                        <a class=\"\" href=\"https:\/\/www.dehner.de\/unternehmen\/presse\/aktuelle-meldungen\/?y=all&#038;pagination=3\">3<\/a>\n                    <\/li>\n                \n                \n                \n                                    <li class=\"next\">\n                        <a href=\"https:\/\/www.dehner.de\/unternehmen\/presse\/aktuelle-meldungen\/?y=all&#038;pagination=2\">\n                            <svg viewBox=\"0 0 10 16\" id=\"chevron-right\" class=\"icon svg-chevron-right-dims \">\n                                <title>chevron-right<\/title>\n                                <path d=\"M6.55 8.112L.02 14.459l1.394 1.434L9.37 8.16 1.434 0 0 1.395z\" fill=\"currentColor\" fill-rule=\"evenodd\"><\/path>\n                            <\/svg>\n                        <\/a>\n                    <\/li>\n                            <\/ul>\n        <\/div>\n\t\t\t\t\t<div class=\"news-clear\"><\/div>\n\t\t\t\t<\/div>\n\n\t\t\t\t\n\t\t\t\t\t<article class=\"article row clearfix articletype-0 press-preview\" itemscope=\"itemscope\" itemtype=\"http:\/\/schema.org\/Article\">\n\t\t\t\t\t\t\t\t\t\t\t\t\t<div class=\"news-img-wrap col-sm-3\">\n\t\t\t\t\t\t\t\t<a title=\"K\u00f6nigsbrunn: Neuer\u00f6ffnung des Dehner Garten-Centers\" href=\"https:\/\/www.dehner.de\/unternehmen\/pressemeldung\/koenigsbrunn-neueroeffnung-des-dehner-garten-centers-am-23-april-2026\/?type=0&#038;y=all&#038;pagination=1\">\n\t\t\t\t\t\t\t\t\t<picture><img decoding=\"async\" class=\"img-responsive\" src=\"https:\/\/www.dehner.de\/unternehmen\/app\/uploads\/sites\/3\/2026\/04\/koenigsbrunn-aussen-1311x740.png\" srcset=\"\" sizes=\"(max-width: ) 100vw, \"\/><\/picture>\t\t\t\t\t\t\t\t<\/a>\n\t\t\t\t\t\t\t<\/div>\n\t\t\t\t\t\t\t\t\t\t\t\t<div class=\"teaser-text bodytext col-sm-9 \">\n\t\t\t\t\t\t\t<div class=\"header\">\n\t\t\t\t\t\t\t\t<h2>\n\t\t\t\t\t\t\t\t\t<a title=\"K\u00f6nigsbrunn: Neuer\u00f6ffnung des Dehner Garten-Centers\" href=\"https:\/\/www.dehner.de\/unternehmen\/pressemeldung\/koenigsbrunn-neueroeffnung-des-dehner-garten-centers-am-23-april-2026\/?type=0&#038;y=all&#038;pagination=1\">\n\t\t\t\t\t\t\t\t\t\t<span itemprop=\"headline\">K\u00f6nigsbrunn: Neuer\u00f6ffnung des Dehner Garten-Centers<\/span>\n\t\t\t\t\t\t\t\t\t<\/a>\n\t\t\t\t\t\t\t\t<\/h2>\n\t\t\t\t\t\t\t<\/div>\n\t\t\t\t\t\t\t<span class=\"news-list-date\">\n\t\t\t\t\t\t\t\t<time datetime=\"2026-04-23\">\n\t\t\t\t\t\t\t\t\t23.04.2026\t\t\t\t\t\t\t\t\t<meta itemprop=\"datePublished\" content=\"2026-04-23\">\n\t\t\t\t\t\t\t\t<\/time>\n\t\t\t\t\t\t\t<\/span>\n\t\t\t\t\t\t\t<div itemprop=\"description\">\n\t\t\t\t\t\t\t\t<p><p>Neuer\u00f6ffnung am 23. April 2026: Dehner Garten-Center in K\u00f6nigsbrunn Nach rund zehn Monaten Bauzeit er\u00f6ffnet Dehner am 23. April 2026 das modernisierte Garten-Center in K\u00f6nigsbrunn&hellip;<\/p>\n<\/p>\n\t\t\t\t\t\t\t<\/div>\n\t\t\t\t\t\t\t<a class=\"more\" href=\"https:\/\/www.dehner.de\/unternehmen\/pressemeldung\/koenigsbrunn-neueroeffnung-des-dehner-garten-centers-am-23-april-2026\/?type=0&#038;y=all&#038;pagination=1\">\n\t\t\t\t\t\t\t\t<svg viewBox=\"0 0 10 16\" id=\"chevron-right\" class=\"icon svg-chevron-right-dims \">\n\t\t\t\t\t\t\t\t\t<title>chevron-right<\/title>\n\t\t\t\t\t\t\t\t\t<path d=\"M6.55 8.112L.02 14.459l1.394 1.434L9.37 8.16 1.434 0 0 1.395z\" fill=\"currentColor\" fill-rule=\"evenodd\"><\/path>\n\t\t\t\t\t\t\t\t<\/svg>\n\t\t\t\t\t\t\t<\/a>\n\t\t\t\t\t\t<\/div>\n\t\t\t\t\t\t<div class=\"clearfix\"><\/div>\n\t\t\t\t\t<\/article>\n\n\t\t\t\t\n\t\t\t\t\t<article class=\"article row clearfix articletype-0 press-preview\" itemscope=\"itemscope\" itemtype=\"http:\/\/schema.org\/Article\">\n\t\t\t\t\t\t\t\t\t\t\t\t\t<div class=\"news-img-wrap col-sm-3\">\n\t\t\t\t\t\t\t\t<a title=\"30 Jahre in \u00d6sterreich\" href=\"https:\/\/www.dehner.de\/unternehmen\/pressemeldung\/dehner-feiert-jubilaeum-30-jahre-dehner-in-oesterreich\/?type=0&#038;y=all&#038;pagination=1\">\n\t\t\t\t\t\t\t\t\t<picture><img decoding=\"async\" class=\"img-responsive\" src=\"https:\/\/www.dehner.de\/unternehmen\/app\/uploads\/sites\/3\/2026\/04\/2026-03-17_Hochbeet-Spende_011_300-1920x740.jpeg\" srcset=\"\" sizes=\"(max-width: ) 100vw, \"\/><\/picture>\t\t\t\t\t\t\t\t<\/a>\n\t\t\t\t\t\t\t<\/div>\n\t\t\t\t\t\t\t\t\t\t\t\t<div class=\"teaser-text bodytext col-sm-9 \">\n\t\t\t\t\t\t\t<div class=\"header\">\n\t\t\t\t\t\t\t\t<h2>\n\t\t\t\t\t\t\t\t\t<a title=\"30 Jahre in \u00d6sterreich\" href=\"https:\/\/www.dehner.de\/unternehmen\/pressemeldung\/dehner-feiert-jubilaeum-30-jahre-dehner-in-oesterreich\/?type=0&#038;y=all&#038;pagination=1\">\n\t\t\t\t\t\t\t\t\t\t<span itemprop=\"headline\">30 Jahre in \u00d6sterreich<\/span>\n\t\t\t\t\t\t\t\t\t<\/a>\n\t\t\t\t\t\t\t\t<\/h2>\n\t\t\t\t\t\t\t<\/div>\n\t\t\t\t\t\t\t<span class=\"news-list-date\">\n\t\t\t\t\t\t\t\t<time datetime=\"2026-03-18\">\n\t\t\t\t\t\t\t\t\t18.03.2026\t\t\t\t\t\t\t\t\t<meta itemprop=\"datePublished\" content=\"2026-03-18\">\n\t\t\t\t\t\t\t\t<\/time>\n\t\t\t\t\t\t\t<\/span>\n\t\t\t\t\t\t\t<div itemprop=\"description\">\n\t\t\t\t\t\t\t\t<p><p>Die Garten-Center-Kette Dehner feiert in \u00a0\u00a0diesem Monat ihr 30-j\u00e4hriges Bestehen in \u00d6sterreich. 1996 er\u00f6ffnete in Pasching bei Linz der erste Markt. Heute ist das Unternehmen&hellip;<\/p>\n<\/p>\n\t\t\t\t\t\t\t<\/div>\n\t\t\t\t\t\t\t<a class=\"more\" href=\"https:\/\/www.dehner.de\/unternehmen\/pressemeldung\/dehner-feiert-jubilaeum-30-jahre-dehner-in-oesterreich\/?type=0&#038;y=all&#038;pagination=1\">\n\t\t\t\t\t\t\t\t<svg viewBox=\"0 0 10 16\" id=\"chevron-right\" class=\"icon svg-chevron-right-dims \">\n\t\t\t\t\t\t\t\t\t<title>chevron-right<\/title>\n\t\t\t\t\t\t\t\t\t<path d=\"M6.55 8.112L.02 14.459l1.394 1.434L9.37 8.16 1.434 0 0 1.395z\" fill=\"currentColor\" fill-rule=\"evenodd\"><\/path>\n\t\t\t\t\t\t\t\t<\/svg>\n\t\t\t\t\t\t\t<\/a>\n\t\t\t\t\t\t<\/div>\n\t\t\t\t\t\t<div class=\"clearfix\"><\/div>\n\t\t\t\t\t<\/article>\n\n\t\t\t\t\n\t\t\t\t\t<article class=\"article row clearfix articletype-0 press-preview\" itemscope=\"itemscope\" itemtype=\"http:\/\/schema.org\/Article\">\n\t\t\t\t\t\t\t\t\t\t\t\t\t<div class=\"news-img-wrap col-sm-3\">\n\t\t\t\t\t\t\t\t<a title=\"Neuer Chief Sales Officer f\u00fcr die Dehner-Gruppe\" href=\"https:\/\/www.dehner.de\/unternehmen\/pressemeldung\/neuer-chief-sales-officer-fuer-die-dehner-gruppe\/?type=0&#038;y=all&#038;pagination=1\">\n\t\t\t\t\t\t\t\t\t<picture><img decoding=\"async\" class=\"img-responsive\" src=\"https:\/\/www.dehner.de\/unternehmen\/app\/uploads\/sites\/3\/2026\/04\/Sven-Girmendonk-1077x740.jpg\" srcset=\"\" sizes=\"(max-width: ) 100vw, \"\/><\/picture>\t\t\t\t\t\t\t\t<\/a>\n\t\t\t\t\t\t\t<\/div>\n\t\t\t\t\t\t\t\t\t\t\t\t<div class=\"teaser-text bodytext col-sm-9 \">\n\t\t\t\t\t\t\t<div class=\"header\">\n\t\t\t\t\t\t\t\t<h2>\n\t\t\t\t\t\t\t\t\t<a title=\"Neuer Chief Sales Officer f\u00fcr die Dehner-Gruppe\" href=\"https:\/\/www.dehner.de\/unternehmen\/pressemeldung\/neuer-chief-sales-officer-fuer-die-dehner-gruppe\/?type=0&#038;y=all&#038;pagination=1\">\n\t\t\t\t\t\t\t\t\t\t<span itemprop=\"headline\">Neuer Chief Sales Officer f\u00fcr die Dehner-Gruppe<\/span>\n\t\t\t\t\t\t\t\t\t<\/a>\n\t\t\t\t\t\t\t\t<\/h2>\n\t\t\t\t\t\t\t<\/div>\n\t\t\t\t\t\t\t<span class=\"news-list-date\">\n\t\t\t\t\t\t\t\t<time datetime=\"2026-03-17\">\n\t\t\t\t\t\t\t\t\t17.03.2026\t\t\t\t\t\t\t\t\t<meta itemprop=\"datePublished\" content=\"2026-03-17\">\n\t\t\t\t\t\t\t\t<\/time>\n\t\t\t\t\t\t\t<\/span>\n\t\t\t\t\t\t\t<div itemprop=\"description\">\n\t\t\t\t\t\t\t\t<p><p>Neuer CSO f\u00fcr die Dehner Holding GmbH &amp; Co. KG: Zum 1. April 2026 \u00fcbernimmt Sven Girmendonk (48) die Position des Chief Sales Officer. Er&hellip;<\/p>\n<\/p>\n\t\t\t\t\t\t\t<\/div>\n\t\t\t\t\t\t\t<a class=\"more\" href=\"https:\/\/www.dehner.de\/unternehmen\/pressemeldung\/neuer-chief-sales-officer-fuer-die-dehner-gruppe\/?type=0&#038;y=all&#038;pagination=1\">\n\t\t\t\t\t\t\t\t<svg viewBox=\"0 0 10 16\" id=\"chevron-right\" class=\"icon svg-chevron-right-dims \">\n\t\t\t\t\t\t\t\t\t<title>chevron-right<\/title>\n\t\t\t\t\t\t\t\t\t<path d=\"M6.55 8.112L.02 14.459l1.394 1.434L9.37 8.16 1.434 0 0 1.395z\" fill=\"currentColor\" fill-rule=\"evenodd\"><\/path>\n\t\t\t\t\t\t\t\t<\/svg>\n\t\t\t\t\t\t\t<\/a>\n\t\t\t\t\t\t<\/div>\n\t\t\t\t\t\t<div class=\"clearfix\"><\/div>\n\t\t\t\t\t<\/article>\n\n\t\t\t\t\n\t\t\t\t\t<article class=\"article row clearfix articletype-0 press-preview\" itemscope=\"itemscope\" itemtype=\"http:\/\/schema.org\/Article\">\n\t\t\t\t\t\t\t\t\t\t\t\t\t<div class=\"news-img-wrap col-sm-3\">\n\t\t\t\t\t\t\t\t<a title=\"Neuer\u00f6ffnung am 12. M\u00e4rz 2026\" href=\"https:\/\/www.dehner.de\/unternehmen\/pressemeldung\/neueroeffnung-am-12-maerz-2026-dehner-garten-center-in-neusiedl-am-see\/?type=0&#038;y=all&#038;pagination=1\">\n\t\t\t\t\t\t\t\t\t<picture><img decoding=\"async\" class=\"img-responsive\" src=\"https:\/\/www.dehner.de\/unternehmen\/app\/uploads\/sites\/3\/2026\/03\/Dehner_Neusiedl_Eroeffnung_06-1920x740.jpg\" srcset=\"\" sizes=\"(max-width: ) 100vw, \"\/><\/picture>\t\t\t\t\t\t\t\t<\/a>\n\t\t\t\t\t\t\t<\/div>\n\t\t\t\t\t\t\t\t\t\t\t\t<div class=\"teaser-text bodytext col-sm-9 \">\n\t\t\t\t\t\t\t<div class=\"header\">\n\t\t\t\t\t\t\t\t<h2>\n\t\t\t\t\t\t\t\t\t<a title=\"Neuer\u00f6ffnung am 12. M\u00e4rz 2026\" href=\"https:\/\/www.dehner.de\/unternehmen\/pressemeldung\/neueroeffnung-am-12-maerz-2026-dehner-garten-center-in-neusiedl-am-see\/?type=0&#038;y=all&#038;pagination=1\">\n\t\t\t\t\t\t\t\t\t\t<span itemprop=\"headline\">Neuer\u00f6ffnung am 12. M\u00e4rz 2026<\/span>\n\t\t\t\t\t\t\t\t\t<\/a>\n\t\t\t\t\t\t\t\t<\/h2>\n\t\t\t\t\t\t\t<\/div>\n\t\t\t\t\t\t\t<span class=\"news-list-date\">\n\t\t\t\t\t\t\t\t<time datetime=\"2026-03-12\">\n\t\t\t\t\t\t\t\t\t12.03.2026\t\t\t\t\t\t\t\t\t<meta itemprop=\"datePublished\" content=\"2026-03-12\">\n\t\t\t\t\t\t\t\t<\/time>\n\t\t\t\t\t\t\t<\/span>\n\t\t\t\t\t\t\t<div itemprop=\"description\">\n\t\t\t\t\t\t\t\t<p><p>Mit der Er\u00f6ffnung eines neuen Garten-Centers in Neusiedl am See setzt Dehner seinen konsequenten Expansionskurs in \u00d6sterreich fort. Ab 12. M\u00e4rz 2026 \u00f6ffnet der moderne&hellip;<\/p>\n<\/p>\n\t\t\t\t\t\t\t<\/div>\n\t\t\t\t\t\t\t<a class=\"more\" href=\"https:\/\/www.dehner.de\/unternehmen\/pressemeldung\/neueroeffnung-am-12-maerz-2026-dehner-garten-center-in-neusiedl-am-see\/?type=0&#038;y=all&#038;pagination=1\">\n\t\t\t\t\t\t\t\t<svg viewBox=\"0 0 10 16\" id=\"chevron-right\" class=\"icon svg-chevron-right-dims \">\n\t\t\t\t\t\t\t\t\t<title>chevron-right<\/title>\n\t\t\t\t\t\t\t\t\t<path d=\"M6.55 8.112L.02 14.459l1.394 1.434L9.37 8.16 1.434 0 0 1.395z\" fill=\"currentColor\" fill-rule=\"evenodd\"><\/path>\n\t\t\t\t\t\t\t\t<\/svg>\n\t\t\t\t\t\t\t<\/a>\n\t\t\t\t\t\t<\/div>\n\t\t\t\t\t\t<div class=\"clearfix\"><\/div>\n\t\t\t\t\t<\/article>\n\n\t\t\t\t\n\t\t\t\t<div class=\"pagination-bottom\">\n\t\t\t\t\t        <div class=\"page-navigation\">\n            <ul class=\"f3-widget-paginator\">\n\n                \n                \n                \n                                    <li>\n                        <a class=\"current\" href=\"https:\/\/www.dehner.de\/unternehmen\/presse\/aktuelle-meldungen\/?y=all&#038;pagination=1\">1<\/a>\n                    <\/li>\n                                    <li>\n                        <a class=\"\" href=\"https:\/\/www.dehner.de\/unternehmen\/presse\/aktuelle-meldungen\/?y=all&#038;pagination=2\">2<\/a>\n                    <\/li>\n                                    <li>\n                        <a class=\"\" href=\"https:\/\/www.dehner.de\/unternehmen\/presse\/aktuelle-meldungen\/?y=all&#038;pagination=3\">3<\/a>\n                    <\/li>\n                \n                \n                \n                                    <li class=\"next\">\n                        <a href=\"https:\/\/www.dehner.de\/unternehmen\/presse\/aktuelle-meldungen\/?y=all&#038;pagination=2\">\n                            <svg viewBox=\"0 0 10 16\" id=\"chevron-right\" class=\"icon svg-chevron-right-dims \">\n                                <title>chevron-right<\/title>\n                                <path d=\"M6.55 8.112L.02 14.459l1.394 1.434L9.37 8.16 1.434 0 0 1.395z\" fill=\"currentColor\" fill-rule=\"evenodd\"><\/path>\n                            <\/svg>\n                        <\/a>\n                    <\/li>\n                            <\/ul>\n        <\/div>\n\t\t\t\t\t<div class=\"news-clear\"><\/div>\n\t\t\t\t<\/div>\n\n\t\t\t<\/div>\n\t\t<\/div>\n\t<\/div>\n<\/div>\n\n","protected":false},"excerpt":{"rendered":"","protected":false},"author":1,"featured_media":0,"parent":15,"menu_order":0,"comment_status":"closed","ping_status":"closed","template":"","meta":{"_acf_changed":false,"footnotes":""},"class_list":["post-234","page","type-page","status-publish","hentry"],"acf":[],"yoast_head":"<!-- This site is optimized with the Yoast SEO plugin v24.5 - https:\/\/yoast.com\/wordpress\/plugins\/seo\/ -->\n<title>Aktuelle Meldungen - Dehner Unternehmen<\/title>\n<meta name=\"robots\" content=\"index, follow, max-snippet:-1, max-image-preview:large, max-video-preview:-1\" \/>\n<link rel=\"canonical\" href=\"https:\/\/www.dehner.de\/unternehmen\/presse\/aktuelle-meldungen\/\" \/>\n<meta property=\"og:locale\" content=\"de_DE\" \/>\n<meta property=\"og:type\" content=\"article\" \/>\n<meta property=\"og:title\" content=\"Aktuelle Meldungen - Dehner Unternehmen\" \/>\n<meta property=\"og:url\" content=\"https:\/\/www.dehner.de\/unternehmen\/presse\/aktuelle-meldungen\/\" \/>\n<meta property=\"og:site_name\" content=\"Dehner Unternehmen\" \/>\n<meta property=\"article:modified_time\" content=\"2020-12-17T13:25:31+00:00\" \/>\n<meta name=\"twitter:card\" content=\"summary_large_image\" \/>\n<script type=\"application\/ld+json\" class=\"yoast-schema-graph\">{\"@context\":\"https:\/\/schema.org\",\"@graph\":[{\"@type\":\"WebPage\",\"@id\":\"https:\/\/www.dehner.de\/unternehmen\/presse\/aktuelle-meldungen\/\",\"url\":\"https:\/\/www.dehner.de\/unternehmen\/presse\/aktuelle-meldungen\/\",\"name\":\"Aktuelle Meldungen - Dehner Unternehmen\",\"isPartOf\":{\"@id\":\"https:\/\/www.dehner.de\/unternehmen\/#website\"},\"datePublished\":\"2020-12-16T06:43:37+00:00\",\"dateModified\":\"2020-12-17T13:25:31+00:00\",\"breadcrumb\":{\"@id\":\"https:\/\/www.dehner.de\/unternehmen\/presse\/aktuelle-meldungen\/#breadcrumb\"},\"inLanguage\":\"de-DE\",\"potentialAction\":[{\"@type\":\"ReadAction\",\"target\":[\"https:\/\/www.dehner.de\/unternehmen\/presse\/aktuelle-meldungen\/\"]}]},{\"@type\":\"BreadcrumbList\",\"@id\":\"https:\/\/www.dehner.de\/unternehmen\/presse\/aktuelle-meldungen\/#breadcrumb\",\"itemListElement\":[{\"@type\":\"ListItem\",\"position\":1,\"name\":\"Home\",\"item\":\"https:\/\/www.dehner.de\/unternehmen\/\"},{\"@type\":\"ListItem\",\"position\":2,\"name\":\"Presse\",\"item\":\"https:\/\/www.dehner.de\/unternehmen\/presse\/\"},{\"@type\":\"ListItem\",\"position\":3,\"name\":\"Aktuelle Meldungen\"}]},{\"@type\":\"WebSite\",\"@id\":\"https:\/\/www.dehner.de\/unternehmen\/#website\",\"url\":\"https:\/\/www.dehner.de\/unternehmen\/\",\"name\":\"Dehner Unternehmen\",\"description\":\"Eine weitere Dehner Websites Website\",\"potentialAction\":[{\"@type\":\"SearchAction\",\"target\":{\"@type\":\"EntryPoint\",\"urlTemplate\":\"https:\/\/www.dehner.de\/unternehmen\/?s={search_term_string}\"},\"query-input\":{\"@type\":\"PropertyValueSpecification\",\"valueRequired\":true,\"valueName\":\"search_term_string\"}}],\"inLanguage\":\"de-DE\"}]}<\/script>\n<!-- \/ Yoast SEO plugin. -->","yoast_head_json":{"title":"Aktuelle Meldungen - Dehner Unternehmen","robots":{"index":"index","follow":"follow","max-snippet":"max-snippet:-1","max-image-preview":"max-image-preview:large","max-video-preview":"max-video-preview:-1"},"canonical":"https:\/\/www.dehner.de\/unternehmen\/presse\/aktuelle-meldungen\/","og_locale":"de_DE","og_type":"article","og_title":"Aktuelle Meldungen - Dehner Unternehmen","og_url":"https:\/\/www.dehner.de\/unternehmen\/presse\/aktuelle-meldungen\/","og_site_name":"Dehner Unternehmen","article_modified_time":"2020-12-17T13:25:31+00:00","twitter_card":"summary_large_image","schema":{"@context":"https:\/\/schema.org","@graph":[{"@type":"WebPage","@id":"https:\/\/www.dehner.de\/unternehmen\/presse\/aktuelle-meldungen\/","url":"https:\/\/www.dehner.de\/unternehmen\/presse\/aktuelle-meldungen\/","name":"Aktuelle Meldungen - Dehner Unternehmen","isPartOf":{"@id":"https:\/\/www.dehner.de\/unternehmen\/#website"},"datePublished":"2020-12-16T06:43:37+00:00","dateModified":"2020-12-17T13:25:31+00:00","breadcrumb":{"@id":"https:\/\/www.dehner.de\/unternehmen\/presse\/aktuelle-meldungen\/#breadcrumb"},"inLanguage":"de-DE","potentialAction":[{"@type":"ReadAction","target":["https:\/\/www.dehner.de\/unternehmen\/presse\/aktuelle-meldungen\/"]}]},{"@type":"BreadcrumbList","@id":"https:\/\/www.dehner.de\/unternehmen\/presse\/aktuelle-meldungen\/#breadcrumb","itemListElement":[{"@type":"ListItem","position":1,"name":"Home","item":"https:\/\/www.dehner.de\/unternehmen\/"},{"@type":"ListItem","position":2,"name":"Presse","item":"https:\/\/www.dehner.de\/unternehmen\/presse\/"},{"@type":"ListItem","position":3,"name":"Aktuelle Meldungen"}]},{"@type":"WebSite","@id":"https:\/\/www.dehner.de\/unternehmen\/#website","url":"https:\/\/www.dehner.de\/unternehmen\/","name":"Dehner Unternehmen","description":"Eine weitere Dehner Websites Website","potentialAction":[{"@type":"SearchAction","target":{"@type":"EntryPoint","urlTemplate":"https:\/\/www.dehner.de\/unternehmen\/?s={search_term_string}"},"query-input":{"@type":"PropertyValueSpecification","valueRequired":true,"valueName":"search_term_string"}}],"inLanguage":"de-DE"}]}},"_links":{"self":[{"href":"https:\/\/www.dehner.de\/unternehmen\/wp-json\/wp\/v2\/pages\/234","targetHints":{"allow":["GET"]}}],"collection":[{"href":"https:\/\/www.dehner.de\/unternehmen\/wp-json\/wp\/v2\/pages"}],"about":[{"href":"https:\/\/www.dehner.de\/unternehmen\/wp-json\/wp\/v2\/types\/page"}],"author":[{"embeddable":true,"href":"https:\/\/www.dehner.de\/unternehmen\/wp-json\/wp\/v2\/users\/1"}],"replies":[{"embeddable":true,"href":"https:\/\/www.dehner.de\/unternehmen\/wp-json\/wp\/v2\/comments?post=234"}],"version-history":[{"count":4,"href":"https:\/\/www.dehner.de\/unternehmen\/wp-json\/wp\/v2\/pages\/234\/revisions"}],"predecessor-version":[{"id":3178,"href":"https:\/\/www.dehner.de\/unternehmen\/wp-json\/wp\/v2\/pages\/234\/revisions\/3178"}],"up":[{"embeddable":true,"href":"https:\/\/www.dehner.de\/unternehmen\/wp-json\/wp\/v2\/pages\/15"}],"wp:attachment":[{"href":"https:\/\/www.dehner.de\/unternehmen\/wp-json\/wp\/v2\/media?parent=234"}],"curies":[{"name":"wp","href":"https:\/\/api.w.org\/{rel}","templated":true}]}}