{"id":230,"date":"2020-12-16T07:32:31","date_gmt":"2020-12-16T06:32:31","guid":{"rendered":"https:\/\/www.dehner.de\/unternehmen\/?page_id=230"},"modified":"2024-03-05T15:48:56","modified_gmt":"2024-03-05T14:48:56","slug":"kundenkarte","status":"publish","type":"page","link":"https:\/\/www.dehner.de\/unternehmen\/service\/kundenkarte\/","title":{"rendered":"Kundenkarte"},"content":{"rendered":"<div class=\"container page-content dehner-paragraph \">\n\t<div class=\"ce-gridRow6040 row\">\n\t\t<div class=\"colpos-101 col-xs-12 col-md-7\">\n\t\t\t<div id=\"block_5fdc9cc00456d\" class=\"ce-text\">\n\t\t\t\t<header class=\"fsc\">\n\t\t\t\t\t\t\t\t\t\t\t<strong class=\"subheader\">Ihre Vorteile mit den<\/strong>\n\t\t\t\t\t\t\t\t\t\t\t\t\t\t\t\t<h2>Dehner Kundenkarten<\/h2>\n\t\t\t\t\t\t\t\t\t<\/header>\n\t\t\t\t<div class=\"bodytext\">\n\t\t\t\t\t\t\t\t\t\t\t<h3>Sparen, punkten &amp; profitieren<\/h3>\n<p>Dehner bietet Ihnen in Deutschland und \u00d6sterreich einen weiteren starken Vorteil f\u00fcr Ihren Einkauf &#8211; unsere\u00a0<b>Kundenkarten<\/b>.<\/p>\n<p>Entdecken Sie alle Vorteile unserer Kundenkarten und sparen Sie bei jedem Einkauf! Alle weiteren Informationen und die Kartenantr\u00e4ge finden Sie auf unseren Shopseiten.<\/p>\n<p>Wir w\u00fcnschen Ihnen viel Spa\u00df bei Ihrem n\u00e4chsten Einkauf.<\/p>\n\t\t\t\t\t\t\t\t\t<\/div>\n\t\t\t<\/div>\n\t\t<\/div>\n\t\t\t\t\t<div class=\"colpos-102 col-xs-12 col-md-5\">\n\t\t\t\t\t\t\t\t\t\t<div id=\"block_5fdc9cc00456d\" class=\"ce-ctabox\">\n\t\t\t\t\t\t\t<header class=\"fsc hyphenate\">\n\t\t\t\t\t\t\t\t\t\t\t\t\t\t\t\t\t<strong class=\"subheader\">Weitere Informationen zu unseren<\/strong>\n\t\t\t\t\t\t\t\t\t\t\t\t\t\t\t\t\t\t\t\t\t\t\t\t\t<h2>Kundenkarten<\/h2>\n\t\t\t\t\t\t\t\t\t\t\t\t\t\t\t<header>\n\t\t\t\t\t\t\t\t\t\t\t\t\t\t\t\t\t\t\t\t\t\t\t\t<a\n                                        href=\"https:\/\/www.dehner.de\/service\/payback\/\"\n                                        target=\"_blank\"\n                                        class=\"btn btn-primary\"\n                                    >\n                                        Deutschland                                    <\/a>\n\t\t\t\t\t\t\t\t\t\t\t\t\t\t\t\t\t<a\n                                        href=\"https:\/\/www.dehner.at\/vorteilswelt\/\"\n                                        target=\"_blank\"\n                                        class=\"btn btn-primary\"\n                                    >\n                                        \u00d6sterreich                                    <\/a>\n\t\t\t\t\t\t\t\t\t\t\t\t\t\t\t\t\t\t\t\t\t<\/div>\n\t\t\t\t\t\t\t\t\t\t\t\t\t\t\t<div id=\"block_5fdc9cc00456d\" class=\"ce-image\">\n\t\t\t\t\t\t\t<picture><img decoding=\"async\" class=\"img-responsive\" src=\"https:\/\/www.dehner.de\/unternehmen\/app\/uploads\/sites\/3\/2024\/02\/CRM_Kundenkarten_900x450_022024_ES.png\" srcset=\"https:\/\/www.dehner.de\/unternehmen\/app\/uploads\/sites\/3\/2024\/02\/CRM_Kundenkarten_900x450_022024_ES.png 900w, https:\/\/www.dehner.de\/unternehmen\/app\/uploads\/sites\/3\/2024\/02\/CRM_Kundenkarten_900x450_022024_ES-768x384.png 768w\" sizes=\"(max-width: ) 100vw, \"\/><\/picture>\t\t\t\t\t\t<\/div>\n\n\t\t\t\t\t\t\t\t\t\t\t\t<\/div>\n\t\t\t<\/div>\n<\/div>\n","protected":false},"excerpt":{"rendered":"","protected":false},"author":1,"featured_media":0,"parent":13,"menu_order":0,"comment_status":"closed","ping_status":"closed","template":"","meta":{"_acf_changed":false,"footnotes":""},"class_list":["post-230","page","type-page","status-publish","hentry"],"acf":[],"yoast_head":"<!-- This site is optimized with the Yoast SEO plugin v24.5 - https:\/\/yoast.com\/wordpress\/plugins\/seo\/ -->\n<title>Kundenkarte - Dehner Unternehmen<\/title>\n<meta name=\"robots\" content=\"index, follow, max-snippet:-1, max-image-preview:large, max-video-preview:-1\" \/>\n<link rel=\"canonical\" href=\"https:\/\/www.dehner.de\/unternehmen\/service\/kundenkarte\/\" \/>\n<meta property=\"og:locale\" content=\"de_DE\" \/>\n<meta property=\"og:type\" content=\"article\" \/>\n<meta property=\"og:title\" content=\"Kundenkarte - Dehner Unternehmen\" \/>\n<meta property=\"og:url\" content=\"https:\/\/www.dehner.de\/unternehmen\/service\/kundenkarte\/\" \/>\n<meta property=\"og:site_name\" content=\"Dehner Unternehmen\" \/>\n<meta property=\"article:modified_time\" content=\"2024-03-05T14:48:56+00:00\" \/>\n<meta name=\"twitter:card\" content=\"summary_large_image\" \/>\n<script type=\"application\/ld+json\" class=\"yoast-schema-graph\">{\"@context\":\"https:\/\/schema.org\",\"@graph\":[{\"@type\":\"WebPage\",\"@id\":\"https:\/\/www.dehner.de\/unternehmen\/service\/kundenkarte\/\",\"url\":\"https:\/\/www.dehner.de\/unternehmen\/service\/kundenkarte\/\",\"name\":\"Kundenkarte - Dehner Unternehmen\",\"isPartOf\":{\"@id\":\"https:\/\/www.dehner.de\/unternehmen\/#website\"},\"datePublished\":\"2020-12-16T06:32:31+00:00\",\"dateModified\":\"2024-03-05T14:48:56+00:00\",\"breadcrumb\":{\"@id\":\"https:\/\/www.dehner.de\/unternehmen\/service\/kundenkarte\/#breadcrumb\"},\"inLanguage\":\"de-DE\",\"potentialAction\":[{\"@type\":\"ReadAction\",\"target\":[\"https:\/\/www.dehner.de\/unternehmen\/service\/kundenkarte\/\"]}]},{\"@type\":\"BreadcrumbList\",\"@id\":\"https:\/\/www.dehner.de\/unternehmen\/service\/kundenkarte\/#breadcrumb\",\"itemListElement\":[{\"@type\":\"ListItem\",\"position\":1,\"name\":\"Home\",\"item\":\"https:\/\/www.dehner.de\/unternehmen\/\"},{\"@type\":\"ListItem\",\"position\":2,\"name\":\"Service\",\"item\":\"https:\/\/www.dehner.de\/unternehmen\/service\/\"},{\"@type\":\"ListItem\",\"position\":3,\"name\":\"Kundenkarte\"}]},{\"@type\":\"WebSite\",\"@id\":\"https:\/\/www.dehner.de\/unternehmen\/#website\",\"url\":\"https:\/\/www.dehner.de\/unternehmen\/\",\"name\":\"Dehner Unternehmen\",\"description\":\"Eine weitere Dehner Websites Website\",\"potentialAction\":[{\"@type\":\"SearchAction\",\"target\":{\"@type\":\"EntryPoint\",\"urlTemplate\":\"https:\/\/www.dehner.de\/unternehmen\/?s={search_term_string}\"},\"query-input\":{\"@type\":\"PropertyValueSpecification\",\"valueRequired\":true,\"valueName\":\"search_term_string\"}}],\"inLanguage\":\"de-DE\"}]}<\/script>\n<!-- \/ Yoast SEO plugin. -->","yoast_head_json":{"title":"Kundenkarte - Dehner Unternehmen","robots":{"index":"index","follow":"follow","max-snippet":"max-snippet:-1","max-image-preview":"max-image-preview:large","max-video-preview":"max-video-preview:-1"},"canonical":"https:\/\/www.dehner.de\/unternehmen\/service\/kundenkarte\/","og_locale":"de_DE","og_type":"article","og_title":"Kundenkarte - Dehner Unternehmen","og_url":"https:\/\/www.dehner.de\/unternehmen\/service\/kundenkarte\/","og_site_name":"Dehner Unternehmen","article_modified_time":"2024-03-05T14:48:56+00:00","twitter_card":"summary_large_image","schema":{"@context":"https:\/\/schema.org","@graph":[{"@type":"WebPage","@id":"https:\/\/www.dehner.de\/unternehmen\/service\/kundenkarte\/","url":"https:\/\/www.dehner.de\/unternehmen\/service\/kundenkarte\/","name":"Kundenkarte - Dehner Unternehmen","isPartOf":{"@id":"https:\/\/www.dehner.de\/unternehmen\/#website"},"datePublished":"2020-12-16T06:32:31+00:00","dateModified":"2024-03-05T14:48:56+00:00","breadcrumb":{"@id":"https:\/\/www.dehner.de\/unternehmen\/service\/kundenkarte\/#breadcrumb"},"inLanguage":"de-DE","potentialAction":[{"@type":"ReadAction","target":["https:\/\/www.dehner.de\/unternehmen\/service\/kundenkarte\/"]}]},{"@type":"BreadcrumbList","@id":"https:\/\/www.dehner.de\/unternehmen\/service\/kundenkarte\/#breadcrumb","itemListElement":[{"@type":"ListItem","position":1,"name":"Home","item":"https:\/\/www.dehner.de\/unternehmen\/"},{"@type":"ListItem","position":2,"name":"Service","item":"https:\/\/www.dehner.de\/unternehmen\/service\/"},{"@type":"ListItem","position":3,"name":"Kundenkarte"}]},{"@type":"WebSite","@id":"https:\/\/www.dehner.de\/unternehmen\/#website","url":"https:\/\/www.dehner.de\/unternehmen\/","name":"Dehner Unternehmen","description":"Eine weitere Dehner Websites Website","potentialAction":[{"@type":"SearchAction","target":{"@type":"EntryPoint","urlTemplate":"https:\/\/www.dehner.de\/unternehmen\/?s={search_term_string}"},"query-input":{"@type":"PropertyValueSpecification","valueRequired":true,"valueName":"search_term_string"}}],"inLanguage":"de-DE"}]}},"_links":{"self":[{"href":"https:\/\/www.dehner.de\/unternehmen\/wp-json\/wp\/v2\/pages\/230","targetHints":{"allow":["GET"]}}],"collection":[{"href":"https:\/\/www.dehner.de\/unternehmen\/wp-json\/wp\/v2\/pages"}],"about":[{"href":"https:\/\/www.dehner.de\/unternehmen\/wp-json\/wp\/v2\/types\/page"}],"author":[{"embeddable":true,"href":"https:\/\/www.dehner.de\/unternehmen\/wp-json\/wp\/v2\/users\/1"}],"replies":[{"embeddable":true,"href":"https:\/\/www.dehner.de\/unternehmen\/wp-json\/wp\/v2\/comments?post=230"}],"version-history":[{"count":6,"href":"https:\/\/www.dehner.de\/unternehmen\/wp-json\/wp\/v2\/pages\/230\/revisions"}],"predecessor-version":[{"id":3905,"href":"https:\/\/www.dehner.de\/unternehmen\/wp-json\/wp\/v2\/pages\/230\/revisions\/3905"}],"up":[{"embeddable":true,"href":"https:\/\/www.dehner.de\/unternehmen\/wp-json\/wp\/v2\/pages\/13"}],"wp:attachment":[{"href":"https:\/\/www.dehner.de\/unternehmen\/wp-json\/wp\/v2\/media?parent=230"}],"curies":[{"name":"wp","href":"https:\/\/api.w.org\/{rel}","templated":true}]}}