{"id":228,"date":"2020-12-16T07:31:44","date_gmt":"2020-12-16T06:31:44","guid":{"rendered":"https:\/\/www.dehner.de\/unternehmen\/?page_id=228"},"modified":"2021-01-21T11:57:30","modified_gmt":"2021-01-21T10:57:30","slug":"dehner-fuer-kids","status":"publish","type":"page","link":"https:\/\/www.dehner.de\/unternehmen\/einkaufserlebnis\/dehner-fuer-kids\/","title":{"rendered":"Dehner f\u00fcr Kids"},"content":{"rendered":"<div class=\"container page-content dehner-paragraph \">\n\t<div class=\"ce-gridRow6040 row\">\n\t\t<div class=\"colpos-101 col-xs-12 col-md-7\">\n\t\t\t<div id=\"block_5fdb1dad3aa1f\" class=\"ce-text\">\n\t\t\t\t<header class=\"fsc\">\n\t\t\t\t\t\t\t\t\t\t\t<strong class=\"subheader\">Wir sind die<\/strong>\n\t\t\t\t\t\t\t\t\t\t\t\t\t\t\t\t<h2>Gr\u00fcnlinge<\/h2>\n\t\t\t\t\t\t\t\t\t<\/header>\n\t\t\t\t<div class=\"bodytext\">\n\t\t\t\t\t\t\t\t\t\t\t<p>In unseren M\u00e4rkten wird die T\u00fcr zur Entdeckungslust von Kindern und Erwachsenen, zum Lernen und Erleben weit aufgesto\u00dfen. Denn hier leben die Dehner Gr\u00fcnlinge. Kleine Wesen, die sich mit und in der Natur auskennen, mit der sie in Einklang leben. In einem den meisten Menschen verborgenen Dasein t\u00fcfteln, arbeiten und helfen sie an allen Ecken.\n<\/p>\n<p>Ihr Lebenswerk besteht darin, Pflanzen und Tiere zu verstehen und zu unterst\u00fctzen. Ganz besonderen Menschen er\u00f6ffnen sie gerne ihre Welt. Sie wissen viel und erkl\u00e4ren mit Freude. Sie geben Tipps, weihen in Geheimnisse ein, f\u00fchren in spannende Abenteuer, f\u00fcr die man manchmal etwas genauer hinschauen muss.<\/p>\n\t\t\t\t\t\t\t\t\t<\/div>\n\t\t\t<\/div>\n\t\t<\/div>\n\t\t\t\t\t<div class=\"colpos-102 col-xs-12 col-md-5\">\n\t\t\t\t                                                    <div class=\"ce-image\">\n                                <picture><img decoding=\"async\" class=\"img-responsive\" src=\"https:\/\/www.dehner.de\/unternehmen\/app\/uploads\/sites\/3\/2020\/12\/Die-Dehner-Gurenlinge-stellen-sich-vor.jpg\" srcset=\"\" sizes=\"(max-width: ) 100vw, \"\/><\/picture>                            <\/div>\n                                                <div id=\"block_5fdb1dad3aa1f\">\n                                                                                    <ul class=\"arrows ce-menu ce-menu-0\">\n                                                                        <li>\n                                        <svg id=\"chevron-right\" class=\"icon svg-chevron-right-dims\" viewBox=\"0 0 10 16\" role=\"img\" aria-labelledby=\"title\"><title>chevron-right<\/title><path d=\"M6.55 8.112L.02 14.459l1.394 1.434L9.37 8.16 1.434 0 0 1.395z\" fill=\"currentColor\" fill-rule=\"evenodd\"><\/path><\/svg>\n                                            <a target=\"\" href=\"\/unternehmen\/einkaufserlebnis\/dehner-fuer-kids\/die-gruenlinge-stellen-sich-vor\">Die Gr\u00fcnlinge stellen sich vor<\/a>\n                                        <\/li>\n                                                                                                <\/ul>\n                                                    <\/div>\n\t\t\t\t\t\t\t\t\t\t\t\t<\/div>\n\t\t\t<\/div>\n<\/div>\n\n\n<div class=\"container page-content\">\n\t<div id=\"block_5fdb1fde83763\" class=\"ce-container dehner-song-book\">\t\t\n        <div class=\"width-default\">\n\t\t\t<div class=\"bodytext\">\n\t\t\t\t<div class=\"row ce-textpic ce-left ce-intext ce-nowrap\">\n\t\t\t\t\t<div class=\"col-xs-12 col-lg-4 colce-gallery\" data-ce-columns=\"1\" data-ce-images=\"1\">\n\t\t\t\t\t\t<div class=\"ce-row\">\n\t\t\t\t\t\t\t<div class=\"ce-column\">\n\t\t\t\t\t\t\t\t<div class=\"ce-media\">\n\t\t\t\t\t\t\t\t\t<img loading=\"lazy\" decoding=\"async\" title=\"Die Gr\u00fcnlinge Lieder\" alt=\"Die Gr\u00fcnlinge Lieder\" src=\"https:\/\/www.dehner.de\/unternehmen\/app\/uploads\/sites\/3\/2020\/12\/csm_Gruenlingesong_Bild_83ff30d24e.jpg\" width=\"300\" height=\"300\">\n\t\t\t\t\t\t\t\t<\/div>\t\n\t\t\t\t\t\t\t<\/div>\n\t\t\t\t\t\t<\/div>\n\t\t\t\t\t<\/div>\n\t\t\t\t\t<div class=\"col-xs-12 col-lg-8 ce-bodytext\">\n\t\t\t\t\t\t<h2>Die Gr\u00fcnlinge Lieder<\/h2>\n\t\t\t\t\t\t<div>\n\t\t\t\t\t\t\t<h3>Der Gr\u00fcnlinge-Song<\/h3>\n\t\t\t\t\t\t\t<p><p>Die Gr\u00fcnlinge haben auch viel Spa\u00df beim Musizieren. Deshalb gibt es jetzt den offiziellen Gr\u00fcnlingesong, mit dem sie gute Laune verbreiten. Das Lied k\u00f6nnen Sie online anh\u00f6ren. Und f\u00fcr alle die kr\u00e4ftig mitsingen m\u00f6chten gibt es auch den Liedtext zum kostenlosen Herunterladen.<\/p>\n<\/p>\n\t\t\t\t\t\t<\/div>\n\t\t\t\t\t\t<div>\n\t\t\t\t\t\t\t<ul>\n\t\t\t\t\t\t\t\t\t\t\t\t\t\t\t\t\t<li>\n\t\t\t\t\t\t\t\t\t\t<a href=\"https:\/\/www.dehner.de\/unternehmen\/app\/uploads\/sites\/3\/2020\/12\/Gruenlinge-Song-Notenblatt.pdf\" title=\"Gr\u00fcnlinge-Liedtext: PDF-Download\" target=\"_blank\" class=\"download\">\n\t\t\t\t\t\t\t\t\t\t\t<b>Gr\u00fcnlinge-Liedtext: PDF-Download<\/b>\n\t\t\t\t\t\t\t\t\t\t<\/a>\n\t\t\t\t\t\t\t\t\t<\/li>\n\t\t\t\t\t\t\t\t\t\t\t\t\t\t\t<\/ul>\n\t\t\t\t\t\t<\/div>\n\t\t\t\t\t\t\t\t\t\t\t\t\t<div class=\"bodytext\">\n\t\t\t\t\t\t\t\t<div class=\"ce-textpic ce-left ce-intext ce-nowrap\">\n\t\t\t\t\t\t\t\t\t<div class=\"ce-gallery\" data-ce-columns=\"1\" data-ce-images=\"1\">\n\t\t\t\t\t\t\t\t\t\t<div class=\"ce-row\">\n\t\t\t\t\t\t\t\t\t\t\t<div class=\"ce-column\">\n\t\t\t\t\t\t\t\t\t\t\t\t<figure>\n\t\t\t\t\t\t\t\t\t\t\t\t\t<audio controls=\"\" title=\"Gru\u0308nlinge Song\"><source src=\"https:\/\/www.dehner.de\/unternehmen\/app\/uploads\/sites\/3\/2020\/12\/Gruenlinge-Song.mp3\" type=\"audio\/mpeg\"><\/audio>\n\t\t\t\t\t\t\t\t\t\t\t\t\t<figcaption>\n\t\t\t\t\t\t\t\t\t\t\t\t\t\tGru\u0308nlinge Song\t\t\t\t\t\t\t\t\t\t\t\t\t<\/figcaption>\n\t\t\t\t\t\t\t\t\t\t\t\t<\/figure>\t\n\t\t\t\t\t\t\t\t\t\t\t<\/div>\n\t\t\t\t\t\t\t\t\t\t<\/div>\n\t\t\t\t\t\t\t\t\t<\/div>\n\t\t\t\t\t\t\t\t<\/div>\n\t\t\t\t\t\t\t<\/div>\n\t\t\t\t\t\t\t\t\t\t\t<\/div>\t\t\t\n\t\t\t\t<\/div>\n\t\t\t<\/div>\n\t\t<\/div>\n\t<\/div>\n<\/div>\n\n\n<div class=\"container page-content\">\n\t<div id=\"block_5fdb202a83765\" class=\"ce-container dehner-song-book\">\t\t\n        <div class=\"width-default\">\n\t\t\t<div class=\"bodytext\">\n\t\t\t\t<div class=\"row ce-textpic ce-left ce-intext ce-nowrap\">\n\t\t\t\t\t<div class=\"col-xs-12 col-lg-4 colce-gallery\" data-ce-columns=\"1\" data-ce-images=\"1\">\n\t\t\t\t\t\t<div class=\"ce-row\">\n\t\t\t\t\t\t\t<div class=\"ce-column\">\n\t\t\t\t\t\t\t\t<div class=\"ce-media\">\n\t\t\t\t\t\t\t\t\t<img loading=\"lazy\" decoding=\"async\" title=\"Der Gr\u00fcnlinge Erdbeersong\" alt=\"Der Gr\u00fcnlinge Erdbeersong\" src=\"https:\/\/www.dehner.de\/unternehmen\/app\/uploads\/sites\/3\/2020\/12\/csm_Erdbeersong_Bild_6c1cfcb734.jpg\" width=\"300\" height=\"300\">\n\t\t\t\t\t\t\t\t<\/div>\t\n\t\t\t\t\t\t\t<\/div>\n\t\t\t\t\t\t<\/div>\n\t\t\t\t\t<\/div>\n\t\t\t\t\t<div class=\"col-xs-12 col-lg-8 ce-bodytext\">\n\t\t\t\t\t\t<h2>Der Gr\u00fcnlinge Erdbeersong<\/h2>\n\t\t\t\t\t\t<div>\n\t\t\t\t\t\t\t<h3><\/h3>\n\t\t\t\t\t\t\t<p><p>Auch den Erdbeersong k\u00f6nnen Sie online anh\u00f6ren. Nat\u00fcrlich steht der Liedtext ebenfalls zum kostenlosen Herunterladen zur Verf\u00fcgung.<\/p>\n<\/p>\n\t\t\t\t\t\t<\/div>\n\t\t\t\t\t\t<div>\n\t\t\t\t\t\t\t<ul>\n\t\t\t\t\t\t\t\t\t\t\t\t\t\t\t\t\t<li>\n\t\t\t\t\t\t\t\t\t\t<a href=\"https:\/\/www.dehner.de\/unternehmen\/app\/uploads\/sites\/3\/2020\/12\/Dehner-Gruenlinge-Erdbeersong-Notenblatt.pdf\" title=\"Erdbeer-Liedtext: PDF-Download\" target=\"_blank\" class=\"download\">\n\t\t\t\t\t\t\t\t\t\t\t<b>Erdbeer-Liedtext: PDF-Download<\/b>\n\t\t\t\t\t\t\t\t\t\t<\/a>\n\t\t\t\t\t\t\t\t\t<\/li>\n\t\t\t\t\t\t\t\t\t\t\t\t\t\t\t<\/ul>\n\t\t\t\t\t\t<\/div>\n\t\t\t\t\t\t\t\t\t\t\t\t\t<div class=\"bodytext\">\n\t\t\t\t\t\t\t\t<div class=\"ce-textpic ce-left ce-intext ce-nowrap\">\n\t\t\t\t\t\t\t\t\t<div class=\"ce-gallery\" data-ce-columns=\"1\" data-ce-images=\"1\">\n\t\t\t\t\t\t\t\t\t\t<div class=\"ce-row\">\n\t\t\t\t\t\t\t\t\t\t\t<div class=\"ce-column\">\n\t\t\t\t\t\t\t\t\t\t\t\t<figure>\n\t\t\t\t\t\t\t\t\t\t\t\t\t<audio controls=\"\" title=\"Gr\u00fcnlinge Erdbeersong\"><source src=\"https:\/\/www.dehner.de\/unternehmen\/app\/uploads\/sites\/3\/2020\/12\/Gruenlinge-Erdbeersong.mp3\" type=\"audio\/mpeg\"><\/audio>\n\t\t\t\t\t\t\t\t\t\t\t\t\t<figcaption>\n\t\t\t\t\t\t\t\t\t\t\t\t\t\tGr\u00fcnlinge Erdbeersong\t\t\t\t\t\t\t\t\t\t\t\t\t<\/figcaption>\n\t\t\t\t\t\t\t\t\t\t\t\t<\/figure>\t\n\t\t\t\t\t\t\t\t\t\t\t<\/div>\n\t\t\t\t\t\t\t\t\t\t<\/div>\n\t\t\t\t\t\t\t\t\t<\/div>\n\t\t\t\t\t\t\t\t<\/div>\n\t\t\t\t\t\t\t<\/div>\n\t\t\t\t\t\t\t\t\t\t\t<\/div>\t\t\t\n\t\t\t\t<\/div>\n\t\t\t<\/div>\n\t\t<\/div>\n\t<\/div>\n<\/div>\n\n\n<div class=\"container page-content\">\n\t<div id=\"block_5fdb206783767\" class=\"ce-container dehner-song-book\">\t\t\n        <div class=\"width-default\">\n\t\t\t<div class=\"bodytext\">\n\t\t\t\t<div class=\"row ce-textpic ce-left ce-intext ce-nowrap\">\n\t\t\t\t\t<div class=\"col-xs-12 col-lg-4 colce-gallery\" data-ce-columns=\"1\" data-ce-images=\"1\">\n\t\t\t\t\t\t<div class=\"ce-row\">\n\t\t\t\t\t\t\t<div class=\"ce-column\">\n\t\t\t\t\t\t\t\t<div class=\"ce-media\">\n\t\t\t\t\t\t\t\t\t<img loading=\"lazy\" decoding=\"async\" title=\"Dehner Kids B\u00fccher\" alt=\"Dehner Kids B\u00fccher\" src=\"https:\/\/www.dehner.de\/unternehmen\/app\/uploads\/sites\/3\/2020\/12\/csm_Titel-Social-Media_985cb0c765.jpg\" width=\"300\" height=\"300\">\n\t\t\t\t\t\t\t\t<\/div>\t\n\t\t\t\t\t\t\t<\/div>\n\t\t\t\t\t\t<\/div>\n\t\t\t\t\t<\/div>\n\t\t\t\t\t<div class=\"col-xs-12 col-lg-8 ce-bodytext\">\n\t\t\t\t\t\t<h2>Dehner Kids B\u00fccher<\/h2>\n\t\t\t\t\t\t<div>\n\t\t\t\t\t\t\t<h3>12 Garten-Ideen f\u00fcr das ganze Jahr R\u00e4stel- und Knobelspa\u00df<\/h3>\n\t\t\t\t\t\t\t<p><p>Kinder aufgepasst: Die Dehner Kids haben bei euch ein interaktives Mitmachbuch gestaltet und zeigen euch, was monatlich im Garten passiert.<\/p>\n<p>Hier k\u00f6nnt ihr das neue Buch downloaden, ausdrucken und mit Malen, Knobeln und jeder Menge Spiel &amp; Spa\u00df im Garten loslegen!<\/p>\n<\/p>\n\t\t\t\t\t\t<\/div>\n\t\t\t\t\t\t<div>\n\t\t\t\t\t\t\t<ul>\n\t\t\t\t\t\t\t\t\t\t\t\t\t\t\t\t\t<li>\n\t\t\t\t\t\t\t\t\t\t<a href=\"https:\/\/www.dehner.de\/unternehmen\/app\/uploads\/sites\/3\/2021\/01\/Kids_Mitmachbuch_A4_KT_Final_low.pdf\" title=\"12 Garten-Ideen f\u00fcr das ganze Jahr: PDF-Download\" target=\"_blank\" class=\"download\">\n\t\t\t\t\t\t\t\t\t\t\t<b>12 Garten-Ideen f\u00fcr das ganze Jahr: PDF-Download<\/b>\n\t\t\t\t\t\t\t\t\t\t<\/a>\n\t\t\t\t\t\t\t\t\t<\/li>\n\t\t\t\t\t\t\t\t\t\t\t\t\t\t\t\t\t<li>\n\t\t\t\t\t\t\t\t\t\t<a href=\"https:\/\/www.dehner.de\/unternehmen\/app\/uploads\/sites\/3\/2021\/01\/Kids_Mitmachbuch-Loesungen_A4_KT_low.pdf\" title=\"L\u00f6sungen: PDF-Download\" target=\"_blank\" class=\"download\">\n\t\t\t\t\t\t\t\t\t\t\t<b>L\u00f6sungen: PDF-Download<\/b>\n\t\t\t\t\t\t\t\t\t\t<\/a>\n\t\t\t\t\t\t\t\t\t<\/li>\n\t\t\t\t\t\t\t\t\t\t\t\t\t\t\t<\/ul>\n\t\t\t\t\t\t<\/div>\n\t\t\t\t\t\t\t\t\t\t\t<\/div>\t\t\t\n\t\t\t\t<\/div>\n\t\t\t<\/div>\n\t\t<\/div>\n\t<\/div>\n<\/div>\n\n\n<div class=\"container page-content\">\n\t<div id=\"block_5fdb20b18376a\" class=\"ce-container dehner-song-book\">\t\t\n        <div class=\"width-default\">\n\t\t\t<div class=\"bodytext\">\n\t\t\t\t<div class=\"row ce-textpic ce-left ce-intext ce-nowrap\">\n\t\t\t\t\t<div class=\"col-xs-12 col-lg-4 colce-gallery\" data-ce-columns=\"1\" data-ce-images=\"1\">\n\t\t\t\t\t\t<div class=\"ce-row\">\n\t\t\t\t\t\t\t<div class=\"ce-column\">\n\t\t\t\t\t\t\t\t<div class=\"ce-media\">\n\t\t\t\t\t\t\t\t\t<img loading=\"lazy\" decoding=\"async\" title=\"Neun Pflanzen f\u00fcr Kinder im Garten\" alt=\"Neun Pflanzen f\u00fcr Kinder im Garten\" src=\"https:\/\/www.dehner.de\/unternehmen\/app\/uploads\/sites\/3\/2020\/12\/csm_Dehner-Gruenlinge_Kinder-im-Garten_9ea1902d93.jpg\" width=\"300\" height=\"300\">\n\t\t\t\t\t\t\t\t<\/div>\t\n\t\t\t\t\t\t\t<\/div>\n\t\t\t\t\t\t<\/div>\n\t\t\t\t\t<\/div>\n\t\t\t\t\t<div class=\"col-xs-12 col-lg-8 ce-bodytext\">\n\t\t\t\t\t\t<h2>Neun Pflanzen f\u00fcr Kinder im Garten<\/h2>\n\t\t\t\t\t\t<div>\n\t\t\t\t\t\t\t<h3><\/h3>\n\t\t\t\t\t\t\t<p><p>Nehmen Sie den Begriff Kindergarten einmal w\u00f6rtlich: eine Fl\u00e4che auf der alles w\u00e4chst und bl\u00fcht. Ein Ort, wo Leben und Erleben unmittelbar und mit allen Sinnen erfasst werden kann. Raum zum Spielen, ein St\u00fcck Natur, um eine neue faszinierende Welt zu entdecken. Vergessen Sie die Gef\u00e4hrdung durch Autos auf den Stra\u00dfen und trostlose Spielpl\u00e4tze. Auch ein kleiner Garten offenbart Ihren Kindern gro\u00dfe Wunder und unvergessliche Erlebnisse: ein Vogel br\u00fctet in der Hecke, ein Marienk\u00e4fer sucht Blattl\u00e4use, der Flieder bl\u00fcht und verstr\u00f6mt einen bet\u00f6renden Duft. Mit etwas Gl\u00fcck sieht man ein possierliches Eichh\u00f6rnchen oder in den Abendstunden schnauft ein Igel vorbei.<\/p>\n<\/p>\n\t\t\t\t\t\t<\/div>\n\t\t\t\t\t\t<div>\n\t\t\t\t\t\t\t<ul>\n\t\t\t\t\t\t\t\t\t\t\t\t\t\t\t\t\t<li>\n\t\t\t\t\t\t\t\t\t\t<a href=\"https:\/\/www.dehner.de\/unternehmen\/app\/uploads\/sites\/3\/2020\/12\/Dehner-Gruenlinge-Pflanzenbuch.pdf\" title=\"Gr\u00fcnlinge - Neun Pflanzen f\u00fcr Kinder im Garten: PDF-Download\" target=\"_blank\" class=\"download\">\n\t\t\t\t\t\t\t\t\t\t\t<b>Gr\u00fcnlinge &#8211; Neun Pflanzen f\u00fcr Kinder im Garten: PDF-Download<\/b>\n\t\t\t\t\t\t\t\t\t\t<\/a>\n\t\t\t\t\t\t\t\t\t<\/li>\n\t\t\t\t\t\t\t\t\t\t\t\t\t\t\t<\/ul>\n\t\t\t\t\t\t<\/div>\n\t\t\t\t\t\t\t\t\t\t\t<\/div>\t\t\t\n\t\t\t\t<\/div>\n\t\t\t<\/div>\n\t\t<\/div>\n\t<\/div>\n<\/div>\n","protected":false},"excerpt":{"rendered":"","protected":false},"author":1,"featured_media":0,"parent":9,"menu_order":0,"comment_status":"closed","ping_status":"closed","template":"","meta":{"_acf_changed":false,"footnotes":""},"class_list":["post-228","page","type-page","status-publish","hentry"],"acf":[],"yoast_head":"<!-- This site is optimized with the Yoast SEO plugin v24.5 - https:\/\/yoast.com\/wordpress\/plugins\/seo\/ -->\n<title>Dehner f\u00fcr Kids - Dehner Unternehmen<\/title>\n<meta name=\"robots\" content=\"index, follow, max-snippet:-1, max-image-preview:large, max-video-preview:-1\" \/>\n<link rel=\"canonical\" href=\"https:\/\/www.dehner.de\/unternehmen\/einkaufserlebnis\/dehner-fuer-kids\/\" \/>\n<meta property=\"og:locale\" content=\"de_DE\" \/>\n<meta property=\"og:type\" content=\"article\" \/>\n<meta property=\"og:title\" content=\"Dehner f\u00fcr Kids - Dehner Unternehmen\" \/>\n<meta property=\"og:url\" content=\"https:\/\/www.dehner.de\/unternehmen\/einkaufserlebnis\/dehner-fuer-kids\/\" \/>\n<meta property=\"og:site_name\" content=\"Dehner Unternehmen\" \/>\n<meta property=\"article:modified_time\" content=\"2021-01-21T10:57:30+00:00\" \/>\n<meta name=\"twitter:card\" content=\"summary_large_image\" \/>\n<script type=\"application\/ld+json\" class=\"yoast-schema-graph\">{\"@context\":\"https:\/\/schema.org\",\"@graph\":[{\"@type\":\"WebPage\",\"@id\":\"https:\/\/www.dehner.de\/unternehmen\/einkaufserlebnis\/dehner-fuer-kids\/\",\"url\":\"https:\/\/www.dehner.de\/unternehmen\/einkaufserlebnis\/dehner-fuer-kids\/\",\"name\":\"Dehner f\u00fcr Kids - Dehner Unternehmen\",\"isPartOf\":{\"@id\":\"https:\/\/www.dehner.de\/unternehmen\/#website\"},\"datePublished\":\"2020-12-16T06:31:44+00:00\",\"dateModified\":\"2021-01-21T10:57:30+00:00\",\"breadcrumb\":{\"@id\":\"https:\/\/www.dehner.de\/unternehmen\/einkaufserlebnis\/dehner-fuer-kids\/#breadcrumb\"},\"inLanguage\":\"de-DE\",\"potentialAction\":[{\"@type\":\"ReadAction\",\"target\":[\"https:\/\/www.dehner.de\/unternehmen\/einkaufserlebnis\/dehner-fuer-kids\/\"]}]},{\"@type\":\"BreadcrumbList\",\"@id\":\"https:\/\/www.dehner.de\/unternehmen\/einkaufserlebnis\/dehner-fuer-kids\/#breadcrumb\",\"itemListElement\":[{\"@type\":\"ListItem\",\"position\":1,\"name\":\"Home\",\"item\":\"https:\/\/www.dehner.de\/unternehmen\/\"},{\"@type\":\"ListItem\",\"position\":2,\"name\":\"Dehner erleben\",\"item\":\"https:\/\/www.dehner.de\/unternehmen\/einkaufserlebnis\/\"},{\"@type\":\"ListItem\",\"position\":3,\"name\":\"Dehner f\u00fcr Kids\"}]},{\"@type\":\"WebSite\",\"@id\":\"https:\/\/www.dehner.de\/unternehmen\/#website\",\"url\":\"https:\/\/www.dehner.de\/unternehmen\/\",\"name\":\"Dehner Unternehmen\",\"description\":\"Eine weitere Dehner Websites Website\",\"potentialAction\":[{\"@type\":\"SearchAction\",\"target\":{\"@type\":\"EntryPoint\",\"urlTemplate\":\"https:\/\/www.dehner.de\/unternehmen\/?s={search_term_string}\"},\"query-input\":{\"@type\":\"PropertyValueSpecification\",\"valueRequired\":true,\"valueName\":\"search_term_string\"}}],\"inLanguage\":\"de-DE\"}]}<\/script>\n<!-- \/ Yoast SEO plugin. -->","yoast_head_json":{"title":"Dehner f\u00fcr Kids - Dehner Unternehmen","robots":{"index":"index","follow":"follow","max-snippet":"max-snippet:-1","max-image-preview":"max-image-preview:large","max-video-preview":"max-video-preview:-1"},"canonical":"https:\/\/www.dehner.de\/unternehmen\/einkaufserlebnis\/dehner-fuer-kids\/","og_locale":"de_DE","og_type":"article","og_title":"Dehner f\u00fcr Kids - Dehner Unternehmen","og_url":"https:\/\/www.dehner.de\/unternehmen\/einkaufserlebnis\/dehner-fuer-kids\/","og_site_name":"Dehner Unternehmen","article_modified_time":"2021-01-21T10:57:30+00:00","twitter_card":"summary_large_image","schema":{"@context":"https:\/\/schema.org","@graph":[{"@type":"WebPage","@id":"https:\/\/www.dehner.de\/unternehmen\/einkaufserlebnis\/dehner-fuer-kids\/","url":"https:\/\/www.dehner.de\/unternehmen\/einkaufserlebnis\/dehner-fuer-kids\/","name":"Dehner f\u00fcr Kids - Dehner Unternehmen","isPartOf":{"@id":"https:\/\/www.dehner.de\/unternehmen\/#website"},"datePublished":"2020-12-16T06:31:44+00:00","dateModified":"2021-01-21T10:57:30+00:00","breadcrumb":{"@id":"https:\/\/www.dehner.de\/unternehmen\/einkaufserlebnis\/dehner-fuer-kids\/#breadcrumb"},"inLanguage":"de-DE","potentialAction":[{"@type":"ReadAction","target":["https:\/\/www.dehner.de\/unternehmen\/einkaufserlebnis\/dehner-fuer-kids\/"]}]},{"@type":"BreadcrumbList","@id":"https:\/\/www.dehner.de\/unternehmen\/einkaufserlebnis\/dehner-fuer-kids\/#breadcrumb","itemListElement":[{"@type":"ListItem","position":1,"name":"Home","item":"https:\/\/www.dehner.de\/unternehmen\/"},{"@type":"ListItem","position":2,"name":"Dehner erleben","item":"https:\/\/www.dehner.de\/unternehmen\/einkaufserlebnis\/"},{"@type":"ListItem","position":3,"name":"Dehner f\u00fcr Kids"}]},{"@type":"WebSite","@id":"https:\/\/www.dehner.de\/unternehmen\/#website","url":"https:\/\/www.dehner.de\/unternehmen\/","name":"Dehner Unternehmen","description":"Eine weitere Dehner Websites Website","potentialAction":[{"@type":"SearchAction","target":{"@type":"EntryPoint","urlTemplate":"https:\/\/www.dehner.de\/unternehmen\/?s={search_term_string}"},"query-input":{"@type":"PropertyValueSpecification","valueRequired":true,"valueName":"search_term_string"}}],"inLanguage":"de-DE"}]}},"_links":{"self":[{"href":"https:\/\/www.dehner.de\/unternehmen\/wp-json\/wp\/v2\/pages\/228","targetHints":{"allow":["GET"]}}],"collection":[{"href":"https:\/\/www.dehner.de\/unternehmen\/wp-json\/wp\/v2\/pages"}],"about":[{"href":"https:\/\/www.dehner.de\/unternehmen\/wp-json\/wp\/v2\/types\/page"}],"author":[{"embeddable":true,"href":"https:\/\/www.dehner.de\/unternehmen\/wp-json\/wp\/v2\/users\/1"}],"replies":[{"embeddable":true,"href":"https:\/\/www.dehner.de\/unternehmen\/wp-json\/wp\/v2\/comments?post=228"}],"version-history":[{"count":14,"href":"https:\/\/www.dehner.de\/unternehmen\/wp-json\/wp\/v2\/pages\/228\/revisions"}],"predecessor-version":[{"id":1668,"href":"https:\/\/www.dehner.de\/unternehmen\/wp-json\/wp\/v2\/pages\/228\/revisions\/1668"}],"up":[{"embeddable":true,"href":"https:\/\/www.dehner.de\/unternehmen\/wp-json\/wp\/v2\/pages\/9"}],"wp:attachment":[{"href":"https:\/\/www.dehner.de\/unternehmen\/wp-json\/wp\/v2\/media?parent=228"}],"curies":[{"name":"wp","href":"https:\/\/api.w.org\/{rel}","templated":true}]}}