{"id":226,"date":"2020-12-16T07:31:21","date_gmt":"2020-12-16T06:31:21","guid":{"rendered":"https:\/\/www.dehner.de\/unternehmen\/?page_id=226"},"modified":"2021-08-12T10:15:59","modified_gmt":"2021-08-12T08:15:59","slug":"kataloge","status":"publish","type":"page","link":"https:\/\/www.dehner.de\/unternehmen\/einkaufserlebnis\/kataloge\/","title":{"rendered":"Kataloge"},"content":{"rendered":"<div class=\"container page-content dehner-paragraph \">\n\t<div class=\"ce-gridRow6040 row\">\n\t\t<div class=\"colpos-101 col-xs-12 col-md-7\">\n\t\t\t<div id=\"block_5fdc94e0e8839\" class=\"ce-text\">\n\t\t\t\t<header class=\"fsc\">\n\t\t\t\t\t\t\t\t\t\t\t<strong class=\"subheader\">Lassen Sie sich inspirieren<\/strong>\n\t\t\t\t\t\t\t\t\t\t\t\t\t\t\t\t<h2>Unser Katalog 2021<\/h2>\n\t\t\t\t\t\t\t\t\t<\/header>\n\t\t\t\t<div class=\"bodytext\">\n\t\t\t\t\t\t\t\t\t\t\t<p><strong>Dehner Katalog \u201eDrau\u00dfen Zuhause\u201c<\/strong><\/p>\n<p>Das Dehner-Sortiment auf einen Blick: Im Katalog von Dehner erhalten Sie tiefgehende Informationen und eine umfassende Produktauswahl zu unseren Themenwelten. Eine ideale Lekt\u00fcre f\u00fcr Genussg\u00e4rtner und Gartengenie\u00dfer, um die n\u00e4chste Pflanzsaison zu planen.<\/p>\n<p><strong>Den Katalog &#8222;Drau\u00dfen Zuhause&#8220; mit dem aktuellen Dehner Sortiment k\u00f6nnen Sie ganz einfach herunterladen oder im Markt mitnehmen.<\/strong><\/p>\n<h3><\/h3>\n\t\t\t\t\t\t\t\t\t<\/div>\n\t\t\t<\/div>\n\t\t<\/div>\n\t\t\t\t\t<div class=\"colpos-102 col-xs-12 col-md-5\">\n\t\t\t\t                                                    <div class=\"ce-image\">\n                                <picture><img decoding=\"async\" class=\"img-responsive\" src=\"https:\/\/www.dehner.de\/unternehmen\/app\/uploads\/sites\/3\/2021\/08\/dehner-katalog-2021_900x650.jpg\" srcset=\"https:\/\/www.dehner.de\/unternehmen\/app\/uploads\/sites\/3\/2021\/08\/dehner-katalog-2021_900x650.jpg 900w, https:\/\/www.dehner.de\/unternehmen\/app\/uploads\/sites\/3\/2021\/08\/dehner-katalog-2021_900x650-768x555.jpg 768w\" sizes=\"(max-width: ) 100vw, \"\/><\/picture>                            <\/div>\n                                                <div id=\"block_5fdc94e0e8839\">\n                                                                                    <ul class=\"arrows ce-menu ce-menu-0\">\n                                                                        <li>\n                                        <svg id=\"chevron-right\" class=\"icon svg-chevron-right-dims\" viewBox=\"0 0 10 16\" role=\"img\" aria-labelledby=\"title\"><title>chevron-right<\/title><path d=\"M6.55 8.112L.02 14.459l1.394 1.434L9.37 8.16 1.434 0 0 1.395z\" fill=\"currentColor\" fill-rule=\"evenodd\"><\/path><\/svg>\n                                            <a target=\"_blank\" href=\"https:\/\/www.dehner.at\/assets\/download\/53\/Dehner_HK_2021_72dpi_final_K1_mit_Korrektur-komprimiert-21453.pdf?target=_blank\">Download Katalog DE<\/a>\n                                        <\/li>\n                                                                                                            <li>\n                                        <svg id=\"chevron-right\" class=\"icon svg-chevron-right-dims\" viewBox=\"0 0 10 16\" role=\"img\" aria-labelledby=\"title\"><title>chevron-right<\/title><path d=\"M6.55 8.112L.02 14.459l1.394 1.434L9.37 8.16 1.434 0 0 1.395z\" fill=\"currentColor\" fill-rule=\"evenodd\"><\/path><\/svg>\n                                            <a target=\"_blank\" href=\"https:\/\/www.dehner.at\/assets\/download\/08\/Dehner-Magazin-01-2021-AT-21808.pdf?target=_blank\">Download Katalog AT<\/a>\n                                        <\/li>\n                                                                                                <\/ul>\n                                                    <\/div>\n\t\t\t\t\t\t\t\t\t\t\t\t\t\t\t<div id=\"block_5fdc94e0e8839\" class=\"ce-image\">\n\t\t\t\t\t\t\t\t\t\t\t\t\t<\/div>\n\n\t\t\t\t\t\t\t\t\t\t\t\t<\/div>\n\t\t\t<\/div>\n<\/div>\n","protected":false},"excerpt":{"rendered":"","protected":false},"author":1,"featured_media":0,"parent":9,"menu_order":0,"comment_status":"closed","ping_status":"closed","template":"","meta":{"_acf_changed":false,"footnotes":""},"class_list":["post-226","page","type-page","status-publish","hentry"],"acf":[],"yoast_head":"<!-- This site is optimized with the Yoast SEO plugin v24.5 - https:\/\/yoast.com\/wordpress\/plugins\/seo\/ -->\n<title>Kataloge - Dehner Unternehmen<\/title>\n<meta name=\"robots\" content=\"index, follow, max-snippet:-1, max-image-preview:large, max-video-preview:-1\" \/>\n<link rel=\"canonical\" href=\"https:\/\/www.dehner.de\/unternehmen\/einkaufserlebnis\/kataloge\/\" \/>\n<meta property=\"og:locale\" content=\"de_DE\" \/>\n<meta property=\"og:type\" content=\"article\" \/>\n<meta property=\"og:title\" content=\"Kataloge - Dehner Unternehmen\" \/>\n<meta property=\"og:url\" content=\"https:\/\/www.dehner.de\/unternehmen\/einkaufserlebnis\/kataloge\/\" \/>\n<meta property=\"og:site_name\" content=\"Dehner Unternehmen\" \/>\n<meta property=\"article:modified_time\" content=\"2021-08-12T08:15:59+00:00\" \/>\n<meta name=\"twitter:card\" content=\"summary_large_image\" \/>\n<script type=\"application\/ld+json\" class=\"yoast-schema-graph\">{\"@context\":\"https:\/\/schema.org\",\"@graph\":[{\"@type\":\"WebPage\",\"@id\":\"https:\/\/www.dehner.de\/unternehmen\/einkaufserlebnis\/kataloge\/\",\"url\":\"https:\/\/www.dehner.de\/unternehmen\/einkaufserlebnis\/kataloge\/\",\"name\":\"Kataloge - Dehner Unternehmen\",\"isPartOf\":{\"@id\":\"https:\/\/www.dehner.de\/unternehmen\/#website\"},\"datePublished\":\"2020-12-16T06:31:21+00:00\",\"dateModified\":\"2021-08-12T08:15:59+00:00\",\"breadcrumb\":{\"@id\":\"https:\/\/www.dehner.de\/unternehmen\/einkaufserlebnis\/kataloge\/#breadcrumb\"},\"inLanguage\":\"de-DE\",\"potentialAction\":[{\"@type\":\"ReadAction\",\"target\":[\"https:\/\/www.dehner.de\/unternehmen\/einkaufserlebnis\/kataloge\/\"]}]},{\"@type\":\"BreadcrumbList\",\"@id\":\"https:\/\/www.dehner.de\/unternehmen\/einkaufserlebnis\/kataloge\/#breadcrumb\",\"itemListElement\":[{\"@type\":\"ListItem\",\"position\":1,\"name\":\"Home\",\"item\":\"https:\/\/www.dehner.de\/unternehmen\/\"},{\"@type\":\"ListItem\",\"position\":2,\"name\":\"Dehner erleben\",\"item\":\"https:\/\/www.dehner.de\/unternehmen\/einkaufserlebnis\/\"},{\"@type\":\"ListItem\",\"position\":3,\"name\":\"Kataloge\"}]},{\"@type\":\"WebSite\",\"@id\":\"https:\/\/www.dehner.de\/unternehmen\/#website\",\"url\":\"https:\/\/www.dehner.de\/unternehmen\/\",\"name\":\"Dehner Unternehmen\",\"description\":\"Eine weitere Dehner Websites Website\",\"potentialAction\":[{\"@type\":\"SearchAction\",\"target\":{\"@type\":\"EntryPoint\",\"urlTemplate\":\"https:\/\/www.dehner.de\/unternehmen\/?s={search_term_string}\"},\"query-input\":{\"@type\":\"PropertyValueSpecification\",\"valueRequired\":true,\"valueName\":\"search_term_string\"}}],\"inLanguage\":\"de-DE\"}]}<\/script>\n<!-- \/ Yoast SEO plugin. -->","yoast_head_json":{"title":"Kataloge - Dehner Unternehmen","robots":{"index":"index","follow":"follow","max-snippet":"max-snippet:-1","max-image-preview":"max-image-preview:large","max-video-preview":"max-video-preview:-1"},"canonical":"https:\/\/www.dehner.de\/unternehmen\/einkaufserlebnis\/kataloge\/","og_locale":"de_DE","og_type":"article","og_title":"Kataloge - Dehner Unternehmen","og_url":"https:\/\/www.dehner.de\/unternehmen\/einkaufserlebnis\/kataloge\/","og_site_name":"Dehner Unternehmen","article_modified_time":"2021-08-12T08:15:59+00:00","twitter_card":"summary_large_image","schema":{"@context":"https:\/\/schema.org","@graph":[{"@type":"WebPage","@id":"https:\/\/www.dehner.de\/unternehmen\/einkaufserlebnis\/kataloge\/","url":"https:\/\/www.dehner.de\/unternehmen\/einkaufserlebnis\/kataloge\/","name":"Kataloge - Dehner Unternehmen","isPartOf":{"@id":"https:\/\/www.dehner.de\/unternehmen\/#website"},"datePublished":"2020-12-16T06:31:21+00:00","dateModified":"2021-08-12T08:15:59+00:00","breadcrumb":{"@id":"https:\/\/www.dehner.de\/unternehmen\/einkaufserlebnis\/kataloge\/#breadcrumb"},"inLanguage":"de-DE","potentialAction":[{"@type":"ReadAction","target":["https:\/\/www.dehner.de\/unternehmen\/einkaufserlebnis\/kataloge\/"]}]},{"@type":"BreadcrumbList","@id":"https:\/\/www.dehner.de\/unternehmen\/einkaufserlebnis\/kataloge\/#breadcrumb","itemListElement":[{"@type":"ListItem","position":1,"name":"Home","item":"https:\/\/www.dehner.de\/unternehmen\/"},{"@type":"ListItem","position":2,"name":"Dehner erleben","item":"https:\/\/www.dehner.de\/unternehmen\/einkaufserlebnis\/"},{"@type":"ListItem","position":3,"name":"Kataloge"}]},{"@type":"WebSite","@id":"https:\/\/www.dehner.de\/unternehmen\/#website","url":"https:\/\/www.dehner.de\/unternehmen\/","name":"Dehner Unternehmen","description":"Eine weitere Dehner Websites Website","potentialAction":[{"@type":"SearchAction","target":{"@type":"EntryPoint","urlTemplate":"https:\/\/www.dehner.de\/unternehmen\/?s={search_term_string}"},"query-input":{"@type":"PropertyValueSpecification","valueRequired":true,"valueName":"search_term_string"}}],"inLanguage":"de-DE"}]}},"_links":{"self":[{"href":"https:\/\/www.dehner.de\/unternehmen\/wp-json\/wp\/v2\/pages\/226","targetHints":{"allow":["GET"]}}],"collection":[{"href":"https:\/\/www.dehner.de\/unternehmen\/wp-json\/wp\/v2\/pages"}],"about":[{"href":"https:\/\/www.dehner.de\/unternehmen\/wp-json\/wp\/v2\/types\/page"}],"author":[{"embeddable":true,"href":"https:\/\/www.dehner.de\/unternehmen\/wp-json\/wp\/v2\/users\/1"}],"replies":[{"embeddable":true,"href":"https:\/\/www.dehner.de\/unternehmen\/wp-json\/wp\/v2\/comments?post=226"}],"version-history":[{"count":15,"href":"https:\/\/www.dehner.de\/unternehmen\/wp-json\/wp\/v2\/pages\/226\/revisions"}],"predecessor-version":[{"id":2348,"href":"https:\/\/www.dehner.de\/unternehmen\/wp-json\/wp\/v2\/pages\/226\/revisions\/2348"}],"up":[{"embeddable":true,"href":"https:\/\/www.dehner.de\/unternehmen\/wp-json\/wp\/v2\/pages\/9"}],"wp:attachment":[{"href":"https:\/\/www.dehner.de\/unternehmen\/wp-json\/wp\/v2\/media?parent=226"}],"curies":[{"name":"wp","href":"https:\/\/api.w.org\/{rel}","templated":true}]}}