{"id":224,"date":"2020-12-16T07:30:56","date_gmt":"2020-12-16T06:30:56","guid":{"rendered":"https:\/\/www.dehner.de\/unternehmen\/?page_id=224"},"modified":"2021-09-09T08:49:27","modified_gmt":"2021-09-09T06:49:27","slug":"magazin","status":"publish","type":"page","link":"https:\/\/www.dehner.de\/unternehmen\/einkaufserlebnis\/magazin\/","title":{"rendered":"Magazin"},"content":{"rendered":"<div class=\"container page-content dehner-paragraph \">\n\t<div class=\"ce-gridRow6040 row\">\n\t\t<div class=\"colpos-101 col-xs-12 col-md-7\">\n\t\t\t<div id=\"block_5fdc93da165bd\" class=\"ce-text\">\n\t\t\t\t<header class=\"fsc\">\n\t\t\t\t\t\t\t\t\t\t\t<strong class=\"subheader\">Viele neue Ideen und Tipps f\u00fcr Ihren Garten und Ihr Zuhause<\/strong>\n\t\t\t\t\t\t\t\t\t\t\t\t\t\t\t\t<h2>Dehner Magazin<\/h2>\n\t\t\t\t\t\t\t\t\t<\/header>\n\t\t\t\t<div class=\"bodytext\">\n\t\t\t\t\t\t\t\t\t\t\t<hr \/>\n<p><strong>Dehner Magazin \u201eDeine Natur\u201c<\/strong><\/p>\n<p>Im Dehner Magazin <strong>\u201eDeine Natur\u201c<\/strong> informieren wir regelm\u00e4\u00dfig und saisonal zu neuen Produkt- und Themenwelten rund um Heim und Garten. Ganz gleich ob zur Fr\u00fchjahrssaison oder zur Weihnachtszeit: Hier bekommen Sie ansprechende Ideen, kreative L\u00f6sungen und praktische Tipps &amp; Tricks, wie Sie Garten und Zuhause sch\u00f6n gestalten k\u00f6nnen.<\/p>\n<p>Unsere Redaktion kennt die aktuellen Trends und zeigt Ihnen neue M\u00f6glichkeiten auf \u2013 ob f\u00fcr Garten und Terrasse, Wohnideen f\u00fcr daheim oder alles, was Ihre Haustiere ben\u00f6tigen.<\/p>\n<p>&nbsp;<\/p>\n<p><strong>Deine Natur<\/strong> finden Sie in Ihrem Markt und einfach zum Download im Link.<\/p>\n<hr \/>\n<p>&nbsp;<\/p>\n\t\t\t\t\t\t\t\t\t<\/div>\n\t\t\t<\/div>\n\t\t<\/div>\n\t\t\t\t\t<div class=\"colpos-102 col-xs-12 col-md-5\">\n\t\t\t\t\t\t\t\t\t\t<div id=\"block_5fdc93da165bd\" class=\"ce-ctabox\">\n\t\t\t\t\t\t\t<header class=\"fsc hyphenate\">\n\t\t\t\t\t\t\t\t\t\t\t\t\t\t\t\t\t<strong class=\"subheader\">Zu den<\/strong>\n\t\t\t\t\t\t\t\t\t\t\t\t\t\t\t\t\t\t\t\t\t\t\t\t\t<h2>Magazin Ausgaben<\/h2>\n\t\t\t\t\t\t\t\t\t\t\t\t\t\t\t<header>\n\t\t\t\t\t\t\t\t\t\t\t\t\t\t\t\t\t\t\t\t\t\t\t\t<a\n                                        href=\"https:\/\/www.dehner.de\/unternehmen\/app\/uploads\/sites\/3\/2021\/08\/Dehner_Mag_1_21_D-1.pdf\"\n                                        target=\"_blank\"\n                                        class=\"btn btn-primary\"\n                                    >\n                                        Deine Natur 01\/2021 DE                                    <\/a>\n\t\t\t\t\t\t\t\t\t\t\t\t\t\t\t\t\t<a\n                                        href=\"https:\/\/www.dehner.de\/unternehmen\/app\/uploads\/sites\/3\/2021\/08\/Dehner_Mag_1_21_AT-1.pdf\"\n                                        target=\"_blank\"\n                                        class=\"btn btn-primary\"\n                                    >\n                                        Deine Natur 01\/2021 AT                                    <\/a>\n\t\t\t\t\t\t\t\t\t\t\t\t\t\t\t\t\t<a\n                                        href=\"https:\/\/www.dehner.de\/unternehmen\/app\/uploads\/sites\/3\/2021\/08\/201215_Dehner_Mediadaten.pdf\"\n                                        target=\"_blank\"\n                                        class=\"btn btn-primary\"\n                                    >\n                                        Mediadaten 2021                                    <\/a>\n\t\t\t\t\t\t\t\t\t\t\t\t\t\t\t\t\t\t\t\t\t<\/div>\n\t\t\t\t\t\t\t\t\t\t\t\t<\/div>\n\t\t\t<\/div>\n<\/div>\n\n\n<div class=\"container page-content\">\n    <div class=\"ce-container\">\n        <div class=\"width-default\">\n                        <div class=\"slider ce-slidercontainer content-slider\" id=\"slider-block_5fdc94b7165c2\" data-slick='{&quot;autoplay&quot;:true,&quot;arrows&quot;:true,&quot;dots&quot;:false,&quot;ease&quot;:&quot;ease-in-out&quot;,&quot;slidesToShow&quot;:1,&quot;slidesToScroll&quot;:1,&quot;autoplaySpeed&quot;:5000,&quot;prevArrow&quot;:&quot;&lt;button type=\\&quot;button\\&quot; class=\\&quot;slick-prev\\&quot;&gt;&lt;svg class=\\&quot;icon svg-chevron-left-dims\\&quot; viewBox=\\&quot;0 0 10 16\\&quot; role=\\&quot;img\\&quot; aria-labelledby=\\&quot;title\\&quot;&gt;&lt;use xlink:href=\\&quot;https:\\\/\\\/www.dehner.de\\\/unternehmen\\\/app\\\/themes\\\/dehner-unternehmen\\\/assets\\\/images\\\/icons\\\/icons-symbols.svg#chevron-left\\&quot;&gt;&lt;\\\/use&gt;&lt;\\\/svg&gt;&lt;\\\/button&gt;&quot;,&quot;nextArrow&quot;:&quot;&lt;button type=\\&quot;button\\&quot; class=\\&quot;slick-next\\&quot;&gt;&lt;svg class=\\&quot;icon svg-chevron-right-dims\\&quot; viewBox=\\&quot;0 0 10 16\\&quot; role=\\&quot;img\\&quot; aria-labelledby=\\&quot;title\\&quot;&gt;&lt;use xlink:href=\\&quot;https:\\\/\\\/www.dehner.de\\\/unternehmen\\\/app\\\/themes\\\/dehner-unternehmen\\\/assets\\\/images\\\/icons\\\/icons-symbols.svg#chevron-right\\&quot;&gt;&lt;\\\/use&gt;&lt;\\\/svg&gt;&lt;\\\/button&gt;&quot;,&quot;responsive&quot;:[{&quot;breakpoint&quot;:576,&quot;settings&quot;:{&quot;arrows&quot;:false}}]}'>\n                <div class=\"ce-slideritem\"><figure class='slide-image'><picture><img decoding=\"async\" class=\"\" src=\"https:\/\/www.dehner.de\/unternehmen\/app\/uploads\/sites\/3\/2021\/08\/magazine_1920x740.jpg\" srcset=\"https:\/\/www.dehner.de\/unternehmen\/app\/uploads\/sites\/3\/2021\/08\/magazine_1920x740.jpg 1920w, https:\/\/www.dehner.de\/unternehmen\/app\/uploads\/sites\/3\/2021\/08\/magazine_1920x740-768x296.jpg 768w, https:\/\/www.dehner.de\/unternehmen\/app\/uploads\/sites\/3\/2021\/08\/magazine_1920x740-1536x592.jpg 1536w\" sizes=\"(max-width: 1920px) 100vw, 1920px\"\/><\/picture><\/figure>                                    <figcaption class=\"slide-image-caption container\"><strong class=\"slide-image-caption-header slider-single-caption\">Dehner Magazine<\/strong><\/figcaption>\n                                \n                            <\/div>\n                                    <\/div>\n        <\/div>\n    <\/div>\n<\/div>\n","protected":false},"excerpt":{"rendered":"","protected":false},"author":1,"featured_media":0,"parent":9,"menu_order":0,"comment_status":"closed","ping_status":"closed","template":"","meta":{"_acf_changed":false,"footnotes":""},"class_list":["post-224","page","type-page","status-publish","hentry"],"acf":[],"yoast_head":"<!-- This site is optimized with the Yoast SEO plugin v24.5 - https:\/\/yoast.com\/wordpress\/plugins\/seo\/ -->\n<title>Magazin - Dehner Unternehmen<\/title>\n<meta name=\"robots\" content=\"index, follow, max-snippet:-1, max-image-preview:large, max-video-preview:-1\" \/>\n<link rel=\"canonical\" href=\"https:\/\/www.dehner.de\/unternehmen\/einkaufserlebnis\/magazin\/\" \/>\n<meta property=\"og:locale\" content=\"de_DE\" \/>\n<meta property=\"og:type\" content=\"article\" \/>\n<meta property=\"og:title\" content=\"Magazin - Dehner Unternehmen\" \/>\n<meta property=\"og:url\" content=\"https:\/\/www.dehner.de\/unternehmen\/einkaufserlebnis\/magazin\/\" \/>\n<meta property=\"og:site_name\" content=\"Dehner Unternehmen\" \/>\n<meta property=\"article:modified_time\" content=\"2021-09-09T06:49:27+00:00\" \/>\n<meta name=\"twitter:card\" content=\"summary_large_image\" \/>\n<script type=\"application\/ld+json\" class=\"yoast-schema-graph\">{\"@context\":\"https:\/\/schema.org\",\"@graph\":[{\"@type\":\"WebPage\",\"@id\":\"https:\/\/www.dehner.de\/unternehmen\/einkaufserlebnis\/magazin\/\",\"url\":\"https:\/\/www.dehner.de\/unternehmen\/einkaufserlebnis\/magazin\/\",\"name\":\"Magazin - Dehner Unternehmen\",\"isPartOf\":{\"@id\":\"https:\/\/www.dehner.de\/unternehmen\/#website\"},\"datePublished\":\"2020-12-16T06:30:56+00:00\",\"dateModified\":\"2021-09-09T06:49:27+00:00\",\"breadcrumb\":{\"@id\":\"https:\/\/www.dehner.de\/unternehmen\/einkaufserlebnis\/magazin\/#breadcrumb\"},\"inLanguage\":\"de-DE\",\"potentialAction\":[{\"@type\":\"ReadAction\",\"target\":[\"https:\/\/www.dehner.de\/unternehmen\/einkaufserlebnis\/magazin\/\"]}]},{\"@type\":\"BreadcrumbList\",\"@id\":\"https:\/\/www.dehner.de\/unternehmen\/einkaufserlebnis\/magazin\/#breadcrumb\",\"itemListElement\":[{\"@type\":\"ListItem\",\"position\":1,\"name\":\"Home\",\"item\":\"https:\/\/www.dehner.de\/unternehmen\/\"},{\"@type\":\"ListItem\",\"position\":2,\"name\":\"Dehner erleben\",\"item\":\"https:\/\/www.dehner.de\/unternehmen\/einkaufserlebnis\/\"},{\"@type\":\"ListItem\",\"position\":3,\"name\":\"Magazin\"}]},{\"@type\":\"WebSite\",\"@id\":\"https:\/\/www.dehner.de\/unternehmen\/#website\",\"url\":\"https:\/\/www.dehner.de\/unternehmen\/\",\"name\":\"Dehner Unternehmen\",\"description\":\"Eine weitere Dehner Websites Website\",\"potentialAction\":[{\"@type\":\"SearchAction\",\"target\":{\"@type\":\"EntryPoint\",\"urlTemplate\":\"https:\/\/www.dehner.de\/unternehmen\/?s={search_term_string}\"},\"query-input\":{\"@type\":\"PropertyValueSpecification\",\"valueRequired\":true,\"valueName\":\"search_term_string\"}}],\"inLanguage\":\"de-DE\"}]}<\/script>\n<!-- \/ Yoast SEO plugin. -->","yoast_head_json":{"title":"Magazin - Dehner Unternehmen","robots":{"index":"index","follow":"follow","max-snippet":"max-snippet:-1","max-image-preview":"max-image-preview:large","max-video-preview":"max-video-preview:-1"},"canonical":"https:\/\/www.dehner.de\/unternehmen\/einkaufserlebnis\/magazin\/","og_locale":"de_DE","og_type":"article","og_title":"Magazin - Dehner Unternehmen","og_url":"https:\/\/www.dehner.de\/unternehmen\/einkaufserlebnis\/magazin\/","og_site_name":"Dehner Unternehmen","article_modified_time":"2021-09-09T06:49:27+00:00","twitter_card":"summary_large_image","schema":{"@context":"https:\/\/schema.org","@graph":[{"@type":"WebPage","@id":"https:\/\/www.dehner.de\/unternehmen\/einkaufserlebnis\/magazin\/","url":"https:\/\/www.dehner.de\/unternehmen\/einkaufserlebnis\/magazin\/","name":"Magazin - Dehner Unternehmen","isPartOf":{"@id":"https:\/\/www.dehner.de\/unternehmen\/#website"},"datePublished":"2020-12-16T06:30:56+00:00","dateModified":"2021-09-09T06:49:27+00:00","breadcrumb":{"@id":"https:\/\/www.dehner.de\/unternehmen\/einkaufserlebnis\/magazin\/#breadcrumb"},"inLanguage":"de-DE","potentialAction":[{"@type":"ReadAction","target":["https:\/\/www.dehner.de\/unternehmen\/einkaufserlebnis\/magazin\/"]}]},{"@type":"BreadcrumbList","@id":"https:\/\/www.dehner.de\/unternehmen\/einkaufserlebnis\/magazin\/#breadcrumb","itemListElement":[{"@type":"ListItem","position":1,"name":"Home","item":"https:\/\/www.dehner.de\/unternehmen\/"},{"@type":"ListItem","position":2,"name":"Dehner erleben","item":"https:\/\/www.dehner.de\/unternehmen\/einkaufserlebnis\/"},{"@type":"ListItem","position":3,"name":"Magazin"}]},{"@type":"WebSite","@id":"https:\/\/www.dehner.de\/unternehmen\/#website","url":"https:\/\/www.dehner.de\/unternehmen\/","name":"Dehner Unternehmen","description":"Eine weitere Dehner Websites Website","potentialAction":[{"@type":"SearchAction","target":{"@type":"EntryPoint","urlTemplate":"https:\/\/www.dehner.de\/unternehmen\/?s={search_term_string}"},"query-input":{"@type":"PropertyValueSpecification","valueRequired":true,"valueName":"search_term_string"}}],"inLanguage":"de-DE"}]}},"_links":{"self":[{"href":"https:\/\/www.dehner.de\/unternehmen\/wp-json\/wp\/v2\/pages\/224","targetHints":{"allow":["GET"]}}],"collection":[{"href":"https:\/\/www.dehner.de\/unternehmen\/wp-json\/wp\/v2\/pages"}],"about":[{"href":"https:\/\/www.dehner.de\/unternehmen\/wp-json\/wp\/v2\/types\/page"}],"author":[{"embeddable":true,"href":"https:\/\/www.dehner.de\/unternehmen\/wp-json\/wp\/v2\/users\/1"}],"replies":[{"embeddable":true,"href":"https:\/\/www.dehner.de\/unternehmen\/wp-json\/wp\/v2\/comments?post=224"}],"version-history":[{"count":17,"href":"https:\/\/www.dehner.de\/unternehmen\/wp-json\/wp\/v2\/pages\/224\/revisions"}],"predecessor-version":[{"id":2849,"href":"https:\/\/www.dehner.de\/unternehmen\/wp-json\/wp\/v2\/pages\/224\/revisions\/2849"}],"up":[{"embeddable":true,"href":"https:\/\/www.dehner.de\/unternehmen\/wp-json\/wp\/v2\/pages\/9"}],"wp:attachment":[{"href":"https:\/\/www.dehner.de\/unternehmen\/wp-json\/wp\/v2\/media?parent=224"}],"curies":[{"name":"wp","href":"https:\/\/api.w.org\/{rel}","templated":true}]}}