{"id":222,"date":"2020-12-16T07:30:27","date_gmt":"2020-12-16T06:30:27","guid":{"rendered":"https:\/\/www.dehner.de\/unternehmen\/?page_id=222"},"modified":"2021-10-20T10:41:00","modified_gmt":"2021-10-20T08:41:00","slug":"dehner-marken","status":"publish","type":"page","link":"https:\/\/www.dehner.de\/unternehmen\/einkaufserlebnis\/dehner-marken\/","title":{"rendered":"Dehner Marken"},"content":{"rendered":"<div class=\"container page-content dehner-paragraph \">\n\t<div class=\"ce-gridRow6040 row\">\n\t\t<div class=\"colpos-101 col-xs-12 col-md-7\">\n\t\t\t<div id=\"block_5fda22ac7b19a\" class=\"ce-text\">\n\t\t\t\t<header class=\"fsc\">\n\t\t\t\t\t\t\t\t\t\t\t<strong class=\"subheader\">Die Dehner Markenwelt<\/strong>\n\t\t\t\t\t\t\t\t\t\t\t\t\t\t\t\t<h2>Unsere Marken<\/h2>\n\t\t\t\t\t\t\t\t\t<\/header>\n\t\t\t\t<div class=\"bodytext\">\n\t\t\t\t\t\t\t\t\t\t\t<h3><strong>F\u00fcr jeden Anspruch zu haben!\u00a0<\/strong><\/h3>\n<h3><strong>Unsere Marken in 2 Qualit\u00e4tsstufen.<\/strong><\/h3>\n\t\t\t\t\t\t\t\t\t<\/div>\n\t\t\t<\/div>\n\t\t<\/div>\n\t\t\t\t\t<div class=\"colpos-102 col-xs-12 col-md-5\">\n\t\t\t\t\t\t\t\t\t\t<div id=\"block_5fda22ac7b19a\" class=\"ce-image\">\n\t\t\t\t\t\t\t\t\t\t\t\t\t<\/div>\n\n\t\t\t\t\t\t\t\t\t\t\t\t<\/div>\n\t\t\t<\/div>\n<\/div>\n\n\n<div class=\"container page-content\">\n\t<div id=\"block_5fda27a90c888\" class=\"ce-gridRow255025 row\">\n\t\t<div class=\"colpos-101 col-xs-12 col-md-3\">\n\t\t\t<div id=\"c295\" class=\"ce-image\">\n\t\t\t\t<picture><img decoding=\"async\" class=\"img-responsive\" src=\"https:\/\/www.dehner.de\/unternehmen\/app\/uploads\/sites\/3\/2021\/08\/dehner-premium-qualitaet_376x376.jpg\" srcset=\"https:\/\/www.dehner.de\/unternehmen\/app\/uploads\/sites\/3\/2021\/08\/dehner-premium-qualitaet_376x376.jpg 376w, https:\/\/www.dehner.de\/unternehmen\/app\/uploads\/sites\/3\/2021\/08\/dehner-premium-qualitaet_376x376-150x150.jpg 150w\" sizes=\"(max-width: ) 100vw, \"\/><\/picture>\t\t\t<\/div>\n\t\t<\/div>\n\t\t<div class=\"colpos-102 col-xs-12 col-md-6\">\n\t\t\t<div id=\"c296\" class=\"ce-text\">\n\t\t\t\t\t\t\t\t\t<h2>Dehner Premium Qualit\u00e4t<\/h2>\n\t\t\t\t\t\t\t\t\t\t\t\t\t<div class=\"bodytext\">\n\t\t\t\t\t<p>F\u00fcr das Besondere:<\/p>\n<ul>\n<li>Ausgewogenes Sortiment an Pflanzen und Gartenbedarf<\/li>\n<li>F\u00fcr Garten-Perfektionisten und Liebhaber von Pflanzen-Rarit\u00e4ten<\/li>\n<li>Beste Zutaten auch f\u00fcr Tierfutter<\/li>\n<\/ul>\n\t\t\t\t\t<\/div>\n\t\t\t\t\t\t\t<\/div>\n\t\t<\/div>\n\t\t<div class=\"colpos-103 col-xs-12 col-md-3 my-auto text-center px-sm-0\">\n            \t\t<\/div>\n\t<\/div>\n<\/div>\n\n\n<div class=\"container page-content\">\n\t<div id=\"block_5fdc927acdbb3\" class=\"ce-gridRow255025 row\">\n\t\t<div class=\"colpos-101 col-xs-12 col-md-3\">\n\t\t\t<div id=\"c295\" class=\"ce-image\">\n\t\t\t\t<picture><img decoding=\"async\" class=\"img-responsive\" src=\"https:\/\/www.dehner.de\/unternehmen\/app\/uploads\/sites\/3\/2020\/12\/Marken-Qualitaet.jpg\" srcset=\"https:\/\/www.dehner.de\/unternehmen\/app\/uploads\/sites\/3\/2020\/12\/Marken-Qualitaet.jpg 376w, https:\/\/www.dehner.de\/unternehmen\/app\/uploads\/sites\/3\/2020\/12\/Marken-Qualitaet-150x150.jpg 150w\" sizes=\"(max-width: ) 100vw, \"\/><\/picture>\t\t\t<\/div>\n\t\t<\/div>\n\t\t<div class=\"colpos-102 col-xs-12 col-md-6\">\n\t\t\t<div id=\"c296\" class=\"ce-text\">\n\t\t\t\t\t\t\t\t\t<h2>Dehner Marken Qualit\u00e4t<\/h2>\n\t\t\t\t\t\t\t\t\t\t\t\t\t<div class=\"bodytext\">\n\t\t\t\t\t<p><strong>Viel Gutes zum fairen Preis:<\/p>\n<p><\/strong><\/p>\n<ul>\n<li>Pflanzen, Saatgut, Blumenzwiebeln und vieles mehr f\u00fcr gutes Wachstum<\/li>\n<li>Gartenger\u00e4te zum Anpacken sowie ausgewogene Tiernahrung, praktisches Zubeh\u00f6r und Pflegeprodukte f\u00fcr kleine Lieblinge<\/li>\n<li>Hobby-G\u00e4rtner und Tierfreunde kommen hier auf ihre Kosten<\/li>\n<\/ul>\n\t\t\t\t\t<\/div>\n\t\t\t\t\t\t\t<\/div>\n\t\t<\/div>\n\t\t<div class=\"colpos-103 col-xs-12 col-md-3 my-auto text-center px-sm-0\">\n            \t\t<\/div>\n\t<\/div>\n<\/div>\n\n\n<div class=\"container page-content dehner-paragraph \">\n\t<div class=\"ce-gridRow6040 \">\n\t\t<div class=\"colpos-101 col-12\">\n\t\t\t<div id=\"block_5fdc92d6cdbb6\" class=\"ce-text\">\n\t\t\t\t<header class=\"fsc\">\n\t\t\t\t\t\t\t\t\t\t\t\t\t\t\t\t<h2>Nur bei Dehner: Spezielle L\u00f6sungen f\u00fcr besondere Anspr\u00fcche. <\/h2>\n\t\t\t\t\t\t\t\t\t<\/header>\n\t\t\t\t<div class=\"bodytext\">\n\t\t\t\t\t\t\t\t\t<\/div>\n\t\t\t<\/div>\n\t\t<\/div>\n\t\t\t<\/div>\n<\/div>\n\n\n<div class=\"container page-content\">\n\t<div id=\"block_5fdc92efcdbb7\" class=\"ce-gridRow255025 row\">\n\t\t<div class=\"colpos-101 col-xs-12 col-md-3\">\n\t\t\t<div id=\"c295\" class=\"ce-image\">\n\t\t\t\t<picture><img decoding=\"async\" class=\"img-responsive\" src=\"https:\/\/www.dehner.de\/unternehmen\/app\/uploads\/sites\/3\/2020\/12\/Dehner-Bio.jpg\" srcset=\"https:\/\/www.dehner.de\/unternehmen\/app\/uploads\/sites\/3\/2020\/12\/Dehner-Bio.jpg 379w, https:\/\/www.dehner.de\/unternehmen\/app\/uploads\/sites\/3\/2020\/12\/Dehner-Bio-150x150.jpg 150w\" sizes=\"(max-width: ) 100vw, \"\/><\/picture>\t\t\t<\/div>\n\t\t<\/div>\n\t\t<div class=\"colpos-102 col-xs-12 col-md-6\">\n\t\t\t<div id=\"c296\" class=\"ce-text\">\n\t\t\t\t\t\t\t\t\t<h2>Dehner Bio<\/h2>\n\t\t\t\t\t\t\t\t\t\t\t\t\t<div class=\"bodytext\">\n\t\t\t\t\t<p><strong>Vom Saatgut bis zur Ernte:<\/strong><\/p>\n<ul>\n<li>Wer Wert auf 100% Bio legt, f\u00fcr den ist das umfassende Bioangebot die erste Wahl<\/li>\n<li>Bioanbau beginnt bei Dehner beim Samenkorn und reicht von der Jungpflanze bis zur D\u00fcngung<\/li>\n<\/ul>\n\t\t\t\t\t<\/div>\n\t\t\t\t\t\t\t<\/div>\n\t\t<\/div>\n\t\t<div class=\"colpos-103 col-xs-12 col-md-3 my-auto text-center px-sm-0\">\n            \t\t<\/div>\n\t<\/div>\n<\/div>\n\n\n<div class=\"container page-content\">\n\t<div id=\"block_5fdc931fcdbbb\" class=\"ce-gridRow255025 row\">\n\t\t<div class=\"colpos-101 col-xs-12 col-md-3\">\n\t\t\t<div id=\"c295\" class=\"ce-image\">\n\t\t\t\t<picture><img decoding=\"async\" class=\"img-responsive\" src=\"https:\/\/www.dehner.de\/unternehmen\/app\/uploads\/sites\/3\/2020\/12\/Gourmet-Garten.jpg\" srcset=\"https:\/\/www.dehner.de\/unternehmen\/app\/uploads\/sites\/3\/2020\/12\/Gourmet-Garten.jpg 388w, https:\/\/www.dehner.de\/unternehmen\/app\/uploads\/sites\/3\/2020\/12\/Gourmet-Garten-150x150.jpg 150w\" sizes=\"(max-width: ) 100vw, \"\/><\/picture>\t\t\t<\/div>\n\t\t<\/div>\n\t\t<div class=\"colpos-102 col-xs-12 col-md-6\">\n\t\t\t<div id=\"c296\" class=\"ce-text\">\n\t\t\t\t\t\t\t\t\t<h2>Dehner Gourmet Garten<\/h2>\n\t\t\t\t\t\t\t\t\t\t\t\t\t<div class=\"bodytext\">\n\t\t\t\t\t<p><strong>Genuss f\u00fcr Feinschmecker:<\/strong><\/p>\n<ul>\n<li>Hochwertige Gem\u00fcse- und Obstsorten sowie besonders aromatische Kr\u00e4uter<\/li>\n<li>F\u00fcr die eigene Ernte von Mitte M\u00e4rz bis Ende Juni frisch in Ihrem Dehner Markt erh\u00e4ltlich<\/li>\n<\/ul>\n\t\t\t\t\t<\/div>\n\t\t\t\t\t\t\t<\/div>\n\t\t<\/div>\n\t\t<div class=\"colpos-103 col-xs-12 col-md-3 my-auto text-center px-sm-0\">\n            \t\t<\/div>\n\t<\/div>\n<\/div>\n\n\n<div class=\"container page-content\">\n\t<div id=\"block_5fdc9329cdbbc\" class=\"ce-gridRow255025 row\">\n\t\t<div class=\"colpos-101 col-xs-12 col-md-3\">\n\t\t\t<div id=\"c295\" class=\"ce-image\">\n\t\t\t\t<picture><img decoding=\"async\" class=\"img-responsive\" src=\"https:\/\/www.dehner.de\/unternehmen\/app\/uploads\/sites\/3\/2021\/08\/dehner-wild-nature_376x376.jpg\" srcset=\"https:\/\/www.dehner.de\/unternehmen\/app\/uploads\/sites\/3\/2021\/08\/dehner-wild-nature_376x376.jpg 376w, https:\/\/www.dehner.de\/unternehmen\/app\/uploads\/sites\/3\/2021\/08\/dehner-wild-nature_376x376-150x150.jpg 150w\" sizes=\"(max-width: ) 100vw, \"\/><\/picture>\t\t\t<\/div>\n\t\t<\/div>\n\t\t<div class=\"colpos-102 col-xs-12 col-md-6\">\n\t\t\t<div id=\"c296\" class=\"ce-text\">\n\t\t\t\t\t\t\t\t\t<h2>Dehner Wild Nature<\/h2>\n\t\t\t\t\t\t\t\t\t\t\t\t\t<div class=\"bodytext\">\n\t\t\t\t\t<p><strong>Premiumfutter f\u00fcr Hunde:<\/strong><\/p>\n<ul>\n<li>Dehner Wild Nature mit hohem Fleisch- oder Fischanteil, kombiniert mit pflanzlichen Komponenten<\/li>\n<li>F\u00fcr eine ganzheitliche, getreidefreie Versorgung Ihres Vierbeiners als Trocken-, Nassfutter oder Snack<\/li>\n<li>Angelehnt an die urspr\u00fcngliche Ern\u00e4hrung des Wolfes<\/li>\n<\/ul>\n\t\t\t\t\t<\/div>\n\t\t\t\t\t\t\t<\/div>\n\t\t<\/div>\n\t\t<div class=\"colpos-103 col-xs-12 col-md-3 my-auto text-center px-sm-0\">\n            <img loading=\"lazy\" decoding=\"async\" width=\"256\" height=\"182\" src=\"https:\/\/www.dehner.de\/unternehmen\/app\/uploads\/sites\/3\/2021\/10\/wild-nature_256x182.jpg\" class=\"img-fluid\" alt=\"\" \/>\t\t<\/div>\n\t<\/div>\n<\/div>\n\n\n<div class=\"container page-content\">\n\t<div id=\"block_5fdc9337cdbbd\" class=\"ce-gridRow255025 row\">\n\t\t<div class=\"colpos-101 col-xs-12 col-md-3\">\n\t\t\t<div id=\"c295\" class=\"ce-image\">\n\t\t\t\t<picture><img decoding=\"async\" class=\"img-responsive\" src=\"https:\/\/www.dehner.de\/unternehmen\/app\/uploads\/sites\/3\/2020\/12\/Best-Nature.jpg\" srcset=\"\" sizes=\"(max-width: ) 100vw, \"\/><\/picture>\t\t\t<\/div>\n\t\t<\/div>\n\t\t<div class=\"colpos-102 col-xs-12 col-md-6\">\n\t\t\t<div id=\"c296\" class=\"ce-text\">\n\t\t\t\t\t\t\t\t\t<h2>Dehner Best Nature<\/h2>\n\t\t\t\t\t\t\t\t\t\t\t\t\t<div class=\"bodytext\">\n\t\t\t\t\t<p><strong>Ausgewogene Ern\u00e4hrung:<\/strong><\/p>\n<ul>\n<li>Hochwertiges Heimtierfutter aus rein nat\u00fcrlichen Zutaten f\u00fcr Hund, Katze, Nager und Vogel<\/li>\n<li>Schonende Herstellung ganz ohne Verwendung von chemischen Farb-, Konservierungs-, Lock- und Aromastoffen<\/li>\n<\/ul>\n\t\t\t\t\t<\/div>\n\t\t\t\t\t\t\t<\/div>\n\t\t<\/div>\n\t\t<div class=\"colpos-103 col-xs-12 col-md-3 my-auto text-center px-sm-0\">\n            <img loading=\"lazy\" decoding=\"async\" width=\"256\" height=\"182\" src=\"https:\/\/www.dehner.de\/unternehmen\/app\/uploads\/sites\/3\/2021\/10\/best-nature_256x182.jpg\" class=\"img-fluid\" alt=\"\" \/>\t\t<\/div>\n\t<\/div>\n<\/div>\n\n\n<div class=\"container page-content\">\n\t<div id=\"block_5fdc9345cdbbe\" class=\"ce-gridRow255025 row\">\n\t\t<div class=\"colpos-101 col-xs-12 col-md-3\">\n\t\t\t<div id=\"c295\" class=\"ce-image\">\n\t\t\t\t<picture><img decoding=\"async\" class=\"img-responsive\" src=\"https:\/\/www.dehner.de\/unternehmen\/app\/uploads\/sites\/3\/2020\/12\/Dehner_Fine_Nature.jpg\" srcset=\"https:\/\/www.dehner.de\/unternehmen\/app\/uploads\/sites\/3\/2020\/12\/Dehner_Fine_Nature.jpg 591w, https:\/\/www.dehner.de\/unternehmen\/app\/uploads\/sites\/3\/2020\/12\/Dehner_Fine_Nature-150x150.jpg 150w\" sizes=\"(max-width: ) 100vw, \"\/><\/picture>\t\t\t<\/div>\n\t\t<\/div>\n\t\t<div class=\"colpos-102 col-xs-12 col-md-6\">\n\t\t\t<div id=\"c296\" class=\"ce-text\">\n\t\t\t\t\t\t\t\t\t<h2>Dehner Fine Nature<\/h2>\n\t\t\t\t\t\t\t\t\t\t\t\t\t<div class=\"bodytext\">\n\t\t\t\t\t<p><strong>Das Premium Nassfutter:<\/strong><\/p>\n<ul>\n<li><strong>F<\/strong>\u00fcr Hunde und Katzen, enth\u00e4lt ausschlie\u00dflich Zutaten in 100% Lebensmittelqualit\u00e4t<\/li>\n<li>Viel Fleisch oder Fisch, angereichert mit feinen Kr\u00e4utern oder erlesenem Gem\u00fcse und Obst<\/li>\n<li>Rein nat\u00fcrlich und frei von k\u00fcnstlichen Zus\u00e4tzen<\/li>\n<\/ul>\n\t\t\t\t\t<\/div>\n\t\t\t\t\t\t\t<\/div>\n\t\t<\/div>\n\t\t<div class=\"colpos-103 col-xs-12 col-md-3 my-auto text-center px-sm-0\">\n            <img loading=\"lazy\" decoding=\"async\" width=\"256\" height=\"182\" src=\"https:\/\/www.dehner.de\/unternehmen\/app\/uploads\/sites\/3\/2021\/10\/fine-nature_256x182.jpg\" class=\"img-fluid\" alt=\"\" \/>\t\t<\/div>\n\t<\/div>\n<\/div>\n\n\n<div class=\"container page-content\">\n\t<div id=\"block_5fdc9352cdbbf\" class=\"ce-gridRow255025 row\">\n\t\t<div class=\"colpos-101 col-xs-12 col-md-3\">\n\t\t\t<div id=\"c295\" class=\"ce-image\">\n\t\t\t\t<picture><img decoding=\"async\" class=\"img-responsive\" src=\"https:\/\/www.dehner.de\/unternehmen\/app\/uploads\/sites\/3\/2021\/08\/dehner-lovely_376x376.jpg\" srcset=\"https:\/\/www.dehner.de\/unternehmen\/app\/uploads\/sites\/3\/2021\/08\/dehner-lovely_376x376.jpg 376w, https:\/\/www.dehner.de\/unternehmen\/app\/uploads\/sites\/3\/2021\/08\/dehner-lovely_376x376-150x150.jpg 150w\" sizes=\"(max-width: ) 100vw, \"\/><\/picture>\t\t\t<\/div>\n\t\t<\/div>\n\t\t<div class=\"colpos-102 col-xs-12 col-md-6\">\n\t\t\t<div id=\"c296\" class=\"ce-text\">\n\t\t\t\t\t\t\t\t\t<h2>Dehner Premium Lovely<\/h2>\n\t\t\t\t\t\t\t\t\t\t\t\t\t<div class=\"bodytext\">\n\t\t\t\t\t<p><strong>Die kleine Belohnung:<\/strong><\/p>\n<ul>\n<li>F\u00fcr die ganz besonderen Momente mit Ihrem Naschk\u00e4tzchen<\/li>\n<li>Verw\u00f6hnen Sie Ihre Samtpfote mit zartem Filet, verfeinert mit Reis und Br\u00fche aus dem schonenden Garvorgang<\/li>\n<li>Erh\u00e4ltlich in zehn artgerechten Sorten, glutenfrei und qualitativ auf Lebensmittelniveau<\/li>\n<\/ul>\n\t\t\t\t\t<\/div>\n\t\t\t\t\t\t\t<\/div>\n\t\t<\/div>\n\t\t<div class=\"colpos-103 col-xs-12 col-md-3 my-auto text-center px-sm-0\">\n            <img loading=\"lazy\" decoding=\"async\" width=\"256\" height=\"182\" src=\"https:\/\/www.dehner.de\/unternehmen\/app\/uploads\/sites\/3\/2021\/10\/dehner-lovely_256x182.jpg\" class=\"img-fluid\" alt=\"\" \/>\t\t<\/div>\n\t<\/div>\n<\/div>\n\n\n<div class=\"container page-content\">\n\t<div id=\"block_5fdc935ecdbc0\" class=\"ce-gridRow255025 row\">\n\t\t<div class=\"colpos-101 col-xs-12 col-md-3\">\n\t\t\t<div id=\"c295\" class=\"ce-image\">\n\t\t\t\t<picture><img decoding=\"async\" class=\"img-responsive\" src=\"https:\/\/www.dehner.de\/unternehmen\/app\/uploads\/sites\/3\/2020\/12\/Natura.jpg\" srcset=\"https:\/\/www.dehner.de\/unternehmen\/app\/uploads\/sites\/3\/2020\/12\/Natura.jpg 386w, https:\/\/www.dehner.de\/unternehmen\/app\/uploads\/sites\/3\/2020\/12\/Natura-150x150.jpg 150w\" sizes=\"(max-width: ) 100vw, \"\/><\/picture>\t\t\t<\/div>\n\t\t<\/div>\n\t\t<div class=\"colpos-102 col-xs-12 col-md-6\">\n\t\t\t<div id=\"c296\" class=\"ce-text\">\n\t\t\t\t\t\t\t\t\t<h2>Dehner Natura<\/h2>\n\t\t\t\t\t\t\t\t\t\t\t\t\t<div class=\"bodytext\">\n\t\t\t\t\t<p><strong>Ganzj\u00e4hriger wertvoller Beitrag:<\/strong><\/p>\n<ul>\n<li>Futterunterst\u00fctzung f\u00fcr Vogel- und Wildtierwelt<\/li>\n<li>Umfangreiches Natura-Sortiment unterst\u00fctzt Wildv\u00f6gel, Igel und Eichh\u00f6rnchen<\/li>\n<\/ul>\n\t\t\t\t\t<\/div>\n\t\t\t\t\t\t\t<\/div>\n\t\t<\/div>\n\t\t<div class=\"colpos-103 col-xs-12 col-md-3 my-auto text-center px-sm-0\">\n            <img loading=\"lazy\" decoding=\"async\" width=\"256\" height=\"182\" src=\"https:\/\/www.dehner.de\/unternehmen\/app\/uploads\/sites\/3\/2021\/10\/dehner-natura_256x182.jpg\" class=\"img-fluid\" alt=\"\" \/>\t\t<\/div>\n\t<\/div>\n<\/div>\n\n\n<div class=\"container page-content\">\n\t<div id=\"block_5fdc9371cdbc2\" class=\"ce-gridRow255025 row\">\n\t\t<div class=\"colpos-101 col-xs-12 col-md-3\">\n\t\t\t<div id=\"c295\" class=\"ce-image\">\n\t\t\t\t<picture><img decoding=\"async\" class=\"img-responsive\" src=\"https:\/\/www.dehner.de\/unternehmen\/app\/uploads\/sites\/3\/2020\/12\/Aqua_blau.jpg\" srcset=\"https:\/\/www.dehner.de\/unternehmen\/app\/uploads\/sites\/3\/2020\/12\/Aqua_blau.jpg 400w, https:\/\/www.dehner.de\/unternehmen\/app\/uploads\/sites\/3\/2020\/12\/Aqua_blau-150x150.jpg 150w\" sizes=\"(max-width: ) 100vw, \"\/><\/picture>\t\t\t<\/div>\n\t\t<\/div>\n\t\t<div class=\"colpos-102 col-xs-12 col-md-6\">\n\t\t\t<div id=\"c296\" class=\"ce-text\">\n\t\t\t\t\t\t\t\t\t<h2>Dehner Aqua<\/h2>\n\t\t\t\t\t\t\t\t\t\t\t\t\t<div class=\"bodytext\">\n\t\t\t\t\t<p><strong>Ihre Marke rund um Aquarium und Gartenteich:<\/strong><\/p>\n<ul>\n<li>Gro\u00dfe Auswahl an Fischfutter, Wasserpflanzen, Aquarien, technischem Zubeh\u00f6r, Deko und Pflegeprodukten<\/li>\n<\/ul>\n\t\t\t\t\t<\/div>\n\t\t\t\t\t\t\t<\/div>\n\t\t<\/div>\n\t\t<div class=\"colpos-103 col-xs-12 col-md-3 my-auto text-center px-sm-0\">\n            \t\t<\/div>\n\t<\/div>\n<\/div>\n\n\n<div class=\"container page-content\">\n\t<div id=\"block_5fdc937bcdbc3\" class=\"ce-gridRow255025 row\">\n\t\t<div class=\"colpos-101 col-xs-12 col-md-3\">\n\t\t\t<div id=\"c295\" class=\"ce-image\">\n\t\t\t\t<picture><img decoding=\"async\" class=\"img-responsive\" src=\"https:\/\/www.dehner.de\/unternehmen\/app\/uploads\/sites\/3\/2020\/12\/Terra.jpg\" srcset=\"https:\/\/www.dehner.de\/unternehmen\/app\/uploads\/sites\/3\/2020\/12\/Terra.jpg 399w, https:\/\/www.dehner.de\/unternehmen\/app\/uploads\/sites\/3\/2020\/12\/Terra-150x150.jpg 150w\" sizes=\"(max-width: ) 100vw, \"\/><\/picture>\t\t\t<\/div>\n\t\t<\/div>\n\t\t<div class=\"colpos-102 col-xs-12 col-md-6\">\n\t\t\t<div id=\"c296\" class=\"ce-text\">\n\t\t\t\t\t\t\t\t\t<h2>Dehner Terra<\/h2>\n\t\t\t\t\t\t\t\t\t\t\t\t\t<div class=\"bodytext\">\n\t\t\t\t\t<p><strong>Hier werden Reptilienfans f\u00fcndig:<\/strong><\/p>\n<ul>\n<li>Vielf\u00e4ltiges Angebot an Terrarien, Futter, Bodengrund und passendem Zubeh\u00f6r<\/li>\n<li>Jederzeit die richtige Wahl in bester Qualit\u00e4t zum fairen Preis<\/li>\n<\/ul>\n\t\t\t\t\t<\/div>\n\t\t\t\t\t\t\t<\/div>\n\t\t<\/div>\n\t\t<div class=\"colpos-103 col-xs-12 col-md-3 my-auto text-center px-sm-0\">\n            \t\t<\/div>\n\t<\/div>\n<\/div>\n\n\n<div class=\"container page-content\">\n\t<div id=\"block_611259016fddc\" class=\"ce-gridRow255025 row\">\n\t\t<div class=\"colpos-101 col-xs-12 col-md-3\">\n\t\t\t<div id=\"c295\" class=\"ce-image\">\n\t\t\t\t<picture><img decoding=\"async\" class=\"img-responsive\" src=\"https:\/\/www.dehner.de\/unternehmen\/app\/uploads\/sites\/3\/2021\/08\/dehner-lieblinge_376x376.jpg\" srcset=\"https:\/\/www.dehner.de\/unternehmen\/app\/uploads\/sites\/3\/2021\/08\/dehner-lieblinge_376x376.jpg 376w, https:\/\/www.dehner.de\/unternehmen\/app\/uploads\/sites\/3\/2021\/08\/dehner-lieblinge_376x376-150x150.jpg 150w\" sizes=\"(max-width: ) 100vw, \"\/><\/picture>\t\t\t<\/div>\n\t\t<\/div>\n\t\t<div class=\"colpos-102 col-xs-12 col-md-6\">\n\t\t\t<div id=\"c296\" class=\"ce-text\">\n\t\t\t\t\t\t\t\t\t<h2>Dehner Lieblinge<\/h2>\n\t\t\t\t\t\t\t\t\t\t\t\t\t<div class=\"bodytext\">\n\t\t\t\t\t<p><strong>Zur ganzheitlichen Tiergesundheit:<\/strong><\/p>\n<ul>\n<li>Vielfalt an Produkten, die das gesundheitliche Wohl von Haustieren in den Mittelpunkt stellen<\/li>\n<li>Entwicklung der Produkte in enger Abstimmung mit Tier\u00e4rzten und weiteren Expert*innen<\/li>\n<li>Umfasst die Kategorien Nahrungserg\u00e4nzung, Pflege, Ungezieferabwehr, Betten&amp;Kissen, Nachsorge<\/li>\n<\/ul>\n<p>&nbsp;<\/p>\n\t\t\t\t\t<\/div>\n\t\t\t\t\t\t\t<\/div>\n\t\t<\/div>\n\t\t<div class=\"colpos-103 col-xs-12 col-md-3 my-auto text-center px-sm-0\">\n            \t\t<\/div>\n\t<\/div>\n<\/div>\n\n\n\n<p><\/p>\n","protected":false},"excerpt":{"rendered":"","protected":false},"author":1,"featured_media":0,"parent":9,"menu_order":0,"comment_status":"closed","ping_status":"closed","template":"","meta":{"_acf_changed":false,"footnotes":""},"class_list":["post-222","page","type-page","status-publish","hentry"],"acf":[],"yoast_head":"<!-- This site is optimized with the Yoast SEO plugin v24.5 - https:\/\/yoast.com\/wordpress\/plugins\/seo\/ -->\n<title>Dehner Marken - Dehner Unternehmen<\/title>\n<meta name=\"robots\" content=\"index, follow, max-snippet:-1, max-image-preview:large, max-video-preview:-1\" \/>\n<link rel=\"canonical\" href=\"https:\/\/www.dehner.de\/unternehmen\/einkaufserlebnis\/dehner-marken\/\" \/>\n<meta property=\"og:locale\" content=\"de_DE\" \/>\n<meta property=\"og:type\" content=\"article\" \/>\n<meta property=\"og:title\" content=\"Dehner Marken - Dehner Unternehmen\" \/>\n<meta property=\"og:url\" content=\"https:\/\/www.dehner.de\/unternehmen\/einkaufserlebnis\/dehner-marken\/\" \/>\n<meta property=\"og:site_name\" content=\"Dehner Unternehmen\" \/>\n<meta property=\"article:modified_time\" content=\"2021-10-20T08:41:00+00:00\" \/>\n<meta name=\"twitter:card\" content=\"summary_large_image\" \/>\n<script type=\"application\/ld+json\" class=\"yoast-schema-graph\">{\"@context\":\"https:\/\/schema.org\",\"@graph\":[{\"@type\":\"WebPage\",\"@id\":\"https:\/\/www.dehner.de\/unternehmen\/einkaufserlebnis\/dehner-marken\/\",\"url\":\"https:\/\/www.dehner.de\/unternehmen\/einkaufserlebnis\/dehner-marken\/\",\"name\":\"Dehner Marken - Dehner Unternehmen\",\"isPartOf\":{\"@id\":\"https:\/\/www.dehner.de\/unternehmen\/#website\"},\"datePublished\":\"2020-12-16T06:30:27+00:00\",\"dateModified\":\"2021-10-20T08:41:00+00:00\",\"breadcrumb\":{\"@id\":\"https:\/\/www.dehner.de\/unternehmen\/einkaufserlebnis\/dehner-marken\/#breadcrumb\"},\"inLanguage\":\"de-DE\",\"potentialAction\":[{\"@type\":\"ReadAction\",\"target\":[\"https:\/\/www.dehner.de\/unternehmen\/einkaufserlebnis\/dehner-marken\/\"]}]},{\"@type\":\"BreadcrumbList\",\"@id\":\"https:\/\/www.dehner.de\/unternehmen\/einkaufserlebnis\/dehner-marken\/#breadcrumb\",\"itemListElement\":[{\"@type\":\"ListItem\",\"position\":1,\"name\":\"Home\",\"item\":\"https:\/\/www.dehner.de\/unternehmen\/\"},{\"@type\":\"ListItem\",\"position\":2,\"name\":\"Dehner erleben\",\"item\":\"https:\/\/www.dehner.de\/unternehmen\/einkaufserlebnis\/\"},{\"@type\":\"ListItem\",\"position\":3,\"name\":\"Dehner Marken\"}]},{\"@type\":\"WebSite\",\"@id\":\"https:\/\/www.dehner.de\/unternehmen\/#website\",\"url\":\"https:\/\/www.dehner.de\/unternehmen\/\",\"name\":\"Dehner Unternehmen\",\"description\":\"Eine weitere Dehner Websites Website\",\"potentialAction\":[{\"@type\":\"SearchAction\",\"target\":{\"@type\":\"EntryPoint\",\"urlTemplate\":\"https:\/\/www.dehner.de\/unternehmen\/?s={search_term_string}\"},\"query-input\":{\"@type\":\"PropertyValueSpecification\",\"valueRequired\":true,\"valueName\":\"search_term_string\"}}],\"inLanguage\":\"de-DE\"}]}<\/script>\n<!-- \/ Yoast SEO plugin. -->","yoast_head_json":{"title":"Dehner Marken - Dehner Unternehmen","robots":{"index":"index","follow":"follow","max-snippet":"max-snippet:-1","max-image-preview":"max-image-preview:large","max-video-preview":"max-video-preview:-1"},"canonical":"https:\/\/www.dehner.de\/unternehmen\/einkaufserlebnis\/dehner-marken\/","og_locale":"de_DE","og_type":"article","og_title":"Dehner Marken - Dehner Unternehmen","og_url":"https:\/\/www.dehner.de\/unternehmen\/einkaufserlebnis\/dehner-marken\/","og_site_name":"Dehner Unternehmen","article_modified_time":"2021-10-20T08:41:00+00:00","twitter_card":"summary_large_image","schema":{"@context":"https:\/\/schema.org","@graph":[{"@type":"WebPage","@id":"https:\/\/www.dehner.de\/unternehmen\/einkaufserlebnis\/dehner-marken\/","url":"https:\/\/www.dehner.de\/unternehmen\/einkaufserlebnis\/dehner-marken\/","name":"Dehner Marken - Dehner Unternehmen","isPartOf":{"@id":"https:\/\/www.dehner.de\/unternehmen\/#website"},"datePublished":"2020-12-16T06:30:27+00:00","dateModified":"2021-10-20T08:41:00+00:00","breadcrumb":{"@id":"https:\/\/www.dehner.de\/unternehmen\/einkaufserlebnis\/dehner-marken\/#breadcrumb"},"inLanguage":"de-DE","potentialAction":[{"@type":"ReadAction","target":["https:\/\/www.dehner.de\/unternehmen\/einkaufserlebnis\/dehner-marken\/"]}]},{"@type":"BreadcrumbList","@id":"https:\/\/www.dehner.de\/unternehmen\/einkaufserlebnis\/dehner-marken\/#breadcrumb","itemListElement":[{"@type":"ListItem","position":1,"name":"Home","item":"https:\/\/www.dehner.de\/unternehmen\/"},{"@type":"ListItem","position":2,"name":"Dehner erleben","item":"https:\/\/www.dehner.de\/unternehmen\/einkaufserlebnis\/"},{"@type":"ListItem","position":3,"name":"Dehner Marken"}]},{"@type":"WebSite","@id":"https:\/\/www.dehner.de\/unternehmen\/#website","url":"https:\/\/www.dehner.de\/unternehmen\/","name":"Dehner Unternehmen","description":"Eine weitere Dehner Websites Website","potentialAction":[{"@type":"SearchAction","target":{"@type":"EntryPoint","urlTemplate":"https:\/\/www.dehner.de\/unternehmen\/?s={search_term_string}"},"query-input":{"@type":"PropertyValueSpecification","valueRequired":true,"valueName":"search_term_string"}}],"inLanguage":"de-DE"}]}},"_links":{"self":[{"href":"https:\/\/www.dehner.de\/unternehmen\/wp-json\/wp\/v2\/pages\/222","targetHints":{"allow":["GET"]}}],"collection":[{"href":"https:\/\/www.dehner.de\/unternehmen\/wp-json\/wp\/v2\/pages"}],"about":[{"href":"https:\/\/www.dehner.de\/unternehmen\/wp-json\/wp\/v2\/types\/page"}],"author":[{"embeddable":true,"href":"https:\/\/www.dehner.de\/unternehmen\/wp-json\/wp\/v2\/users\/1"}],"replies":[{"embeddable":true,"href":"https:\/\/www.dehner.de\/unternehmen\/wp-json\/wp\/v2\/comments?post=222"}],"version-history":[{"count":32,"href":"https:\/\/www.dehner.de\/unternehmen\/wp-json\/wp\/v2\/pages\/222\/revisions"}],"predecessor-version":[{"id":2937,"href":"https:\/\/www.dehner.de\/unternehmen\/wp-json\/wp\/v2\/pages\/222\/revisions\/2937"}],"up":[{"embeddable":true,"href":"https:\/\/www.dehner.de\/unternehmen\/wp-json\/wp\/v2\/pages\/9"}],"wp:attachment":[{"href":"https:\/\/www.dehner.de\/unternehmen\/wp-json\/wp\/v2\/media?parent=222"}],"curies":[{"name":"wp","href":"https:\/\/api.w.org\/{rel}","templated":true}]}}