{"id":2522,"date":"2020-06-15T16:07:11","date_gmt":"2020-06-15T14:07:11","guid":{"rendered":"https:\/\/www.dehner.de\/?page_id=2522"},"modified":"2025-06-18T12:47:46","modified_gmt":"2025-06-18T10:47:46","slug":"industriemechaniker","status":"publish","type":"page","link":"https:\/\/www.dehner.de\/jobs\/ausbildung-und-duales-studium\/ausbildung\/industriemechaniker\/","title":{"rendered":"Deine Ausbildung zum Industriemechaniker (m\/w\/d)"},"content":{"rendered":"    <section class=\"block-headline-text container standard pb-5\">\n        <div class=\"row\">\n            <h1 class=\"col-12 title\">Deine Ausbildung zum Industriemechaniker (m\/w\/d)<\/h1>            <div class=\"col-12 text\"><h2>Ausbildungsstart: 1. September<\/h2>\n<p><strong>Deine Ausbildung dauert in der Regel 3 Jahre und findet bei der degro (Dehner Gro\u00dfhandels Gesellschaft) in Rain am Lech statt. <\/strong><strong>Nach Deiner erfolgreich bestandenen schriftlichen und praktischen Abschlusspr\u00fcfung bist Du IHK gepr\u00fcfter Industriemechaniker (m\/w\/d).\u00a0 Du hast die Schule der Mittleren Reife abgeschlossen \u2013 das passt perfekt. <\/strong><\/p>\n<\/div>        <\/div>\n    <\/section>\n\n\n<section class=\"block-img-txt img-70-text-30 pb-4\">\n    <div class=\"container\">\n        <div class=\"row\">\n                            <div class=\"col-lg-8 pb-4 d-none d-md-block image\">\n                    <img loading=\"lazy\" decoding=\"async\" width=\"1024\" height=\"576\" src=\"https:\/\/www.dehner.de\/jobs\/app\/uploads\/sites\/7\/2021\/01\/Arbeitsweltmotive_1920x1080px__Industriemech-1024x576.png\" class=\"img-cover\" alt=\"Ausbildung zum Industriemechaniker bei Dehner\" srcset=\"https:\/\/www.dehner.de\/jobs\/app\/uploads\/sites\/7\/2021\/01\/Arbeitsweltmotive_1920x1080px__Industriemech-1024x576.png 1024w, https:\/\/www.dehner.de\/jobs\/app\/uploads\/sites\/7\/2021\/01\/Arbeitsweltmotive_1920x1080px__Industriemech-300x169.png 300w, https:\/\/www.dehner.de\/jobs\/app\/uploads\/sites\/7\/2021\/01\/Arbeitsweltmotive_1920x1080px__Industriemech-150x84.png 150w, https:\/\/www.dehner.de\/jobs\/app\/uploads\/sites\/7\/2021\/01\/Arbeitsweltmotive_1920x1080px__Industriemech-768x432.png 768w, https:\/\/www.dehner.de\/jobs\/app\/uploads\/sites\/7\/2021\/01\/Arbeitsweltmotive_1920x1080px__Industriemech-1536x864.png 1536w, https:\/\/www.dehner.de\/jobs\/app\/uploads\/sites\/7\/2021\/01\/Arbeitsweltmotive_1920x1080px__Industriemech-1000x563.png 1000w, https:\/\/www.dehner.de\/jobs\/app\/uploads\/sites\/7\/2021\/01\/Arbeitsweltmotive_1920x1080px__Industriemech.png 1920w\" sizes=\"auto, (max-width: 1024px) 100vw, 1024px\" \/>                <\/div>\n                <div class=\"col-lg-4 df fc jcc body\">\n                            <a href=\"#\" class=\"toggler toggler-down-md toggler-hide\" data-toggle=\"collapse\" data-target=\"#block_5ee39f6323106\" aria-expanded=\"true\" aria-controls=\"block_5ee39f6323106\">\n                            <img loading=\"lazy\" decoding=\"async\" width=\"1024\" height=\"576\" src=\"https:\/\/www.dehner.de\/jobs\/app\/uploads\/sites\/7\/2021\/01\/Arbeitsweltmotive_1920x1080px__Industriemech-1024x576.png\" class=\"mobile-image img-fluid mb-3 d-md-none\" alt=\"Ausbildung zum Industriemechaniker bei Dehner\" srcset=\"https:\/\/www.dehner.de\/jobs\/app\/uploads\/sites\/7\/2021\/01\/Arbeitsweltmotive_1920x1080px__Industriemech-1024x576.png 1024w, https:\/\/www.dehner.de\/jobs\/app\/uploads\/sites\/7\/2021\/01\/Arbeitsweltmotive_1920x1080px__Industriemech-300x169.png 300w, https:\/\/www.dehner.de\/jobs\/app\/uploads\/sites\/7\/2021\/01\/Arbeitsweltmotive_1920x1080px__Industriemech-150x84.png 150w, https:\/\/www.dehner.de\/jobs\/app\/uploads\/sites\/7\/2021\/01\/Arbeitsweltmotive_1920x1080px__Industriemech-768x432.png 768w, https:\/\/www.dehner.de\/jobs\/app\/uploads\/sites\/7\/2021\/01\/Arbeitsweltmotive_1920x1080px__Industriemech-1536x864.png 1536w, https:\/\/www.dehner.de\/jobs\/app\/uploads\/sites\/7\/2021\/01\/Arbeitsweltmotive_1920x1080px__Industriemech-1000x563.png 1000w, https:\/\/www.dehner.de\/jobs\/app\/uploads\/sites\/7\/2021\/01\/Arbeitsweltmotive_1920x1080px__Industriemech.png 1920w\" sizes=\"auto, (max-width: 1024px) 100vw, 1024px\" \/>                        <h3 class=\"font-h4 toggler toggler-down-md\">Ein berufliches Zuhause f\u00fcr T\u00fcftler und Technik-Fans<\/h3>        <\/a>\n        <div class=\"collapse text show\" id=\"block_5ee39f6323106\" data-parent=\"main\">\n            <p>Dehner steht bis heute f\u00fcr h\u00f6chste Qualit\u00e4ts- und Produktionsanspr\u00fcche. Damit das auch in Zukunft so bleibt, verlassen wir uns bei der Wartung und Instandsetzung unseres eigenen Maschinen- und Anlagenparks auf die technische Kompetenz unserer ausgebildeten Industriemechaniker*innen. Viele unserer Profis absolvierten bereits ihre Ausbildung bei Dehner und haben in unserem Unternehmen ihr berufliches Zuhause gefunden.<\/p>\n                    <\/div>                <\/div>\n            \n        <\/div>\n    <\/div>\n<\/section>\n\n\n<section class=\"block-img-txt text-50-img-50 pb-4\">\n    <div class=\"container\">\n        <div class=\"row\">\n                            <div class=\"col-md-6 pb-4 d-none d-md-block image\">\n                    <img loading=\"lazy\" decoding=\"async\" width=\"1024\" height=\"683\" src=\"https:\/\/www.dehner.de\/jobs\/app\/uploads\/sites\/7\/2020\/06\/20170306_PR_MO_006_Blumenpark_MiMa_Frau_Messner-1024x683.jpg\" class=\"img-cover\" alt=\"Dehner Blumenpark\" srcset=\"https:\/\/www.dehner.de\/jobs\/app\/uploads\/sites\/7\/2020\/06\/20170306_PR_MO_006_Blumenpark_MiMa_Frau_Messner-1024x683.jpg 1024w, https:\/\/www.dehner.de\/jobs\/app\/uploads\/sites\/7\/2020\/06\/20170306_PR_MO_006_Blumenpark_MiMa_Frau_Messner-300x200.jpg 300w, https:\/\/www.dehner.de\/jobs\/app\/uploads\/sites\/7\/2020\/06\/20170306_PR_MO_006_Blumenpark_MiMa_Frau_Messner-150x100.jpg 150w, https:\/\/www.dehner.de\/jobs\/app\/uploads\/sites\/7\/2020\/06\/20170306_PR_MO_006_Blumenpark_MiMa_Frau_Messner-768x512.jpg 768w, https:\/\/www.dehner.de\/jobs\/app\/uploads\/sites\/7\/2020\/06\/20170306_PR_MO_006_Blumenpark_MiMa_Frau_Messner-1536x1024.jpg 1536w, https:\/\/www.dehner.de\/jobs\/app\/uploads\/sites\/7\/2020\/06\/20170306_PR_MO_006_Blumenpark_MiMa_Frau_Messner-2048x1365.jpg 2048w, https:\/\/www.dehner.de\/jobs\/app\/uploads\/sites\/7\/2020\/06\/20170306_PR_MO_006_Blumenpark_MiMa_Frau_Messner-1000x667.jpg 1000w\" sizes=\"auto, (max-width: 1024px) 100vw, 1024px\" \/>                <\/div>\n                <div class=\"col-md-6 df fc jcc body\">\n                            <a href=\"#\" class=\"toggler toggler-down-md toggler-hide\" data-toggle=\"collapse\" data-target=\"#block_5ee39fcb23107\" aria-expanded=\"true\" aria-controls=\"block_5ee39fcb23107\">\n                            <img loading=\"lazy\" decoding=\"async\" width=\"1024\" height=\"683\" src=\"https:\/\/www.dehner.de\/jobs\/app\/uploads\/sites\/7\/2020\/06\/20170306_PR_MO_006_Blumenpark_MiMa_Frau_Messner-1024x683.jpg\" class=\"mobile-image img-fluid mb-3 d-md-none\" alt=\"Dehner Blumenpark\" srcset=\"https:\/\/www.dehner.de\/jobs\/app\/uploads\/sites\/7\/2020\/06\/20170306_PR_MO_006_Blumenpark_MiMa_Frau_Messner-1024x683.jpg 1024w, https:\/\/www.dehner.de\/jobs\/app\/uploads\/sites\/7\/2020\/06\/20170306_PR_MO_006_Blumenpark_MiMa_Frau_Messner-300x200.jpg 300w, https:\/\/www.dehner.de\/jobs\/app\/uploads\/sites\/7\/2020\/06\/20170306_PR_MO_006_Blumenpark_MiMa_Frau_Messner-150x100.jpg 150w, https:\/\/www.dehner.de\/jobs\/app\/uploads\/sites\/7\/2020\/06\/20170306_PR_MO_006_Blumenpark_MiMa_Frau_Messner-768x512.jpg 768w, https:\/\/www.dehner.de\/jobs\/app\/uploads\/sites\/7\/2020\/06\/20170306_PR_MO_006_Blumenpark_MiMa_Frau_Messner-1536x1024.jpg 1536w, https:\/\/www.dehner.de\/jobs\/app\/uploads\/sites\/7\/2020\/06\/20170306_PR_MO_006_Blumenpark_MiMa_Frau_Messner-2048x1365.jpg 2048w, https:\/\/www.dehner.de\/jobs\/app\/uploads\/sites\/7\/2020\/06\/20170306_PR_MO_006_Blumenpark_MiMa_Frau_Messner-1000x667.jpg 1000w\" sizes=\"auto, (max-width: 1024px) 100vw, 1024px\" \/>                        <h3 class=\"font-h4 toggler toggler-down-md\">Eine Ausbildung mit Verantwortung<\/h3>        <\/a>\n        <div class=\"collapse text show\" id=\"block_5ee39fcb23107\" data-parent=\"main\">\n            <p>Als Industriemechaniker*in sorgst Du daf\u00fcr, dass die Maschinen und Anlagen in unserer Produktion reibungslos funktionieren. Zus\u00e4tzlich montierst Du Anlagen bzw. Anlagenteile und fertigst Bauteile und Baugruppen aus den unterschiedlichsten Materialien an. Dazu w\u00e4hlst Du die f\u00fcr den sp\u00e4teren Einsatzzweck passenden Materialien aus und folgst bei der Fertigung technischen Unterlagen und Zeichnungen, bevor Du diese fachm\u00e4nnisch einrichtest.<\/p>\n                    <\/div>                <\/div>\n            \n        <\/div>\n    <\/div>\n<\/section>\n\n\n<div class=\"container py-4 mb-5\">\n    <a class=\"btn btn-red btn-jobs btn-xs-full\" href=\"https:\/\/www.dehner.de\/jobs\/jobmarkt\/?tax=239\">\n        Zu den Ausbildungsstellen    <\/a>\n<\/div>\n\n","protected":false},"excerpt":{"rendered":"","protected":false},"author":1,"featured_media":33017,"parent":1133,"menu_order":8,"comment_status":"closed","ping_status":"closed","template":"","meta":{"_acf_changed":false,"footnotes":""},"class_list":["post-2522","page","type-page","status-publish","has-post-thumbnail","hentry"],"acf":[],"yoast_head":"<!-- This site is optimized with the Yoast SEO plugin v24.5 - https:\/\/yoast.com\/wordpress\/plugins\/seo\/ -->\n<title>Ausbildung Industriemechaniker bei Dehner<\/title>\n<meta name=\"description\" content=\"Ausbildung Industriemechaniker bei Dehner \u2713 Maschinen &amp; Technik \u2713 Praktische Erfahrung \u2713 Beste Zukunftschancen \u27a4 Jetzt informieren!\" \/>\n<meta name=\"robots\" content=\"index, follow, max-snippet:-1, max-image-preview:large, max-video-preview:-1\" \/>\n<link rel=\"canonical\" href=\"https:\/\/www.dehner.de\/jobs\/ausbildung-und-duales-studium\/ausbildung\/industriemechaniker\/\" \/>\n<meta property=\"og:locale\" content=\"de_DE\" \/>\n<meta property=\"og:type\" content=\"article\" \/>\n<meta property=\"og:title\" content=\"Ausbildung Industriemechaniker bei Dehner\" \/>\n<meta property=\"og:description\" content=\"Ausbildung Industriemechaniker bei Dehner \u2713 Maschinen &amp; Technik \u2713 Praktische Erfahrung \u2713 Beste Zukunftschancen \u27a4 Jetzt informieren!\" \/>\n<meta property=\"og:url\" content=\"https:\/\/www.dehner.de\/jobs\/ausbildung-und-duales-studium\/ausbildung\/industriemechaniker\/\" \/>\n<meta property=\"og:site_name\" content=\"Karriere bei Dehner\" \/>\n<meta property=\"article:modified_time\" content=\"2025-06-18T10:47:46+00:00\" \/>\n<meta property=\"og:image\" content=\"https:\/\/www.dehner.de\/jobs\/app\/uploads\/sites\/7\/2025\/06\/20250603_PR_MO_6474_azubis_aw_studio_herzig_florian.jpg\" \/>\n\t<meta property=\"og:image:width\" content=\"1920\" \/>\n\t<meta property=\"og:image:height\" content=\"1080\" \/>\n\t<meta property=\"og:image:type\" content=\"image\/jpeg\" \/>\n<meta name=\"twitter:card\" content=\"summary_large_image\" \/>\n<meta name=\"twitter:label1\" content=\"Est. reading time\" \/>\n\t<meta name=\"twitter:data1\" content=\"2 Minuten\" \/>\n<script type=\"application\/ld+json\" class=\"yoast-schema-graph\">{\"@context\":\"https:\/\/schema.org\",\"@graph\":[{\"@type\":\"WebPage\",\"@id\":\"https:\/\/www.dehner.de\/jobs\/ausbildung-und-duales-studium\/ausbildung\/industriemechaniker\/\",\"url\":\"https:\/\/www.dehner.de\/jobs\/ausbildung-und-duales-studium\/ausbildung\/industriemechaniker\/\",\"name\":\"Ausbildung Industriemechaniker bei Dehner\",\"isPartOf\":{\"@id\":\"https:\/\/www.dehner.de\/jobs\/#website\"},\"primaryImageOfPage\":{\"@id\":\"https:\/\/www.dehner.de\/jobs\/ausbildung-und-duales-studium\/ausbildung\/industriemechaniker\/#primaryimage\"},\"image\":{\"@id\":\"https:\/\/www.dehner.de\/jobs\/ausbildung-und-duales-studium\/ausbildung\/industriemechaniker\/#primaryimage\"},\"thumbnailUrl\":\"https:\/\/www.dehner.de\/jobs\/app\/uploads\/sites\/7\/2025\/06\/20250603_PR_MO_6474_azubis_aw_studio_herzig_florian.jpg\",\"datePublished\":\"2020-06-15T14:07:11+00:00\",\"dateModified\":\"2025-06-18T10:47:46+00:00\",\"description\":\"Ausbildung Industriemechaniker bei Dehner \u2713 Maschinen & Technik \u2713 Praktische Erfahrung \u2713 Beste Zukunftschancen \u27a4 Jetzt informieren!\",\"breadcrumb\":{\"@id\":\"https:\/\/www.dehner.de\/jobs\/ausbildung-und-duales-studium\/ausbildung\/industriemechaniker\/#breadcrumb\"},\"inLanguage\":\"de-DE\",\"potentialAction\":[{\"@type\":\"ReadAction\",\"target\":[\"https:\/\/www.dehner.de\/jobs\/ausbildung-und-duales-studium\/ausbildung\/industriemechaniker\/\"]}]},{\"@type\":\"ImageObject\",\"inLanguage\":\"de-DE\",\"@id\":\"https:\/\/www.dehner.de\/jobs\/ausbildung-und-duales-studium\/ausbildung\/industriemechaniker\/#primaryimage\",\"url\":\"https:\/\/www.dehner.de\/jobs\/app\/uploads\/sites\/7\/2025\/06\/20250603_PR_MO_6474_azubis_aw_studio_herzig_florian.jpg\",\"contentUrl\":\"https:\/\/www.dehner.de\/jobs\/app\/uploads\/sites\/7\/2025\/06\/20250603_PR_MO_6474_azubis_aw_studio_herzig_florian.jpg\",\"width\":1920,\"height\":1080,\"caption\":\"Florian lernen in der Ausbildung zur Fachkraft f\u00fcr Lagerlogistik alles rund um die Warenlagerung\"},{\"@type\":\"BreadcrumbList\",\"@id\":\"https:\/\/www.dehner.de\/jobs\/ausbildung-und-duales-studium\/ausbildung\/industriemechaniker\/#breadcrumb\",\"itemListElement\":[{\"@type\":\"ListItem\",\"position\":1,\"name\":\"Home\",\"item\":\"https:\/\/www.dehner.de\/jobs\/\"},{\"@type\":\"ListItem\",\"position\":2,\"name\":\"Ausbildung und Studium\",\"item\":\"https:\/\/www.dehner.de\/jobs\/ausbildung-und-duales-studium\/\"},{\"@type\":\"ListItem\",\"position\":3,\"name\":\"Ausbildung\",\"item\":\"https:\/\/www.dehner.de\/jobs\/ausbildung-und-duales-studium\/ausbildung\/\"},{\"@type\":\"ListItem\",\"position\":4,\"name\":\"Deine Ausbildung zum Industriemechaniker (m\/w\/d)\"}]},{\"@type\":\"WebSite\",\"@id\":\"https:\/\/www.dehner.de\/jobs\/#website\",\"url\":\"https:\/\/www.dehner.de\/jobs\/\",\"name\":\"Karriere bei Dehner\",\"description\":\"Die Storys unserer Personalbotschafter\",\"publisher\":{\"@id\":\"https:\/\/www.dehner.de\/jobs\/#organization\"},\"potentialAction\":[{\"@type\":\"SearchAction\",\"target\":{\"@type\":\"EntryPoint\",\"urlTemplate\":\"https:\/\/www.dehner.de\/jobs\/?s={search_term_string}\"},\"query-input\":{\"@type\":\"PropertyValueSpecification\",\"valueRequired\":true,\"valueName\":\"search_term_string\"}}],\"inLanguage\":\"de-DE\"},{\"@type\":\"Organization\",\"@id\":\"https:\/\/www.dehner.de\/jobs\/#organization\",\"name\":\"Karriere bei Dehner\",\"url\":\"https:\/\/www.dehner.de\/jobs\/\",\"logo\":{\"@type\":\"ImageObject\",\"inLanguage\":\"de-DE\",\"@id\":\"https:\/\/www.dehner.de\/jobs\/#\/schema\/logo\/image\/\",\"url\":\"https:\/\/www.dehner.de\/jobs\/app\/uploads\/sites\/7\/2025\/12\/dehner-garten-center-koenigsbrunn-revitalisierung-neubau-umbau.png\",\"contentUrl\":\"https:\/\/www.dehner.de\/jobs\/app\/uploads\/sites\/7\/2025\/12\/dehner-garten-center-koenigsbrunn-revitalisierung-neubau-umbau.png\",\"width\":800,\"height\":1315,\"caption\":\"Karriere bei Dehner\"},\"image\":{\"@id\":\"https:\/\/www.dehner.de\/jobs\/#\/schema\/logo\/image\/\"}}]}<\/script>\n<!-- \/ Yoast SEO plugin. -->","yoast_head_json":{"title":"Ausbildung Industriemechaniker bei Dehner","description":"Ausbildung Industriemechaniker bei Dehner \u2713 Maschinen & Technik \u2713 Praktische Erfahrung \u2713 Beste Zukunftschancen \u27a4 Jetzt informieren!","robots":{"index":"index","follow":"follow","max-snippet":"max-snippet:-1","max-image-preview":"max-image-preview:large","max-video-preview":"max-video-preview:-1"},"canonical":"https:\/\/www.dehner.de\/jobs\/ausbildung-und-duales-studium\/ausbildung\/industriemechaniker\/","og_locale":"de_DE","og_type":"article","og_title":"Ausbildung Industriemechaniker bei Dehner","og_description":"Ausbildung Industriemechaniker bei Dehner \u2713 Maschinen & Technik \u2713 Praktische Erfahrung \u2713 Beste Zukunftschancen \u27a4 Jetzt informieren!","og_url":"https:\/\/www.dehner.de\/jobs\/ausbildung-und-duales-studium\/ausbildung\/industriemechaniker\/","og_site_name":"Karriere bei Dehner","article_modified_time":"2025-06-18T10:47:46+00:00","og_image":[{"width":1920,"height":1080,"url":"https:\/\/www.dehner.de\/jobs\/app\/uploads\/sites\/7\/2025\/06\/20250603_PR_MO_6474_azubis_aw_studio_herzig_florian.jpg","type":"image\/jpeg"}],"twitter_card":"summary_large_image","twitter_misc":{"Est. reading time":"2 Minuten"},"schema":{"@context":"https:\/\/schema.org","@graph":[{"@type":"WebPage","@id":"https:\/\/www.dehner.de\/jobs\/ausbildung-und-duales-studium\/ausbildung\/industriemechaniker\/","url":"https:\/\/www.dehner.de\/jobs\/ausbildung-und-duales-studium\/ausbildung\/industriemechaniker\/","name":"Ausbildung Industriemechaniker bei Dehner","isPartOf":{"@id":"https:\/\/www.dehner.de\/jobs\/#website"},"primaryImageOfPage":{"@id":"https:\/\/www.dehner.de\/jobs\/ausbildung-und-duales-studium\/ausbildung\/industriemechaniker\/#primaryimage"},"image":{"@id":"https:\/\/www.dehner.de\/jobs\/ausbildung-und-duales-studium\/ausbildung\/industriemechaniker\/#primaryimage"},"thumbnailUrl":"https:\/\/www.dehner.de\/jobs\/app\/uploads\/sites\/7\/2025\/06\/20250603_PR_MO_6474_azubis_aw_studio_herzig_florian.jpg","datePublished":"2020-06-15T14:07:11+00:00","dateModified":"2025-06-18T10:47:46+00:00","description":"Ausbildung Industriemechaniker bei Dehner \u2713 Maschinen & Technik \u2713 Praktische Erfahrung \u2713 Beste Zukunftschancen \u27a4 Jetzt informieren!","breadcrumb":{"@id":"https:\/\/www.dehner.de\/jobs\/ausbildung-und-duales-studium\/ausbildung\/industriemechaniker\/#breadcrumb"},"inLanguage":"de-DE","potentialAction":[{"@type":"ReadAction","target":["https:\/\/www.dehner.de\/jobs\/ausbildung-und-duales-studium\/ausbildung\/industriemechaniker\/"]}]},{"@type":"ImageObject","inLanguage":"de-DE","@id":"https:\/\/www.dehner.de\/jobs\/ausbildung-und-duales-studium\/ausbildung\/industriemechaniker\/#primaryimage","url":"https:\/\/www.dehner.de\/jobs\/app\/uploads\/sites\/7\/2025\/06\/20250603_PR_MO_6474_azubis_aw_studio_herzig_florian.jpg","contentUrl":"https:\/\/www.dehner.de\/jobs\/app\/uploads\/sites\/7\/2025\/06\/20250603_PR_MO_6474_azubis_aw_studio_herzig_florian.jpg","width":1920,"height":1080,"caption":"Florian lernen in der Ausbildung zur Fachkraft f\u00fcr Lagerlogistik alles rund um die Warenlagerung"},{"@type":"BreadcrumbList","@id":"https:\/\/www.dehner.de\/jobs\/ausbildung-und-duales-studium\/ausbildung\/industriemechaniker\/#breadcrumb","itemListElement":[{"@type":"ListItem","position":1,"name":"Home","item":"https:\/\/www.dehner.de\/jobs\/"},{"@type":"ListItem","position":2,"name":"Ausbildung und Studium","item":"https:\/\/www.dehner.de\/jobs\/ausbildung-und-duales-studium\/"},{"@type":"ListItem","position":3,"name":"Ausbildung","item":"https:\/\/www.dehner.de\/jobs\/ausbildung-und-duales-studium\/ausbildung\/"},{"@type":"ListItem","position":4,"name":"Deine Ausbildung zum Industriemechaniker (m\/w\/d)"}]},{"@type":"WebSite","@id":"https:\/\/www.dehner.de\/jobs\/#website","url":"https:\/\/www.dehner.de\/jobs\/","name":"Karriere bei Dehner","description":"Die Storys unserer Personalbotschafter","publisher":{"@id":"https:\/\/www.dehner.de\/jobs\/#organization"},"potentialAction":[{"@type":"SearchAction","target":{"@type":"EntryPoint","urlTemplate":"https:\/\/www.dehner.de\/jobs\/?s={search_term_string}"},"query-input":{"@type":"PropertyValueSpecification","valueRequired":true,"valueName":"search_term_string"}}],"inLanguage":"de-DE"},{"@type":"Organization","@id":"https:\/\/www.dehner.de\/jobs\/#organization","name":"Karriere bei Dehner","url":"https:\/\/www.dehner.de\/jobs\/","logo":{"@type":"ImageObject","inLanguage":"de-DE","@id":"https:\/\/www.dehner.de\/jobs\/#\/schema\/logo\/image\/","url":"https:\/\/www.dehner.de\/jobs\/app\/uploads\/sites\/7\/2025\/12\/dehner-garten-center-koenigsbrunn-revitalisierung-neubau-umbau.png","contentUrl":"https:\/\/www.dehner.de\/jobs\/app\/uploads\/sites\/7\/2025\/12\/dehner-garten-center-koenigsbrunn-revitalisierung-neubau-umbau.png","width":800,"height":1315,"caption":"Karriere bei Dehner"},"image":{"@id":"https:\/\/www.dehner.de\/jobs\/#\/schema\/logo\/image\/"}}]}},"_links":{"self":[{"href":"https:\/\/www.dehner.de\/jobs\/wp-json\/wp\/v2\/pages\/2522","targetHints":{"allow":["GET"]}}],"collection":[{"href":"https:\/\/www.dehner.de\/jobs\/wp-json\/wp\/v2\/pages"}],"about":[{"href":"https:\/\/www.dehner.de\/jobs\/wp-json\/wp\/v2\/types\/page"}],"author":[{"embeddable":true,"href":"https:\/\/www.dehner.de\/jobs\/wp-json\/wp\/v2\/users\/1"}],"replies":[{"embeddable":true,"href":"https:\/\/www.dehner.de\/jobs\/wp-json\/wp\/v2\/comments?post=2522"}],"version-history":[{"count":23,"href":"https:\/\/www.dehner.de\/jobs\/wp-json\/wp\/v2\/pages\/2522\/revisions"}],"predecessor-version":[{"id":20457,"href":"https:\/\/www.dehner.de\/jobs\/wp-json\/wp\/v2\/pages\/2522\/revisions\/20457"}],"up":[{"embeddable":true,"href":"https:\/\/www.dehner.de\/jobs\/wp-json\/wp\/v2\/pages\/1133"}],"wp:featuredmedia":[{"embeddable":true,"href":"https:\/\/www.dehner.de\/jobs\/wp-json\/wp\/v2\/media\/33017"}],"wp:attachment":[{"href":"https:\/\/www.dehner.de\/jobs\/wp-json\/wp\/v2\/media?parent=2522"}],"curies":[{"name":"wp","href":"https:\/\/api.w.org\/{rel}","templated":true}]}}