{"id":2504,"date":"2020-06-15T15:51:31","date_gmt":"2020-06-15T13:51:31","guid":{"rendered":"https:\/\/www.dehner.de\/?page_id=2504"},"modified":"2025-06-18T12:47:15","modified_gmt":"2025-06-18T10:47:15","slug":"schreiner","status":"publish","type":"page","link":"https:\/\/www.dehner.de\/jobs\/ausbildung-und-duales-studium\/ausbildung\/schreiner\/","title":{"rendered":"Deine Ausbildung zum Schreiner (m\/w\/d)"},"content":{"rendered":"    <section class=\"block-headline-text container standard pb-5\">\n        <div class=\"row\">\n            <h1 class=\"col-12 title\">Deine Ausbildung zum Schreiner (m\/w\/d)<\/h1>            <div class=\"col-12 text\"><h2>Ausbildungsstart: 1. September<\/h2>\n<p><strong>Deine Ausbildung dauert in der Regel 3 Jahre und findet im Dehner Dienstleistungszentrum in Rain am Lech statt. <\/strong><strong>Mit Deiner erfolgreich bestandenen schriftlichen und praktischen Abschlusspr\u00fcfung bist Du HWK gepr\u00fcfter Schreiner (m\/w\/d). Du hast die Schule mit einem guten Hauptschulabschluss abgeschlossen \u2013 das passt perfekt.\u00a0 <\/strong><\/p>\n<\/div>        <\/div>\n    <\/section>\n\n\n<section class=\"block-img-txt img-70-text-30 pb-4\">\n    <div class=\"container\">\n        <div class=\"row\">\n                            <div class=\"col-lg-8 pb-4 d-none d-md-block image\">\n                    <img loading=\"lazy\" decoding=\"async\" width=\"1024\" height=\"576\" src=\"https:\/\/www.dehner.de\/jobs\/app\/uploads\/sites\/7\/2020\/12\/Arbeitsweltmotive_1920x1080px_Azubis_Tischler-1-1024x576.png\" class=\"img-cover\" alt=\"Ausbildung zum Tischler Dehner\" srcset=\"https:\/\/www.dehner.de\/jobs\/app\/uploads\/sites\/7\/2020\/12\/Arbeitsweltmotive_1920x1080px_Azubis_Tischler-1-1024x576.png 1024w, https:\/\/www.dehner.de\/jobs\/app\/uploads\/sites\/7\/2020\/12\/Arbeitsweltmotive_1920x1080px_Azubis_Tischler-1-300x169.png 300w, https:\/\/www.dehner.de\/jobs\/app\/uploads\/sites\/7\/2020\/12\/Arbeitsweltmotive_1920x1080px_Azubis_Tischler-1-150x84.png 150w, https:\/\/www.dehner.de\/jobs\/app\/uploads\/sites\/7\/2020\/12\/Arbeitsweltmotive_1920x1080px_Azubis_Tischler-1-768x432.png 768w, https:\/\/www.dehner.de\/jobs\/app\/uploads\/sites\/7\/2020\/12\/Arbeitsweltmotive_1920x1080px_Azubis_Tischler-1-1536x864.png 1536w, https:\/\/www.dehner.de\/jobs\/app\/uploads\/sites\/7\/2020\/12\/Arbeitsweltmotive_1920x1080px_Azubis_Tischler-1-1000x563.png 1000w, https:\/\/www.dehner.de\/jobs\/app\/uploads\/sites\/7\/2020\/12\/Arbeitsweltmotive_1920x1080px_Azubis_Tischler-1.png 1920w\" sizes=\"auto, (max-width: 1024px) 100vw, 1024px\" \/>                <\/div>\n                <div class=\"col-lg-4 df fc jcc body\">\n                            <a href=\"#\" class=\"toggler toggler-down-md toggler-hide\" data-toggle=\"collapse\" data-target=\"#block_5ee39f6323106\" aria-expanded=\"true\" aria-controls=\"block_5ee39f6323106\">\n                            <img loading=\"lazy\" decoding=\"async\" width=\"1024\" height=\"576\" src=\"https:\/\/www.dehner.de\/jobs\/app\/uploads\/sites\/7\/2020\/12\/Arbeitsweltmotive_1920x1080px_Azubis_Tischler-1-1024x576.png\" class=\"mobile-image img-fluid mb-3 d-md-none\" alt=\"Ausbildung zum Tischler Dehner\" srcset=\"https:\/\/www.dehner.de\/jobs\/app\/uploads\/sites\/7\/2020\/12\/Arbeitsweltmotive_1920x1080px_Azubis_Tischler-1-1024x576.png 1024w, https:\/\/www.dehner.de\/jobs\/app\/uploads\/sites\/7\/2020\/12\/Arbeitsweltmotive_1920x1080px_Azubis_Tischler-1-300x169.png 300w, https:\/\/www.dehner.de\/jobs\/app\/uploads\/sites\/7\/2020\/12\/Arbeitsweltmotive_1920x1080px_Azubis_Tischler-1-150x84.png 150w, https:\/\/www.dehner.de\/jobs\/app\/uploads\/sites\/7\/2020\/12\/Arbeitsweltmotive_1920x1080px_Azubis_Tischler-1-768x432.png 768w, https:\/\/www.dehner.de\/jobs\/app\/uploads\/sites\/7\/2020\/12\/Arbeitsweltmotive_1920x1080px_Azubis_Tischler-1-1536x864.png 1536w, https:\/\/www.dehner.de\/jobs\/app\/uploads\/sites\/7\/2020\/12\/Arbeitsweltmotive_1920x1080px_Azubis_Tischler-1-1000x563.png 1000w, https:\/\/www.dehner.de\/jobs\/app\/uploads\/sites\/7\/2020\/12\/Arbeitsweltmotive_1920x1080px_Azubis_Tischler-1.png 1920w\" sizes=\"auto, (max-width: 1024px) 100vw, 1024px\" \/>                        <h3 class=\"font-h4 toggler toggler-down-md\">Mehr als \u201enur\u201c Handwerk<\/h3>        <\/a>\n        <div class=\"collapse text show\" id=\"block_5ee39f6323106\" data-parent=\"main\">\n            <p>In unserer hauseigenen Schreinerei in Rain am Lech kann es auch schon mal laut und, zugegebenerma\u00dfen, mitunter dreckig zugehen. Kein Wunder, denn wo gehobelt wird, fallen Sp\u00e4ne. Egal ob es sich dabei um ein Regal, eine Bank oder einen Raumtrenner handelt \u2013 das gute St\u00fcck wurde von Dir pers\u00f6nlich gefertigt oder mitgestaltet und wird deshalb auch immer Deine Handschrift tragen. Es ist sein ganzes Produktleben lang Deine Kreation!<\/p>\n                    <\/div>                <\/div>\n            \n        <\/div>\n    <\/div>\n<\/section>\n\n\n<section class=\"block-img-txt text-50-img-50 pb-4\">\n    <div class=\"container\">\n        <div class=\"row\">\n                            <div class=\"col-md-6 pb-4 d-none d-md-block image\">\n                    <img loading=\"lazy\" decoding=\"async\" width=\"1024\" height=\"576\" src=\"https:\/\/www.dehner.de\/jobs\/app\/uploads\/sites\/7\/2020\/12\/Arbeitsweltmotive_1920x1080px_Azubis_Tischler-2-1024x576.png\" class=\"img-cover\" alt=\"Ausbildung zum Tischler Dehner\" srcset=\"https:\/\/www.dehner.de\/jobs\/app\/uploads\/sites\/7\/2020\/12\/Arbeitsweltmotive_1920x1080px_Azubis_Tischler-2-1024x576.png 1024w, https:\/\/www.dehner.de\/jobs\/app\/uploads\/sites\/7\/2020\/12\/Arbeitsweltmotive_1920x1080px_Azubis_Tischler-2-300x169.png 300w, https:\/\/www.dehner.de\/jobs\/app\/uploads\/sites\/7\/2020\/12\/Arbeitsweltmotive_1920x1080px_Azubis_Tischler-2-150x84.png 150w, https:\/\/www.dehner.de\/jobs\/app\/uploads\/sites\/7\/2020\/12\/Arbeitsweltmotive_1920x1080px_Azubis_Tischler-2-768x432.png 768w, https:\/\/www.dehner.de\/jobs\/app\/uploads\/sites\/7\/2020\/12\/Arbeitsweltmotive_1920x1080px_Azubis_Tischler-2-1536x864.png 1536w, https:\/\/www.dehner.de\/jobs\/app\/uploads\/sites\/7\/2020\/12\/Arbeitsweltmotive_1920x1080px_Azubis_Tischler-2-1000x563.png 1000w, https:\/\/www.dehner.de\/jobs\/app\/uploads\/sites\/7\/2020\/12\/Arbeitsweltmotive_1920x1080px_Azubis_Tischler-2.png 1920w\" sizes=\"auto, (max-width: 1024px) 100vw, 1024px\" \/>                <\/div>\n                <div class=\"col-md-6 df fc jcc body\">\n                            <a href=\"#\" class=\"toggler toggler-down-md toggler-hide\" data-toggle=\"collapse\" data-target=\"#block_5ee39fcb23107\" aria-expanded=\"true\" aria-controls=\"block_5ee39fcb23107\">\n                            <img loading=\"lazy\" decoding=\"async\" width=\"1024\" height=\"576\" src=\"https:\/\/www.dehner.de\/jobs\/app\/uploads\/sites\/7\/2020\/12\/Arbeitsweltmotive_1920x1080px_Azubis_Tischler-2-1024x576.png\" class=\"mobile-image img-fluid mb-3 d-md-none\" alt=\"Ausbildung zum Tischler Dehner\" srcset=\"https:\/\/www.dehner.de\/jobs\/app\/uploads\/sites\/7\/2020\/12\/Arbeitsweltmotive_1920x1080px_Azubis_Tischler-2-1024x576.png 1024w, https:\/\/www.dehner.de\/jobs\/app\/uploads\/sites\/7\/2020\/12\/Arbeitsweltmotive_1920x1080px_Azubis_Tischler-2-300x169.png 300w, https:\/\/www.dehner.de\/jobs\/app\/uploads\/sites\/7\/2020\/12\/Arbeitsweltmotive_1920x1080px_Azubis_Tischler-2-150x84.png 150w, https:\/\/www.dehner.de\/jobs\/app\/uploads\/sites\/7\/2020\/12\/Arbeitsweltmotive_1920x1080px_Azubis_Tischler-2-768x432.png 768w, https:\/\/www.dehner.de\/jobs\/app\/uploads\/sites\/7\/2020\/12\/Arbeitsweltmotive_1920x1080px_Azubis_Tischler-2-1536x864.png 1536w, https:\/\/www.dehner.de\/jobs\/app\/uploads\/sites\/7\/2020\/12\/Arbeitsweltmotive_1920x1080px_Azubis_Tischler-2-1000x563.png 1000w, https:\/\/www.dehner.de\/jobs\/app\/uploads\/sites\/7\/2020\/12\/Arbeitsweltmotive_1920x1080px_Azubis_Tischler-2.png 1920w\" sizes=\"auto, (max-width: 1024px) 100vw, 1024px\" \/>                        <h3 class=\"font-h4 toggler toggler-down-md\">Planen, Entwerfen und Herstellen<\/h3>        <\/a>\n        <div class=\"collapse text show\" id=\"block_5ee39fcb23107\" data-parent=\"main\">\n            <p>Zun\u00e4chst einmal solltest Du Spa\u00df am Umgang mit dem Werkstoff Holz haben. In Deiner Ausbildung lernst Du Maschinen zu bedienen und zu warten, Furnierarbeiten zu erledigen, eigene Entw\u00fcrfe zu zeichnen und umzusetzen, geeignete Holzarten auszuw\u00e4hlen und Auftragssteller zu beraten.<br \/>\nW\u00e4hrend eines Berufsvorbereitungsjahres in der Berufsschule, der t\u00e4glichen Praxis in unserer Schreinerei und spezieller Fachschulungen bei der Handwerkskammer erwirbst Du qualifiziertes Know-how, das Dich schlie\u00dflich Deine Abschlusspr\u00fcfung meistern l\u00e4sst. Und mit dem Gesellenbrief in der Hand stehen Dir eine Reihe weiterer Spezifikationen und Weiterbildungen offen.<\/p>\n                    <\/div>                <\/div>\n            \n        <\/div>\n    <\/div>\n<\/section>\n\n\n<div class=\"container py-4 mb-5\">\n    <a class=\"btn btn-red btn-jobs btn-xs-full\" href=\"https:\/\/www.dehner.de\/jobs\/jobmarkt\/?tax=239\">\n        Zu den Ausbildungsstellen    <\/a>\n<\/div>\n\n","protected":false},"excerpt":{"rendered":"","protected":false},"author":1,"featured_media":33021,"parent":1133,"menu_order":5,"comment_status":"closed","ping_status":"closed","template":"","meta":{"_acf_changed":false,"footnotes":""},"class_list":["post-2504","page","type-page","status-publish","has-post-thumbnail","hentry"],"acf":[],"yoast_head":"<!-- This site is optimized with the Yoast SEO plugin v24.5 - https:\/\/yoast.com\/wordpress\/plugins\/seo\/ -->\n<title>Ausbildung bei Dehner | Schreiner (m\/w\/d) | Dehner Jobs<\/title>\n<meta name=\"description\" content=\"Deine handwerkliche Ausbildung bei Dehner: \u2713Details zum Beruf \u2713Aufgaben &amp; Anforderungen \u2713Einblicke in die Ausbildung \u25ba Jetzt informieren &amp; bewerben!\" \/>\n<meta name=\"robots\" content=\"index, follow, max-snippet:-1, max-image-preview:large, max-video-preview:-1\" \/>\n<link rel=\"canonical\" href=\"https:\/\/www.dehner.de\/jobs\/ausbildung-und-duales-studium\/ausbildung\/schreiner\/\" \/>\n<meta property=\"og:locale\" content=\"de_DE\" \/>\n<meta property=\"og:type\" content=\"article\" \/>\n<meta property=\"og:title\" content=\"Ausbildung bei Dehner | Schreiner (m\/w\/d) | Dehner Jobs\" \/>\n<meta property=\"og:description\" content=\"Deine handwerkliche Ausbildung bei Dehner: \u2713Details zum Beruf \u2713Aufgaben &amp; Anforderungen \u2713Einblicke in die Ausbildung \u25ba Jetzt informieren &amp; bewerben!\" \/>\n<meta property=\"og:url\" content=\"https:\/\/www.dehner.de\/jobs\/ausbildung-und-duales-studium\/ausbildung\/schreiner\/\" \/>\n<meta property=\"og:site_name\" content=\"Karriere bei Dehner\" \/>\n<meta property=\"article:modified_time\" content=\"2025-06-18T10:47:15+00:00\" \/>\n<meta property=\"og:image\" content=\"https:\/\/www.dehner.de\/jobs\/app\/uploads\/sites\/7\/2025\/06\/20250603_PR_MO_7272_azubis_aw_studio_herzig_pit.jpg\" \/>\n\t<meta property=\"og:image:width\" content=\"1920\" \/>\n\t<meta property=\"og:image:height\" content=\"1080\" \/>\n\t<meta property=\"og:image:type\" content=\"image\/jpeg\" \/>\n<meta name=\"twitter:card\" content=\"summary_large_image\" \/>\n<meta name=\"twitter:label1\" content=\"Est. reading time\" \/>\n\t<meta name=\"twitter:data1\" content=\"2 Minuten\" \/>\n<script type=\"application\/ld+json\" class=\"yoast-schema-graph\">{\"@context\":\"https:\/\/schema.org\",\"@graph\":[{\"@type\":\"WebPage\",\"@id\":\"https:\/\/www.dehner.de\/jobs\/ausbildung-und-duales-studium\/ausbildung\/schreiner\/\",\"url\":\"https:\/\/www.dehner.de\/jobs\/ausbildung-und-duales-studium\/ausbildung\/schreiner\/\",\"name\":\"Ausbildung bei Dehner | Schreiner (m\/w\/d) | Dehner Jobs\",\"isPartOf\":{\"@id\":\"https:\/\/www.dehner.de\/jobs\/#website\"},\"primaryImageOfPage\":{\"@id\":\"https:\/\/www.dehner.de\/jobs\/ausbildung-und-duales-studium\/ausbildung\/schreiner\/#primaryimage\"},\"image\":{\"@id\":\"https:\/\/www.dehner.de\/jobs\/ausbildung-und-duales-studium\/ausbildung\/schreiner\/#primaryimage\"},\"thumbnailUrl\":\"https:\/\/www.dehner.de\/jobs\/app\/uploads\/sites\/7\/2025\/06\/20250603_PR_MO_7272_azubis_aw_studio_herzig_pit.jpg\",\"datePublished\":\"2020-06-15T13:51:31+00:00\",\"dateModified\":\"2025-06-18T10:47:15+00:00\",\"description\":\"Deine handwerkliche Ausbildung bei Dehner: \u2713Details zum Beruf \u2713Aufgaben & Anforderungen \u2713Einblicke in die Ausbildung \u25ba Jetzt informieren & bewerben!\",\"breadcrumb\":{\"@id\":\"https:\/\/www.dehner.de\/jobs\/ausbildung-und-duales-studium\/ausbildung\/schreiner\/#breadcrumb\"},\"inLanguage\":\"de-DE\",\"potentialAction\":[{\"@type\":\"ReadAction\",\"target\":[\"https:\/\/www.dehner.de\/jobs\/ausbildung-und-duales-studium\/ausbildung\/schreiner\/\"]}]},{\"@type\":\"ImageObject\",\"inLanguage\":\"de-DE\",\"@id\":\"https:\/\/www.dehner.de\/jobs\/ausbildung-und-duales-studium\/ausbildung\/schreiner\/#primaryimage\",\"url\":\"https:\/\/www.dehner.de\/jobs\/app\/uploads\/sites\/7\/2025\/06\/20250603_PR_MO_7272_azubis_aw_studio_herzig_pit.jpg\",\"contentUrl\":\"https:\/\/www.dehner.de\/jobs\/app\/uploads\/sites\/7\/2025\/06\/20250603_PR_MO_7272_azubis_aw_studio_herzig_pit.jpg\",\"width\":1920,\"height\":1080,\"caption\":\"In der Ausbildung zum Schreiner erstellt Pit verschiedenen Werkst\u00fccke in der Schreinerei\"},{\"@type\":\"BreadcrumbList\",\"@id\":\"https:\/\/www.dehner.de\/jobs\/ausbildung-und-duales-studium\/ausbildung\/schreiner\/#breadcrumb\",\"itemListElement\":[{\"@type\":\"ListItem\",\"position\":1,\"name\":\"Home\",\"item\":\"https:\/\/www.dehner.de\/jobs\/\"},{\"@type\":\"ListItem\",\"position\":2,\"name\":\"Ausbildung und Studium\",\"item\":\"https:\/\/www.dehner.de\/jobs\/ausbildung-und-duales-studium\/\"},{\"@type\":\"ListItem\",\"position\":3,\"name\":\"Ausbildung\",\"item\":\"https:\/\/www.dehner.de\/jobs\/ausbildung-und-duales-studium\/ausbildung\/\"},{\"@type\":\"ListItem\",\"position\":4,\"name\":\"Deine Ausbildung zum Schreiner (m\/w\/d)\"}]},{\"@type\":\"WebSite\",\"@id\":\"https:\/\/www.dehner.de\/jobs\/#website\",\"url\":\"https:\/\/www.dehner.de\/jobs\/\",\"name\":\"Karriere bei Dehner\",\"description\":\"Die Storys unserer Personalbotschafter\",\"publisher\":{\"@id\":\"https:\/\/www.dehner.de\/jobs\/#organization\"},\"potentialAction\":[{\"@type\":\"SearchAction\",\"target\":{\"@type\":\"EntryPoint\",\"urlTemplate\":\"https:\/\/www.dehner.de\/jobs\/?s={search_term_string}\"},\"query-input\":{\"@type\":\"PropertyValueSpecification\",\"valueRequired\":true,\"valueName\":\"search_term_string\"}}],\"inLanguage\":\"de-DE\"},{\"@type\":\"Organization\",\"@id\":\"https:\/\/www.dehner.de\/jobs\/#organization\",\"name\":\"Karriere bei Dehner\",\"url\":\"https:\/\/www.dehner.de\/jobs\/\",\"logo\":{\"@type\":\"ImageObject\",\"inLanguage\":\"de-DE\",\"@id\":\"https:\/\/www.dehner.de\/jobs\/#\/schema\/logo\/image\/\",\"url\":\"https:\/\/www.dehner.de\/jobs\/app\/uploads\/sites\/7\/2025\/12\/dehner-garten-center-koenigsbrunn-revitalisierung-neubau-umbau.png\",\"contentUrl\":\"https:\/\/www.dehner.de\/jobs\/app\/uploads\/sites\/7\/2025\/12\/dehner-garten-center-koenigsbrunn-revitalisierung-neubau-umbau.png\",\"width\":800,\"height\":1315,\"caption\":\"Karriere bei Dehner\"},\"image\":{\"@id\":\"https:\/\/www.dehner.de\/jobs\/#\/schema\/logo\/image\/\"}}]}<\/script>\n<!-- \/ Yoast SEO plugin. -->","yoast_head_json":{"title":"Ausbildung bei Dehner | Schreiner (m\/w\/d) | Dehner Jobs","description":"Deine handwerkliche Ausbildung bei Dehner: \u2713Details zum Beruf \u2713Aufgaben & Anforderungen \u2713Einblicke in die Ausbildung \u25ba Jetzt informieren & bewerben!","robots":{"index":"index","follow":"follow","max-snippet":"max-snippet:-1","max-image-preview":"max-image-preview:large","max-video-preview":"max-video-preview:-1"},"canonical":"https:\/\/www.dehner.de\/jobs\/ausbildung-und-duales-studium\/ausbildung\/schreiner\/","og_locale":"de_DE","og_type":"article","og_title":"Ausbildung bei Dehner | Schreiner (m\/w\/d) | Dehner Jobs","og_description":"Deine handwerkliche Ausbildung bei Dehner: \u2713Details zum Beruf \u2713Aufgaben & Anforderungen \u2713Einblicke in die Ausbildung \u25ba Jetzt informieren & bewerben!","og_url":"https:\/\/www.dehner.de\/jobs\/ausbildung-und-duales-studium\/ausbildung\/schreiner\/","og_site_name":"Karriere bei Dehner","article_modified_time":"2025-06-18T10:47:15+00:00","og_image":[{"width":1920,"height":1080,"url":"https:\/\/www.dehner.de\/jobs\/app\/uploads\/sites\/7\/2025\/06\/20250603_PR_MO_7272_azubis_aw_studio_herzig_pit.jpg","type":"image\/jpeg"}],"twitter_card":"summary_large_image","twitter_misc":{"Est. reading time":"2 Minuten"},"schema":{"@context":"https:\/\/schema.org","@graph":[{"@type":"WebPage","@id":"https:\/\/www.dehner.de\/jobs\/ausbildung-und-duales-studium\/ausbildung\/schreiner\/","url":"https:\/\/www.dehner.de\/jobs\/ausbildung-und-duales-studium\/ausbildung\/schreiner\/","name":"Ausbildung bei Dehner | Schreiner (m\/w\/d) | Dehner Jobs","isPartOf":{"@id":"https:\/\/www.dehner.de\/jobs\/#website"},"primaryImageOfPage":{"@id":"https:\/\/www.dehner.de\/jobs\/ausbildung-und-duales-studium\/ausbildung\/schreiner\/#primaryimage"},"image":{"@id":"https:\/\/www.dehner.de\/jobs\/ausbildung-und-duales-studium\/ausbildung\/schreiner\/#primaryimage"},"thumbnailUrl":"https:\/\/www.dehner.de\/jobs\/app\/uploads\/sites\/7\/2025\/06\/20250603_PR_MO_7272_azubis_aw_studio_herzig_pit.jpg","datePublished":"2020-06-15T13:51:31+00:00","dateModified":"2025-06-18T10:47:15+00:00","description":"Deine handwerkliche Ausbildung bei Dehner: \u2713Details zum Beruf \u2713Aufgaben & Anforderungen \u2713Einblicke in die Ausbildung \u25ba Jetzt informieren & bewerben!","breadcrumb":{"@id":"https:\/\/www.dehner.de\/jobs\/ausbildung-und-duales-studium\/ausbildung\/schreiner\/#breadcrumb"},"inLanguage":"de-DE","potentialAction":[{"@type":"ReadAction","target":["https:\/\/www.dehner.de\/jobs\/ausbildung-und-duales-studium\/ausbildung\/schreiner\/"]}]},{"@type":"ImageObject","inLanguage":"de-DE","@id":"https:\/\/www.dehner.de\/jobs\/ausbildung-und-duales-studium\/ausbildung\/schreiner\/#primaryimage","url":"https:\/\/www.dehner.de\/jobs\/app\/uploads\/sites\/7\/2025\/06\/20250603_PR_MO_7272_azubis_aw_studio_herzig_pit.jpg","contentUrl":"https:\/\/www.dehner.de\/jobs\/app\/uploads\/sites\/7\/2025\/06\/20250603_PR_MO_7272_azubis_aw_studio_herzig_pit.jpg","width":1920,"height":1080,"caption":"In der Ausbildung zum Schreiner erstellt Pit verschiedenen Werkst\u00fccke in der Schreinerei"},{"@type":"BreadcrumbList","@id":"https:\/\/www.dehner.de\/jobs\/ausbildung-und-duales-studium\/ausbildung\/schreiner\/#breadcrumb","itemListElement":[{"@type":"ListItem","position":1,"name":"Home","item":"https:\/\/www.dehner.de\/jobs\/"},{"@type":"ListItem","position":2,"name":"Ausbildung und Studium","item":"https:\/\/www.dehner.de\/jobs\/ausbildung-und-duales-studium\/"},{"@type":"ListItem","position":3,"name":"Ausbildung","item":"https:\/\/www.dehner.de\/jobs\/ausbildung-und-duales-studium\/ausbildung\/"},{"@type":"ListItem","position":4,"name":"Deine Ausbildung zum Schreiner (m\/w\/d)"}]},{"@type":"WebSite","@id":"https:\/\/www.dehner.de\/jobs\/#website","url":"https:\/\/www.dehner.de\/jobs\/","name":"Karriere bei Dehner","description":"Die Storys unserer Personalbotschafter","publisher":{"@id":"https:\/\/www.dehner.de\/jobs\/#organization"},"potentialAction":[{"@type":"SearchAction","target":{"@type":"EntryPoint","urlTemplate":"https:\/\/www.dehner.de\/jobs\/?s={search_term_string}"},"query-input":{"@type":"PropertyValueSpecification","valueRequired":true,"valueName":"search_term_string"}}],"inLanguage":"de-DE"},{"@type":"Organization","@id":"https:\/\/www.dehner.de\/jobs\/#organization","name":"Karriere bei Dehner","url":"https:\/\/www.dehner.de\/jobs\/","logo":{"@type":"ImageObject","inLanguage":"de-DE","@id":"https:\/\/www.dehner.de\/jobs\/#\/schema\/logo\/image\/","url":"https:\/\/www.dehner.de\/jobs\/app\/uploads\/sites\/7\/2025\/12\/dehner-garten-center-koenigsbrunn-revitalisierung-neubau-umbau.png","contentUrl":"https:\/\/www.dehner.de\/jobs\/app\/uploads\/sites\/7\/2025\/12\/dehner-garten-center-koenigsbrunn-revitalisierung-neubau-umbau.png","width":800,"height":1315,"caption":"Karriere bei Dehner"},"image":{"@id":"https:\/\/www.dehner.de\/jobs\/#\/schema\/logo\/image\/"}}]}},"_links":{"self":[{"href":"https:\/\/www.dehner.de\/jobs\/wp-json\/wp\/v2\/pages\/2504","targetHints":{"allow":["GET"]}}],"collection":[{"href":"https:\/\/www.dehner.de\/jobs\/wp-json\/wp\/v2\/pages"}],"about":[{"href":"https:\/\/www.dehner.de\/jobs\/wp-json\/wp\/v2\/types\/page"}],"author":[{"embeddable":true,"href":"https:\/\/www.dehner.de\/jobs\/wp-json\/wp\/v2\/users\/1"}],"replies":[{"embeddable":true,"href":"https:\/\/www.dehner.de\/jobs\/wp-json\/wp\/v2\/comments?post=2504"}],"version-history":[{"count":35,"href":"https:\/\/www.dehner.de\/jobs\/wp-json\/wp\/v2\/pages\/2504\/revisions"}],"predecessor-version":[{"id":20454,"href":"https:\/\/www.dehner.de\/jobs\/wp-json\/wp\/v2\/pages\/2504\/revisions\/20454"}],"up":[{"embeddable":true,"href":"https:\/\/www.dehner.de\/jobs\/wp-json\/wp\/v2\/pages\/1133"}],"wp:featuredmedia":[{"embeddable":true,"href":"https:\/\/www.dehner.de\/jobs\/wp-json\/wp\/v2\/media\/33021"}],"wp:attachment":[{"href":"https:\/\/www.dehner.de\/jobs\/wp-json\/wp\/v2\/media?parent=2504"}],"curies":[{"name":"wp","href":"https:\/\/api.w.org\/{rel}","templated":true}]}}