{"id":2497,"date":"2020-06-15T15:46:28","date_gmt":"2020-06-15T13:46:28","guid":{"rendered":"https:\/\/www.dehner.de\/?page_id=2497"},"modified":"2025-06-18T12:47:03","modified_gmt":"2025-06-18T10:47:03","slug":"fachinformatiker","status":"publish","type":"page","link":"https:\/\/www.dehner.de\/jobs\/ausbildung-und-duales-studium\/ausbildung\/fachinformatiker\/","title":{"rendered":"Deine Ausbildung zum Fachinformatiker (m\/w\/d)"},"content":{"rendered":"    <section class=\"block-headline-text container standard pb-5\">\n        <div class=\"row\">\n            <h1 class=\"col-12 title\">Deine Ausbildung zum Fachinformatiker (m\/w\/d)<\/h1>            <div class=\"col-12 text\"><h2>Ausbildungsstart: 1. September<\/h2>\n<p><strong>Deine Ausbildung dauert in der Regel 3 Jahre und findet im Dehner Dienstleistungszentrum in Rain am Lech statt.\u00a0<\/strong><strong><span data-olk-copy-source=\"MessageBody\">Nach Deiner erfolgreich bestandenen schriftlichen und m\u00fcndlichen Abschlusspr\u00fcfung bist Du je nach gew\u00e4hltem Schwerpunkt IHK gepr\u00fcfter Fachinformatiker f\u00fcr Systemintegration oder Anwendungsentwicklung (m\/w\/d).<\/span> Du hast die Schule mit der Mittleren Reife abgeschlossen \u2013 das passt perfekt.\u00a0 <\/strong><\/p>\n<\/div>        <\/div>\n    <\/section>\n\n\n<section class=\"block-img-txt img-70-text-30 pb-4\">\n    <div class=\"container\">\n        <div class=\"row\">\n                            <div class=\"col-lg-8 pb-4 d-none d-md-block image\">\n                    <img loading=\"lazy\" decoding=\"async\" width=\"1024\" height=\"576\" src=\"https:\/\/www.dehner.de\/jobs\/app\/uploads\/sites\/7\/2020\/12\/Arbeitsweltmotive_1920x1080px_Azubis_Fachinformatiker-1-1024x576.png\" class=\"img-cover\" alt=\"Ausbildung zum Fachinformatiker f\u00fcr Systemintegration Dehner\" srcset=\"https:\/\/www.dehner.de\/jobs\/app\/uploads\/sites\/7\/2020\/12\/Arbeitsweltmotive_1920x1080px_Azubis_Fachinformatiker-1-1024x576.png 1024w, https:\/\/www.dehner.de\/jobs\/app\/uploads\/sites\/7\/2020\/12\/Arbeitsweltmotive_1920x1080px_Azubis_Fachinformatiker-1-300x169.png 300w, https:\/\/www.dehner.de\/jobs\/app\/uploads\/sites\/7\/2020\/12\/Arbeitsweltmotive_1920x1080px_Azubis_Fachinformatiker-1-150x84.png 150w, https:\/\/www.dehner.de\/jobs\/app\/uploads\/sites\/7\/2020\/12\/Arbeitsweltmotive_1920x1080px_Azubis_Fachinformatiker-1-768x432.png 768w, https:\/\/www.dehner.de\/jobs\/app\/uploads\/sites\/7\/2020\/12\/Arbeitsweltmotive_1920x1080px_Azubis_Fachinformatiker-1-1536x864.png 1536w, https:\/\/www.dehner.de\/jobs\/app\/uploads\/sites\/7\/2020\/12\/Arbeitsweltmotive_1920x1080px_Azubis_Fachinformatiker-1-1000x563.png 1000w, https:\/\/www.dehner.de\/jobs\/app\/uploads\/sites\/7\/2020\/12\/Arbeitsweltmotive_1920x1080px_Azubis_Fachinformatiker-1.png 1920w\" sizes=\"auto, (max-width: 1024px) 100vw, 1024px\" \/>                <\/div>\n                <div class=\"col-lg-4 df fc jcc body\">\n                            <a href=\"#\" class=\"toggler toggler-down-md toggler-hide\" data-toggle=\"collapse\" data-target=\"#block_474f21ef36952beb6fe196c2ea3bdc57\" aria-expanded=\"true\" aria-controls=\"block_474f21ef36952beb6fe196c2ea3bdc57\">\n                            <img loading=\"lazy\" decoding=\"async\" width=\"1024\" height=\"576\" src=\"https:\/\/www.dehner.de\/jobs\/app\/uploads\/sites\/7\/2020\/12\/Arbeitsweltmotive_1920x1080px_Azubis_Fachinformatiker-1-1024x576.png\" class=\"mobile-image img-fluid mb-3 d-md-none\" alt=\"Ausbildung zum Fachinformatiker f\u00fcr Systemintegration Dehner\" srcset=\"https:\/\/www.dehner.de\/jobs\/app\/uploads\/sites\/7\/2020\/12\/Arbeitsweltmotive_1920x1080px_Azubis_Fachinformatiker-1-1024x576.png 1024w, https:\/\/www.dehner.de\/jobs\/app\/uploads\/sites\/7\/2020\/12\/Arbeitsweltmotive_1920x1080px_Azubis_Fachinformatiker-1-300x169.png 300w, https:\/\/www.dehner.de\/jobs\/app\/uploads\/sites\/7\/2020\/12\/Arbeitsweltmotive_1920x1080px_Azubis_Fachinformatiker-1-150x84.png 150w, https:\/\/www.dehner.de\/jobs\/app\/uploads\/sites\/7\/2020\/12\/Arbeitsweltmotive_1920x1080px_Azubis_Fachinformatiker-1-768x432.png 768w, https:\/\/www.dehner.de\/jobs\/app\/uploads\/sites\/7\/2020\/12\/Arbeitsweltmotive_1920x1080px_Azubis_Fachinformatiker-1-1536x864.png 1536w, https:\/\/www.dehner.de\/jobs\/app\/uploads\/sites\/7\/2020\/12\/Arbeitsweltmotive_1920x1080px_Azubis_Fachinformatiker-1-1000x563.png 1000w, https:\/\/www.dehner.de\/jobs\/app\/uploads\/sites\/7\/2020\/12\/Arbeitsweltmotive_1920x1080px_Azubis_Fachinformatiker-1.png 1920w\" sizes=\"auto, (max-width: 1024px) 100vw, 1024px\" \/>                        <h3 class=\"font-h4 toggler toggler-down-md\">Wir f\u00f6rdern Dein fachliches Know-how<\/h3>        <\/a>\n        <div class=\"collapse text show\" id=\"block_474f21ef36952beb6fe196c2ea3bdc57\" data-parent=\"main\">\n            <p>Als Teil unserer starken Gemeinschaft aus \u00fcber 100 IT-Experten bei Dehner unterst\u00fctzen wir Dich dabei, Dein fachliches Wissen kontinuierlich auszubauen. Von Anfang an setzen wir auf Deine individuellen St\u00e4rken und bieten Dir die M\u00f6glichkeit, praxisnah und aktiv in Projekten mitzuwirken. Schon als Auszubildender \u00fcbernimmst Du verantwortungsvolle Aufgaben und kannst Dein Wissen direkt anwenden. Wir stehen als Team fest zusammen, unterst\u00fctzen uns gegenseitig und sorgen daf\u00fcr, dass Du immer weiter wachsen kannst.<\/p>\n<p class=\"x_MsoNormal\">Du hast die Wahl zwischen den Fachrichtungen Anwendungsentwicklung und Systemintegration.<\/p>\n                    <\/div>                <\/div>\n            \n        <\/div>\n    <\/div>\n<\/section>\n\n\n<section class=\"block-img-txt text-50-img-50 pb-4\">\n    <div class=\"container\">\n        <div class=\"row\">\n                            <div class=\"col-md-6 pb-4 d-none d-md-block image\">\n                    <img loading=\"lazy\" decoding=\"async\" width=\"1024\" height=\"576\" src=\"https:\/\/www.dehner.de\/jobs\/app\/uploads\/sites\/7\/2020\/12\/Arbeitsweltmotive_1920x1080px_Azubis_Fachinformatiker-2-1024x576.png\" class=\"img-cover\" alt=\"Ausbildung zum Fachinformatiker f\u00fcr Systemintegration Dehner\" srcset=\"https:\/\/www.dehner.de\/jobs\/app\/uploads\/sites\/7\/2020\/12\/Arbeitsweltmotive_1920x1080px_Azubis_Fachinformatiker-2-1024x576.png 1024w, https:\/\/www.dehner.de\/jobs\/app\/uploads\/sites\/7\/2020\/12\/Arbeitsweltmotive_1920x1080px_Azubis_Fachinformatiker-2-300x169.png 300w, https:\/\/www.dehner.de\/jobs\/app\/uploads\/sites\/7\/2020\/12\/Arbeitsweltmotive_1920x1080px_Azubis_Fachinformatiker-2-150x84.png 150w, https:\/\/www.dehner.de\/jobs\/app\/uploads\/sites\/7\/2020\/12\/Arbeitsweltmotive_1920x1080px_Azubis_Fachinformatiker-2-768x432.png 768w, https:\/\/www.dehner.de\/jobs\/app\/uploads\/sites\/7\/2020\/12\/Arbeitsweltmotive_1920x1080px_Azubis_Fachinformatiker-2-1536x864.png 1536w, https:\/\/www.dehner.de\/jobs\/app\/uploads\/sites\/7\/2020\/12\/Arbeitsweltmotive_1920x1080px_Azubis_Fachinformatiker-2-1000x563.png 1000w, https:\/\/www.dehner.de\/jobs\/app\/uploads\/sites\/7\/2020\/12\/Arbeitsweltmotive_1920x1080px_Azubis_Fachinformatiker-2.png 1920w\" sizes=\"auto, (max-width: 1024px) 100vw, 1024px\" \/>                <\/div>\n                <div class=\"col-md-6 df fc jcc body\">\n                            <a href=\"#\" class=\"toggler toggler-down-md toggler-hide\" data-toggle=\"collapse\" data-target=\"#block_b75799315270c03ae5f9cde4b770c065\" aria-expanded=\"true\" aria-controls=\"block_b75799315270c03ae5f9cde4b770c065\">\n                            <img loading=\"lazy\" decoding=\"async\" width=\"1024\" height=\"576\" src=\"https:\/\/www.dehner.de\/jobs\/app\/uploads\/sites\/7\/2020\/12\/Arbeitsweltmotive_1920x1080px_Azubis_Fachinformatiker-2-1024x576.png\" class=\"mobile-image img-fluid mb-3 d-md-none\" alt=\"Ausbildung zum Fachinformatiker f\u00fcr Systemintegration Dehner\" srcset=\"https:\/\/www.dehner.de\/jobs\/app\/uploads\/sites\/7\/2020\/12\/Arbeitsweltmotive_1920x1080px_Azubis_Fachinformatiker-2-1024x576.png 1024w, https:\/\/www.dehner.de\/jobs\/app\/uploads\/sites\/7\/2020\/12\/Arbeitsweltmotive_1920x1080px_Azubis_Fachinformatiker-2-300x169.png 300w, https:\/\/www.dehner.de\/jobs\/app\/uploads\/sites\/7\/2020\/12\/Arbeitsweltmotive_1920x1080px_Azubis_Fachinformatiker-2-150x84.png 150w, https:\/\/www.dehner.de\/jobs\/app\/uploads\/sites\/7\/2020\/12\/Arbeitsweltmotive_1920x1080px_Azubis_Fachinformatiker-2-768x432.png 768w, https:\/\/www.dehner.de\/jobs\/app\/uploads\/sites\/7\/2020\/12\/Arbeitsweltmotive_1920x1080px_Azubis_Fachinformatiker-2-1536x864.png 1536w, https:\/\/www.dehner.de\/jobs\/app\/uploads\/sites\/7\/2020\/12\/Arbeitsweltmotive_1920x1080px_Azubis_Fachinformatiker-2-1000x563.png 1000w, https:\/\/www.dehner.de\/jobs\/app\/uploads\/sites\/7\/2020\/12\/Arbeitsweltmotive_1920x1080px_Azubis_Fachinformatiker-2.png 1920w\" sizes=\"auto, (max-width: 1024px) 100vw, 1024px\" \/>                        <h3 class=\"font-h4 toggler toggler-down-md\">Deine Ausbildung zum Fachinformatiker f\u00fcr Systemintegration (m\/w\/d) bei Dehner<\/h3>        <\/a>\n        <div class=\"collapse text show\" id=\"block_b75799315270c03ae5f9cde4b770c065\" data-parent=\"main\">\n            <p><span data-olk-copy-source=\"MessageBody\">In Deiner Ausbildung setzt Du gemeinsam mit Deinem Team unternehmensrelevante Anforderungen in komplexe Hard- und Softwaresysteme um. Du analysierst, planst und realisierst informations- und telekommunikationstechnische Systeme f\u00fcr die gesamte Dehner-Gruppe. Auch die fachliche Beratung und der Support innerhalb des Unternehmens geh\u00f6ren zu den t\u00e4glichen Herausforderungen.<\/span><\/p>\n                    <\/div>                <\/div>\n            \n        <\/div>\n    <\/div>\n<\/section>\n\n\n<section class=\"block-img-txt img-50-text-50 pb-4\">\n    <div class=\"container\">\n        <div class=\"row\">\n                            <div class=\"col-md-6 pb-4 d-none d-md-block image\">\n                    <img loading=\"lazy\" decoding=\"async\" width=\"1024\" height=\"587\" src=\"https:\/\/www.dehner.de\/jobs\/app\/uploads\/sites\/7\/2024\/10\/Arbeitswelt_Michael_Buero_2-1024x587.jpg\" class=\"img-cover\" alt=\"Arbeitswelt_Michael_B\u00fcro_2\" srcset=\"https:\/\/www.dehner.de\/jobs\/app\/uploads\/sites\/7\/2024\/10\/Arbeitswelt_Michael_Buero_2-1024x587.jpg 1024w, https:\/\/www.dehner.de\/jobs\/app\/uploads\/sites\/7\/2024\/10\/Arbeitswelt_Michael_Buero_2-300x172.jpg 300w, https:\/\/www.dehner.de\/jobs\/app\/uploads\/sites\/7\/2024\/10\/Arbeitswelt_Michael_Buero_2-150x86.jpg 150w, https:\/\/www.dehner.de\/jobs\/app\/uploads\/sites\/7\/2024\/10\/Arbeitswelt_Michael_Buero_2-768x440.jpg 768w, https:\/\/www.dehner.de\/jobs\/app\/uploads\/sites\/7\/2024\/10\/Arbeitswelt_Michael_Buero_2-1536x881.jpg 1536w, https:\/\/www.dehner.de\/jobs\/app\/uploads\/sites\/7\/2024\/10\/Arbeitswelt_Michael_Buero_2-2048x1174.jpg 2048w, https:\/\/www.dehner.de\/jobs\/app\/uploads\/sites\/7\/2024\/10\/Arbeitswelt_Michael_Buero_2-1000x573.jpg 1000w\" sizes=\"auto, (max-width: 1024px) 100vw, 1024px\" \/>                <\/div>\n                <div class=\"col-md-6 df fc jcc body\">\n                            <a href=\"#\" class=\"toggler toggler-down-md toggler-hide\" data-toggle=\"collapse\" data-target=\"#block_b8c2b26e77b555edd4297b1f946c75f5\" aria-expanded=\"true\" aria-controls=\"block_b8c2b26e77b555edd4297b1f946c75f5\">\n                            <img loading=\"lazy\" decoding=\"async\" width=\"1024\" height=\"587\" src=\"https:\/\/www.dehner.de\/jobs\/app\/uploads\/sites\/7\/2024\/10\/Arbeitswelt_Michael_Buero_2-1024x587.jpg\" class=\"mobile-image img-fluid mb-3 d-md-none\" alt=\"Arbeitswelt_Michael_B\u00fcro_2\" srcset=\"https:\/\/www.dehner.de\/jobs\/app\/uploads\/sites\/7\/2024\/10\/Arbeitswelt_Michael_Buero_2-1024x587.jpg 1024w, https:\/\/www.dehner.de\/jobs\/app\/uploads\/sites\/7\/2024\/10\/Arbeitswelt_Michael_Buero_2-300x172.jpg 300w, https:\/\/www.dehner.de\/jobs\/app\/uploads\/sites\/7\/2024\/10\/Arbeitswelt_Michael_Buero_2-150x86.jpg 150w, https:\/\/www.dehner.de\/jobs\/app\/uploads\/sites\/7\/2024\/10\/Arbeitswelt_Michael_Buero_2-768x440.jpg 768w, https:\/\/www.dehner.de\/jobs\/app\/uploads\/sites\/7\/2024\/10\/Arbeitswelt_Michael_Buero_2-1536x881.jpg 1536w, https:\/\/www.dehner.de\/jobs\/app\/uploads\/sites\/7\/2024\/10\/Arbeitswelt_Michael_Buero_2-2048x1174.jpg 2048w, https:\/\/www.dehner.de\/jobs\/app\/uploads\/sites\/7\/2024\/10\/Arbeitswelt_Michael_Buero_2-1000x573.jpg 1000w\" sizes=\"auto, (max-width: 1024px) 100vw, 1024px\" \/>                        <h3 class=\"font-h4 toggler toggler-down-md\"> Deine Ausbildung zum Fachinformatiker f\u00fcr Anwendungsentwicklung (m\/w\/d) bei Dehner<\/h3>        <\/a>\n        <div class=\"collapse text show\" id=\"block_b8c2b26e77b555edd4297b1f946c75f5\" data-parent=\"main\">\n            <p><span data-olk-copy-source=\"MessageBody\">W\u00e4hrend Deiner Ausbildung lernst Du vielseitige IT-Bereiche wie IT-Infrastruktur, SAP-Entwicklung und IT-Prozessmanagement kennen. Du wirst verschiedene Programmiersprachen wie Java, SAP-ABAP und SQL erlernen und mit Deinem erfahrenen Team neue IT-Anwendungen f\u00fcr die Dehner-Gruppe planen und entwickeln.<\/span><\/p>\n                    <\/div>                <\/div>\n            \n        <\/div>\n    <\/div>\n<\/section>\n\n\n<div class=\"container py-4 mb-5\">\n    <a class=\"btn btn-red btn-jobs btn-xs-full\" href=\"https:\/\/www.dehner.de\/jobs\/jobmarkt\/?tax=239\">\n        Zu den Ausbildungsstellen    <\/a>\n<\/div>\n\n","protected":false},"excerpt":{"rendered":"","protected":false},"author":1,"featured_media":33019,"parent":1133,"menu_order":4,"comment_status":"closed","ping_status":"closed","template":"","meta":{"_acf_changed":false,"footnotes":""},"class_list":["post-2497","page","type-page","status-publish","has-post-thumbnail","hentry"],"acf":[],"yoast_head":"<!-- This site is optimized with the Yoast SEO plugin v24.5 - https:\/\/yoast.com\/wordpress\/plugins\/seo\/ -->\n<title>Ausbildung Fachinformatiker \u2013 Karriere starten!<\/title>\n<meta name=\"description\" content=\"Deine IT-Ausbildung bei Dehner: \u2713Details zum Beruf \u2713Aufgaben &amp; Anforderungen \u2713Einblicke in die Ausbildung \u25ba Jetzt informieren &amp; bewerben!\" \/>\n<meta name=\"robots\" content=\"index, follow, max-snippet:-1, max-image-preview:large, max-video-preview:-1\" \/>\n<link rel=\"canonical\" href=\"https:\/\/www.dehner.de\/jobs\/ausbildung-und-duales-studium\/ausbildung\/fachinformatiker\/\" \/>\n<meta property=\"og:locale\" content=\"de_DE\" \/>\n<meta property=\"og:type\" content=\"article\" \/>\n<meta property=\"og:title\" content=\"Ausbildung Fachinformatiker \u2013 Karriere starten!\" \/>\n<meta property=\"og:description\" content=\"Deine IT-Ausbildung bei Dehner: \u2713Details zum Beruf \u2713Aufgaben &amp; Anforderungen \u2713Einblicke in die Ausbildung \u25ba Jetzt informieren &amp; bewerben!\" \/>\n<meta property=\"og:url\" content=\"https:\/\/www.dehner.de\/jobs\/ausbildung-und-duales-studium\/ausbildung\/fachinformatiker\/\" \/>\n<meta property=\"og:site_name\" content=\"Karriere bei Dehner\" \/>\n<meta property=\"article:modified_time\" content=\"2025-06-18T10:47:03+00:00\" \/>\n<meta property=\"og:image\" content=\"https:\/\/www.dehner.de\/jobs\/app\/uploads\/sites\/7\/2025\/06\/20250603_PR_MO_6953_azubis_aw_studio_herzig_alexander.jpg\" \/>\n\t<meta property=\"og:image:width\" content=\"1920\" \/>\n\t<meta property=\"og:image:height\" content=\"1080\" \/>\n\t<meta property=\"og:image:type\" content=\"image\/jpeg\" \/>\n<meta name=\"twitter:card\" content=\"summary_large_image\" \/>\n<meta name=\"twitter:label1\" content=\"Est. reading time\" \/>\n\t<meta name=\"twitter:data1\" content=\"3 Minuten\" \/>\n<script type=\"application\/ld+json\" class=\"yoast-schema-graph\">{\"@context\":\"https:\/\/schema.org\",\"@graph\":[{\"@type\":\"WebPage\",\"@id\":\"https:\/\/www.dehner.de\/jobs\/ausbildung-und-duales-studium\/ausbildung\/fachinformatiker\/\",\"url\":\"https:\/\/www.dehner.de\/jobs\/ausbildung-und-duales-studium\/ausbildung\/fachinformatiker\/\",\"name\":\"Ausbildung Fachinformatiker \u2013 Karriere starten!\",\"isPartOf\":{\"@id\":\"https:\/\/www.dehner.de\/jobs\/#website\"},\"primaryImageOfPage\":{\"@id\":\"https:\/\/www.dehner.de\/jobs\/ausbildung-und-duales-studium\/ausbildung\/fachinformatiker\/#primaryimage\"},\"image\":{\"@id\":\"https:\/\/www.dehner.de\/jobs\/ausbildung-und-duales-studium\/ausbildung\/fachinformatiker\/#primaryimage\"},\"thumbnailUrl\":\"https:\/\/www.dehner.de\/jobs\/app\/uploads\/sites\/7\/2025\/06\/20250603_PR_MO_6953_azubis_aw_studio_herzig_alexander.jpg\",\"datePublished\":\"2020-06-15T13:46:28+00:00\",\"dateModified\":\"2025-06-18T10:47:03+00:00\",\"description\":\"Deine IT-Ausbildung bei Dehner: \u2713Details zum Beruf \u2713Aufgaben & Anforderungen \u2713Einblicke in die Ausbildung \u25ba Jetzt informieren & bewerben!\",\"breadcrumb\":{\"@id\":\"https:\/\/www.dehner.de\/jobs\/ausbildung-und-duales-studium\/ausbildung\/fachinformatiker\/#breadcrumb\"},\"inLanguage\":\"de-DE\",\"potentialAction\":[{\"@type\":\"ReadAction\",\"target\":[\"https:\/\/www.dehner.de\/jobs\/ausbildung-und-duales-studium\/ausbildung\/fachinformatiker\/\"]}]},{\"@type\":\"ImageObject\",\"inLanguage\":\"de-DE\",\"@id\":\"https:\/\/www.dehner.de\/jobs\/ausbildung-und-duales-studium\/ausbildung\/fachinformatiker\/#primaryimage\",\"url\":\"https:\/\/www.dehner.de\/jobs\/app\/uploads\/sites\/7\/2025\/06\/20250603_PR_MO_6953_azubis_aw_studio_herzig_alexander.jpg\",\"contentUrl\":\"https:\/\/www.dehner.de\/jobs\/app\/uploads\/sites\/7\/2025\/06\/20250603_PR_MO_6953_azubis_aw_studio_herzig_alexander.jpg\",\"width\":1920,\"height\":1080,\"caption\":\"Alexander durchl\u00e4uft in der Ausbildung zum Kaufmann f\u00fcr B\u00fcromanagement verschiedene Abteilungen\"},{\"@type\":\"BreadcrumbList\",\"@id\":\"https:\/\/www.dehner.de\/jobs\/ausbildung-und-duales-studium\/ausbildung\/fachinformatiker\/#breadcrumb\",\"itemListElement\":[{\"@type\":\"ListItem\",\"position\":1,\"name\":\"Home\",\"item\":\"https:\/\/www.dehner.de\/jobs\/\"},{\"@type\":\"ListItem\",\"position\":2,\"name\":\"Ausbildung und Studium\",\"item\":\"https:\/\/www.dehner.de\/jobs\/ausbildung-und-duales-studium\/\"},{\"@type\":\"ListItem\",\"position\":3,\"name\":\"Ausbildung\",\"item\":\"https:\/\/www.dehner.de\/jobs\/ausbildung-und-duales-studium\/ausbildung\/\"},{\"@type\":\"ListItem\",\"position\":4,\"name\":\"Deine Ausbildung zum Fachinformatiker (m\/w\/d)\"}]},{\"@type\":\"WebSite\",\"@id\":\"https:\/\/www.dehner.de\/jobs\/#website\",\"url\":\"https:\/\/www.dehner.de\/jobs\/\",\"name\":\"Karriere bei Dehner\",\"description\":\"Die Storys unserer Personalbotschafter\",\"publisher\":{\"@id\":\"https:\/\/www.dehner.de\/jobs\/#organization\"},\"potentialAction\":[{\"@type\":\"SearchAction\",\"target\":{\"@type\":\"EntryPoint\",\"urlTemplate\":\"https:\/\/www.dehner.de\/jobs\/?s={search_term_string}\"},\"query-input\":{\"@type\":\"PropertyValueSpecification\",\"valueRequired\":true,\"valueName\":\"search_term_string\"}}],\"inLanguage\":\"de-DE\"},{\"@type\":\"Organization\",\"@id\":\"https:\/\/www.dehner.de\/jobs\/#organization\",\"name\":\"Karriere bei Dehner\",\"url\":\"https:\/\/www.dehner.de\/jobs\/\",\"logo\":{\"@type\":\"ImageObject\",\"inLanguage\":\"de-DE\",\"@id\":\"https:\/\/www.dehner.de\/jobs\/#\/schema\/logo\/image\/\",\"url\":\"https:\/\/www.dehner.de\/jobs\/app\/uploads\/sites\/7\/2025\/12\/dehner-garten-center-koenigsbrunn-revitalisierung-neubau-umbau.png\",\"contentUrl\":\"https:\/\/www.dehner.de\/jobs\/app\/uploads\/sites\/7\/2025\/12\/dehner-garten-center-koenigsbrunn-revitalisierung-neubau-umbau.png\",\"width\":800,\"height\":1315,\"caption\":\"Karriere bei Dehner\"},\"image\":{\"@id\":\"https:\/\/www.dehner.de\/jobs\/#\/schema\/logo\/image\/\"}}]}<\/script>\n<!-- \/ Yoast SEO plugin. -->","yoast_head_json":{"title":"Ausbildung Fachinformatiker \u2013 Karriere starten!","description":"Deine IT-Ausbildung bei Dehner: \u2713Details zum Beruf \u2713Aufgaben & Anforderungen \u2713Einblicke in die Ausbildung \u25ba Jetzt informieren & bewerben!","robots":{"index":"index","follow":"follow","max-snippet":"max-snippet:-1","max-image-preview":"max-image-preview:large","max-video-preview":"max-video-preview:-1"},"canonical":"https:\/\/www.dehner.de\/jobs\/ausbildung-und-duales-studium\/ausbildung\/fachinformatiker\/","og_locale":"de_DE","og_type":"article","og_title":"Ausbildung Fachinformatiker \u2013 Karriere starten!","og_description":"Deine IT-Ausbildung bei Dehner: \u2713Details zum Beruf \u2713Aufgaben & Anforderungen \u2713Einblicke in die Ausbildung \u25ba Jetzt informieren & bewerben!","og_url":"https:\/\/www.dehner.de\/jobs\/ausbildung-und-duales-studium\/ausbildung\/fachinformatiker\/","og_site_name":"Karriere bei Dehner","article_modified_time":"2025-06-18T10:47:03+00:00","og_image":[{"width":1920,"height":1080,"url":"https:\/\/www.dehner.de\/jobs\/app\/uploads\/sites\/7\/2025\/06\/20250603_PR_MO_6953_azubis_aw_studio_herzig_alexander.jpg","type":"image\/jpeg"}],"twitter_card":"summary_large_image","twitter_misc":{"Est. reading time":"3 Minuten"},"schema":{"@context":"https:\/\/schema.org","@graph":[{"@type":"WebPage","@id":"https:\/\/www.dehner.de\/jobs\/ausbildung-und-duales-studium\/ausbildung\/fachinformatiker\/","url":"https:\/\/www.dehner.de\/jobs\/ausbildung-und-duales-studium\/ausbildung\/fachinformatiker\/","name":"Ausbildung Fachinformatiker \u2013 Karriere starten!","isPartOf":{"@id":"https:\/\/www.dehner.de\/jobs\/#website"},"primaryImageOfPage":{"@id":"https:\/\/www.dehner.de\/jobs\/ausbildung-und-duales-studium\/ausbildung\/fachinformatiker\/#primaryimage"},"image":{"@id":"https:\/\/www.dehner.de\/jobs\/ausbildung-und-duales-studium\/ausbildung\/fachinformatiker\/#primaryimage"},"thumbnailUrl":"https:\/\/www.dehner.de\/jobs\/app\/uploads\/sites\/7\/2025\/06\/20250603_PR_MO_6953_azubis_aw_studio_herzig_alexander.jpg","datePublished":"2020-06-15T13:46:28+00:00","dateModified":"2025-06-18T10:47:03+00:00","description":"Deine IT-Ausbildung bei Dehner: \u2713Details zum Beruf \u2713Aufgaben & Anforderungen \u2713Einblicke in die Ausbildung \u25ba Jetzt informieren & bewerben!","breadcrumb":{"@id":"https:\/\/www.dehner.de\/jobs\/ausbildung-und-duales-studium\/ausbildung\/fachinformatiker\/#breadcrumb"},"inLanguage":"de-DE","potentialAction":[{"@type":"ReadAction","target":["https:\/\/www.dehner.de\/jobs\/ausbildung-und-duales-studium\/ausbildung\/fachinformatiker\/"]}]},{"@type":"ImageObject","inLanguage":"de-DE","@id":"https:\/\/www.dehner.de\/jobs\/ausbildung-und-duales-studium\/ausbildung\/fachinformatiker\/#primaryimage","url":"https:\/\/www.dehner.de\/jobs\/app\/uploads\/sites\/7\/2025\/06\/20250603_PR_MO_6953_azubis_aw_studio_herzig_alexander.jpg","contentUrl":"https:\/\/www.dehner.de\/jobs\/app\/uploads\/sites\/7\/2025\/06\/20250603_PR_MO_6953_azubis_aw_studio_herzig_alexander.jpg","width":1920,"height":1080,"caption":"Alexander durchl\u00e4uft in der Ausbildung zum Kaufmann f\u00fcr B\u00fcromanagement verschiedene Abteilungen"},{"@type":"BreadcrumbList","@id":"https:\/\/www.dehner.de\/jobs\/ausbildung-und-duales-studium\/ausbildung\/fachinformatiker\/#breadcrumb","itemListElement":[{"@type":"ListItem","position":1,"name":"Home","item":"https:\/\/www.dehner.de\/jobs\/"},{"@type":"ListItem","position":2,"name":"Ausbildung und Studium","item":"https:\/\/www.dehner.de\/jobs\/ausbildung-und-duales-studium\/"},{"@type":"ListItem","position":3,"name":"Ausbildung","item":"https:\/\/www.dehner.de\/jobs\/ausbildung-und-duales-studium\/ausbildung\/"},{"@type":"ListItem","position":4,"name":"Deine Ausbildung zum Fachinformatiker (m\/w\/d)"}]},{"@type":"WebSite","@id":"https:\/\/www.dehner.de\/jobs\/#website","url":"https:\/\/www.dehner.de\/jobs\/","name":"Karriere bei Dehner","description":"Die Storys unserer Personalbotschafter","publisher":{"@id":"https:\/\/www.dehner.de\/jobs\/#organization"},"potentialAction":[{"@type":"SearchAction","target":{"@type":"EntryPoint","urlTemplate":"https:\/\/www.dehner.de\/jobs\/?s={search_term_string}"},"query-input":{"@type":"PropertyValueSpecification","valueRequired":true,"valueName":"search_term_string"}}],"inLanguage":"de-DE"},{"@type":"Organization","@id":"https:\/\/www.dehner.de\/jobs\/#organization","name":"Karriere bei Dehner","url":"https:\/\/www.dehner.de\/jobs\/","logo":{"@type":"ImageObject","inLanguage":"de-DE","@id":"https:\/\/www.dehner.de\/jobs\/#\/schema\/logo\/image\/","url":"https:\/\/www.dehner.de\/jobs\/app\/uploads\/sites\/7\/2025\/12\/dehner-garten-center-koenigsbrunn-revitalisierung-neubau-umbau.png","contentUrl":"https:\/\/www.dehner.de\/jobs\/app\/uploads\/sites\/7\/2025\/12\/dehner-garten-center-koenigsbrunn-revitalisierung-neubau-umbau.png","width":800,"height":1315,"caption":"Karriere bei Dehner"},"image":{"@id":"https:\/\/www.dehner.de\/jobs\/#\/schema\/logo\/image\/"}}]}},"_links":{"self":[{"href":"https:\/\/www.dehner.de\/jobs\/wp-json\/wp\/v2\/pages\/2497","targetHints":{"allow":["GET"]}}],"collection":[{"href":"https:\/\/www.dehner.de\/jobs\/wp-json\/wp\/v2\/pages"}],"about":[{"href":"https:\/\/www.dehner.de\/jobs\/wp-json\/wp\/v2\/types\/page"}],"author":[{"embeddable":true,"href":"https:\/\/www.dehner.de\/jobs\/wp-json\/wp\/v2\/users\/1"}],"replies":[{"embeddable":true,"href":"https:\/\/www.dehner.de\/jobs\/wp-json\/wp\/v2\/comments?post=2497"}],"version-history":[{"count":25,"href":"https:\/\/www.dehner.de\/jobs\/wp-json\/wp\/v2\/pages\/2497\/revisions"}],"predecessor-version":[{"id":28961,"href":"https:\/\/www.dehner.de\/jobs\/wp-json\/wp\/v2\/pages\/2497\/revisions\/28961"}],"up":[{"embeddable":true,"href":"https:\/\/www.dehner.de\/jobs\/wp-json\/wp\/v2\/pages\/1133"}],"wp:featuredmedia":[{"embeddable":true,"href":"https:\/\/www.dehner.de\/jobs\/wp-json\/wp\/v2\/media\/33019"}],"wp:attachment":[{"href":"https:\/\/www.dehner.de\/jobs\/wp-json\/wp\/v2\/media?parent=2497"}],"curies":[{"name":"wp","href":"https:\/\/api.w.org\/{rel}","templated":true}]}}