{"id":2478,"date":"2020-06-15T15:30:30","date_gmt":"2020-06-15T13:30:30","guid":{"rendered":"https:\/\/www.dehner.de\/?page_id=2478"},"modified":"2025-07-03T11:27:41","modified_gmt":"2025-07-03T09:27:41","slug":"kaufmann-im-buromanagement","status":"publish","type":"page","link":"https:\/\/www.dehner.de\/jobs\/ausbildung-und-duales-studium\/ausbildung\/kaufmann-im-buromanagement\/","title":{"rendered":"Deine Ausbildung zum Kaufmann f\u00fcr B\u00fcromanagement (m\/w\/d)"},"content":{"rendered":"    <section class=\"block-headline-text container standard pb-5\">\n        <div class=\"row\">\n            <h1 class=\"col-12 title\">Deine Ausbildung zum Kaufmann f\u00fcr B\u00fcromanagement (m\/w\/d)<\/h1>            <div class=\"col-12 text\"><h2>Ausbildungsstart: 1. September<\/h2>\n<p><strong>Deine Ausbildung dauert in der Regel 3 Jahre und findet im Dehner Dienstleistungszentrum in Rain am Lech statt. <\/strong><strong>Nach Deiner erfolgreich bestandenen schriftlichen und m\u00fcndlichen Abschlusspr\u00fcfung bist Du IHK gepr\u00fcfter Kauffmann f\u00fcr B\u00fcromanagement (m\/w\/d). Du hast die Schule mit der Mittleren Reife abgeschlossen \u2013 das passt perfekt.\u00a0 <\/strong><\/p>\n<\/div>        <\/div>\n    <\/section>\n\n\n<section class=\"block-img-txt img-70-text-30 pb-4\">\n    <div class=\"container\">\n        <div class=\"row\">\n                            <div class=\"col-lg-8 pb-4 d-none d-md-block image\">\n                                    <\/div>\n                <div class=\"col-lg-4 df fc jcc body\">\n                            <a href=\"#\" class=\"toggler toggler-down-md toggler-hide\" data-toggle=\"collapse\" data-target=\"#block_44b3d25c1b9c7087d9b01118c53192af\" aria-expanded=\"true\" aria-controls=\"block_44b3d25c1b9c7087d9b01118c53192af\">\n                                                    <h3 class=\"font-h4 toggler toggler-down-md\">Organisationstalente gesucht!<\/h3>        <\/a>\n        <div class=\"collapse text show\" id=\"block_44b3d25c1b9c7087d9b01118c53192af\" data-parent=\"main\">\n            <p>Organisieren, planen, managen \u2013 das ist genau Deine Welt. Mit Deiner Berufsausbildung zum Kaufmann f\u00fcr B\u00fcromanagement (m\/w\/d) bei Dehner legst Du einen optimalen Berufsstart in einem stetig wachsenden Unternehmen mit guten Karrierechancen hin.<\/p>\n                    <\/div>                <\/div>\n            \n        <\/div>\n    <\/div>\n<\/section>\n\n\n<section class=\"block-img-txt text-50-img-50 pb-4\">\n    <div class=\"container\">\n        <div class=\"row\">\n                            <div class=\"col-md-6 pb-4 d-none d-md-block image\">\n                                    <\/div>\n                <div class=\"col-md-6 df fc jcc body\">\n                            <a href=\"#\" class=\"toggler toggler-down-md toggler-hide\" data-toggle=\"collapse\" data-target=\"#block_ffdf99f5716d660232f44af87ba02498\" aria-expanded=\"true\" aria-controls=\"block_ffdf99f5716d660232f44af87ba02498\">\n                                                    <h3 class=\"font-h4 toggler toggler-down-md\">Deine Ausbildung beim Marktf\u00fchrer<\/h3>        <\/a>\n        <div class=\"collapse text show\" id=\"block_ffdf99f5716d660232f44af87ba02498\" data-parent=\"main\">\n            <p>In Deiner Ausbildung bei Dehner erwarten Dich vielseitige T\u00e4tigkeiten. Als Kaufmann f\u00fcr B\u00fcromanagement (m\/w\/d) erledigst Du den t\u00e4glichen Schriftverkehr, f\u00fchrst Kostenrechnungen durch, pr\u00fcfst den Zahlungs- und Kreditverkehr, organisierst Meetings, ber\u00e4tst Kunden am Telefon und arbeitest meistens am PC. Deine Kompetenz f\u00fcr kaufm\u00e4nnische Prozesse ist hier ebenso gefragt wie Deine Teamf\u00e4higkeit.<\/p>\n                    <\/div>                <\/div>\n            \n        <\/div>\n    <\/div>\n<\/section>\n\n\n<div class=\"container py-4 mb-5\">\n    <a class=\"btn btn-red btn-jobs btn-xs-full\" href=\"https:\/\/www.dehner.de\/jobs\/jobmarkt\/?tax=239\">\n        Zu den Ausbildungsstellen    <\/a>\n<\/div>\n\n","protected":false},"excerpt":{"rendered":"","protected":false},"author":1,"featured_media":33019,"parent":1133,"menu_order":2,"comment_status":"closed","ping_status":"closed","template":"","meta":{"_acf_changed":false,"footnotes":""},"class_list":["post-2478","page","type-page","status-publish","has-post-thumbnail","hentry"],"acf":[],"yoast_head":"<!-- This site is optimized with the Yoast SEO plugin v24.5 - https:\/\/yoast.com\/wordpress\/plugins\/seo\/ -->\n<title>Kaufmann\/-frau f\u00fcr B\u00fcromanagement bei Dehner<\/title>\n<meta name=\"description\" content=\"Ausbildung Kaufmann\/-frau f\u00fcr B\u00fcromanagement \u2713 B\u00fcroalltag meistern \u2713 Organisationstalent entwickeln \u2713 Zukunftssicher \u27a4 Jetzt entdecken!\" \/>\n<meta name=\"robots\" content=\"index, follow, max-snippet:-1, max-image-preview:large, max-video-preview:-1\" \/>\n<link rel=\"canonical\" href=\"https:\/\/www.dehner.de\/jobs\/ausbildung-und-duales-studium\/ausbildung\/kaufmann-im-buromanagement\/\" \/>\n<meta property=\"og:locale\" content=\"de_DE\" \/>\n<meta property=\"og:type\" content=\"article\" \/>\n<meta property=\"og:title\" content=\"Kaufmann\/-frau f\u00fcr B\u00fcromanagement bei Dehner\" \/>\n<meta property=\"og:description\" content=\"Ausbildung Kaufmann\/-frau f\u00fcr B\u00fcromanagement \u2713 B\u00fcroalltag meistern \u2713 Organisationstalent entwickeln \u2713 Zukunftssicher \u27a4 Jetzt entdecken!\" \/>\n<meta property=\"og:url\" content=\"https:\/\/www.dehner.de\/jobs\/ausbildung-und-duales-studium\/ausbildung\/kaufmann-im-buromanagement\/\" \/>\n<meta property=\"og:site_name\" content=\"Karriere bei Dehner\" \/>\n<meta property=\"article:modified_time\" content=\"2025-07-03T09:27:41+00:00\" \/>\n<meta property=\"og:image\" content=\"https:\/\/www.dehner.de\/jobs\/app\/uploads\/sites\/7\/2025\/06\/20250603_PR_MO_6953_azubis_aw_studio_herzig_alexander.jpg\" \/>\n\t<meta property=\"og:image:width\" content=\"1920\" \/>\n\t<meta property=\"og:image:height\" content=\"1080\" \/>\n\t<meta property=\"og:image:type\" content=\"image\/jpeg\" \/>\n<meta name=\"twitter:card\" content=\"summary_large_image\" \/>\n<meta name=\"twitter:label1\" content=\"Est. reading time\" \/>\n\t<meta name=\"twitter:data1\" content=\"2 Minuten\" \/>\n<script type=\"application\/ld+json\" class=\"yoast-schema-graph\">{\"@context\":\"https:\/\/schema.org\",\"@graph\":[{\"@type\":\"WebPage\",\"@id\":\"https:\/\/www.dehner.de\/jobs\/ausbildung-und-duales-studium\/ausbildung\/kaufmann-im-buromanagement\/\",\"url\":\"https:\/\/www.dehner.de\/jobs\/ausbildung-und-duales-studium\/ausbildung\/kaufmann-im-buromanagement\/\",\"name\":\"Kaufmann\/-frau f\u00fcr B\u00fcromanagement bei Dehner\",\"isPartOf\":{\"@id\":\"https:\/\/www.dehner.de\/jobs\/#website\"},\"primaryImageOfPage\":{\"@id\":\"https:\/\/www.dehner.de\/jobs\/ausbildung-und-duales-studium\/ausbildung\/kaufmann-im-buromanagement\/#primaryimage\"},\"image\":{\"@id\":\"https:\/\/www.dehner.de\/jobs\/ausbildung-und-duales-studium\/ausbildung\/kaufmann-im-buromanagement\/#primaryimage\"},\"thumbnailUrl\":\"https:\/\/www.dehner.de\/jobs\/app\/uploads\/sites\/7\/2025\/06\/20250603_PR_MO_6953_azubis_aw_studio_herzig_alexander.jpg\",\"datePublished\":\"2020-06-15T13:30:30+00:00\",\"dateModified\":\"2025-07-03T09:27:41+00:00\",\"description\":\"Ausbildung Kaufmann\/-frau f\u00fcr B\u00fcromanagement \u2713 B\u00fcroalltag meistern \u2713 Organisationstalent entwickeln \u2713 Zukunftssicher \u27a4 Jetzt entdecken!\",\"breadcrumb\":{\"@id\":\"https:\/\/www.dehner.de\/jobs\/ausbildung-und-duales-studium\/ausbildung\/kaufmann-im-buromanagement\/#breadcrumb\"},\"inLanguage\":\"de-DE\",\"potentialAction\":[{\"@type\":\"ReadAction\",\"target\":[\"https:\/\/www.dehner.de\/jobs\/ausbildung-und-duales-studium\/ausbildung\/kaufmann-im-buromanagement\/\"]}]},{\"@type\":\"ImageObject\",\"inLanguage\":\"de-DE\",\"@id\":\"https:\/\/www.dehner.de\/jobs\/ausbildung-und-duales-studium\/ausbildung\/kaufmann-im-buromanagement\/#primaryimage\",\"url\":\"https:\/\/www.dehner.de\/jobs\/app\/uploads\/sites\/7\/2025\/06\/20250603_PR_MO_6953_azubis_aw_studio_herzig_alexander.jpg\",\"contentUrl\":\"https:\/\/www.dehner.de\/jobs\/app\/uploads\/sites\/7\/2025\/06\/20250603_PR_MO_6953_azubis_aw_studio_herzig_alexander.jpg\",\"width\":1920,\"height\":1080,\"caption\":\"Alexander durchl\u00e4uft in der Ausbildung zum Kaufmann f\u00fcr B\u00fcromanagement verschiedene Abteilungen\"},{\"@type\":\"BreadcrumbList\",\"@id\":\"https:\/\/www.dehner.de\/jobs\/ausbildung-und-duales-studium\/ausbildung\/kaufmann-im-buromanagement\/#breadcrumb\",\"itemListElement\":[{\"@type\":\"ListItem\",\"position\":1,\"name\":\"Home\",\"item\":\"https:\/\/www.dehner.de\/jobs\/\"},{\"@type\":\"ListItem\",\"position\":2,\"name\":\"Ausbildung und Studium\",\"item\":\"https:\/\/www.dehner.de\/jobs\/ausbildung-und-duales-studium\/\"},{\"@type\":\"ListItem\",\"position\":3,\"name\":\"Ausbildung\",\"item\":\"https:\/\/www.dehner.de\/jobs\/ausbildung-und-duales-studium\/ausbildung\/\"},{\"@type\":\"ListItem\",\"position\":4,\"name\":\"Deine Ausbildung zum Kaufmann f\u00fcr B\u00fcromanagement (m\/w\/d)\"}]},{\"@type\":\"WebSite\",\"@id\":\"https:\/\/www.dehner.de\/jobs\/#website\",\"url\":\"https:\/\/www.dehner.de\/jobs\/\",\"name\":\"Karriere bei Dehner\",\"description\":\"Die Storys unserer Personalbotschafter\",\"publisher\":{\"@id\":\"https:\/\/www.dehner.de\/jobs\/#organization\"},\"potentialAction\":[{\"@type\":\"SearchAction\",\"target\":{\"@type\":\"EntryPoint\",\"urlTemplate\":\"https:\/\/www.dehner.de\/jobs\/?s={search_term_string}\"},\"query-input\":{\"@type\":\"PropertyValueSpecification\",\"valueRequired\":true,\"valueName\":\"search_term_string\"}}],\"inLanguage\":\"de-DE\"},{\"@type\":\"Organization\",\"@id\":\"https:\/\/www.dehner.de\/jobs\/#organization\",\"name\":\"Karriere bei Dehner\",\"url\":\"https:\/\/www.dehner.de\/jobs\/\",\"logo\":{\"@type\":\"ImageObject\",\"inLanguage\":\"de-DE\",\"@id\":\"https:\/\/www.dehner.de\/jobs\/#\/schema\/logo\/image\/\",\"url\":\"https:\/\/www.dehner.de\/jobs\/app\/uploads\/sites\/7\/2025\/12\/dehner-garten-center-koenigsbrunn-revitalisierung-neubau-umbau.png\",\"contentUrl\":\"https:\/\/www.dehner.de\/jobs\/app\/uploads\/sites\/7\/2025\/12\/dehner-garten-center-koenigsbrunn-revitalisierung-neubau-umbau.png\",\"width\":800,\"height\":1315,\"caption\":\"Karriere bei Dehner\"},\"image\":{\"@id\":\"https:\/\/www.dehner.de\/jobs\/#\/schema\/logo\/image\/\"}}]}<\/script>\n<!-- \/ Yoast SEO plugin. -->","yoast_head_json":{"title":"Kaufmann\/-frau f\u00fcr B\u00fcromanagement bei Dehner","description":"Ausbildung Kaufmann\/-frau f\u00fcr B\u00fcromanagement \u2713 B\u00fcroalltag meistern \u2713 Organisationstalent entwickeln \u2713 Zukunftssicher \u27a4 Jetzt entdecken!","robots":{"index":"index","follow":"follow","max-snippet":"max-snippet:-1","max-image-preview":"max-image-preview:large","max-video-preview":"max-video-preview:-1"},"canonical":"https:\/\/www.dehner.de\/jobs\/ausbildung-und-duales-studium\/ausbildung\/kaufmann-im-buromanagement\/","og_locale":"de_DE","og_type":"article","og_title":"Kaufmann\/-frau f\u00fcr B\u00fcromanagement bei Dehner","og_description":"Ausbildung Kaufmann\/-frau f\u00fcr B\u00fcromanagement \u2713 B\u00fcroalltag meistern \u2713 Organisationstalent entwickeln \u2713 Zukunftssicher \u27a4 Jetzt entdecken!","og_url":"https:\/\/www.dehner.de\/jobs\/ausbildung-und-duales-studium\/ausbildung\/kaufmann-im-buromanagement\/","og_site_name":"Karriere bei Dehner","article_modified_time":"2025-07-03T09:27:41+00:00","og_image":[{"width":1920,"height":1080,"url":"https:\/\/www.dehner.de\/jobs\/app\/uploads\/sites\/7\/2025\/06\/20250603_PR_MO_6953_azubis_aw_studio_herzig_alexander.jpg","type":"image\/jpeg"}],"twitter_card":"summary_large_image","twitter_misc":{"Est. reading time":"2 Minuten"},"schema":{"@context":"https:\/\/schema.org","@graph":[{"@type":"WebPage","@id":"https:\/\/www.dehner.de\/jobs\/ausbildung-und-duales-studium\/ausbildung\/kaufmann-im-buromanagement\/","url":"https:\/\/www.dehner.de\/jobs\/ausbildung-und-duales-studium\/ausbildung\/kaufmann-im-buromanagement\/","name":"Kaufmann\/-frau f\u00fcr B\u00fcromanagement bei Dehner","isPartOf":{"@id":"https:\/\/www.dehner.de\/jobs\/#website"},"primaryImageOfPage":{"@id":"https:\/\/www.dehner.de\/jobs\/ausbildung-und-duales-studium\/ausbildung\/kaufmann-im-buromanagement\/#primaryimage"},"image":{"@id":"https:\/\/www.dehner.de\/jobs\/ausbildung-und-duales-studium\/ausbildung\/kaufmann-im-buromanagement\/#primaryimage"},"thumbnailUrl":"https:\/\/www.dehner.de\/jobs\/app\/uploads\/sites\/7\/2025\/06\/20250603_PR_MO_6953_azubis_aw_studio_herzig_alexander.jpg","datePublished":"2020-06-15T13:30:30+00:00","dateModified":"2025-07-03T09:27:41+00:00","description":"Ausbildung Kaufmann\/-frau f\u00fcr B\u00fcromanagement \u2713 B\u00fcroalltag meistern \u2713 Organisationstalent entwickeln \u2713 Zukunftssicher \u27a4 Jetzt entdecken!","breadcrumb":{"@id":"https:\/\/www.dehner.de\/jobs\/ausbildung-und-duales-studium\/ausbildung\/kaufmann-im-buromanagement\/#breadcrumb"},"inLanguage":"de-DE","potentialAction":[{"@type":"ReadAction","target":["https:\/\/www.dehner.de\/jobs\/ausbildung-und-duales-studium\/ausbildung\/kaufmann-im-buromanagement\/"]}]},{"@type":"ImageObject","inLanguage":"de-DE","@id":"https:\/\/www.dehner.de\/jobs\/ausbildung-und-duales-studium\/ausbildung\/kaufmann-im-buromanagement\/#primaryimage","url":"https:\/\/www.dehner.de\/jobs\/app\/uploads\/sites\/7\/2025\/06\/20250603_PR_MO_6953_azubis_aw_studio_herzig_alexander.jpg","contentUrl":"https:\/\/www.dehner.de\/jobs\/app\/uploads\/sites\/7\/2025\/06\/20250603_PR_MO_6953_azubis_aw_studio_herzig_alexander.jpg","width":1920,"height":1080,"caption":"Alexander durchl\u00e4uft in der Ausbildung zum Kaufmann f\u00fcr B\u00fcromanagement verschiedene Abteilungen"},{"@type":"BreadcrumbList","@id":"https:\/\/www.dehner.de\/jobs\/ausbildung-und-duales-studium\/ausbildung\/kaufmann-im-buromanagement\/#breadcrumb","itemListElement":[{"@type":"ListItem","position":1,"name":"Home","item":"https:\/\/www.dehner.de\/jobs\/"},{"@type":"ListItem","position":2,"name":"Ausbildung und Studium","item":"https:\/\/www.dehner.de\/jobs\/ausbildung-und-duales-studium\/"},{"@type":"ListItem","position":3,"name":"Ausbildung","item":"https:\/\/www.dehner.de\/jobs\/ausbildung-und-duales-studium\/ausbildung\/"},{"@type":"ListItem","position":4,"name":"Deine Ausbildung zum Kaufmann f\u00fcr B\u00fcromanagement (m\/w\/d)"}]},{"@type":"WebSite","@id":"https:\/\/www.dehner.de\/jobs\/#website","url":"https:\/\/www.dehner.de\/jobs\/","name":"Karriere bei Dehner","description":"Die Storys unserer Personalbotschafter","publisher":{"@id":"https:\/\/www.dehner.de\/jobs\/#organization"},"potentialAction":[{"@type":"SearchAction","target":{"@type":"EntryPoint","urlTemplate":"https:\/\/www.dehner.de\/jobs\/?s={search_term_string}"},"query-input":{"@type":"PropertyValueSpecification","valueRequired":true,"valueName":"search_term_string"}}],"inLanguage":"de-DE"},{"@type":"Organization","@id":"https:\/\/www.dehner.de\/jobs\/#organization","name":"Karriere bei Dehner","url":"https:\/\/www.dehner.de\/jobs\/","logo":{"@type":"ImageObject","inLanguage":"de-DE","@id":"https:\/\/www.dehner.de\/jobs\/#\/schema\/logo\/image\/","url":"https:\/\/www.dehner.de\/jobs\/app\/uploads\/sites\/7\/2025\/12\/dehner-garten-center-koenigsbrunn-revitalisierung-neubau-umbau.png","contentUrl":"https:\/\/www.dehner.de\/jobs\/app\/uploads\/sites\/7\/2025\/12\/dehner-garten-center-koenigsbrunn-revitalisierung-neubau-umbau.png","width":800,"height":1315,"caption":"Karriere bei Dehner"},"image":{"@id":"https:\/\/www.dehner.de\/jobs\/#\/schema\/logo\/image\/"}}]}},"_links":{"self":[{"href":"https:\/\/www.dehner.de\/jobs\/wp-json\/wp\/v2\/pages\/2478","targetHints":{"allow":["GET"]}}],"collection":[{"href":"https:\/\/www.dehner.de\/jobs\/wp-json\/wp\/v2\/pages"}],"about":[{"href":"https:\/\/www.dehner.de\/jobs\/wp-json\/wp\/v2\/types\/page"}],"author":[{"embeddable":true,"href":"https:\/\/www.dehner.de\/jobs\/wp-json\/wp\/v2\/users\/1"}],"replies":[{"embeddable":true,"href":"https:\/\/www.dehner.de\/jobs\/wp-json\/wp\/v2\/comments?post=2478"}],"version-history":[{"count":29,"href":"https:\/\/www.dehner.de\/jobs\/wp-json\/wp\/v2\/pages\/2478\/revisions"}],"predecessor-version":[{"id":33598,"href":"https:\/\/www.dehner.de\/jobs\/wp-json\/wp\/v2\/pages\/2478\/revisions\/33598"}],"up":[{"embeddable":true,"href":"https:\/\/www.dehner.de\/jobs\/wp-json\/wp\/v2\/pages\/1133"}],"wp:featuredmedia":[{"embeddable":true,"href":"https:\/\/www.dehner.de\/jobs\/wp-json\/wp\/v2\/media\/33019"}],"wp:attachment":[{"href":"https:\/\/www.dehner.de\/jobs\/wp-json\/wp\/v2\/media?parent=2478"}],"curies":[{"name":"wp","href":"https:\/\/api.w.org\/{rel}","templated":true}]}}