{"id":19132,"date":"2022-08-09T10:34:50","date_gmt":"2022-08-09T08:34:50","guid":{"rendered":"https:\/\/www.dehner.de\/jobs\/?page_id=19132"},"modified":"2022-09-12T09:44:23","modified_gmt":"2022-09-12T07:44:23","slug":"facebook-datenverarbeitung","status":"publish","type":"page","link":"https:\/\/www.dehner.de\/jobs\/facebook-datenverarbeitung\/","title":{"rendered":"Facebook Datenverarbeitung"},"content":{"rendered":"    <section class=\"block-headline-text container standard pb-5\">\n        <div class=\"row\">\n            <h2 class=\"col-12 title\">Informationen zur Datenverarbeitung gem\u00e4\u00df Art. 13 DSGVO<\/h2>            <div class=\"col-12 text\"><p>Mit diesen Informationen m\u00f6chten wir Sie anhand der Vorgaben aus Artikel 13 DSGVO dar\u00fcber informieren, wie wir Ihre personenbezogenen Daten im Zusammenhang mit Ihrer Teilnahme an unserem Online-Gewinnspiel auf Facebook verarbeiten und welche Rechte Sie haben.<\/p>\n<p><strong>1. Umfang und Zweck der Verarbeitung<\/strong><\/p>\n<p>Wir verarbeiten ausschlie\u00dflich folgende Daten der Gewinner:<\/p>\n<ul>\n<li>Vor- und Nachname, Facebook-Name, E-Mail-Adresse sowie die postalische Anschrift<\/li>\n<\/ul>\n<p>Die Verarbeitung erfolgt ausschlie\u00dflich zu dem Zweck der Durchf\u00fchrung des Gewinnspiels (Ziehung der Gewinner und Zustellung des Gewinns).<\/p>\n<p>Ohne diese Daten k\u00f6nnen wir das Gewinnspiel mit Ihnen nicht durchf\u00fchren.<\/p>\n<p>Wir f\u00fchren keine automatisierte Einzelentscheidung und auch keine Profilbildung anhand Ihrer Daten durch.<\/p>\n<p><strong>2. Name und Kontaktdaten des Verantwortlichen<\/strong><\/p>\n<p>Dehner Holding GmbH &amp; Co. KG, Donauw\u00f6rther Stra\u00dfe 3-5, 86641 Rain, Deutschland<\/p>\n<p>Tel. +49 (9090) 789 789, Fax +49 (9090) 77 77 70, E-Mail service@dehner.de<\/p>\n<p><strong>3. Kontaktdaten des Datenschutzbeauftragten der Dehner-Gruppe<\/strong><\/p>\n<p>Dehner Holding GmbH &amp; Co. KG, Datenschutz, Donauw\u00f6rther Stra\u00dfe 3-5, 86641 Rain, Deutschland, E-Mail datenschutz@dehner.de<\/p>\n<p><strong>4. Rechtsgrundlage der Verarbeitung<\/strong><\/p>\n<p>Ihre Daten werden auf Grundlage von Art. 6 Abs. 1 Satz 1 Buchstabe b DSGVO (Vertragszweck) verarbeitet.<strong>\u00a0<\/strong><\/p>\n<p><strong>5. Empf\u00e4nger oder Kategorien von Empf\u00e4ngern der personenbezogenen Daten<\/strong><\/p>\n<p>Abgesehen von externen Zustellern geben wir Ihre Daten nicht an Dritte weiter.<\/p>\n<p><strong>6. Dauer der Speicherung der personenbezogenen Daten<\/strong><\/p>\n<p>Namen und Anschrift der Gewinner m\u00fcssen aufgrund von steuer- und handelsrechtlichen Bestimmungen zehn Jahre aufbewahrt werden. Im \u00dcbrigen l\u00f6schen wir Ihre Daten unverz\u00fcglich nach Beendigung des Gewinnspiels.<\/p>\n<p><strong>7. Weitere Datenschutzhinweise zu Instagram \/ Gemeinsame Verantwortlichkeit <\/strong><\/p>\n<p>Unsere allgemeinen Datenschutzhinweise zu unserer Facebook-Seite mit den Hinweisen zur gemeinsamen Verantwortlichkeit von Facebook finden Sie <u>hier<\/u>.<\/p>\n<p><strong>8. Betroffenenrechte<\/strong><\/p>\n<p>In Bezug auf die Verarbeitung Ihrer personenbezogenen Daten durch uns haben Sie unter den im Gesetz genannten Voraussetzungen unter anderem folgende Rechte. Zur Aus\u00fcbung der Rechte wenden Sie sich bitte an den oben genannten Verantwortlichen oder den Datenschutzbeauftragten.<\/p>\n<ul>\n<li>Recht auf Auskunft \u00fcber die zu Ihrer Person gespeicherten Daten gem\u00e4\u00df Art. 15 DSGVO<\/li>\n<li>Recht auf Berichtigung Ihrer Daten gem\u00e4\u00df Art. 16 DSGVO<\/li>\n<li>Recht auf L\u00f6schung Ihrer Daten gem\u00e4\u00df Art. 17 DSGVO.<\/li>\n<li>Recht auf Einschr\u00e4nkung der Verarbeitung Ihrer Daten gem\u00e4\u00df Art. 18 DSGVO<\/li>\n<li>Recht auf Daten\u00fcbertragbarkeit gem\u00e4\u00df Art. 20 DSGVO<\/li>\n<li>Recht auf Widerspruch gem\u00e4\u00df Art. 21 DSGVO<\/li>\n<li>Recht auf Beschwerde bei einer Aufsichtsbeh\u00f6rde gem\u00e4\u00df Art. 77 DSGVO:<br \/>\nBayerisches Landesamt f\u00fcr Datenschutzaufsicht, Promenade 27, 91522 Ansbach, Deutschland<\/li>\n<\/ul>\n<\/div>        <\/div>\n    <\/section>\n","protected":false},"excerpt":{"rendered":"","protected":false},"author":13,"featured_media":0,"parent":0,"menu_order":0,"comment_status":"closed","ping_status":"closed","template":"","meta":{"_acf_changed":false,"footnotes":""},"class_list":["post-19132","page","type-page","status-publish","hentry"],"acf":[],"yoast_head":"<!-- This site is optimized with the Yoast SEO plugin v24.5 - https:\/\/yoast.com\/wordpress\/plugins\/seo\/ -->\n<title>Facebook Datenverarbeitung - Karriere bei Dehner<\/title>\n<meta name=\"robots\" content=\"index, follow, max-snippet:-1, max-image-preview:large, max-video-preview:-1\" \/>\n<link rel=\"canonical\" href=\"https:\/\/www.dehner.de\/jobs\/facebook-datenverarbeitung\/\" \/>\n<meta property=\"og:locale\" content=\"de_DE\" \/>\n<meta property=\"og:type\" content=\"article\" \/>\n<meta property=\"og:title\" content=\"Facebook Datenverarbeitung - Karriere bei Dehner\" \/>\n<meta property=\"og:url\" content=\"https:\/\/www.dehner.de\/jobs\/facebook-datenverarbeitung\/\" \/>\n<meta property=\"og:site_name\" content=\"Karriere bei Dehner\" \/>\n<meta property=\"article:modified_time\" content=\"2022-09-12T07:44:23+00:00\" \/>\n<meta name=\"twitter:card\" content=\"summary_large_image\" \/>\n<script type=\"application\/ld+json\" class=\"yoast-schema-graph\">{\"@context\":\"https:\/\/schema.org\",\"@graph\":[{\"@type\":\"WebPage\",\"@id\":\"https:\/\/www.dehner.de\/jobs\/facebook-datenverarbeitung\/\",\"url\":\"https:\/\/www.dehner.de\/jobs\/facebook-datenverarbeitung\/\",\"name\":\"Facebook Datenverarbeitung - Karriere bei Dehner\",\"isPartOf\":{\"@id\":\"https:\/\/www.dehner.de\/jobs\/#website\"},\"datePublished\":\"2022-08-09T08:34:50+00:00\",\"dateModified\":\"2022-09-12T07:44:23+00:00\",\"breadcrumb\":{\"@id\":\"https:\/\/www.dehner.de\/jobs\/facebook-datenverarbeitung\/#breadcrumb\"},\"inLanguage\":\"de-DE\",\"potentialAction\":[{\"@type\":\"ReadAction\",\"target\":[\"https:\/\/www.dehner.de\/jobs\/facebook-datenverarbeitung\/\"]}]},{\"@type\":\"BreadcrumbList\",\"@id\":\"https:\/\/www.dehner.de\/jobs\/facebook-datenverarbeitung\/#breadcrumb\",\"itemListElement\":[{\"@type\":\"ListItem\",\"position\":1,\"name\":\"Home\",\"item\":\"https:\/\/www.dehner.de\/jobs\/\"},{\"@type\":\"ListItem\",\"position\":2,\"name\":\"Facebook Datenverarbeitung\"}]},{\"@type\":\"WebSite\",\"@id\":\"https:\/\/www.dehner.de\/jobs\/#website\",\"url\":\"https:\/\/www.dehner.de\/jobs\/\",\"name\":\"Karriere bei Dehner\",\"description\":\"Die Storys unserer Personalbotschafter\",\"publisher\":{\"@id\":\"https:\/\/www.dehner.de\/jobs\/#organization\"},\"potentialAction\":[{\"@type\":\"SearchAction\",\"target\":{\"@type\":\"EntryPoint\",\"urlTemplate\":\"https:\/\/www.dehner.de\/jobs\/?s={search_term_string}\"},\"query-input\":{\"@type\":\"PropertyValueSpecification\",\"valueRequired\":true,\"valueName\":\"search_term_string\"}}],\"inLanguage\":\"de-DE\"},{\"@type\":\"Organization\",\"@id\":\"https:\/\/www.dehner.de\/jobs\/#organization\",\"name\":\"Karriere bei Dehner\",\"url\":\"https:\/\/www.dehner.de\/jobs\/\",\"logo\":{\"@type\":\"ImageObject\",\"inLanguage\":\"de-DE\",\"@id\":\"https:\/\/www.dehner.de\/jobs\/#\/schema\/logo\/image\/\",\"url\":\"https:\/\/www.dehner.de\/jobs\/app\/uploads\/sites\/7\/2025\/12\/dehner-garten-center-koenigsbrunn-revitalisierung-neubau-umbau.png\",\"contentUrl\":\"https:\/\/www.dehner.de\/jobs\/app\/uploads\/sites\/7\/2025\/12\/dehner-garten-center-koenigsbrunn-revitalisierung-neubau-umbau.png\",\"width\":800,\"height\":1315,\"caption\":\"Karriere bei Dehner\"},\"image\":{\"@id\":\"https:\/\/www.dehner.de\/jobs\/#\/schema\/logo\/image\/\"}}]}<\/script>\n<!-- \/ Yoast SEO plugin. -->","yoast_head_json":{"title":"Facebook Datenverarbeitung - Karriere bei Dehner","robots":{"index":"index","follow":"follow","max-snippet":"max-snippet:-1","max-image-preview":"max-image-preview:large","max-video-preview":"max-video-preview:-1"},"canonical":"https:\/\/www.dehner.de\/jobs\/facebook-datenverarbeitung\/","og_locale":"de_DE","og_type":"article","og_title":"Facebook Datenverarbeitung - Karriere bei Dehner","og_url":"https:\/\/www.dehner.de\/jobs\/facebook-datenverarbeitung\/","og_site_name":"Karriere bei Dehner","article_modified_time":"2022-09-12T07:44:23+00:00","twitter_card":"summary_large_image","schema":{"@context":"https:\/\/schema.org","@graph":[{"@type":"WebPage","@id":"https:\/\/www.dehner.de\/jobs\/facebook-datenverarbeitung\/","url":"https:\/\/www.dehner.de\/jobs\/facebook-datenverarbeitung\/","name":"Facebook Datenverarbeitung - Karriere bei Dehner","isPartOf":{"@id":"https:\/\/www.dehner.de\/jobs\/#website"},"datePublished":"2022-08-09T08:34:50+00:00","dateModified":"2022-09-12T07:44:23+00:00","breadcrumb":{"@id":"https:\/\/www.dehner.de\/jobs\/facebook-datenverarbeitung\/#breadcrumb"},"inLanguage":"de-DE","potentialAction":[{"@type":"ReadAction","target":["https:\/\/www.dehner.de\/jobs\/facebook-datenverarbeitung\/"]}]},{"@type":"BreadcrumbList","@id":"https:\/\/www.dehner.de\/jobs\/facebook-datenverarbeitung\/#breadcrumb","itemListElement":[{"@type":"ListItem","position":1,"name":"Home","item":"https:\/\/www.dehner.de\/jobs\/"},{"@type":"ListItem","position":2,"name":"Facebook Datenverarbeitung"}]},{"@type":"WebSite","@id":"https:\/\/www.dehner.de\/jobs\/#website","url":"https:\/\/www.dehner.de\/jobs\/","name":"Karriere bei Dehner","description":"Die Storys unserer Personalbotschafter","publisher":{"@id":"https:\/\/www.dehner.de\/jobs\/#organization"},"potentialAction":[{"@type":"SearchAction","target":{"@type":"EntryPoint","urlTemplate":"https:\/\/www.dehner.de\/jobs\/?s={search_term_string}"},"query-input":{"@type":"PropertyValueSpecification","valueRequired":true,"valueName":"search_term_string"}}],"inLanguage":"de-DE"},{"@type":"Organization","@id":"https:\/\/www.dehner.de\/jobs\/#organization","name":"Karriere bei Dehner","url":"https:\/\/www.dehner.de\/jobs\/","logo":{"@type":"ImageObject","inLanguage":"de-DE","@id":"https:\/\/www.dehner.de\/jobs\/#\/schema\/logo\/image\/","url":"https:\/\/www.dehner.de\/jobs\/app\/uploads\/sites\/7\/2025\/12\/dehner-garten-center-koenigsbrunn-revitalisierung-neubau-umbau.png","contentUrl":"https:\/\/www.dehner.de\/jobs\/app\/uploads\/sites\/7\/2025\/12\/dehner-garten-center-koenigsbrunn-revitalisierung-neubau-umbau.png","width":800,"height":1315,"caption":"Karriere bei Dehner"},"image":{"@id":"https:\/\/www.dehner.de\/jobs\/#\/schema\/logo\/image\/"}}]}},"_links":{"self":[{"href":"https:\/\/www.dehner.de\/jobs\/wp-json\/wp\/v2\/pages\/19132","targetHints":{"allow":["GET"]}}],"collection":[{"href":"https:\/\/www.dehner.de\/jobs\/wp-json\/wp\/v2\/pages"}],"about":[{"href":"https:\/\/www.dehner.de\/jobs\/wp-json\/wp\/v2\/types\/page"}],"author":[{"embeddable":true,"href":"https:\/\/www.dehner.de\/jobs\/wp-json\/wp\/v2\/users\/13"}],"replies":[{"embeddable":true,"href":"https:\/\/www.dehner.de\/jobs\/wp-json\/wp\/v2\/comments?post=19132"}],"version-history":[{"count":10,"href":"https:\/\/www.dehner.de\/jobs\/wp-json\/wp\/v2\/pages\/19132\/revisions"}],"predecessor-version":[{"id":19760,"href":"https:\/\/www.dehner.de\/jobs\/wp-json\/wp\/v2\/pages\/19132\/revisions\/19760"}],"wp:attachment":[{"href":"https:\/\/www.dehner.de\/jobs\/wp-json\/wp\/v2\/media?parent=19132"}],"curies":[{"name":"wp","href":"https:\/\/api.w.org\/{rel}","templated":true}]}}