{"id":19123,"date":"2022-08-09T10:23:56","date_gmt":"2022-08-09T08:23:56","guid":{"rendered":"https:\/\/www.dehner.de\/jobs\/?page_id=19123"},"modified":"2024-11-29T09:44:50","modified_gmt":"2024-11-29T08:44:50","slug":"facebook-gewinnspiel","status":"publish","type":"page","link":"https:\/\/www.dehner.de\/jobs\/facebook-gewinnspiel\/","title":{"rendered":"Facebook Gewinnspiel"},"content":{"rendered":"    <section class=\"block-headline-text container standard pb-5\">\n        <div class=\"row\">\n            <h2 class=\"col-12 title\">Teilnahmebedingungen f\u00fcr das Dehner Gewinnspiel \u201e24. Adventst\u00fcrchen\u201c<\/h2>            <div class=\"col-12 text\"><p><b>1. Teilnahme<\/b><br \/>\na) Veranstalter des Gewinnspiels \u201e<strong>24. Adventst\u00fcrchen<\/strong>\u201c (nachfolgend: \u201eGewinnspiel\u201c) ist die Dehner Holding GmbH &amp; Co. KG, Donauw\u00f6rther Stra\u00dfe 3-5, 86641 Rain, Deutschland (im folgenden \u201eDehner\u201c genannt). An dem Gewinnspiel kann jeder teilnehmen, sofern er mindestens 18 Jahre alt ist und seinen Wohnsitz in Deutschland hat. Von der Teilnahme ausgeschlossen sind Mitarbeiter von Dehner und deren Angeh\u00f6rige sowie beteiligte Agenturen.<\/p>\n<p>b) Eine Person nimmt am Gewinnspiel teil, indem sie auf Facebook unter dem Dehner Gewinnspiel Post \u201e24. Adventst\u00fcrchen\u201c mit einem Kommentar kommentiert. Zus\u00e4tzlich muss der Gewinnspiel Post geliked und der Dehner Facebook-Kanal abonniert werden. Die Mehrfachteilnahme ist ausgeschlossen.<\/p>\n<p>c) Der Teilnahmeschluss f\u00fcr das Gewinnspiel ist der 6. Januar 2025, 23:59 Uhr deutscher Zeit.<\/p>\n<p><strong>2. Durchf\u00fchrung und Abwicklung<\/strong><br \/>\na) Sofern in den Gewinnspielinformationen nicht abweichend bestimmt, werden die Gewinner im Losverfahren ausgew\u00e4hlt. Die Gewinnchance des einzelnen Teilnehmers h\u00e4ngt somit ma\u00dfgeblich davon ab, wie viele Teilnehmer im \u00dcbrigen am Gewinnspiel teilnehmen.<\/p>\n<p>Aus den Gewinnspielinformationen ergeben sich n\u00e4here Angaben \u00fcber den jeweiligen Gewinn (einschlie\u00dflich m\u00f6glicher Beschr\u00e4nkungen, Mitwirkungsleistungen oder Kosten, die f\u00fcr die Inanspruchnahme des Gewinns gelten).<\/p>\n<p>Unter allen Teilnehmern verlost Dehner zwei 50,00 \u20ac (in Worten F\u00fcnfzig) Gutscheine.<\/p>\n<p>b) Die zwei Gewinner werden von Dehner oder im Namen von Dehner innerhalb der Kommentarfunktion von Facebook benachrichtigt. Dieser Kommentar wird direkt unter jenen Beitrag gesetzt, der vom Facebook-Nutzer zur Teilnahme am Gewinnspiel ver\u00f6ffentlicht wurde. Der Gewinner wird gebeten, seinen Vor- und Nachnamen, Facebook-Namen sowie seine Anschrift an eine festgelegte E-Mailadresse zu senden (<a href=\"mailto:karriere@dehner.de\">karriere@dehner.de<\/a>). Die Benachrichtigung erfolgt innerhalb von zwei Tagen nach Teilnahmeschluss. Im Falle einer unzustellbaren Gewinnbenachrichtigung ist Dehner nicht verpflichtet, weitere Nachforschungen anzustellen. Meldet sich der Gewinner nicht bis zum 10. Januar 2025, 23:59 Uhr, nach dem Absenden der Benachrichtigung, so verf\u00e4llt der Anspruch auf den Gewinn und es wird kein neuer Gewinner ermittelt. Der Anspruch auf den Gewinn verf\u00e4llt ebenfalls, wenn die \u00dcbermittlung des Gewinns nicht innerhalb von sechs Monaten nach der ersten Benachrichtigung \u00fcber den Gewinn aus Gr\u00fcnden, die in der Person des Gewinners liegen, erfolgen kann.<\/p>\n<p>c) Sachpreise werden von Dehner per E-Mail, Spedition, Paketdienst oder Post an die vom Gewinner anzugebende Postadresse frei Haus versandt.<\/p>\n<p>d) Eine Barauszahlung der Gewinne ist nicht m\u00f6glich.<\/p>\n<p>e) Mit Abgabe des Kommentars mittels der Kommentarfunktion unter dem Gewinnspiel-Post akzeptiert der Teilnehmer die Teilnahmebedingungen.<\/p>\n<p>f) Im Falle eines Gewinnes wird Dehner die Benachrichtigung als Kommentar unter jenen Beitrag setzen, der vom Gewinner zur Teilnahme am Gewinnspiel ver\u00f6ffentlicht wurde.<\/p>\n<p>g) Die Teilnahme am Gewinnspiel ist kostenlos \u2013 mit Ausnahme der \u00dcbermittlungskosten, die nach dem von Ihnen gew\u00e4hlten Tarif Ihres Mobilfunk- bzw. Internetproviders entstehen. Es entstehen keine versteckten Folgekosten.<\/p>\n<p>h) Dehner beh\u00e4lt sich das Recht vor, strafbare und diskriminierende Beitr\u00e4ge auszublenden und von der Teilnahme auszuschlie\u00dfen.<\/p>\n<p>i) Die Teilnahme erfolgt nur \u00fcber Facebook unter dem jeweiligen Beitrag bei Einhaltung der jeweiligen Regeln.<\/p>\n<p><strong>3. Datenschutz und Einwilligung<br \/>\n<\/strong>a) Informationen zum Datenschutz erhalten Sie <a href=\"https:\/\/www.dehner.de\/jobs\/facebook-datenverarbeitung\/\">hier<\/a>.<\/p>\n<p><strong>4. Sonstige Bestimmungen<\/strong><br \/>\na) F\u00fcr Datenverluste, insbesondere im Wege der Daten\u00fcbertragung, und andere technische Defekte \u00fcbernehmen Dehner und die beteiligte Agentur keine Haftung, soweit sich die Daten nicht im Verantwortungsbereich von Veranstalter und Agentur befinden.<\/p>\n<p>b) Dehner beh\u00e4lt sich das Recht vor, Teilnehmer aufgrund von Manipulationen oder der Verwendung unerlaubter Hilfsmittel vom Gewinnspiel auszuschlie\u00dfen<\/p>\n<p>c) Der Rechtsweg ist ausgeschlossen.<\/p>\n<p>d) Ausschlie\u00dfliches anwendbares Recht ist das Recht der Bundesrepublik Deutschland.<\/p>\n<p>e) Sollten einzelne dieser Bestimmungen unwirksam sein oder werden, bleibt die G\u00fcltigkeit der \u00fcbrigen Teilnahmebedingungen hiervon unber\u00fchrt.<\/p>\n<p>f) Das Gewinnspiel steht in keiner Verbindung zu Facebook und wird in keiner Weise von Facebook gesponsert, unterst\u00fctzt oder organisiert. Ansprechpartner und Verantwortlicher ist alleine der Veranstalter.<\/p>\n<p>g) Bitte beachten Sie, dass Kundenanfragen, die als Kommentar unterhalb des Gewinnspiel-Posts gestellt werden, aufgrund der F\u00fclle der Kommentare nicht bearbeitet oder beantwortet werden k\u00f6nnen.<\/p>\n<p>&nbsp;<\/p>\n<\/div>        <\/div>\n    <\/section>\n","protected":false},"excerpt":{"rendered":"","protected":false},"author":13,"featured_media":0,"parent":0,"menu_order":0,"comment_status":"closed","ping_status":"closed","template":"","meta":{"_acf_changed":false,"footnotes":""},"class_list":["post-19123","page","type-page","status-publish","hentry"],"acf":[],"yoast_head":"<!-- This site is optimized with the Yoast SEO plugin v24.5 - https:\/\/yoast.com\/wordpress\/plugins\/seo\/ -->\n<title>Facebook Gewinnspiel - Karriere bei Dehner<\/title>\n<meta name=\"robots\" content=\"index, follow, max-snippet:-1, max-image-preview:large, max-video-preview:-1\" \/>\n<link rel=\"canonical\" href=\"https:\/\/www.dehner.de\/jobs\/facebook-gewinnspiel\/\" \/>\n<meta property=\"og:locale\" content=\"de_DE\" \/>\n<meta property=\"og:type\" content=\"article\" \/>\n<meta property=\"og:title\" content=\"Facebook Gewinnspiel - Karriere bei Dehner\" \/>\n<meta property=\"og:url\" content=\"https:\/\/www.dehner.de\/jobs\/facebook-gewinnspiel\/\" \/>\n<meta property=\"og:site_name\" content=\"Karriere bei Dehner\" \/>\n<meta property=\"article:modified_time\" content=\"2024-11-29T08:44:50+00:00\" \/>\n<meta name=\"twitter:card\" content=\"summary_large_image\" \/>\n<script type=\"application\/ld+json\" class=\"yoast-schema-graph\">{\"@context\":\"https:\/\/schema.org\",\"@graph\":[{\"@type\":\"WebPage\",\"@id\":\"https:\/\/www.dehner.de\/jobs\/facebook-gewinnspiel\/\",\"url\":\"https:\/\/www.dehner.de\/jobs\/facebook-gewinnspiel\/\",\"name\":\"Facebook Gewinnspiel - Karriere bei Dehner\",\"isPartOf\":{\"@id\":\"https:\/\/www.dehner.de\/jobs\/#website\"},\"datePublished\":\"2022-08-09T08:23:56+00:00\",\"dateModified\":\"2024-11-29T08:44:50+00:00\",\"breadcrumb\":{\"@id\":\"https:\/\/www.dehner.de\/jobs\/facebook-gewinnspiel\/#breadcrumb\"},\"inLanguage\":\"de-DE\",\"potentialAction\":[{\"@type\":\"ReadAction\",\"target\":[\"https:\/\/www.dehner.de\/jobs\/facebook-gewinnspiel\/\"]}]},{\"@type\":\"BreadcrumbList\",\"@id\":\"https:\/\/www.dehner.de\/jobs\/facebook-gewinnspiel\/#breadcrumb\",\"itemListElement\":[{\"@type\":\"ListItem\",\"position\":1,\"name\":\"Home\",\"item\":\"https:\/\/www.dehner.de\/jobs\/\"},{\"@type\":\"ListItem\",\"position\":2,\"name\":\"Facebook Gewinnspiel\"}]},{\"@type\":\"WebSite\",\"@id\":\"https:\/\/www.dehner.de\/jobs\/#website\",\"url\":\"https:\/\/www.dehner.de\/jobs\/\",\"name\":\"Karriere bei Dehner\",\"description\":\"Die Storys unserer Personalbotschafter\",\"publisher\":{\"@id\":\"https:\/\/www.dehner.de\/jobs\/#organization\"},\"potentialAction\":[{\"@type\":\"SearchAction\",\"target\":{\"@type\":\"EntryPoint\",\"urlTemplate\":\"https:\/\/www.dehner.de\/jobs\/?s={search_term_string}\"},\"query-input\":{\"@type\":\"PropertyValueSpecification\",\"valueRequired\":true,\"valueName\":\"search_term_string\"}}],\"inLanguage\":\"de-DE\"},{\"@type\":\"Organization\",\"@id\":\"https:\/\/www.dehner.de\/jobs\/#organization\",\"name\":\"Karriere bei Dehner\",\"url\":\"https:\/\/www.dehner.de\/jobs\/\",\"logo\":{\"@type\":\"ImageObject\",\"inLanguage\":\"de-DE\",\"@id\":\"https:\/\/www.dehner.de\/jobs\/#\/schema\/logo\/image\/\",\"url\":\"https:\/\/www.dehner.de\/jobs\/app\/uploads\/sites\/7\/2025\/12\/dehner-garten-center-koenigsbrunn-revitalisierung-neubau-umbau.png\",\"contentUrl\":\"https:\/\/www.dehner.de\/jobs\/app\/uploads\/sites\/7\/2025\/12\/dehner-garten-center-koenigsbrunn-revitalisierung-neubau-umbau.png\",\"width\":800,\"height\":1315,\"caption\":\"Karriere bei Dehner\"},\"image\":{\"@id\":\"https:\/\/www.dehner.de\/jobs\/#\/schema\/logo\/image\/\"}}]}<\/script>\n<!-- \/ Yoast SEO plugin. -->","yoast_head_json":{"title":"Facebook Gewinnspiel - Karriere bei Dehner","robots":{"index":"index","follow":"follow","max-snippet":"max-snippet:-1","max-image-preview":"max-image-preview:large","max-video-preview":"max-video-preview:-1"},"canonical":"https:\/\/www.dehner.de\/jobs\/facebook-gewinnspiel\/","og_locale":"de_DE","og_type":"article","og_title":"Facebook Gewinnspiel - Karriere bei Dehner","og_url":"https:\/\/www.dehner.de\/jobs\/facebook-gewinnspiel\/","og_site_name":"Karriere bei Dehner","article_modified_time":"2024-11-29T08:44:50+00:00","twitter_card":"summary_large_image","schema":{"@context":"https:\/\/schema.org","@graph":[{"@type":"WebPage","@id":"https:\/\/www.dehner.de\/jobs\/facebook-gewinnspiel\/","url":"https:\/\/www.dehner.de\/jobs\/facebook-gewinnspiel\/","name":"Facebook Gewinnspiel - Karriere bei Dehner","isPartOf":{"@id":"https:\/\/www.dehner.de\/jobs\/#website"},"datePublished":"2022-08-09T08:23:56+00:00","dateModified":"2024-11-29T08:44:50+00:00","breadcrumb":{"@id":"https:\/\/www.dehner.de\/jobs\/facebook-gewinnspiel\/#breadcrumb"},"inLanguage":"de-DE","potentialAction":[{"@type":"ReadAction","target":["https:\/\/www.dehner.de\/jobs\/facebook-gewinnspiel\/"]}]},{"@type":"BreadcrumbList","@id":"https:\/\/www.dehner.de\/jobs\/facebook-gewinnspiel\/#breadcrumb","itemListElement":[{"@type":"ListItem","position":1,"name":"Home","item":"https:\/\/www.dehner.de\/jobs\/"},{"@type":"ListItem","position":2,"name":"Facebook Gewinnspiel"}]},{"@type":"WebSite","@id":"https:\/\/www.dehner.de\/jobs\/#website","url":"https:\/\/www.dehner.de\/jobs\/","name":"Karriere bei Dehner","description":"Die Storys unserer Personalbotschafter","publisher":{"@id":"https:\/\/www.dehner.de\/jobs\/#organization"},"potentialAction":[{"@type":"SearchAction","target":{"@type":"EntryPoint","urlTemplate":"https:\/\/www.dehner.de\/jobs\/?s={search_term_string}"},"query-input":{"@type":"PropertyValueSpecification","valueRequired":true,"valueName":"search_term_string"}}],"inLanguage":"de-DE"},{"@type":"Organization","@id":"https:\/\/www.dehner.de\/jobs\/#organization","name":"Karriere bei Dehner","url":"https:\/\/www.dehner.de\/jobs\/","logo":{"@type":"ImageObject","inLanguage":"de-DE","@id":"https:\/\/www.dehner.de\/jobs\/#\/schema\/logo\/image\/","url":"https:\/\/www.dehner.de\/jobs\/app\/uploads\/sites\/7\/2025\/12\/dehner-garten-center-koenigsbrunn-revitalisierung-neubau-umbau.png","contentUrl":"https:\/\/www.dehner.de\/jobs\/app\/uploads\/sites\/7\/2025\/12\/dehner-garten-center-koenigsbrunn-revitalisierung-neubau-umbau.png","width":800,"height":1315,"caption":"Karriere bei Dehner"},"image":{"@id":"https:\/\/www.dehner.de\/jobs\/#\/schema\/logo\/image\/"}}]}},"_links":{"self":[{"href":"https:\/\/www.dehner.de\/jobs\/wp-json\/wp\/v2\/pages\/19123","targetHints":{"allow":["GET"]}}],"collection":[{"href":"https:\/\/www.dehner.de\/jobs\/wp-json\/wp\/v2\/pages"}],"about":[{"href":"https:\/\/www.dehner.de\/jobs\/wp-json\/wp\/v2\/types\/page"}],"author":[{"embeddable":true,"href":"https:\/\/www.dehner.de\/jobs\/wp-json\/wp\/v2\/users\/13"}],"replies":[{"embeddable":true,"href":"https:\/\/www.dehner.de\/jobs\/wp-json\/wp\/v2\/comments?post=19123"}],"version-history":[{"count":10,"href":"https:\/\/www.dehner.de\/jobs\/wp-json\/wp\/v2\/pages\/19123\/revisions"}],"predecessor-version":[{"id":31640,"href":"https:\/\/www.dehner.de\/jobs\/wp-json\/wp\/v2\/pages\/19123\/revisions\/31640"}],"wp:attachment":[{"href":"https:\/\/www.dehner.de\/jobs\/wp-json\/wp\/v2\/media?parent=19123"}],"curies":[{"name":"wp","href":"https:\/\/api.w.org\/{rel}","templated":true}]}}