{"id":17114,"date":"2020-06-12T17:18:54","date_gmt":"2020-06-12T15:18:54","guid":{"rendered":"https:\/\/www.dehner.de\/jobs\/ausbildung-und-duales-studium\/ausbildung\/kaufmann-im-einzelhandel\/"},"modified":"2025-08-28T13:34:52","modified_gmt":"2025-08-28T11:34:52","slug":"kaufmann-im-einzelhandel","status":"publish","type":"page","link":"https:\/\/www.dehner.de\/jobs\/deine-lehre-bei-dehner\/ausbildung\/kaufmann-im-einzelhandel\/?lang=at","title":{"rendered":"Deine Lehre zum Einzelhandelskaufmann (m\/w\/d)"},"content":{"rendered":"    <section class=\"block-headline-text container standard pb-5\">\n        <div class=\"row\">\n            <h1 class=\"col-12 title\">Deine Lehre zum Einzelhandelskaufmann (m\/w\/d)<\/h1>            <div class=\"col-12 text\"><h2><strong>Lehrbeginn: 1. September<\/strong><\/h2>\n<p><strong>Deine Lehre dauert 3 Jahre und findet in einem unserer Garten-Center in \u00d6sterreich statt. Nach Deiner erfolgreich bestandenen Lehrabschlusspr\u00fcfung bist Du Einzelhandelskaufmann (m\/w\/d). Du hast Deine Schulpflicht erf\u00fcllt \u2013 das passt perfekt.<\/strong><\/p>\n<p><strong>\u00a0<\/strong><\/p>\n<\/div>        <\/div>\n    <\/section>\n\n\n<section class=\"block-img-txt img-70-text-30 pb-4\">\n    <div class=\"container\">\n        <div class=\"row\">\n                            <div class=\"col-lg-8 pb-4 d-none d-md-block image\">\n                    <img loading=\"lazy\" decoding=\"async\" width=\"1024\" height=\"576\" src=\"https:\/\/www.dehner.de\/jobs\/app\/uploads\/sites\/7\/2025\/07\/20250603_PR_MO_5088_azubis_aw_studio_herzig_ben-1024x576.jpg\" class=\"img-cover\" alt=\"20250603_PR_MO_5088_azubis_aw_studio_herzig_ben\" srcset=\"https:\/\/www.dehner.de\/jobs\/app\/uploads\/sites\/7\/2025\/07\/20250603_PR_MO_5088_azubis_aw_studio_herzig_ben-1024x576.jpg 1024w, https:\/\/www.dehner.de\/jobs\/app\/uploads\/sites\/7\/2025\/07\/20250603_PR_MO_5088_azubis_aw_studio_herzig_ben-300x169.jpg 300w, https:\/\/www.dehner.de\/jobs\/app\/uploads\/sites\/7\/2025\/07\/20250603_PR_MO_5088_azubis_aw_studio_herzig_ben-150x84.jpg 150w, https:\/\/www.dehner.de\/jobs\/app\/uploads\/sites\/7\/2025\/07\/20250603_PR_MO_5088_azubis_aw_studio_herzig_ben-768x432.jpg 768w, https:\/\/www.dehner.de\/jobs\/app\/uploads\/sites\/7\/2025\/07\/20250603_PR_MO_5088_azubis_aw_studio_herzig_ben-1536x864.jpg 1536w, https:\/\/www.dehner.de\/jobs\/app\/uploads\/sites\/7\/2025\/07\/20250603_PR_MO_5088_azubis_aw_studio_herzig_ben-1000x563.jpg 1000w, https:\/\/www.dehner.de\/jobs\/app\/uploads\/sites\/7\/2025\/07\/20250603_PR_MO_5088_azubis_aw_studio_herzig_ben.jpg 1920w\" sizes=\"auto, (max-width: 1024px) 100vw, 1024px\" \/>                <\/div>\n                <div class=\"col-lg-4 df fc jcc body\">\n                            <a href=\"#\" class=\"toggler toggler-down-md toggler-hide\" data-toggle=\"collapse\" data-target=\"#block_c7bfd288589209fc6beeb8910f3ce5f7\" aria-expanded=\"true\" aria-controls=\"block_c7bfd288589209fc6beeb8910f3ce5f7\">\n                            <img loading=\"lazy\" decoding=\"async\" width=\"1024\" height=\"576\" src=\"https:\/\/www.dehner.de\/jobs\/app\/uploads\/sites\/7\/2025\/07\/20250603_PR_MO_5088_azubis_aw_studio_herzig_ben-1024x576.jpg\" class=\"mobile-image img-fluid mb-3 d-md-none\" alt=\"20250603_PR_MO_5088_azubis_aw_studio_herzig_ben\" srcset=\"https:\/\/www.dehner.de\/jobs\/app\/uploads\/sites\/7\/2025\/07\/20250603_PR_MO_5088_azubis_aw_studio_herzig_ben-1024x576.jpg 1024w, https:\/\/www.dehner.de\/jobs\/app\/uploads\/sites\/7\/2025\/07\/20250603_PR_MO_5088_azubis_aw_studio_herzig_ben-300x169.jpg 300w, https:\/\/www.dehner.de\/jobs\/app\/uploads\/sites\/7\/2025\/07\/20250603_PR_MO_5088_azubis_aw_studio_herzig_ben-150x84.jpg 150w, https:\/\/www.dehner.de\/jobs\/app\/uploads\/sites\/7\/2025\/07\/20250603_PR_MO_5088_azubis_aw_studio_herzig_ben-768x432.jpg 768w, https:\/\/www.dehner.de\/jobs\/app\/uploads\/sites\/7\/2025\/07\/20250603_PR_MO_5088_azubis_aw_studio_herzig_ben-1536x864.jpg 1536w, https:\/\/www.dehner.de\/jobs\/app\/uploads\/sites\/7\/2025\/07\/20250603_PR_MO_5088_azubis_aw_studio_herzig_ben-1000x563.jpg 1000w, https:\/\/www.dehner.de\/jobs\/app\/uploads\/sites\/7\/2025\/07\/20250603_PR_MO_5088_azubis_aw_studio_herzig_ben.jpg 1920w\" sizes=\"auto, (max-width: 1024px) 100vw, 1024px\" \/>                        <h3 class=\"font-h4 toggler toggler-down-md\">Lust auf Menschen, Pflanzen und Tiere?<\/h3>        <\/a>\n        <div class=\"collapse text show\" id=\"block_c7bfd288589209fc6beeb8910f3ce5f7\" data-parent=\"main\">\n            <p>F\u00fcr Deine Lehre bei Dehner sprechen viele gute Gr\u00fcnde: Allen voran der Dehner-Spirit, der uns \u00fcber alle Arbeitsbereiche und Hierarchien hinweg als famili\u00e4re Gemeinschaft arbeiten l\u00e4sst, in der wir einander helfen und unterst\u00fctzen. Wenn Du Dich au\u00dfer f\u00fcr den Einzelhandel auch noch f\u00fcr Pflanzen, Tiere oder G\u00e4rten begeisterst, sollte Dir Deine Entscheidung f\u00fcr Europas gr\u00f6\u00dftes Garten-Center vermutlich nicht schwerfallen.<\/p>\n                    <\/div>                <\/div>\n            \n        <\/div>\n    <\/div>\n<\/section>\n\n\n<section class=\"block-img-txt text-50-img-50 pb-4\">\n    <div class=\"container\">\n        <div class=\"row\">\n                            <div class=\"col-md-6 pb-4 d-none d-md-block image\">\n                    <img loading=\"lazy\" decoding=\"async\" width=\"1024\" height=\"576\" src=\"https:\/\/www.dehner.de\/jobs\/app\/uploads\/sites\/7\/2025\/07\/20250603_5858_azubis_studio_herzig_elisabeth-1024x576.jpg\" class=\"img-cover\" alt=\"20250603_5858_azubis_studio_herzig_elisabeth\" srcset=\"https:\/\/www.dehner.de\/jobs\/app\/uploads\/sites\/7\/2025\/07\/20250603_5858_azubis_studio_herzig_elisabeth-1024x576.jpg 1024w, https:\/\/www.dehner.de\/jobs\/app\/uploads\/sites\/7\/2025\/07\/20250603_5858_azubis_studio_herzig_elisabeth-300x169.jpg 300w, https:\/\/www.dehner.de\/jobs\/app\/uploads\/sites\/7\/2025\/07\/20250603_5858_azubis_studio_herzig_elisabeth-150x84.jpg 150w, https:\/\/www.dehner.de\/jobs\/app\/uploads\/sites\/7\/2025\/07\/20250603_5858_azubis_studio_herzig_elisabeth-768x432.jpg 768w, https:\/\/www.dehner.de\/jobs\/app\/uploads\/sites\/7\/2025\/07\/20250603_5858_azubis_studio_herzig_elisabeth-1536x864.jpg 1536w, https:\/\/www.dehner.de\/jobs\/app\/uploads\/sites\/7\/2025\/07\/20250603_5858_azubis_studio_herzig_elisabeth-1000x563.jpg 1000w, https:\/\/www.dehner.de\/jobs\/app\/uploads\/sites\/7\/2025\/07\/20250603_5858_azubis_studio_herzig_elisabeth.jpg 1920w\" sizes=\"auto, (max-width: 1024px) 100vw, 1024px\" \/>                <\/div>\n                <div class=\"col-md-6 df fc jcc body\">\n                            <a href=\"#\" class=\"toggler toggler-down-md toggler-hide\" data-toggle=\"collapse\" data-target=\"#block_e6ae5261c1995bf484afa57401e890a6\" aria-expanded=\"true\" aria-controls=\"block_e6ae5261c1995bf484afa57401e890a6\">\n                            <img loading=\"lazy\" decoding=\"async\" width=\"1024\" height=\"576\" src=\"https:\/\/www.dehner.de\/jobs\/app\/uploads\/sites\/7\/2025\/07\/20250603_5858_azubis_studio_herzig_elisabeth-1024x576.jpg\" class=\"mobile-image img-fluid mb-3 d-md-none\" alt=\"20250603_5858_azubis_studio_herzig_elisabeth\" srcset=\"https:\/\/www.dehner.de\/jobs\/app\/uploads\/sites\/7\/2025\/07\/20250603_5858_azubis_studio_herzig_elisabeth-1024x576.jpg 1024w, https:\/\/www.dehner.de\/jobs\/app\/uploads\/sites\/7\/2025\/07\/20250603_5858_azubis_studio_herzig_elisabeth-300x169.jpg 300w, https:\/\/www.dehner.de\/jobs\/app\/uploads\/sites\/7\/2025\/07\/20250603_5858_azubis_studio_herzig_elisabeth-150x84.jpg 150w, https:\/\/www.dehner.de\/jobs\/app\/uploads\/sites\/7\/2025\/07\/20250603_5858_azubis_studio_herzig_elisabeth-768x432.jpg 768w, https:\/\/www.dehner.de\/jobs\/app\/uploads\/sites\/7\/2025\/07\/20250603_5858_azubis_studio_herzig_elisabeth-1536x864.jpg 1536w, https:\/\/www.dehner.de\/jobs\/app\/uploads\/sites\/7\/2025\/07\/20250603_5858_azubis_studio_herzig_elisabeth-1000x563.jpg 1000w, https:\/\/www.dehner.de\/jobs\/app\/uploads\/sites\/7\/2025\/07\/20250603_5858_azubis_studio_herzig_elisabeth.jpg 1920w\" sizes=\"auto, (max-width: 1024px) 100vw, 1024px\" \/>                        <h3 class=\"font-h4 toggler toggler-down-md\">Du hast die Wahl: Schwerpunkt Garten-Center oder Zoo<\/h3>        <\/a>\n        <div class=\"collapse text show\" id=\"block_e6ae5261c1995bf484afa57401e890a6\" data-parent=\"main\">\n            <p>Der Schwerpunkt Deiner Lehre liegt auf Garten-Center oder Zoofachhandel. Zu Deinen wichtigsten Aufgaben geh\u00f6rt das Beraten und Begeistern unserer Kundinnen und Kunden sowie das Gestalten einer ansprechenden Warenpr\u00e4sentation. In der Berufsschule wird Dir au\u00dferdem kaufm\u00e4nnisches Fachwissen zu relevanten Themen wie Firmenrecht, Wirtschaftsprozessen, Einzelhandelsbetriebslehre oder Marketing vermittelt. Dieses Wissen baust Du durch hausinterne Fachschulungen, in Projekten f\u00fcr Lehrlinge und nat\u00fcrlich in der allt\u00e4glichen Praxis noch weiter aus.<\/p>\n                    <\/div>                <\/div>\n            \n        <\/div>\n    <\/div>\n<\/section>\n\n\n<div class=\"container py-4 mb-5\">\n    <a class=\"btn btn-red btn-jobs btn-xs-full\" href=\"https:\/\/www.dehner.de\/jobs\/jobmarkt\/?tax=239\">\n        Zu den Lehrstellen    <\/a>\n<\/div>\n\n","protected":false},"excerpt":{"rendered":"","protected":false},"author":1,"featured_media":34045,"parent":17046,"menu_order":1,"comment_status":"closed","ping_status":"closed","template":"","meta":{"_acf_changed":false,"footnotes":""},"class_list":["post-17114","page","type-page","status-publish","has-post-thumbnail","hentry"],"acf":[],"yoast_head":"<!-- This site is optimized with the Yoast SEO plugin v24.5 - https:\/\/yoast.com\/wordpress\/plugins\/seo\/ -->\n<title>Ausbildung bei Dehner | Kaufmann (m\/w\/d) im Einzelhandel | Dehner Jobs<\/title>\n<meta name=\"description\" content=\"Deine kaufm\u00e4nnische Ausbildung bei Dehner: \u2713Details zum Beruf \u2713Aufgaben &amp; Anforderungen \u2713Einblicke in die Ausbildung \u25ba Jetzt informieren &amp; bewerben!\" \/>\n<meta name=\"robots\" content=\"index, follow, max-snippet:-1, max-image-preview:large, max-video-preview:-1\" \/>\n<link rel=\"canonical\" href=\"https:\/\/www.dehner.de\/jobs\/deine-lehre-bei-dehner\/ausbildung\/kaufmann-im-einzelhandel\/?lang=at\" \/>\n<meta property=\"og:locale\" content=\"de_DE\" \/>\n<meta property=\"og:type\" content=\"article\" \/>\n<meta property=\"og:title\" content=\"Ausbildung bei Dehner | Kaufmann (m\/w\/d) im Einzelhandel | Dehner Jobs\" \/>\n<meta property=\"og:description\" content=\"Deine kaufm\u00e4nnische Ausbildung bei Dehner: \u2713Details zum Beruf \u2713Aufgaben &amp; Anforderungen \u2713Einblicke in die Ausbildung \u25ba Jetzt informieren &amp; bewerben!\" \/>\n<meta property=\"og:url\" content=\"https:\/\/www.dehner.de\/jobs\/deine-lehre-bei-dehner\/ausbildung\/kaufmann-im-einzelhandel\/?lang=at\" \/>\n<meta property=\"og:site_name\" content=\"Karriere bei Dehner\" \/>\n<meta property=\"article:modified_time\" content=\"2025-08-28T11:34:52+00:00\" \/>\n<meta property=\"og:image\" content=\"https:\/\/www.dehner.de\/jobs\/app\/uploads\/sites\/7\/2025\/08\/04_Azubi_Gruppe_3.jpg\" \/>\n\t<meta property=\"og:image:width\" content=\"1920\" \/>\n\t<meta property=\"og:image:height\" content=\"1080\" \/>\n\t<meta property=\"og:image:type\" content=\"image\/jpeg\" \/>\n<meta name=\"twitter:card\" content=\"summary_large_image\" \/>\n<meta name=\"twitter:label1\" content=\"Est. reading time\" \/>\n\t<meta name=\"twitter:data1\" content=\"2 Minuten\" \/>\n<script type=\"application\/ld+json\" class=\"yoast-schema-graph\">{\"@context\":\"https:\/\/schema.org\",\"@graph\":[{\"@type\":\"WebPage\",\"@id\":\"https:\/\/www.dehner.de\/jobs\/deine-lehre-bei-dehner\/ausbildung\/kaufmann-im-einzelhandel\/?lang=at\",\"url\":\"https:\/\/www.dehner.de\/jobs\/deine-lehre-bei-dehner\/ausbildung\/kaufmann-im-einzelhandel\/?lang=at\",\"name\":\"Ausbildung bei Dehner | Kaufmann (m\/w\/d) im Einzelhandel | Dehner Jobs\",\"isPartOf\":{\"@id\":\"https:\/\/www.dehner.de\/jobs\/#website\"},\"primaryImageOfPage\":{\"@id\":\"https:\/\/www.dehner.de\/jobs\/deine-lehre-bei-dehner\/ausbildung\/kaufmann-im-einzelhandel\/?lang=at#primaryimage\"},\"image\":{\"@id\":\"https:\/\/www.dehner.de\/jobs\/deine-lehre-bei-dehner\/ausbildung\/kaufmann-im-einzelhandel\/?lang=at#primaryimage\"},\"thumbnailUrl\":\"https:\/\/www.dehner.de\/jobs\/app\/uploads\/sites\/7\/2025\/08\/04_Azubi_Gruppe_3.jpg\",\"datePublished\":\"2020-06-12T15:18:54+00:00\",\"dateModified\":\"2025-08-28T11:34:52+00:00\",\"description\":\"Deine kaufm\u00e4nnische Ausbildung bei Dehner: \u2713Details zum Beruf \u2713Aufgaben & Anforderungen \u2713Einblicke in die Ausbildung \u25ba Jetzt informieren & bewerben!\",\"breadcrumb\":{\"@id\":\"https:\/\/www.dehner.de\/jobs\/deine-lehre-bei-dehner\/ausbildung\/kaufmann-im-einzelhandel\/?lang=at#breadcrumb\"},\"inLanguage\":\"de-DE\",\"potentialAction\":[{\"@type\":\"ReadAction\",\"target\":[\"https:\/\/www.dehner.de\/jobs\/deine-lehre-bei-dehner\/ausbildung\/kaufmann-im-einzelhandel\/?lang=at\"]}]},{\"@type\":\"ImageObject\",\"inLanguage\":\"de-DE\",\"@id\":\"https:\/\/www.dehner.de\/jobs\/deine-lehre-bei-dehner\/ausbildung\/kaufmann-im-einzelhandel\/?lang=at#primaryimage\",\"url\":\"https:\/\/www.dehner.de\/jobs\/app\/uploads\/sites\/7\/2025\/08\/04_Azubi_Gruppe_3.jpg\",\"contentUrl\":\"https:\/\/www.dehner.de\/jobs\/app\/uploads\/sites\/7\/2025\/08\/04_Azubi_Gruppe_3.jpg\",\"width\":1920,\"height\":1080},{\"@type\":\"BreadcrumbList\",\"@id\":\"https:\/\/www.dehner.de\/jobs\/deine-lehre-bei-dehner\/ausbildung\/kaufmann-im-einzelhandel\/?lang=at#breadcrumb\",\"itemListElement\":[{\"@type\":\"ListItem\",\"position\":1,\"name\":\"Home\",\"item\":\"https:\/\/www.dehner.de\/jobs\/\"},{\"@type\":\"ListItem\",\"position\":2,\"name\":\"Deine Lehre bei Dehner\",\"item\":\"https:\/\/www.dehner.de\/jobs\/deine-lehre-bei-dehner\/?lang=at\"},{\"@type\":\"ListItem\",\"position\":3,\"name\":\"Lehre\",\"item\":\"https:\/\/www.dehner.de\/jobs\/deine-lehre-bei-dehner\/ausbildung\/?lang=at\"},{\"@type\":\"ListItem\",\"position\":4,\"name\":\"Deine Lehre zum Einzelhandelskaufmann (m\/w\/d)\"}]},{\"@type\":\"WebSite\",\"@id\":\"https:\/\/www.dehner.de\/jobs\/#website\",\"url\":\"https:\/\/www.dehner.de\/jobs\/\",\"name\":\"Karriere bei Dehner\",\"description\":\"Die Storys unserer Personalbotschafter\",\"publisher\":{\"@id\":\"https:\/\/www.dehner.de\/jobs\/#organization\"},\"potentialAction\":[{\"@type\":\"SearchAction\",\"target\":{\"@type\":\"EntryPoint\",\"urlTemplate\":\"https:\/\/www.dehner.de\/jobs\/?s={search_term_string}\"},\"query-input\":{\"@type\":\"PropertyValueSpecification\",\"valueRequired\":true,\"valueName\":\"search_term_string\"}}],\"inLanguage\":\"de-DE\"},{\"@type\":\"Organization\",\"@id\":\"https:\/\/www.dehner.de\/jobs\/#organization\",\"name\":\"Karriere bei Dehner\",\"url\":\"https:\/\/www.dehner.de\/jobs\/\",\"logo\":{\"@type\":\"ImageObject\",\"inLanguage\":\"de-DE\",\"@id\":\"https:\/\/www.dehner.de\/jobs\/#\/schema\/logo\/image\/\",\"url\":\"https:\/\/www.dehner.de\/jobs\/app\/uploads\/sites\/7\/2025\/12\/dehner-garten-center-koenigsbrunn-revitalisierung-neubau-umbau.png\",\"contentUrl\":\"https:\/\/www.dehner.de\/jobs\/app\/uploads\/sites\/7\/2025\/12\/dehner-garten-center-koenigsbrunn-revitalisierung-neubau-umbau.png\",\"width\":800,\"height\":1315,\"caption\":\"Karriere bei Dehner\"},\"image\":{\"@id\":\"https:\/\/www.dehner.de\/jobs\/#\/schema\/logo\/image\/\"}}]}<\/script>\n<!-- \/ Yoast SEO plugin. -->","yoast_head_json":{"title":"Ausbildung bei Dehner | Kaufmann (m\/w\/d) im Einzelhandel | Dehner Jobs","description":"Deine kaufm\u00e4nnische Ausbildung bei Dehner: \u2713Details zum Beruf \u2713Aufgaben & Anforderungen \u2713Einblicke in die Ausbildung \u25ba Jetzt informieren & bewerben!","robots":{"index":"index","follow":"follow","max-snippet":"max-snippet:-1","max-image-preview":"max-image-preview:large","max-video-preview":"max-video-preview:-1"},"canonical":"https:\/\/www.dehner.de\/jobs\/deine-lehre-bei-dehner\/ausbildung\/kaufmann-im-einzelhandel\/?lang=at","og_locale":"de_DE","og_type":"article","og_title":"Ausbildung bei Dehner | Kaufmann (m\/w\/d) im Einzelhandel | Dehner Jobs","og_description":"Deine kaufm\u00e4nnische Ausbildung bei Dehner: \u2713Details zum Beruf \u2713Aufgaben & Anforderungen \u2713Einblicke in die Ausbildung \u25ba Jetzt informieren & bewerben!","og_url":"https:\/\/www.dehner.de\/jobs\/deine-lehre-bei-dehner\/ausbildung\/kaufmann-im-einzelhandel\/?lang=at","og_site_name":"Karriere bei Dehner","article_modified_time":"2025-08-28T11:34:52+00:00","og_image":[{"width":1920,"height":1080,"url":"https:\/\/www.dehner.de\/jobs\/app\/uploads\/sites\/7\/2025\/08\/04_Azubi_Gruppe_3.jpg","type":"image\/jpeg"}],"twitter_card":"summary_large_image","twitter_misc":{"Est. reading time":"2 Minuten"},"schema":{"@context":"https:\/\/schema.org","@graph":[{"@type":"WebPage","@id":"https:\/\/www.dehner.de\/jobs\/deine-lehre-bei-dehner\/ausbildung\/kaufmann-im-einzelhandel\/?lang=at","url":"https:\/\/www.dehner.de\/jobs\/deine-lehre-bei-dehner\/ausbildung\/kaufmann-im-einzelhandel\/?lang=at","name":"Ausbildung bei Dehner | Kaufmann (m\/w\/d) im Einzelhandel | Dehner Jobs","isPartOf":{"@id":"https:\/\/www.dehner.de\/jobs\/#website"},"primaryImageOfPage":{"@id":"https:\/\/www.dehner.de\/jobs\/deine-lehre-bei-dehner\/ausbildung\/kaufmann-im-einzelhandel\/?lang=at#primaryimage"},"image":{"@id":"https:\/\/www.dehner.de\/jobs\/deine-lehre-bei-dehner\/ausbildung\/kaufmann-im-einzelhandel\/?lang=at#primaryimage"},"thumbnailUrl":"https:\/\/www.dehner.de\/jobs\/app\/uploads\/sites\/7\/2025\/08\/04_Azubi_Gruppe_3.jpg","datePublished":"2020-06-12T15:18:54+00:00","dateModified":"2025-08-28T11:34:52+00:00","description":"Deine kaufm\u00e4nnische Ausbildung bei Dehner: \u2713Details zum Beruf \u2713Aufgaben & Anforderungen \u2713Einblicke in die Ausbildung \u25ba Jetzt informieren & bewerben!","breadcrumb":{"@id":"https:\/\/www.dehner.de\/jobs\/deine-lehre-bei-dehner\/ausbildung\/kaufmann-im-einzelhandel\/?lang=at#breadcrumb"},"inLanguage":"de-DE","potentialAction":[{"@type":"ReadAction","target":["https:\/\/www.dehner.de\/jobs\/deine-lehre-bei-dehner\/ausbildung\/kaufmann-im-einzelhandel\/?lang=at"]}]},{"@type":"ImageObject","inLanguage":"de-DE","@id":"https:\/\/www.dehner.de\/jobs\/deine-lehre-bei-dehner\/ausbildung\/kaufmann-im-einzelhandel\/?lang=at#primaryimage","url":"https:\/\/www.dehner.de\/jobs\/app\/uploads\/sites\/7\/2025\/08\/04_Azubi_Gruppe_3.jpg","contentUrl":"https:\/\/www.dehner.de\/jobs\/app\/uploads\/sites\/7\/2025\/08\/04_Azubi_Gruppe_3.jpg","width":1920,"height":1080},{"@type":"BreadcrumbList","@id":"https:\/\/www.dehner.de\/jobs\/deine-lehre-bei-dehner\/ausbildung\/kaufmann-im-einzelhandel\/?lang=at#breadcrumb","itemListElement":[{"@type":"ListItem","position":1,"name":"Home","item":"https:\/\/www.dehner.de\/jobs\/"},{"@type":"ListItem","position":2,"name":"Deine Lehre bei Dehner","item":"https:\/\/www.dehner.de\/jobs\/deine-lehre-bei-dehner\/?lang=at"},{"@type":"ListItem","position":3,"name":"Lehre","item":"https:\/\/www.dehner.de\/jobs\/deine-lehre-bei-dehner\/ausbildung\/?lang=at"},{"@type":"ListItem","position":4,"name":"Deine Lehre zum Einzelhandelskaufmann (m\/w\/d)"}]},{"@type":"WebSite","@id":"https:\/\/www.dehner.de\/jobs\/#website","url":"https:\/\/www.dehner.de\/jobs\/","name":"Karriere bei Dehner","description":"Die Storys unserer Personalbotschafter","publisher":{"@id":"https:\/\/www.dehner.de\/jobs\/#organization"},"potentialAction":[{"@type":"SearchAction","target":{"@type":"EntryPoint","urlTemplate":"https:\/\/www.dehner.de\/jobs\/?s={search_term_string}"},"query-input":{"@type":"PropertyValueSpecification","valueRequired":true,"valueName":"search_term_string"}}],"inLanguage":"de-DE"},{"@type":"Organization","@id":"https:\/\/www.dehner.de\/jobs\/#organization","name":"Karriere bei Dehner","url":"https:\/\/www.dehner.de\/jobs\/","logo":{"@type":"ImageObject","inLanguage":"de-DE","@id":"https:\/\/www.dehner.de\/jobs\/#\/schema\/logo\/image\/","url":"https:\/\/www.dehner.de\/jobs\/app\/uploads\/sites\/7\/2025\/12\/dehner-garten-center-koenigsbrunn-revitalisierung-neubau-umbau.png","contentUrl":"https:\/\/www.dehner.de\/jobs\/app\/uploads\/sites\/7\/2025\/12\/dehner-garten-center-koenigsbrunn-revitalisierung-neubau-umbau.png","width":800,"height":1315,"caption":"Karriere bei Dehner"},"image":{"@id":"https:\/\/www.dehner.de\/jobs\/#\/schema\/logo\/image\/"}}]}},"_links":{"self":[{"href":"https:\/\/www.dehner.de\/jobs\/wp-json\/wp\/v2\/pages\/17114","targetHints":{"allow":["GET"]}}],"collection":[{"href":"https:\/\/www.dehner.de\/jobs\/wp-json\/wp\/v2\/pages"}],"about":[{"href":"https:\/\/www.dehner.de\/jobs\/wp-json\/wp\/v2\/types\/page"}],"author":[{"embeddable":true,"href":"https:\/\/www.dehner.de\/jobs\/wp-json\/wp\/v2\/users\/1"}],"replies":[{"embeddable":true,"href":"https:\/\/www.dehner.de\/jobs\/wp-json\/wp\/v2\/comments?post=17114"}],"version-history":[{"count":6,"href":"https:\/\/www.dehner.de\/jobs\/wp-json\/wp\/v2\/pages\/17114\/revisions"}],"predecessor-version":[{"id":34048,"href":"https:\/\/www.dehner.de\/jobs\/wp-json\/wp\/v2\/pages\/17114\/revisions\/34048"}],"up":[{"embeddable":true,"href":"https:\/\/www.dehner.de\/jobs\/wp-json\/wp\/v2\/pages\/17046"}],"wp:featuredmedia":[{"embeddable":true,"href":"https:\/\/www.dehner.de\/jobs\/wp-json\/wp\/v2\/media\/34045"}],"wp:attachment":[{"href":"https:\/\/www.dehner.de\/jobs\/wp-json\/wp\/v2\/media?parent=17114"}],"curies":[{"name":"wp","href":"https:\/\/api.w.org\/{rel}","templated":true}]}}