{"id":17037,"date":"2022-01-31T15:07:22","date_gmt":"2022-01-31T14:07:22","guid":{"rendered":"https:\/\/www.dehner.de\/jobs\/?page_id=17037"},"modified":"2025-08-28T13:38:28","modified_gmt":"2025-08-28T11:38:28","slug":"praktikum","status":"publish","type":"page","link":"https:\/\/www.dehner.de\/jobs\/deine-lehre-bei-dehner\/praktikum\/?lang=at","title":{"rendered":"Praktikum und Schnupperlehre"},"content":{"rendered":"    <section class=\"block-headline-text container standard pb-5\">\n        <div class=\"row\">\n            <h1 class=\"col-12 title\">Praktikum und Schnupperlehre<\/h1>            <div class=\"col-12 text\"><p><strong>Dein Praktikum bei Dehner<\/p>\n<p><\/strong>Innerhalb der Dehner-Gruppe bilden wir eine ganze Reihe von unterschiedlichen Berufsbildern ab. Unsere Kolleginnen und Kollegen arbeiten zum Beispiel in der Zooabteilung, im Pflanzen- und Gartenbedarf, in B\u00fcros unseres Dienstleistungszentrums (Rain, Deutschland) oder in unserer Logistik (Rain, Deutschland). Ein Praktikum bei Dehner ist die optimale Gelegenheit, facettenreiche T\u00e4tigkeiten unseres Unternehmens kennenzulernen und erste praktische Berufserfahrungen zu sammeln. Das Beste: Wenn alles gut l\u00e4uft, steigst Du gleich bei uns ein und setzt Deine Karriere beim Marktf\u00fchrer f\u00fcr Garten-Center fort.<\/p>\n<\/div>        <\/div>\n    <\/section>\n\n\n<div class=\"container py-4 mb-5\">\n    <a class=\"btn btn-red btn-jobs btn-xs-full\" href=\"https:\/\/www.dehner.de\/jobs\/jobmarkt\/?tax=337\">\n        Freie Praktikumspl\u00e4tze    <\/a>\n<\/div>\n\n    <section class=\"block-headline-text container standard pb-5\">\n        <div class=\"row\">\n                        <div class=\"col-12 text\"><p><strong>Schnupper mal rein.<\/strong><\/p>\n<p>Du bist noch Sch\u00fcler und interessierst Dich f\u00fcr eine Schnupperlehre in unseren Garten-Centern \u00d6sterreich? Bewirb Dich unter <a href=\"mailto:praktikum@dehner.de\">praktikum@dehner.de<\/a> oder direkt im Garten-Center vor Ort f\u00fcr eine Schnupperlehre bei uns.<\/p>\n<\/div>        <\/div>\n    <\/section>\n\n\n","protected":false},"excerpt":{"rendered":"","protected":false},"author":23,"featured_media":34045,"parent":17094,"menu_order":30,"comment_status":"closed","ping_status":"closed","template":"","meta":{"_acf_changed":false,"footnotes":""},"class_list":["post-17037","page","type-page","status-publish","has-post-thumbnail","hentry"],"acf":[],"yoast_head":"<!-- This site is optimized with the Yoast SEO plugin v24.5 - https:\/\/yoast.com\/wordpress\/plugins\/seo\/ -->\n<title>Praktikum und Schnupperlehre - Karriere bei Dehner<\/title>\n<meta name=\"robots\" content=\"index, follow, max-snippet:-1, max-image-preview:large, max-video-preview:-1\" \/>\n<link rel=\"canonical\" href=\"https:\/\/www.dehner.de\/jobs\/deine-lehre-bei-dehner\/praktikum\/?lang=at\" \/>\n<meta property=\"og:locale\" content=\"de_DE\" \/>\n<meta property=\"og:type\" content=\"article\" \/>\n<meta property=\"og:title\" content=\"Praktikum und Schnupperlehre - Karriere bei Dehner\" \/>\n<meta property=\"og:url\" content=\"https:\/\/www.dehner.de\/jobs\/deine-lehre-bei-dehner\/praktikum\/?lang=at\" \/>\n<meta property=\"og:site_name\" content=\"Karriere bei Dehner\" \/>\n<meta property=\"article:modified_time\" content=\"2025-08-28T11:38:28+00:00\" \/>\n<meta property=\"og:image\" content=\"https:\/\/www.dehner.de\/jobs\/app\/uploads\/sites\/7\/2025\/08\/04_Azubi_Gruppe_3.jpg\" \/>\n\t<meta property=\"og:image:width\" content=\"1920\" \/>\n\t<meta property=\"og:image:height\" content=\"1080\" \/>\n\t<meta property=\"og:image:type\" content=\"image\/jpeg\" \/>\n<meta name=\"twitter:card\" content=\"summary_large_image\" \/>\n<meta name=\"twitter:label1\" content=\"Est. reading time\" \/>\n\t<meta name=\"twitter:data1\" content=\"1 Minute\" \/>\n<script type=\"application\/ld+json\" class=\"yoast-schema-graph\">{\"@context\":\"https:\/\/schema.org\",\"@graph\":[{\"@type\":\"WebPage\",\"@id\":\"https:\/\/www.dehner.de\/jobs\/deine-lehre-bei-dehner\/praktikum\/?lang=at\",\"url\":\"https:\/\/www.dehner.de\/jobs\/deine-lehre-bei-dehner\/praktikum\/?lang=at\",\"name\":\"Praktikum und Schnupperlehre - Karriere bei Dehner\",\"isPartOf\":{\"@id\":\"https:\/\/www.dehner.de\/jobs\/#website\"},\"primaryImageOfPage\":{\"@id\":\"https:\/\/www.dehner.de\/jobs\/deine-lehre-bei-dehner\/praktikum\/?lang=at#primaryimage\"},\"image\":{\"@id\":\"https:\/\/www.dehner.de\/jobs\/deine-lehre-bei-dehner\/praktikum\/?lang=at#primaryimage\"},\"thumbnailUrl\":\"https:\/\/www.dehner.de\/jobs\/app\/uploads\/sites\/7\/2025\/08\/04_Azubi_Gruppe_3.jpg\",\"datePublished\":\"2022-01-31T14:07:22+00:00\",\"dateModified\":\"2025-08-28T11:38:28+00:00\",\"breadcrumb\":{\"@id\":\"https:\/\/www.dehner.de\/jobs\/deine-lehre-bei-dehner\/praktikum\/?lang=at#breadcrumb\"},\"inLanguage\":\"de-DE\",\"potentialAction\":[{\"@type\":\"ReadAction\",\"target\":[\"https:\/\/www.dehner.de\/jobs\/deine-lehre-bei-dehner\/praktikum\/?lang=at\"]}]},{\"@type\":\"ImageObject\",\"inLanguage\":\"de-DE\",\"@id\":\"https:\/\/www.dehner.de\/jobs\/deine-lehre-bei-dehner\/praktikum\/?lang=at#primaryimage\",\"url\":\"https:\/\/www.dehner.de\/jobs\/app\/uploads\/sites\/7\/2025\/08\/04_Azubi_Gruppe_3.jpg\",\"contentUrl\":\"https:\/\/www.dehner.de\/jobs\/app\/uploads\/sites\/7\/2025\/08\/04_Azubi_Gruppe_3.jpg\",\"width\":1920,\"height\":1080},{\"@type\":\"BreadcrumbList\",\"@id\":\"https:\/\/www.dehner.de\/jobs\/deine-lehre-bei-dehner\/praktikum\/?lang=at#breadcrumb\",\"itemListElement\":[{\"@type\":\"ListItem\",\"position\":1,\"name\":\"Home\",\"item\":\"https:\/\/www.dehner.de\/jobs\/\"},{\"@type\":\"ListItem\",\"position\":2,\"name\":\"Deine Lehre bei Dehner\",\"item\":\"https:\/\/www.dehner.de\/jobs\/deine-lehre-bei-dehner\/?lang=at\"},{\"@type\":\"ListItem\",\"position\":3,\"name\":\"Praktikum und Schnupperlehre\"}]},{\"@type\":\"WebSite\",\"@id\":\"https:\/\/www.dehner.de\/jobs\/#website\",\"url\":\"https:\/\/www.dehner.de\/jobs\/\",\"name\":\"Karriere bei Dehner\",\"description\":\"Die Storys unserer Personalbotschafter\",\"publisher\":{\"@id\":\"https:\/\/www.dehner.de\/jobs\/#organization\"},\"potentialAction\":[{\"@type\":\"SearchAction\",\"target\":{\"@type\":\"EntryPoint\",\"urlTemplate\":\"https:\/\/www.dehner.de\/jobs\/?s={search_term_string}\"},\"query-input\":{\"@type\":\"PropertyValueSpecification\",\"valueRequired\":true,\"valueName\":\"search_term_string\"}}],\"inLanguage\":\"de-DE\"},{\"@type\":\"Organization\",\"@id\":\"https:\/\/www.dehner.de\/jobs\/#organization\",\"name\":\"Karriere bei Dehner\",\"url\":\"https:\/\/www.dehner.de\/jobs\/\",\"logo\":{\"@type\":\"ImageObject\",\"inLanguage\":\"de-DE\",\"@id\":\"https:\/\/www.dehner.de\/jobs\/#\/schema\/logo\/image\/\",\"url\":\"https:\/\/www.dehner.de\/jobs\/app\/uploads\/sites\/7\/2025\/12\/dehner-garten-center-koenigsbrunn-revitalisierung-neubau-umbau.png\",\"contentUrl\":\"https:\/\/www.dehner.de\/jobs\/app\/uploads\/sites\/7\/2025\/12\/dehner-garten-center-koenigsbrunn-revitalisierung-neubau-umbau.png\",\"width\":800,\"height\":1315,\"caption\":\"Karriere bei Dehner\"},\"image\":{\"@id\":\"https:\/\/www.dehner.de\/jobs\/#\/schema\/logo\/image\/\"}}]}<\/script>\n<!-- \/ Yoast SEO plugin. -->","yoast_head_json":{"title":"Praktikum und Schnupperlehre - Karriere bei Dehner","robots":{"index":"index","follow":"follow","max-snippet":"max-snippet:-1","max-image-preview":"max-image-preview:large","max-video-preview":"max-video-preview:-1"},"canonical":"https:\/\/www.dehner.de\/jobs\/deine-lehre-bei-dehner\/praktikum\/?lang=at","og_locale":"de_DE","og_type":"article","og_title":"Praktikum und Schnupperlehre - Karriere bei Dehner","og_url":"https:\/\/www.dehner.de\/jobs\/deine-lehre-bei-dehner\/praktikum\/?lang=at","og_site_name":"Karriere bei Dehner","article_modified_time":"2025-08-28T11:38:28+00:00","og_image":[{"width":1920,"height":1080,"url":"https:\/\/www.dehner.de\/jobs\/app\/uploads\/sites\/7\/2025\/08\/04_Azubi_Gruppe_3.jpg","type":"image\/jpeg"}],"twitter_card":"summary_large_image","twitter_misc":{"Est. reading time":"1 Minute"},"schema":{"@context":"https:\/\/schema.org","@graph":[{"@type":"WebPage","@id":"https:\/\/www.dehner.de\/jobs\/deine-lehre-bei-dehner\/praktikum\/?lang=at","url":"https:\/\/www.dehner.de\/jobs\/deine-lehre-bei-dehner\/praktikum\/?lang=at","name":"Praktikum und Schnupperlehre - Karriere bei Dehner","isPartOf":{"@id":"https:\/\/www.dehner.de\/jobs\/#website"},"primaryImageOfPage":{"@id":"https:\/\/www.dehner.de\/jobs\/deine-lehre-bei-dehner\/praktikum\/?lang=at#primaryimage"},"image":{"@id":"https:\/\/www.dehner.de\/jobs\/deine-lehre-bei-dehner\/praktikum\/?lang=at#primaryimage"},"thumbnailUrl":"https:\/\/www.dehner.de\/jobs\/app\/uploads\/sites\/7\/2025\/08\/04_Azubi_Gruppe_3.jpg","datePublished":"2022-01-31T14:07:22+00:00","dateModified":"2025-08-28T11:38:28+00:00","breadcrumb":{"@id":"https:\/\/www.dehner.de\/jobs\/deine-lehre-bei-dehner\/praktikum\/?lang=at#breadcrumb"},"inLanguage":"de-DE","potentialAction":[{"@type":"ReadAction","target":["https:\/\/www.dehner.de\/jobs\/deine-lehre-bei-dehner\/praktikum\/?lang=at"]}]},{"@type":"ImageObject","inLanguage":"de-DE","@id":"https:\/\/www.dehner.de\/jobs\/deine-lehre-bei-dehner\/praktikum\/?lang=at#primaryimage","url":"https:\/\/www.dehner.de\/jobs\/app\/uploads\/sites\/7\/2025\/08\/04_Azubi_Gruppe_3.jpg","contentUrl":"https:\/\/www.dehner.de\/jobs\/app\/uploads\/sites\/7\/2025\/08\/04_Azubi_Gruppe_3.jpg","width":1920,"height":1080},{"@type":"BreadcrumbList","@id":"https:\/\/www.dehner.de\/jobs\/deine-lehre-bei-dehner\/praktikum\/?lang=at#breadcrumb","itemListElement":[{"@type":"ListItem","position":1,"name":"Home","item":"https:\/\/www.dehner.de\/jobs\/"},{"@type":"ListItem","position":2,"name":"Deine Lehre bei Dehner","item":"https:\/\/www.dehner.de\/jobs\/deine-lehre-bei-dehner\/?lang=at"},{"@type":"ListItem","position":3,"name":"Praktikum und Schnupperlehre"}]},{"@type":"WebSite","@id":"https:\/\/www.dehner.de\/jobs\/#website","url":"https:\/\/www.dehner.de\/jobs\/","name":"Karriere bei Dehner","description":"Die Storys unserer Personalbotschafter","publisher":{"@id":"https:\/\/www.dehner.de\/jobs\/#organization"},"potentialAction":[{"@type":"SearchAction","target":{"@type":"EntryPoint","urlTemplate":"https:\/\/www.dehner.de\/jobs\/?s={search_term_string}"},"query-input":{"@type":"PropertyValueSpecification","valueRequired":true,"valueName":"search_term_string"}}],"inLanguage":"de-DE"},{"@type":"Organization","@id":"https:\/\/www.dehner.de\/jobs\/#organization","name":"Karriere bei Dehner","url":"https:\/\/www.dehner.de\/jobs\/","logo":{"@type":"ImageObject","inLanguage":"de-DE","@id":"https:\/\/www.dehner.de\/jobs\/#\/schema\/logo\/image\/","url":"https:\/\/www.dehner.de\/jobs\/app\/uploads\/sites\/7\/2025\/12\/dehner-garten-center-koenigsbrunn-revitalisierung-neubau-umbau.png","contentUrl":"https:\/\/www.dehner.de\/jobs\/app\/uploads\/sites\/7\/2025\/12\/dehner-garten-center-koenigsbrunn-revitalisierung-neubau-umbau.png","width":800,"height":1315,"caption":"Karriere bei Dehner"},"image":{"@id":"https:\/\/www.dehner.de\/jobs\/#\/schema\/logo\/image\/"}}]}},"_links":{"self":[{"href":"https:\/\/www.dehner.de\/jobs\/wp-json\/wp\/v2\/pages\/17037","targetHints":{"allow":["GET"]}}],"collection":[{"href":"https:\/\/www.dehner.de\/jobs\/wp-json\/wp\/v2\/pages"}],"about":[{"href":"https:\/\/www.dehner.de\/jobs\/wp-json\/wp\/v2\/types\/page"}],"author":[{"embeddable":true,"href":"https:\/\/www.dehner.de\/jobs\/wp-json\/wp\/v2\/users\/23"}],"replies":[{"embeddable":true,"href":"https:\/\/www.dehner.de\/jobs\/wp-json\/wp\/v2\/comments?post=17037"}],"version-history":[{"count":20,"href":"https:\/\/www.dehner.de\/jobs\/wp-json\/wp\/v2\/pages\/17037\/revisions"}],"predecessor-version":[{"id":34051,"href":"https:\/\/www.dehner.de\/jobs\/wp-json\/wp\/v2\/pages\/17037\/revisions\/34051"}],"up":[{"embeddable":true,"href":"https:\/\/www.dehner.de\/jobs\/wp-json\/wp\/v2\/pages\/17094"}],"wp:featuredmedia":[{"embeddable":true,"href":"https:\/\/www.dehner.de\/jobs\/wp-json\/wp\/v2\/media\/34045"}],"wp:attachment":[{"href":"https:\/\/www.dehner.de\/jobs\/wp-json\/wp\/v2\/media?parent=17037"}],"curies":[{"name":"wp","href":"https:\/\/api.w.org\/{rel}","templated":true}]}}