{"id":245,"date":"2021-01-20T10:45:41","date_gmt":"2021-01-20T09:45:41","guid":{"rendered":"https:\/\/www.dehner.de\/blumenpark\/?page_id=245"},"modified":"2025-10-10T08:22:58","modified_gmt":"2025-10-10T06:22:58","slug":"impressum","status":"publish","type":"page","link":"https:\/\/www.dehner.de\/blumenpark\/kontakt\/impressum\/","title":{"rendered":"Impressum"},"content":{"rendered":"<div class=\"container page-content dehner-paragraph \">\n\t<div class=\"ce-gridRow6040 \">\n\t\t<div class=\"colpos-101 col-12\">\n\t\t\t<div id=\"block_ffbb0e924c0d688b3c874cc25c504c74\" class=\"ce-text\">\n\t\t\t\t<header class=\"fsc\">\n\t\t\t\t\t\t\t\t\t\t\t\t\t\t\t\t<h2>Impressum<\/h2>\n\t\t\t\t\t\t\t\t\t<\/header>\n\t\t\t\t<div class=\"bodytext\">\n\t\t\t\t\t\t\t\t\t\t\t<table class=\"contenttable\">\n<tbody>\n<tr>\n<td rowspan=\"1\"><b>Postanschrift<\/b><\/td>\n<td><\/td>\n<td rowspan=\"1\">Dehner Gartencenter GmbH &amp; Co. KG<br \/>\nDonauw\u00f6rther Str. 3-5<br \/>\nD-86641 Rain<\/td>\n<\/tr>\n<tr>\n<td><b>Telefon<\/b><\/td>\n<td><\/td>\n<td>+ 49 (0)9090 \/ 77 0<\/td>\n<\/tr>\n<tr>\n<td><b>Telefax<\/b><\/td>\n<td><\/td>\n<td>+ 49 (0)9090 \/ 77 77 7 &#8211; 0<\/td>\n<\/tr>\n<tr>\n<td><b>E-Mailadresse<\/b><\/td>\n<td><\/td>\n<td><a class=\"mail\" title=\"Dehner E-Mailadresse\">info(at)dehner.de<\/a><\/td>\n<\/tr>\n<tr>\n<td><b>Internetadresse<\/b><\/td>\n<td><\/td>\n<td>www.dehner.de\/blumenpark<\/td>\n<\/tr>\n<tr>\n<td><b>Komplement\u00e4rin<\/b><\/td>\n<td><\/td>\n<td>Dehner Gartencenter Verwaltungs-GmbH<br \/>\nD-86641 Rain<br \/>\nAmtsgericht Augsburg HRB 30828<\/td>\n<\/tr>\n<tr>\n<td><b>Gesch\u00e4ftsf\u00fchrer<\/b><\/td>\n<td><\/td>\n<td>Georg Weber, Frank B\u00f6ing, Dr. Hansj\u00f6rg Flassak und Oliver Haller<\/td>\n<\/tr>\n<tr>\n<td><b>Eingetragen beim<\/b><\/td>\n<td><\/td>\n<td>Amtsgericht Augsburg HRA 18972<\/td>\n<\/tr>\n<tr>\n<td><b>UST-ID-Nummer<\/b><\/td>\n<td><\/td>\n<td>DE 308 158 430<\/td>\n<\/tr>\n<tr>\n<td><b>GLN<\/b><\/td>\n<td><\/td>\n<td>40 03572 000009<\/td>\n<\/tr>\n<\/tbody>\n<\/table>\n<p>&nbsp;&nbsp;<br \/>\nEine Bereitschaft oder Verpflichtung zur Teilnahme an einem Streitbeilegungsverfahren vor einer Verbraucherschlichtungsstelle besteht nicht.<\/p>\n\t\t\t\t\t\t\t\t\t<\/div>\n\t\t\t<\/div>\n\t\t<\/div>\n\t\t\t<\/div>\n<\/div>\n\n\n<div class=\"container page-content dehner-paragraph \">\n\t<div class=\"ce-gridRow6040 \">\n\t\t<div class=\"colpos-101 col-12\">\n\t\t\t<div id=\"block_bd97d98eb555cab9d437506d33e6431b\" class=\"ce-text\">\n\t\t\t\t<header class=\"fsc\">\n\t\t\t\t\t\t\t\t\t\t\t\t\t\t\t\t<h2>Hinweis<\/h2>\n\t\t\t\t\t\t\t\t\t<\/header>\n\t\t\t\t<div class=\"bodytext\">\n\t\t\t\t\t\t\t\t\t\t\t<p>S\u00e4mtliche Inhalte wie Texte, Bildermaterial, Ton-, Video- und Animationsdateien sowie deren Arrangements unterliegen dem Schutz des Urheberrechts und anderen Gesetzen zum Schutz geistigen Eigentums. Inhalte dieser Website d\u00fcrfen nicht zu kommerziellen Zwecken kopiert, verbreitet oder ver\u00e4ndert werden, sofern nicht ausdr\u00fccklich anders gekennzeichnet oder eine Zustimmung von der Dehner erteilt wurde.<\/p>\n\t\t\t\t\t\t\t\t\t<\/div>\n\t\t\t<\/div>\n\t\t<\/div>\n\t\t\t<\/div>\n<\/div>\n\n\n\n<script type=\"application\/javascript\">\n var UC_UI_SUPPRESS_CMP_DISPLAY=true;\n<\/script>\n","protected":false},"excerpt":{"rendered":"","protected":false},"author":1,"featured_media":0,"parent":243,"menu_order":0,"comment_status":"closed","ping_status":"closed","template":"","meta":{"_acf_changed":false,"footnotes":""},"class_list":["post-245","page","type-page","status-publish","hentry"],"acf":[],"yoast_head":"<!-- This site is optimized with the Yoast SEO plugin v24.5 - https:\/\/yoast.com\/wordpress\/plugins\/seo\/ -->\n<title>Impressum - Dehner Blumenpark<\/title>\n<meta name=\"robots\" content=\"index, follow, max-snippet:-1, max-image-preview:large, max-video-preview:-1\" \/>\n<link rel=\"canonical\" href=\"https:\/\/www.dehner.de\/blumenpark\/kontakt\/impressum\/\" \/>\n<meta property=\"og:locale\" content=\"de_DE\" \/>\n<meta property=\"og:type\" content=\"article\" \/>\n<meta property=\"og:title\" content=\"Impressum - Dehner Blumenpark\" \/>\n<meta property=\"og:url\" content=\"https:\/\/www.dehner.de\/blumenpark\/kontakt\/impressum\/\" \/>\n<meta property=\"og:site_name\" content=\"Dehner Blumenpark\" \/>\n<meta property=\"article:modified_time\" content=\"2025-10-10T06:22:58+00:00\" \/>\n<meta name=\"twitter:card\" content=\"summary_large_image\" \/>\n<meta name=\"twitter:label1\" content=\"Est. reading time\" \/>\n\t<meta name=\"twitter:data1\" content=\"1 Minute\" \/>\n<script type=\"application\/ld+json\" class=\"yoast-schema-graph\">{\"@context\":\"https:\/\/schema.org\",\"@graph\":[{\"@type\":\"WebPage\",\"@id\":\"https:\/\/www.dehner.de\/blumenpark\/kontakt\/impressum\/\",\"url\":\"https:\/\/www.dehner.de\/blumenpark\/kontakt\/impressum\/\",\"name\":\"Impressum - Dehner Blumenpark\",\"isPartOf\":{\"@id\":\"https:\/\/www.dehner.de\/blumenpark\/#website\"},\"datePublished\":\"2021-01-20T09:45:41+00:00\",\"dateModified\":\"2025-10-10T06:22:58+00:00\",\"breadcrumb\":{\"@id\":\"https:\/\/www.dehner.de\/blumenpark\/kontakt\/impressum\/#breadcrumb\"},\"inLanguage\":\"de-DE\",\"potentialAction\":[{\"@type\":\"ReadAction\",\"target\":[\"https:\/\/www.dehner.de\/blumenpark\/kontakt\/impressum\/\"]}]},{\"@type\":\"BreadcrumbList\",\"@id\":\"https:\/\/www.dehner.de\/blumenpark\/kontakt\/impressum\/#breadcrumb\",\"itemListElement\":[{\"@type\":\"ListItem\",\"position\":1,\"name\":\"Home\",\"item\":\"https:\/\/www.dehner.de\/blumenpark\/\"},{\"@type\":\"ListItem\",\"position\":2,\"name\":\"Kontakt\",\"item\":\"https:\/\/www.dehner.de\/blumenpark\/kontakt\/\"},{\"@type\":\"ListItem\",\"position\":3,\"name\":\"Impressum\"}]},{\"@type\":\"WebSite\",\"@id\":\"https:\/\/www.dehner.de\/blumenpark\/#website\",\"url\":\"https:\/\/www.dehner.de\/blumenpark\/\",\"name\":\"Dehner Blumenpark\",\"description\":\"Dehner Blumenpark in Rain am Lech\",\"potentialAction\":[{\"@type\":\"SearchAction\",\"target\":{\"@type\":\"EntryPoint\",\"urlTemplate\":\"https:\/\/www.dehner.de\/blumenpark\/?s={search_term_string}\"},\"query-input\":{\"@type\":\"PropertyValueSpecification\",\"valueRequired\":true,\"valueName\":\"search_term_string\"}}],\"inLanguage\":\"de-DE\"}]}<\/script>\n<!-- \/ Yoast SEO plugin. -->","yoast_head_json":{"title":"Impressum - Dehner Blumenpark","robots":{"index":"index","follow":"follow","max-snippet":"max-snippet:-1","max-image-preview":"max-image-preview:large","max-video-preview":"max-video-preview:-1"},"canonical":"https:\/\/www.dehner.de\/blumenpark\/kontakt\/impressum\/","og_locale":"de_DE","og_type":"article","og_title":"Impressum - Dehner Blumenpark","og_url":"https:\/\/www.dehner.de\/blumenpark\/kontakt\/impressum\/","og_site_name":"Dehner Blumenpark","article_modified_time":"2025-10-10T06:22:58+00:00","twitter_card":"summary_large_image","twitter_misc":{"Est. reading time":"1 Minute"},"schema":{"@context":"https:\/\/schema.org","@graph":[{"@type":"WebPage","@id":"https:\/\/www.dehner.de\/blumenpark\/kontakt\/impressum\/","url":"https:\/\/www.dehner.de\/blumenpark\/kontakt\/impressum\/","name":"Impressum - Dehner Blumenpark","isPartOf":{"@id":"https:\/\/www.dehner.de\/blumenpark\/#website"},"datePublished":"2021-01-20T09:45:41+00:00","dateModified":"2025-10-10T06:22:58+00:00","breadcrumb":{"@id":"https:\/\/www.dehner.de\/blumenpark\/kontakt\/impressum\/#breadcrumb"},"inLanguage":"de-DE","potentialAction":[{"@type":"ReadAction","target":["https:\/\/www.dehner.de\/blumenpark\/kontakt\/impressum\/"]}]},{"@type":"BreadcrumbList","@id":"https:\/\/www.dehner.de\/blumenpark\/kontakt\/impressum\/#breadcrumb","itemListElement":[{"@type":"ListItem","position":1,"name":"Home","item":"https:\/\/www.dehner.de\/blumenpark\/"},{"@type":"ListItem","position":2,"name":"Kontakt","item":"https:\/\/www.dehner.de\/blumenpark\/kontakt\/"},{"@type":"ListItem","position":3,"name":"Impressum"}]},{"@type":"WebSite","@id":"https:\/\/www.dehner.de\/blumenpark\/#website","url":"https:\/\/www.dehner.de\/blumenpark\/","name":"Dehner Blumenpark","description":"Dehner Blumenpark in Rain am Lech","potentialAction":[{"@type":"SearchAction","target":{"@type":"EntryPoint","urlTemplate":"https:\/\/www.dehner.de\/blumenpark\/?s={search_term_string}"},"query-input":{"@type":"PropertyValueSpecification","valueRequired":true,"valueName":"search_term_string"}}],"inLanguage":"de-DE"}]}},"_links":{"self":[{"href":"https:\/\/www.dehner.de\/blumenpark\/wp-json\/wp\/v2\/pages\/245","targetHints":{"allow":["GET"]}}],"collection":[{"href":"https:\/\/www.dehner.de\/blumenpark\/wp-json\/wp\/v2\/pages"}],"about":[{"href":"https:\/\/www.dehner.de\/blumenpark\/wp-json\/wp\/v2\/types\/page"}],"author":[{"embeddable":true,"href":"https:\/\/www.dehner.de\/blumenpark\/wp-json\/wp\/v2\/users\/1"}],"replies":[{"embeddable":true,"href":"https:\/\/www.dehner.de\/blumenpark\/wp-json\/wp\/v2\/comments?post=245"}],"version-history":[{"count":16,"href":"https:\/\/www.dehner.de\/blumenpark\/wp-json\/wp\/v2\/pages\/245\/revisions"}],"predecessor-version":[{"id":3729,"href":"https:\/\/www.dehner.de\/blumenpark\/wp-json\/wp\/v2\/pages\/245\/revisions\/3729"}],"up":[{"embeddable":true,"href":"https:\/\/www.dehner.de\/blumenpark\/wp-json\/wp\/v2\/pages\/243"}],"wp:attachment":[{"href":"https:\/\/www.dehner.de\/blumenpark\/wp-json\/wp\/v2\/media?parent=245"}],"curies":[{"name":"wp","href":"https:\/\/api.w.org\/{rel}","templated":true}]}}