{"id":241,"date":"2021-01-20T10:44:15","date_gmt":"2021-01-20T09:44:15","guid":{"rendered":"https:\/\/www.dehner.de\/blumenpark\/?page_id=241"},"modified":"2023-03-07T16:53:49","modified_gmt":"2023-03-07T15:53:49","slug":"gut-zu-wissen","status":"publish","type":"page","link":"https:\/\/www.dehner.de\/blumenpark\/reiseinfo\/gut-zu-wissen\/","title":{"rendered":"Gut zu wissen"},"content":{"rendered":"<div id=\"page-hero\">\n    <div class=\"ce-slidercontainer hero-slider\">\n        <div class=\"slider\" id=\"slider-block_600aaf6e559d6\" data-slick='{&quot;autoplay&quot;:true,&quot;arrows&quot;:false,&quot;dots&quot;:false,&quot;slidesToShow&quot;:1,&quot;slidesToScroll&quot;:1}'>\n            <div class=\"ce-slideritem\">                            <div class=\"slide-text\">\n                                <header>\n                                    <h2>Fakten und Informationen<\/h2>\n                                <\/header>\n                                <p>Wissenswertes im \u00dcberblick<\/p>\n                                                            <\/div>\n                        \n                                                    <picture>\n                                                                    <source media=\"(min-width:1200px)\" srcset=\"https:\/\/www.dehner.de\/blumenpark\/app\/uploads\/sites\/5\/2021\/03\/Blumenpark-Neuheitengarten-1920x740.jpg 1x\">\n                                                                    <source media=\"(min-width:992px)\" srcset=\"https:\/\/www.dehner.de\/blumenpark\/app\/uploads\/sites\/5\/2021\/03\/Blumenpark-Neuheitengarten-1280x560.jpg 1x\">\n                                                                    <source media=\"(min-width:768px)\" srcset=\"https:\/\/www.dehner.de\/blumenpark\/app\/uploads\/sites\/5\/2021\/03\/Blumenpark-Neuheitengarten-992x434.jpg 1x\">\n                                                                    <source media=\"(min-width:544px)\" srcset=\"https:\/\/www.dehner.de\/blumenpark\/app\/uploads\/sites\/5\/2021\/03\/Blumenpark-Neuheitengarten-768x500.jpg 1x\">\n                                                                <img decoding=\"async\" src=\"https:\/\/www.dehner.de\/blumenpark\/app\/uploads\/sites\/5\/2021\/03\/Blumenpark-Neuheitengarten-480x400.jpg\" alt=\"\"\/>\n                            <\/picture>\n                                                <\/div>\n                            <\/div>\n    <\/div><a href=\"javascript:void(0)\" class=\"btn btn-circle scroll-down\"><svg class=\"icon svg-chevron-down-dims \" viewBox=\"0 0 16 10\" role=\"img\" aria-labelledby=\"title\"><use xlink:href=\"https:\/\/www.dehner.de\/blumenpark\/app\/themes\/dehner-unternehmen\/assets\/images\/icons\/icons-symbols.svg#chevron-down\"><\/use><\/svg><\/a>\n<\/div>\n\n\n<div class=\"container page-content dehner-paragraph \">\n\t<div class=\"ce-gridRow6040 \">\n\t\t<div class=\"colpos-101 col-12\">\n\t\t\t<div id=\"block_600aaf92559d8\" class=\"ce-text\">\n\t\t\t\t<header class=\"fsc\">\n\t\t\t\t\t\t\t\t\t\t\t\t\t\t\t\t<h2>Wissenswertes im \u00dcberblick<\/h2>\n\t\t\t\t\t\t\t\t\t<\/header>\n\t\t\t\t<div class=\"bodytext\">\n\t\t\t\t\t\t\t\t\t\t\t<div class=\"row\">\n<div class=\"colpos-101 col-xs-12 col-md-6\">\n<div id=\"c357\" class=\"ce-text\">\n<div class=\"bodytext\">\n<ul>\n<li>Der\u00a0<b>Eintritt<\/b> zu den Schaug\u00e4rten ist kostenlos.<\/li>\n<li>Die Schaug\u00e4rten sind <b>ganzj\u00e4hrig ge\u00f6ffnet<\/b>.<\/li>\n<li>Blumenpark und Naturlehrgarten sind Mo. bis Sa. von 9.00 bis 18.00 Uhr ge\u00f6ffnet.<\/li>\n<li>Garten-Center und Zoo Erlebniswelt sind Mo. bis Sa. von 8.30 bis 19.00 Uhr ge\u00f6ffnet.<\/li>\n<li>Alle Bereiche der Schaug\u00e4rten sind <b>barrierefrei\u00a0<\/b>zug\u00e4nglich.<\/li>\n<li><b>Kostenfreie PKW- und Busparkpl\u00e4tze<\/b>\u00a0stehen zur Verf\u00fcgung.<\/li>\n<\/ul>\n<\/div>\n<\/div>\n<\/div>\n<div class=\"colpos-102 col-xs-12 col-md-6\">\n<div id=\"c531\" class=\"ce-text\">\n<div class=\"bodytext\">\n<ul>\n<li>Unser <strong>Gartenbistro<\/strong> ist Mo. bis Sa. von 11.00 bis 17.30 Uhr ge\u00f6ffnet. Eine Reservierung ist auch f\u00fcr Gruppen nicht erforderlich.<\/li>\n<li>Separater\u00a0<b>Wickelraum<\/b>\u00a0bei den Toiletten.<\/li>\n<li><b>Hunde\u00a0<\/b>sind im Blumenpark\u00a0<b>willkommen<\/b>. Es besteht\u00a0<b>Leinenpflicht<\/b>.<\/li>\n<li><b>Fotoaufnahmen<\/b>\u00a0im Schau- und Naturlehrgarten sind erlaubt.<\/li>\n<li>Unsere\u00a0<b>G\u00e4ste-Information<\/b>\u00a0befindet sich am Eingang zum Garten-Center.<\/li>\n<\/ul>\n<\/div>\n<\/div>\n<\/div>\n<\/div>\n\t\t\t\t\t\t\t\t\t<\/div>\n\t\t\t<\/div>\n\t\t<\/div>\n\t\t\t<\/div>\n<\/div>\n\n\n<div class=\"container page-content\">\n\t<div id=\"block_600aafd7559d9\" class=\"ce-teaserimgblock\">\n\t\t<div class=\"row\">\n\t\t\t<div class=\"col-sm-3\">\n\t\t\t\t<picture><img decoding=\"async\" class=\"img-responsive-full\" src=\"https:\/\/www.dehner.de\/blumenpark\/app\/uploads\/sites\/5\/2021\/01\/csm_20160629_PR_MO_003_Blumenpark_Sommer_Herzig_806257b9a3.jpg\" srcset=\"\" sizes=\"(max-width: ) 100vw, \"\/><\/picture>\t\t\t<\/div>\n\t\t\t<div class=\"col-sm-6\">\n\t\t\t\t<picture><img decoding=\"async\" class=\"img-responsive-full\" src=\"https:\/\/www.dehner.de\/blumenpark\/app\/uploads\/sites\/5\/2021\/01\/csm_20160629_PR_MO_004_Blumenpark_Sommer_Herzig_f96bd55a03.jpg\" srcset=\"\" sizes=\"(max-width: ) 100vw, \"\/><\/picture>\t\t\t<\/div>\n\t\t\t<div class=\"col-sm-3\">\n\t\t\t\t<picture><img decoding=\"async\" class=\"img-responsive-full\" src=\"https:\/\/www.dehner.de\/blumenpark\/app\/uploads\/sites\/5\/2021\/01\/csm_20160629_PR_MO_005_Blumenpark_Sommer_Herzig_b8a21d9861.jpg\" srcset=\"\" sizes=\"(max-width: ) 100vw, \"\/><\/picture>\t\t\t<\/div>\n\t\t<\/div>\n\t<\/div>\n<\/div>\n","protected":false},"excerpt":{"rendered":"","protected":false},"author":1,"featured_media":0,"parent":235,"menu_order":30,"comment_status":"closed","ping_status":"closed","template":"","meta":{"_acf_changed":false,"footnotes":""},"class_list":["post-241","page","type-page","status-publish","hentry"],"acf":[],"yoast_head":"<!-- This site is optimized with the Yoast SEO plugin v24.5 - https:\/\/yoast.com\/wordpress\/plugins\/seo\/ -->\n<title>Gut zu wissen - Dehner Blumenpark<\/title>\n<meta name=\"robots\" content=\"index, follow, max-snippet:-1, max-image-preview:large, max-video-preview:-1\" \/>\n<link rel=\"canonical\" href=\"https:\/\/www.dehner.de\/blumenpark\/reiseinfo\/gut-zu-wissen\/\" \/>\n<meta property=\"og:locale\" content=\"de_DE\" \/>\n<meta property=\"og:type\" content=\"article\" \/>\n<meta property=\"og:title\" content=\"Gut zu wissen - Dehner Blumenpark\" \/>\n<meta property=\"og:url\" content=\"https:\/\/www.dehner.de\/blumenpark\/reiseinfo\/gut-zu-wissen\/\" \/>\n<meta property=\"og:site_name\" content=\"Dehner Blumenpark\" \/>\n<meta property=\"article:modified_time\" content=\"2023-03-07T15:53:49+00:00\" \/>\n<meta name=\"twitter:card\" content=\"summary_large_image\" \/>\n<script type=\"application\/ld+json\" class=\"yoast-schema-graph\">{\"@context\":\"https:\/\/schema.org\",\"@graph\":[{\"@type\":\"WebPage\",\"@id\":\"https:\/\/www.dehner.de\/blumenpark\/reiseinfo\/gut-zu-wissen\/\",\"url\":\"https:\/\/www.dehner.de\/blumenpark\/reiseinfo\/gut-zu-wissen\/\",\"name\":\"Gut zu wissen - Dehner Blumenpark\",\"isPartOf\":{\"@id\":\"https:\/\/www.dehner.de\/blumenpark\/#website\"},\"datePublished\":\"2021-01-20T09:44:15+00:00\",\"dateModified\":\"2023-03-07T15:53:49+00:00\",\"breadcrumb\":{\"@id\":\"https:\/\/www.dehner.de\/blumenpark\/reiseinfo\/gut-zu-wissen\/#breadcrumb\"},\"inLanguage\":\"de-DE\",\"potentialAction\":[{\"@type\":\"ReadAction\",\"target\":[\"https:\/\/www.dehner.de\/blumenpark\/reiseinfo\/gut-zu-wissen\/\"]}]},{\"@type\":\"BreadcrumbList\",\"@id\":\"https:\/\/www.dehner.de\/blumenpark\/reiseinfo\/gut-zu-wissen\/#breadcrumb\",\"itemListElement\":[{\"@type\":\"ListItem\",\"position\":1,\"name\":\"Home\",\"item\":\"https:\/\/www.dehner.de\/blumenpark\/\"},{\"@type\":\"ListItem\",\"position\":2,\"name\":\"Reiseinfo\",\"item\":\"https:\/\/www.dehner.de\/blumenpark\/reiseinfo\/\"},{\"@type\":\"ListItem\",\"position\":3,\"name\":\"Gut zu wissen\"}]},{\"@type\":\"WebSite\",\"@id\":\"https:\/\/www.dehner.de\/blumenpark\/#website\",\"url\":\"https:\/\/www.dehner.de\/blumenpark\/\",\"name\":\"Dehner Blumenpark\",\"description\":\"Dehner Blumenpark in Rain am Lech\",\"potentialAction\":[{\"@type\":\"SearchAction\",\"target\":{\"@type\":\"EntryPoint\",\"urlTemplate\":\"https:\/\/www.dehner.de\/blumenpark\/?s={search_term_string}\"},\"query-input\":{\"@type\":\"PropertyValueSpecification\",\"valueRequired\":true,\"valueName\":\"search_term_string\"}}],\"inLanguage\":\"de-DE\"}]}<\/script>\n<!-- \/ Yoast SEO plugin. -->","yoast_head_json":{"title":"Gut zu wissen - Dehner Blumenpark","robots":{"index":"index","follow":"follow","max-snippet":"max-snippet:-1","max-image-preview":"max-image-preview:large","max-video-preview":"max-video-preview:-1"},"canonical":"https:\/\/www.dehner.de\/blumenpark\/reiseinfo\/gut-zu-wissen\/","og_locale":"de_DE","og_type":"article","og_title":"Gut zu wissen - Dehner Blumenpark","og_url":"https:\/\/www.dehner.de\/blumenpark\/reiseinfo\/gut-zu-wissen\/","og_site_name":"Dehner Blumenpark","article_modified_time":"2023-03-07T15:53:49+00:00","twitter_card":"summary_large_image","schema":{"@context":"https:\/\/schema.org","@graph":[{"@type":"WebPage","@id":"https:\/\/www.dehner.de\/blumenpark\/reiseinfo\/gut-zu-wissen\/","url":"https:\/\/www.dehner.de\/blumenpark\/reiseinfo\/gut-zu-wissen\/","name":"Gut zu wissen - Dehner Blumenpark","isPartOf":{"@id":"https:\/\/www.dehner.de\/blumenpark\/#website"},"datePublished":"2021-01-20T09:44:15+00:00","dateModified":"2023-03-07T15:53:49+00:00","breadcrumb":{"@id":"https:\/\/www.dehner.de\/blumenpark\/reiseinfo\/gut-zu-wissen\/#breadcrumb"},"inLanguage":"de-DE","potentialAction":[{"@type":"ReadAction","target":["https:\/\/www.dehner.de\/blumenpark\/reiseinfo\/gut-zu-wissen\/"]}]},{"@type":"BreadcrumbList","@id":"https:\/\/www.dehner.de\/blumenpark\/reiseinfo\/gut-zu-wissen\/#breadcrumb","itemListElement":[{"@type":"ListItem","position":1,"name":"Home","item":"https:\/\/www.dehner.de\/blumenpark\/"},{"@type":"ListItem","position":2,"name":"Reiseinfo","item":"https:\/\/www.dehner.de\/blumenpark\/reiseinfo\/"},{"@type":"ListItem","position":3,"name":"Gut zu wissen"}]},{"@type":"WebSite","@id":"https:\/\/www.dehner.de\/blumenpark\/#website","url":"https:\/\/www.dehner.de\/blumenpark\/","name":"Dehner Blumenpark","description":"Dehner Blumenpark in Rain am Lech","potentialAction":[{"@type":"SearchAction","target":{"@type":"EntryPoint","urlTemplate":"https:\/\/www.dehner.de\/blumenpark\/?s={search_term_string}"},"query-input":{"@type":"PropertyValueSpecification","valueRequired":true,"valueName":"search_term_string"}}],"inLanguage":"de-DE"}]}},"_links":{"self":[{"href":"https:\/\/www.dehner.de\/blumenpark\/wp-json\/wp\/v2\/pages\/241","targetHints":{"allow":["GET"]}}],"collection":[{"href":"https:\/\/www.dehner.de\/blumenpark\/wp-json\/wp\/v2\/pages"}],"about":[{"href":"https:\/\/www.dehner.de\/blumenpark\/wp-json\/wp\/v2\/types\/page"}],"author":[{"embeddable":true,"href":"https:\/\/www.dehner.de\/blumenpark\/wp-json\/wp\/v2\/users\/1"}],"replies":[{"embeddable":true,"href":"https:\/\/www.dehner.de\/blumenpark\/wp-json\/wp\/v2\/comments?post=241"}],"version-history":[{"count":16,"href":"https:\/\/www.dehner.de\/blumenpark\/wp-json\/wp\/v2\/pages\/241\/revisions"}],"predecessor-version":[{"id":1437,"href":"https:\/\/www.dehner.de\/blumenpark\/wp-json\/wp\/v2\/pages\/241\/revisions\/1437"}],"up":[{"embeddable":true,"href":"https:\/\/www.dehner.de\/blumenpark\/wp-json\/wp\/v2\/pages\/235"}],"wp:attachment":[{"href":"https:\/\/www.dehner.de\/blumenpark\/wp-json\/wp\/v2\/media?parent=241"}],"curies":[{"name":"wp","href":"https:\/\/api.w.org\/{rel}","templated":true}]}}