{"id":239,"date":"2021-01-20T10:43:44","date_gmt":"2021-01-20T09:43:44","guid":{"rendered":"https:\/\/www.dehner.de\/blumenpark\/?page_id=239"},"modified":"2023-03-07T16:51:43","modified_gmt":"2023-03-07T15:51:43","slug":"info-fuer-reisegruppen","status":"publish","type":"page","link":"https:\/\/www.dehner.de\/blumenpark\/reiseinfo\/info-fuer-reisegruppen\/","title":{"rendered":"Info f\u00fcr Reisegruppen"},"content":{"rendered":"<div id=\"page-hero\">\n    <div class=\"ce-slidercontainer hero-slider\">\n        <div class=\"slider\" id=\"slider-block_600aadedb7030\" data-slick='{&quot;autoplay&quot;:true,&quot;arrows&quot;:false,&quot;dots&quot;:false,&quot;slidesToShow&quot;:1,&quot;slidesToScroll&quot;:1}'>\n            <div class=\"ce-slideritem\">                            <div class=\"slide-text\">\n                                <header>\n                                    <h2>Herzlich Willkommen<\/h2>\n                                <\/header>\n                                <p>Den Blumenpark als Gruppe besuchen<\/p>\n                                                            <\/div>\n                        \n                                                    <picture>\n                                                                    <source media=\"(min-width:1200px)\" srcset=\"https:\/\/www.dehner.de\/blumenpark\/app\/uploads\/sites\/5\/2021\/03\/Blumenpark-Japanischer-Ahorn-Fruehling-1920x740.jpg 1x\">\n                                                                    <source media=\"(min-width:992px)\" srcset=\"https:\/\/www.dehner.de\/blumenpark\/app\/uploads\/sites\/5\/2021\/03\/Blumenpark-Japanischer-Ahorn-Fruehling-1280x560.jpg 1x\">\n                                                                    <source media=\"(min-width:768px)\" srcset=\"https:\/\/www.dehner.de\/blumenpark\/app\/uploads\/sites\/5\/2021\/03\/Blumenpark-Japanischer-Ahorn-Fruehling-992x434.jpg 1x\">\n                                                                    <source media=\"(min-width:544px)\" srcset=\"https:\/\/www.dehner.de\/blumenpark\/app\/uploads\/sites\/5\/2021\/03\/Blumenpark-Japanischer-Ahorn-Fruehling-768x500.jpg 1x\">\n                                                                <img decoding=\"async\" src=\"https:\/\/www.dehner.de\/blumenpark\/app\/uploads\/sites\/5\/2021\/03\/Blumenpark-Japanischer-Ahorn-Fruehling-480x400.jpg\" alt=\"\"\/>\n                            <\/picture>\n                                                <\/div>\n                            <\/div>\n    <\/div><a href=\"javascript:void(0)\" class=\"btn btn-circle scroll-down\"><svg class=\"icon svg-chevron-down-dims \" viewBox=\"0 0 16 10\" role=\"img\" aria-labelledby=\"title\"><use xlink:href=\"https:\/\/www.dehner.de\/blumenpark\/app\/themes\/dehner-unternehmen\/assets\/images\/icons\/icons-symbols.svg#chevron-down\"><\/use><\/svg><\/a>\n<\/div>\n\n\n<div class=\"container page-content dehner-paragraph \">\n\t<div class=\"ce-gridRow6040 row\">\n\t\t<div class=\"colpos-101 col-xs-12 col-md-7\">\n\t\t\t<div id=\"block_600aae25b7032\" class=\"ce-text\">\n\t\t\t\t<header class=\"fsc\">\n\t\t\t\t\t\t\t\t\t\t\t\t\t\t\t\t<h2>Als Reisegruppe in den Blumenpark<\/h2>\n\t\t\t\t\t\t\t\t\t<\/header>\n\t\t\t\t<div class=\"bodytext\">\n\t\t\t\t\t\t\t\t\t\t\t<p>Liebe Reise- und Busunternehmer*innen, liebe Vereine und Gruppen,<\/p>\n<p>der Blumenpark und der Naturlehrgarten sind zu unseren \u00d6ffnungszeiten \u2013 Mo \u2013 Sa von 9 -18 Uhr f\u00fcr Sie ge\u00f6ffnet. Wir laden Sie ein, durch unsere Schauanlagen, die sich im jahreszeitlichen Schmuck pr\u00e4sentieren, zu flanieren. Es finden zwar keine F\u00fchrungen im Blumenpark statt, aber in unserem Naturlehrgarten sind zu verschiedensten Themen interessante F\u00fchrungen von unseren qualifizierten Umweltbildnerinnen buchbar. Diese gehen auf spezielle W\u00fcnsche ein und gestalten ein passendes Programm f\u00fcr einen rundum erfolgreichen Ausflug.<\/p>\n<p>Bitte melden Sie Ihre Reisegruppe vorab via E-Mail an naturlehrgarten@dehner.de an.<\/p>\n<p>Ihr Schaugarten Team<\/p>\n\t\t\t\t\t\t\t\t\t<\/div>\n\t\t\t<\/div>\n\t\t<\/div>\n\t\t\t\t\t<div class=\"colpos-102 col-xs-12 col-md-5\">\n\t\t\t\t\t\t\t\t\t\t<div id=\"block_600aae25b7032\" class=\"ce-image\">\n\t\t\t\t\t\t\t\t\t\t\t\t\t<\/div>\n\n\t\t\t\t\t\t\t\t\t\t\t\t<\/div>\n\t\t\t<\/div>\n<\/div>\n\n\n<div class=\"container page-content\">\n\t<div id=\"block_600aae47b7033\" class=\"ce-teaserimgblock\">\n\t\t<div class=\"row\">\n\t\t\t<div class=\"col-sm-3\">\n\t\t\t\t<picture><img decoding=\"async\" class=\"img-responsive-full\" src=\"https:\/\/www.dehner.de\/blumenpark\/app\/uploads\/sites\/5\/2021\/01\/csm_20150420_PR_MO_006_Fruehling_Blumenpark_Herzig_0e393a2ce5.jpg\" srcset=\"\" sizes=\"(max-width: ) 100vw, \"\/><\/picture>\t\t\t<\/div>\n\t\t\t<div class=\"col-sm-6\">\n\t\t\t\t<picture><img decoding=\"async\" class=\"img-responsive-full\" src=\"https:\/\/www.dehner.de\/blumenpark\/app\/uploads\/sites\/5\/2021\/01\/csm_20160629_PR_MO_020_Blumenpark_Sommer_Herzig_36bb1aa6e8.jpg\" srcset=\"\" sizes=\"(max-width: ) 100vw, \"\/><\/picture>\t\t\t<\/div>\n\t\t\t<div class=\"col-sm-3\">\n\t\t\t\t<picture><img decoding=\"async\" class=\"img-responsive-full\" src=\"https:\/\/www.dehner.de\/blumenpark\/app\/uploads\/sites\/5\/2021\/01\/csm_20151008_PR_MO_002_Blumenpark_Herbst_herzig_7d685f00f7.jpg\" srcset=\"\" sizes=\"(max-width: ) 100vw, \"\/><\/picture>\t\t\t<\/div>\n\t\t<\/div>\n\t<\/div>\n<\/div>\n","protected":false},"excerpt":{"rendered":"","protected":false},"author":1,"featured_media":0,"parent":235,"menu_order":10,"comment_status":"closed","ping_status":"closed","template":"","meta":{"_acf_changed":false,"footnotes":""},"class_list":["post-239","page","type-page","status-publish","hentry"],"acf":[],"yoast_head":"<!-- This site is optimized with the Yoast SEO plugin v24.5 - https:\/\/yoast.com\/wordpress\/plugins\/seo\/ -->\n<title>Info f\u00fcr Reisegruppen - Dehner Blumenpark<\/title>\n<meta name=\"robots\" content=\"index, follow, max-snippet:-1, max-image-preview:large, max-video-preview:-1\" \/>\n<link rel=\"canonical\" href=\"https:\/\/www.dehner.de\/blumenpark\/reiseinfo\/info-fuer-reisegruppen\/\" \/>\n<meta property=\"og:locale\" content=\"de_DE\" \/>\n<meta property=\"og:type\" content=\"article\" \/>\n<meta property=\"og:title\" content=\"Info f\u00fcr Reisegruppen - Dehner Blumenpark\" \/>\n<meta property=\"og:url\" content=\"https:\/\/www.dehner.de\/blumenpark\/reiseinfo\/info-fuer-reisegruppen\/\" \/>\n<meta property=\"og:site_name\" content=\"Dehner Blumenpark\" \/>\n<meta property=\"article:modified_time\" content=\"2023-03-07T15:51:43+00:00\" \/>\n<meta name=\"twitter:card\" content=\"summary_large_image\" \/>\n<script type=\"application\/ld+json\" class=\"yoast-schema-graph\">{\"@context\":\"https:\/\/schema.org\",\"@graph\":[{\"@type\":\"WebPage\",\"@id\":\"https:\/\/www.dehner.de\/blumenpark\/reiseinfo\/info-fuer-reisegruppen\/\",\"url\":\"https:\/\/www.dehner.de\/blumenpark\/reiseinfo\/info-fuer-reisegruppen\/\",\"name\":\"Info f\u00fcr Reisegruppen - Dehner Blumenpark\",\"isPartOf\":{\"@id\":\"https:\/\/www.dehner.de\/blumenpark\/#website\"},\"datePublished\":\"2021-01-20T09:43:44+00:00\",\"dateModified\":\"2023-03-07T15:51:43+00:00\",\"breadcrumb\":{\"@id\":\"https:\/\/www.dehner.de\/blumenpark\/reiseinfo\/info-fuer-reisegruppen\/#breadcrumb\"},\"inLanguage\":\"de-DE\",\"potentialAction\":[{\"@type\":\"ReadAction\",\"target\":[\"https:\/\/www.dehner.de\/blumenpark\/reiseinfo\/info-fuer-reisegruppen\/\"]}]},{\"@type\":\"BreadcrumbList\",\"@id\":\"https:\/\/www.dehner.de\/blumenpark\/reiseinfo\/info-fuer-reisegruppen\/#breadcrumb\",\"itemListElement\":[{\"@type\":\"ListItem\",\"position\":1,\"name\":\"Home\",\"item\":\"https:\/\/www.dehner.de\/blumenpark\/\"},{\"@type\":\"ListItem\",\"position\":2,\"name\":\"Reiseinfo\",\"item\":\"https:\/\/www.dehner.de\/blumenpark\/reiseinfo\/\"},{\"@type\":\"ListItem\",\"position\":3,\"name\":\"Info f\u00fcr Reisegruppen\"}]},{\"@type\":\"WebSite\",\"@id\":\"https:\/\/www.dehner.de\/blumenpark\/#website\",\"url\":\"https:\/\/www.dehner.de\/blumenpark\/\",\"name\":\"Dehner Blumenpark\",\"description\":\"Dehner Blumenpark in Rain am Lech\",\"potentialAction\":[{\"@type\":\"SearchAction\",\"target\":{\"@type\":\"EntryPoint\",\"urlTemplate\":\"https:\/\/www.dehner.de\/blumenpark\/?s={search_term_string}\"},\"query-input\":{\"@type\":\"PropertyValueSpecification\",\"valueRequired\":true,\"valueName\":\"search_term_string\"}}],\"inLanguage\":\"de-DE\"}]}<\/script>\n<!-- \/ Yoast SEO plugin. -->","yoast_head_json":{"title":"Info f\u00fcr Reisegruppen - Dehner Blumenpark","robots":{"index":"index","follow":"follow","max-snippet":"max-snippet:-1","max-image-preview":"max-image-preview:large","max-video-preview":"max-video-preview:-1"},"canonical":"https:\/\/www.dehner.de\/blumenpark\/reiseinfo\/info-fuer-reisegruppen\/","og_locale":"de_DE","og_type":"article","og_title":"Info f\u00fcr Reisegruppen - Dehner Blumenpark","og_url":"https:\/\/www.dehner.de\/blumenpark\/reiseinfo\/info-fuer-reisegruppen\/","og_site_name":"Dehner Blumenpark","article_modified_time":"2023-03-07T15:51:43+00:00","twitter_card":"summary_large_image","schema":{"@context":"https:\/\/schema.org","@graph":[{"@type":"WebPage","@id":"https:\/\/www.dehner.de\/blumenpark\/reiseinfo\/info-fuer-reisegruppen\/","url":"https:\/\/www.dehner.de\/blumenpark\/reiseinfo\/info-fuer-reisegruppen\/","name":"Info f\u00fcr Reisegruppen - Dehner Blumenpark","isPartOf":{"@id":"https:\/\/www.dehner.de\/blumenpark\/#website"},"datePublished":"2021-01-20T09:43:44+00:00","dateModified":"2023-03-07T15:51:43+00:00","breadcrumb":{"@id":"https:\/\/www.dehner.de\/blumenpark\/reiseinfo\/info-fuer-reisegruppen\/#breadcrumb"},"inLanguage":"de-DE","potentialAction":[{"@type":"ReadAction","target":["https:\/\/www.dehner.de\/blumenpark\/reiseinfo\/info-fuer-reisegruppen\/"]}]},{"@type":"BreadcrumbList","@id":"https:\/\/www.dehner.de\/blumenpark\/reiseinfo\/info-fuer-reisegruppen\/#breadcrumb","itemListElement":[{"@type":"ListItem","position":1,"name":"Home","item":"https:\/\/www.dehner.de\/blumenpark\/"},{"@type":"ListItem","position":2,"name":"Reiseinfo","item":"https:\/\/www.dehner.de\/blumenpark\/reiseinfo\/"},{"@type":"ListItem","position":3,"name":"Info f\u00fcr Reisegruppen"}]},{"@type":"WebSite","@id":"https:\/\/www.dehner.de\/blumenpark\/#website","url":"https:\/\/www.dehner.de\/blumenpark\/","name":"Dehner Blumenpark","description":"Dehner Blumenpark in Rain am Lech","potentialAction":[{"@type":"SearchAction","target":{"@type":"EntryPoint","urlTemplate":"https:\/\/www.dehner.de\/blumenpark\/?s={search_term_string}"},"query-input":{"@type":"PropertyValueSpecification","valueRequired":true,"valueName":"search_term_string"}}],"inLanguage":"de-DE"}]}},"_links":{"self":[{"href":"https:\/\/www.dehner.de\/blumenpark\/wp-json\/wp\/v2\/pages\/239","targetHints":{"allow":["GET"]}}],"collection":[{"href":"https:\/\/www.dehner.de\/blumenpark\/wp-json\/wp\/v2\/pages"}],"about":[{"href":"https:\/\/www.dehner.de\/blumenpark\/wp-json\/wp\/v2\/types\/page"}],"author":[{"embeddable":true,"href":"https:\/\/www.dehner.de\/blumenpark\/wp-json\/wp\/v2\/users\/1"}],"replies":[{"embeddable":true,"href":"https:\/\/www.dehner.de\/blumenpark\/wp-json\/wp\/v2\/comments?post=239"}],"version-history":[{"count":28,"href":"https:\/\/www.dehner.de\/blumenpark\/wp-json\/wp\/v2\/pages\/239\/revisions"}],"predecessor-version":[{"id":1433,"href":"https:\/\/www.dehner.de\/blumenpark\/wp-json\/wp\/v2\/pages\/239\/revisions\/1433"}],"up":[{"embeddable":true,"href":"https:\/\/www.dehner.de\/blumenpark\/wp-json\/wp\/v2\/pages\/235"}],"wp:attachment":[{"href":"https:\/\/www.dehner.de\/blumenpark\/wp-json\/wp\/v2\/media?parent=239"}],"curies":[{"name":"wp","href":"https:\/\/api.w.org\/{rel}","templated":true}]}}