{"id":235,"date":"2021-01-20T10:42:19","date_gmt":"2021-01-20T09:42:19","guid":{"rendered":"https:\/\/www.dehner.de\/blumenpark\/?page_id=235"},"modified":"2023-03-07T16:50:41","modified_gmt":"2023-03-07T15:50:41","slug":"reiseinfo","status":"publish","type":"page","link":"https:\/\/www.dehner.de\/blumenpark\/reiseinfo\/","title":{"rendered":"Reiseinfo"},"content":{"rendered":"<div id=\"page-hero\">\n    <div class=\"ce-slidercontainer hero-slider\">\n        <div class=\"slider\" id=\"slider-block_600aabae7d4e5\" data-slick='{&quot;autoplay&quot;:true,&quot;arrows&quot;:false,&quot;dots&quot;:false,&quot;slidesToShow&quot;:1,&quot;slidesToScroll&quot;:1}'>\n            <div class=\"ce-slideritem\">                            <div class=\"slide-text\">\n                                <header>\n                                    <h2>Wir freuen uns auf Sie!<\/h2>\n                                <\/header>\n                                <p>Alle Informationen f\u00fcr Ihren Besuch im Blumenpark<\/p>\n                                                            <\/div>\n                        \n                                                    <picture>\n                                                                    <source media=\"(min-width:1200px)\" srcset=\"https:\/\/www.dehner.de\/blumenpark\/app\/uploads\/sites\/5\/2021\/03\/Blumenpark-Schaugarten-Barockgarten-Panoramablick-1920x740.jpg 1x\">\n                                                                    <source media=\"(min-width:992px)\" srcset=\"https:\/\/www.dehner.de\/blumenpark\/app\/uploads\/sites\/5\/2021\/03\/Blumenpark-Schaugarten-Barockgarten-Panoramablick-1280x560.jpg 1x\">\n                                                                    <source media=\"(min-width:768px)\" srcset=\"https:\/\/www.dehner.de\/blumenpark\/app\/uploads\/sites\/5\/2021\/03\/Blumenpark-Schaugarten-Barockgarten-Panoramablick-992x434.jpg 1x\">\n                                                                    <source media=\"(min-width:544px)\" srcset=\"https:\/\/www.dehner.de\/blumenpark\/app\/uploads\/sites\/5\/2021\/03\/Blumenpark-Schaugarten-Barockgarten-Panoramablick-768x500.jpg 1x\">\n                                                                <img decoding=\"async\" src=\"https:\/\/www.dehner.de\/blumenpark\/app\/uploads\/sites\/5\/2021\/03\/Blumenpark-Schaugarten-Barockgarten-Panoramablick-480x400.jpg\" alt=\"\"\/>\n                            <\/picture>\n                                                <\/div>\n                            <\/div>\n    <\/div><a href=\"javascript:void(0)\" class=\"btn btn-circle scroll-down\"><svg class=\"icon svg-chevron-down-dims \" viewBox=\"0 0 16 10\" role=\"img\" aria-labelledby=\"title\"><use xlink:href=\"https:\/\/www.dehner.de\/blumenpark\/app\/themes\/dehner-unternehmen\/assets\/images\/icons\/icons-symbols.svg#chevron-down\"><\/use><\/svg><\/a>\n<\/div>\n\n\n<div class=\"container page-content dehner-paragraph \">\n\t<div class=\"ce-gridRow6040 row\">\n\t\t<div class=\"colpos-101 col-xs-12 col-md-7\">\n\t\t\t<div id=\"block_600aabe57d4e8\" class=\"ce-text\">\n\t\t\t\t<header class=\"fsc\">\n\t\t\t\t\t\t\t\t\t\t\t<strong class=\"subheader\">Gut informiert<\/strong>\n\t\t\t\t\t\t\t\t\t\t\t\t\t\t\t\t<h2>Ihr Besuch in unseren Schaug\u00e4rten<\/h2>\n\t\t\t\t\t\t\t\t\t<\/header>\n\t\t\t\t<div class=\"bodytext\">\n\t\t\t\t\t\t\t\t\t\t\t<p>Liebe Reise- und Busunternehmer*innen, liebe Vereine und Gruppen,<\/p>\n<p>der Blumenpark und der Naturlehrgarten sind zu unseren \u00d6ffnungszeiten \u2013 Mo \u2013 Sa von 9 -18 Uhr f\u00fcr Sie ge\u00f6ffnet. Wir laden Sie ein, durch unsere Schauanlagen, die sich im jahreszeitlichen Schmuck pr\u00e4sentieren, zu flanieren. Es finden zwar keine F\u00fchrungen im Blumenpark statt, aber in unserem Naturlehrgarten sind zu verschiedensten Themen interessante F\u00fchrungen von unseren qualifizierten Umweltbildnerinnen buchbar. Diese gehen auf spezielle W\u00fcnsche ein und gestalten ein passendes Programm f\u00fcr einen rundum erfolgreichen Ausflug.<\/p>\n<p>Bitte melden Sie Ihre Reisegruppe vorab via E-Mail an naturlehrgarten@dehner.de an.<\/p>\n<p>Ihr Schaugarten Team<\/p>\n\t\t\t\t\t\t\t\t\t<\/div>\n\t\t\t<\/div>\n\t\t<\/div>\n\t\t\t\t\t<div class=\"colpos-102 col-xs-12 col-md-5\">\n\t\t\t\t                                                <div id=\"block_600aabe57d4e8\">\n                                                                                    <ul class=\"arrows ce-menu ce-menu-0\">\n                                                                        <li>\n                                        <svg id=\"chevron-right\" class=\"icon svg-chevron-right-dims\" viewBox=\"0 0 10 16\" role=\"img\" aria-labelledby=\"title\"><title>chevron-right<\/title><path d=\"M6.55 8.112L.02 14.459l1.394 1.434L9.37 8.16 1.434 0 0 1.395z\" fill=\"currentColor\" fill-rule=\"evenodd\"><\/path><\/svg>\n                                            <a target=\"\" href=\"\/blumenpark\/reiseinfo\/anfahrt\/\">Anfahrt<\/a>\n                                        <\/li>\n                                                                                                            <li>\n                                        <svg id=\"chevron-right\" class=\"icon svg-chevron-right-dims\" viewBox=\"0 0 10 16\" role=\"img\" aria-labelledby=\"title\"><title>chevron-right<\/title><path d=\"M6.55 8.112L.02 14.459l1.394 1.434L9.37 8.16 1.434 0 0 1.395z\" fill=\"currentColor\" fill-rule=\"evenodd\"><\/path><\/svg>\n                                            <a target=\"\" href=\"\/blumenpark\/reiseinfo\/info-fuer-reisegruppen\/\">Info f\u00fcr Reisegruppen<\/a>\n                                        <\/li>\n                                                                                                            <li>\n                                        <svg id=\"chevron-right\" class=\"icon svg-chevron-right-dims\" viewBox=\"0 0 10 16\" role=\"img\" aria-labelledby=\"title\"><title>chevron-right<\/title><path d=\"M6.55 8.112L.02 14.459l1.394 1.434L9.37 8.16 1.434 0 0 1.395z\" fill=\"currentColor\" fill-rule=\"evenodd\"><\/path><\/svg>\n                                            <a target=\"\" href=\"\/blumenpark\/reiseinfo\/gut-zu-wissen\/\">Gut zu wissen<\/a>\n                                        <\/li>\n                                                                                                <\/ul>\n                                                    <\/div>\n\t\t\t\t\t\t\t\t\t\t\t\t<\/div>\n\t\t\t<\/div>\n<\/div>\n","protected":false},"excerpt":{"rendered":"","protected":false},"author":1,"featured_media":0,"parent":0,"menu_order":60,"comment_status":"closed","ping_status":"closed","template":"","meta":{"_acf_changed":false,"footnotes":""},"class_list":["post-235","page","type-page","status-publish","hentry"],"acf":[],"yoast_head":"<!-- This site is optimized with the Yoast SEO plugin v24.5 - https:\/\/yoast.com\/wordpress\/plugins\/seo\/ -->\n<title>Reiseinfo - Dehner Blumenpark<\/title>\n<meta name=\"robots\" content=\"index, follow, max-snippet:-1, max-image-preview:large, max-video-preview:-1\" \/>\n<link rel=\"canonical\" href=\"https:\/\/www.dehner.de\/blumenpark\/reiseinfo\/\" \/>\n<meta property=\"og:locale\" content=\"de_DE\" \/>\n<meta property=\"og:type\" content=\"article\" \/>\n<meta property=\"og:title\" content=\"Reiseinfo - Dehner Blumenpark\" \/>\n<meta property=\"og:url\" content=\"https:\/\/www.dehner.de\/blumenpark\/reiseinfo\/\" \/>\n<meta property=\"og:site_name\" content=\"Dehner Blumenpark\" \/>\n<meta property=\"article:modified_time\" content=\"2023-03-07T15:50:41+00:00\" \/>\n<meta name=\"twitter:card\" content=\"summary_large_image\" \/>\n<script type=\"application\/ld+json\" class=\"yoast-schema-graph\">{\"@context\":\"https:\/\/schema.org\",\"@graph\":[{\"@type\":\"WebPage\",\"@id\":\"https:\/\/www.dehner.de\/blumenpark\/reiseinfo\/\",\"url\":\"https:\/\/www.dehner.de\/blumenpark\/reiseinfo\/\",\"name\":\"Reiseinfo - Dehner Blumenpark\",\"isPartOf\":{\"@id\":\"https:\/\/www.dehner.de\/blumenpark\/#website\"},\"datePublished\":\"2021-01-20T09:42:19+00:00\",\"dateModified\":\"2023-03-07T15:50:41+00:00\",\"breadcrumb\":{\"@id\":\"https:\/\/www.dehner.de\/blumenpark\/reiseinfo\/#breadcrumb\"},\"inLanguage\":\"de-DE\",\"potentialAction\":[{\"@type\":\"ReadAction\",\"target\":[\"https:\/\/www.dehner.de\/blumenpark\/reiseinfo\/\"]}]},{\"@type\":\"BreadcrumbList\",\"@id\":\"https:\/\/www.dehner.de\/blumenpark\/reiseinfo\/#breadcrumb\",\"itemListElement\":[{\"@type\":\"ListItem\",\"position\":1,\"name\":\"Home\",\"item\":\"https:\/\/www.dehner.de\/blumenpark\/\"},{\"@type\":\"ListItem\",\"position\":2,\"name\":\"Reiseinfo\"}]},{\"@type\":\"WebSite\",\"@id\":\"https:\/\/www.dehner.de\/blumenpark\/#website\",\"url\":\"https:\/\/www.dehner.de\/blumenpark\/\",\"name\":\"Dehner Blumenpark\",\"description\":\"Dehner Blumenpark in Rain am Lech\",\"potentialAction\":[{\"@type\":\"SearchAction\",\"target\":{\"@type\":\"EntryPoint\",\"urlTemplate\":\"https:\/\/www.dehner.de\/blumenpark\/?s={search_term_string}\"},\"query-input\":{\"@type\":\"PropertyValueSpecification\",\"valueRequired\":true,\"valueName\":\"search_term_string\"}}],\"inLanguage\":\"de-DE\"}]}<\/script>\n<!-- \/ Yoast SEO plugin. -->","yoast_head_json":{"title":"Reiseinfo - Dehner Blumenpark","robots":{"index":"index","follow":"follow","max-snippet":"max-snippet:-1","max-image-preview":"max-image-preview:large","max-video-preview":"max-video-preview:-1"},"canonical":"https:\/\/www.dehner.de\/blumenpark\/reiseinfo\/","og_locale":"de_DE","og_type":"article","og_title":"Reiseinfo - Dehner Blumenpark","og_url":"https:\/\/www.dehner.de\/blumenpark\/reiseinfo\/","og_site_name":"Dehner Blumenpark","article_modified_time":"2023-03-07T15:50:41+00:00","twitter_card":"summary_large_image","schema":{"@context":"https:\/\/schema.org","@graph":[{"@type":"WebPage","@id":"https:\/\/www.dehner.de\/blumenpark\/reiseinfo\/","url":"https:\/\/www.dehner.de\/blumenpark\/reiseinfo\/","name":"Reiseinfo - Dehner Blumenpark","isPartOf":{"@id":"https:\/\/www.dehner.de\/blumenpark\/#website"},"datePublished":"2021-01-20T09:42:19+00:00","dateModified":"2023-03-07T15:50:41+00:00","breadcrumb":{"@id":"https:\/\/www.dehner.de\/blumenpark\/reiseinfo\/#breadcrumb"},"inLanguage":"de-DE","potentialAction":[{"@type":"ReadAction","target":["https:\/\/www.dehner.de\/blumenpark\/reiseinfo\/"]}]},{"@type":"BreadcrumbList","@id":"https:\/\/www.dehner.de\/blumenpark\/reiseinfo\/#breadcrumb","itemListElement":[{"@type":"ListItem","position":1,"name":"Home","item":"https:\/\/www.dehner.de\/blumenpark\/"},{"@type":"ListItem","position":2,"name":"Reiseinfo"}]},{"@type":"WebSite","@id":"https:\/\/www.dehner.de\/blumenpark\/#website","url":"https:\/\/www.dehner.de\/blumenpark\/","name":"Dehner Blumenpark","description":"Dehner Blumenpark in Rain am Lech","potentialAction":[{"@type":"SearchAction","target":{"@type":"EntryPoint","urlTemplate":"https:\/\/www.dehner.de\/blumenpark\/?s={search_term_string}"},"query-input":{"@type":"PropertyValueSpecification","valueRequired":true,"valueName":"search_term_string"}}],"inLanguage":"de-DE"}]}},"_links":{"self":[{"href":"https:\/\/www.dehner.de\/blumenpark\/wp-json\/wp\/v2\/pages\/235","targetHints":{"allow":["GET"]}}],"collection":[{"href":"https:\/\/www.dehner.de\/blumenpark\/wp-json\/wp\/v2\/pages"}],"about":[{"href":"https:\/\/www.dehner.de\/blumenpark\/wp-json\/wp\/v2\/types\/page"}],"author":[{"embeddable":true,"href":"https:\/\/www.dehner.de\/blumenpark\/wp-json\/wp\/v2\/users\/1"}],"replies":[{"embeddable":true,"href":"https:\/\/www.dehner.de\/blumenpark\/wp-json\/wp\/v2\/comments?post=235"}],"version-history":[{"count":22,"href":"https:\/\/www.dehner.de\/blumenpark\/wp-json\/wp\/v2\/pages\/235\/revisions"}],"predecessor-version":[{"id":1521,"href":"https:\/\/www.dehner.de\/blumenpark\/wp-json\/wp\/v2\/pages\/235\/revisions\/1521"}],"wp:attachment":[{"href":"https:\/\/www.dehner.de\/blumenpark\/wp-json\/wp\/v2\/media?parent=235"}],"curies":[{"name":"wp","href":"https:\/\/api.w.org\/{rel}","templated":true}]}}