{"id":231,"date":"2021-01-20T10:40:52","date_gmt":"2021-01-20T09:40:52","guid":{"rendered":"https:\/\/www.dehner.de\/blumenpark\/?page_id=231"},"modified":"2025-01-13T07:54:02","modified_gmt":"2025-01-13T06:54:02","slug":"gastronomie","status":"publish","type":"page","link":"https:\/\/www.dehner.de\/blumenpark\/der-blumenpark\/gastronomie\/","title":{"rendered":"Gastronomie"},"content":{"rendered":"<div id=\"page-hero\">\n    <div class=\"ce-slidercontainer hero-slider\">\n        <div class=\"slider\" id=\"slider-block_f007e4ae3c21e7f57a9e2c3e71f91b23\" data-slick='{&quot;autoplay&quot;:true,&quot;arrows&quot;:false,&quot;dots&quot;:false,&quot;slidesToShow&quot;:1,&quot;slidesToScroll&quot;:1}'>\n            <div class=\"ce-slideritem\">                            <div class=\"slide-text\">\n                                <header>\n                                    <h2>Blumenpark Gastronomie<\/h2>\n                                <\/header>\n                                <p>Wohlf\u00fchlen und Genie\u00dfen<\/p>\n                                                            <\/div>\n                        \n                                                    <picture>\n                                                                    <source media=\"(min-width:1200px)\" srcset=\"https:\/\/www.dehner.de\/blumenpark\/app\/uploads\/sites\/5\/2021\/03\/Garten-Restaurant-Salat-mit-Spargel-1920x740.jpg 1x\">\n                                                                    <source media=\"(min-width:992px)\" srcset=\"https:\/\/www.dehner.de\/blumenpark\/app\/uploads\/sites\/5\/2021\/03\/Garten-Restaurant-Salat-mit-Spargel-1280x560.jpg 1x\">\n                                                                    <source media=\"(min-width:768px)\" srcset=\"https:\/\/www.dehner.de\/blumenpark\/app\/uploads\/sites\/5\/2021\/03\/Garten-Restaurant-Salat-mit-Spargel-992x434.jpg 1x\">\n                                                                    <source media=\"(min-width:544px)\" srcset=\"https:\/\/www.dehner.de\/blumenpark\/app\/uploads\/sites\/5\/2021\/03\/Garten-Restaurant-Salat-mit-Spargel-768x500.jpg 1x\">\n                                                                <img decoding=\"async\" src=\"https:\/\/www.dehner.de\/blumenpark\/app\/uploads\/sites\/5\/2021\/03\/Garten-Restaurant-Salat-mit-Spargel-480x400.jpg\" alt=\"\"\/>\n                            <\/picture>\n                                                <\/div>\n                            <\/div>\n    <\/div><a href=\"javascript:void(0)\" class=\"btn btn-circle scroll-down\"><svg class=\"icon svg-chevron-down-dims \" viewBox=\"0 0 16 10\" role=\"img\" aria-labelledby=\"title\"><use xlink:href=\"https:\/\/www.dehner.de\/blumenpark\/app\/themes\/dehner-unternehmen\/assets\/images\/icons\/icons-symbols.svg#chevron-down\"><\/use><\/svg><\/a>\n<\/div>\n\n\n<div class=\"container page-content dehner-paragraph \">\n\t<div class=\"ce-gridRow6040 row\">\n\t\t<div class=\"colpos-101 col-xs-12 col-md-7\">\n\t\t\t<div id=\"block_40fcaf97c4052c4794b3fe305dbd3bac\" class=\"ce-text\">\n\t\t\t\t<header class=\"fsc\">\n\t\t\t\t\t\t\t\t\t\t\t<strong class=\"subheader\">Wohlf\u00fchlen und Genie\u00dfen<\/strong>\n\t\t\t\t\t\t\t\t\t\t\t\t\t\t\t\t<h2>Die Blumenpark Gastronomie<\/h2>\n\t\t\t\t\t\t\t\t\t<\/header>\n\t\t\t\t<div class=\"bodytext\">\n\t\t\t\t\t\t\t\t\t\t\t<p style=\"margin: 0in;font-family: Arial;font-size: 11.5pt;color: #72686a\">Liebe G\u00e4ste,<\/p>\n<p>&nbsp;<\/p>\n<p style=\"margin: 0in;font-family: Arial;font-size: 11.5pt;color: #72686a\">unser Gartenbistro hat werktags von 11:00 Uhr bis 17:30 Uhr f\u00fcr Sie ge\u00f6ffnet.<\/p>\n<p style=\"margin: 0in;font-family: Arial;font-size: 11.5pt;color: #72686a;text-align: left\">An Sonn- und Feiertagen ist unsere Gastronomie geschlossen.<\/p>\n<p>&nbsp;<\/p>\n<p style=\"margin: 0in;font-family: Arial;font-size: 11.5pt;color: #72686a\">Genie\u00dfen Sie t\u00e4glich frisch zubereitete warme (11:00 bis 15:00 Uhr) und kalte Speisen (11:00 bis 17:00 Uhr).<\/p>\n<p style=\"margin: 0in;font-family: Arial;font-size: 11.5pt;color: #72686a\">Wir bieten eine gro\u00dfe Auswahl an frischen Salattellern, beliebten Klassikern wie Currywurst, Schnitzel \u201eWiener-Art\u201c, Pasta-Spezialit\u00e4ten mit hausgemachten So\u00dfen oder Pesto sowie wechselnden Tagesgerichten an!<\/p>\n<p style=\"margin: 0in;font-family: Arial;font-size: 11.5pt;color: #72686a\">Nachmittags w\u00e4hlen Sie zwischen hausgemachten Kuchen und Torten vom B\u00e4ckermeister als auch duftenden Tee- und Kaffee-Variationen!<\/p>\n<p>&nbsp;<\/p>\n<p style=\"margin: 0in;font-family: Arial;font-size: 11.5pt;color: #72686a\">Eine Reservierung im Gartenbistro ist auch f\u00fcr Gruppen nicht erforderlich.<\/p>\n<p style=\"margin: 0in;font-family: Arial;font-size: 11.5pt;color: #72686a\">Innen warten 240 Sitzpl\u00e4tze in verschiedenen Bereichen, sowie 150 Sitzpl\u00e4tze im Au\u00dfenbereich auf Sie!<\/p>\n<p>&nbsp;<\/p>\n<p style=\"margin: 0in;font-family: Arial;font-size: 11.5pt;color: #72686a\">Wir freuen uns, Sie in der Blumenpark Gastronomie begr\u00fc\u00dfen zu d\u00fcrfen!<\/p>\n<p style=\"margin: 0in;font-family: Arial;font-size: 11.5pt;color: #72686a\">Ihr Gartenbistro-Team<\/p>\n\t\t\t\t\t\t\t\t\t<\/div>\n\t\t\t<\/div>\n\t\t<\/div>\n\t\t\t\t\t<div class=\"colpos-102 col-xs-12 col-md-5\">\n\t\t\t\t\t\t\t\t\t\t<div id=\"block_40fcaf97c4052c4794b3fe305dbd3bac\" class=\"ce-image\">\n\t\t\t\t\t\t\t\t\t\t\t\t\t<\/div>\n\n\t\t\t\t\t\t\t\t\t\t\t\t<\/div>\n\t\t\t<\/div>\n<\/div>\n\n\n<div class=\"container page-content\">\n    <div class=\"ce-container\">\n        <div class=\"width-default\">\n                            <div>\t\n                    <header class=\"fsc\">\n                        <strong class=\"subheader\">Moderne Location mit Wohlf\u00fchl-Ambiente<\/strong>                        <h2>Impressionen aus der Blumenpark Gastronomie<\/h2>                     <\/header>\n                <\/div>\n                        <div class=\"slider ce-slidercontainer content-slider\" id=\"slider-block_c9538818eb1e48c16e73f0bede606a2e\" data-slick='{&quot;autoplay&quot;:true,&quot;arrows&quot;:true,&quot;dots&quot;:true,&quot;ease&quot;:&quot;ease-in-out&quot;,&quot;slidesToShow&quot;:1,&quot;slidesToScroll&quot;:1,&quot;autoplaySpeed&quot;:5000,&quot;prevArrow&quot;:&quot;&lt;button type=\\&quot;button\\&quot; class=\\&quot;slick-prev\\&quot;&gt;&lt;svg class=\\&quot;icon svg-chevron-left-dims\\&quot; viewBox=\\&quot;0 0 10 16\\&quot; role=\\&quot;img\\&quot; aria-labelledby=\\&quot;title\\&quot;&gt;&lt;use xlink:href=\\&quot;https:\\\/\\\/www.dehner.de\\\/blumenpark\\\/app\\\/themes\\\/dehner-unternehmen\\\/assets\\\/images\\\/icons\\\/icons-symbols.svg#chevron-left\\&quot;&gt;&lt;\\\/use&gt;&lt;\\\/svg&gt;&lt;\\\/button&gt;&quot;,&quot;nextArrow&quot;:&quot;&lt;button type=\\&quot;button\\&quot; class=\\&quot;slick-next\\&quot;&gt;&lt;svg class=\\&quot;icon svg-chevron-right-dims\\&quot; viewBox=\\&quot;0 0 10 16\\&quot; role=\\&quot;img\\&quot; aria-labelledby=\\&quot;title\\&quot;&gt;&lt;use xlink:href=\\&quot;https:\\\/\\\/www.dehner.de\\\/blumenpark\\\/app\\\/themes\\\/dehner-unternehmen\\\/assets\\\/images\\\/icons\\\/icons-symbols.svg#chevron-right\\&quot;&gt;&lt;\\\/use&gt;&lt;\\\/svg&gt;&lt;\\\/button&gt;&quot;,&quot;responsive&quot;:[{&quot;breakpoint&quot;:576,&quot;settings&quot;:{&quot;arrows&quot;:false}}]}'>\n                <div class=\"ce-slideritem\"><figure class='slide-image'><picture><img decoding=\"async\" class=\"\" src=\"https:\/\/www.dehner.de\/blumenpark\/app\/uploads\/sites\/5\/2021\/01\/csm_Gartenbistro_Detail_Giesskannen_07e8704689.jpg\" srcset=\"https:\/\/www.dehner.de\/blumenpark\/app\/uploads\/sites\/5\/2021\/01\/csm_Gartenbistro_Detail_Giesskannen_07e8704689.jpg 1920w, https:\/\/www.dehner.de\/blumenpark\/app\/uploads\/sites\/5\/2021\/01\/csm_Gartenbistro_Detail_Giesskannen_07e8704689-768x296.jpg 768w, https:\/\/www.dehner.de\/blumenpark\/app\/uploads\/sites\/5\/2021\/01\/csm_Gartenbistro_Detail_Giesskannen_07e8704689-1536x592.jpg 1536w\" sizes=\"(max-width: 1920px) 100vw, 1920px\"\/><\/picture><\/figure>                                    <figcaption class=\"slide-image-caption container\"><strong class=\"slide-image-caption-header \">Stimmungsvolle Dekorationen im Gartenbistro<\/strong><\/figcaption>\n                                \n                            <\/div>\n                        <div class=\"ce-slideritem\"><figure class='slide-image'><picture><img decoding=\"async\" class=\"\" src=\"https:\/\/www.dehner.de\/blumenpark\/app\/uploads\/sites\/5\/2022\/05\/Bistro_Hompege_Slider_1920x740_092024-1920x740.jpg\" srcset=\"\" sizes=\"(max-width: 1920px) 100vw, 1920px\"\/><\/picture><\/figure>                                    <figcaption class=\"slide-image-caption container\"><strong class=\"slide-image-caption-header \">Wohlf\u00fchl-Ambiente f\u00fcr jedermann<\/strong><\/figcaption>\n                                \n                            <\/div>\n                        <div class=\"ce-slideritem\"><figure class='slide-image'><picture><img decoding=\"async\" class=\"\" src=\"https:\/\/www.dehner.de\/blumenpark\/app\/uploads\/sites\/5\/2021\/01\/csm_Dehner_Gartenbistro_Cappucino_8e4571ca98.jpg\" srcset=\"https:\/\/www.dehner.de\/blumenpark\/app\/uploads\/sites\/5\/2021\/01\/csm_Dehner_Gartenbistro_Cappucino_8e4571ca98.jpg 1920w, https:\/\/www.dehner.de\/blumenpark\/app\/uploads\/sites\/5\/2021\/01\/csm_Dehner_Gartenbistro_Cappucino_8e4571ca98-768x296.jpg 768w, https:\/\/www.dehner.de\/blumenpark\/app\/uploads\/sites\/5\/2021\/01\/csm_Dehner_Gartenbistro_Cappucino_8e4571ca98-1536x592.jpg 1536w\" sizes=\"(max-width: 1920px) 100vw, 1920px\"\/><\/picture><\/figure>                                    <figcaption class=\"slide-image-caption container\"><strong class=\"slide-image-caption-header \">Barista Kaffeegenuss im Gartenbistro<\/strong><\/figcaption>\n                                \n                            <\/div>\n                        <div class=\"ce-slideritem\"><figure class='slide-image'><picture><img decoding=\"async\" class=\"\" src=\"https:\/\/www.dehner.de\/blumenpark\/app\/uploads\/sites\/5\/2022\/05\/Bistro_Hompege_Slider_1920x740_0920245-1920x740.jpg\" srcset=\"\" sizes=\"(max-width: 1920px) 100vw, 1920px\"\/><\/picture><\/figure>                                    <figcaption class=\"slide-image-caption container\"><strong class=\"slide-image-caption-header \">Das Gartenbistro bietet verschiedene Sitzbereiche<\/strong><\/figcaption>\n                                \n                            <\/div>\n                        <div class=\"ce-slideritem\"><figure class='slide-image'><picture><img decoding=\"async\" class=\"\" src=\"https:\/\/www.dehner.de\/blumenpark\/app\/uploads\/sites\/5\/2022\/05\/Bistro_Hompege_Slider_1920x740_0920244-1920x740.jpg\" srcset=\"\" sizes=\"(max-width: 1920px) 100vw, 1920px\"\/><\/picture><\/figure>                                    <figcaption class=\"slide-image-caption container\"><strong class=\"slide-image-caption-header \">Gartenlauben-Feeling pur<\/strong><\/figcaption>\n                                \n                            <\/div>\n                        <div class=\"ce-slideritem\"><figure class='slide-image'><picture><img decoding=\"async\" class=\"\" src=\"https:\/\/www.dehner.de\/blumenpark\/app\/uploads\/sites\/5\/2021\/01\/Bistro_Hompege_Slider_1920x740_0920246-1920x740.jpg\" srcset=\"\" sizes=\"(max-width: 1920px) 100vw, 1920px\"\/><\/picture><\/figure>                                    <figcaption class=\"slide-image-caption container\"><strong class=\"slide-image-caption-header \">Genuss und Entspannung im Au\u00dfenbereich<\/strong><\/figcaption>\n                                \n                            <\/div>\n                        <div class=\"ce-slideritem\"><figure class='slide-image'><picture><img decoding=\"async\" class=\"\" src=\"https:\/\/www.dehner.de\/blumenpark\/app\/uploads\/sites\/5\/2022\/05\/Bistro_Hompege_Slider_1920x740_0920247-1920x740.jpg\" srcset=\"\" sizes=\"(max-width: 1920px) 100vw, 1920px\"\/><\/picture><\/figure>                                    <figcaption class=\"slide-image-caption container\"><strong class=\"slide-image-caption-header \">Genie\u00dfen in herrlichem Ambiente<\/strong><\/figcaption>\n                                \n                            <\/div>\n                                    <\/div>\n        <\/div>\n    <\/div>\n<\/div>\n","protected":false},"excerpt":{"rendered":"","protected":false},"author":1,"featured_media":0,"parent":217,"menu_order":40,"comment_status":"closed","ping_status":"closed","template":"","meta":{"_acf_changed":false,"footnotes":""},"class_list":["post-231","page","type-page","status-publish","hentry"],"acf":[],"yoast_head":"<!-- This site is optimized with the Yoast SEO plugin v24.5 - https:\/\/yoast.com\/wordpress\/plugins\/seo\/ -->\n<title>Gastronomie - Dehner Blumenpark<\/title>\n<meta name=\"robots\" content=\"index, follow, max-snippet:-1, max-image-preview:large, max-video-preview:-1\" \/>\n<link rel=\"canonical\" href=\"https:\/\/www.dehner.de\/blumenpark\/der-blumenpark\/gastronomie\/\" \/>\n<meta property=\"og:locale\" content=\"de_DE\" \/>\n<meta property=\"og:type\" content=\"article\" \/>\n<meta property=\"og:title\" content=\"Gastronomie - Dehner Blumenpark\" \/>\n<meta property=\"og:url\" content=\"https:\/\/www.dehner.de\/blumenpark\/der-blumenpark\/gastronomie\/\" \/>\n<meta property=\"og:site_name\" content=\"Dehner Blumenpark\" \/>\n<meta property=\"article:modified_time\" content=\"2025-01-13T06:54:02+00:00\" \/>\n<meta name=\"twitter:card\" content=\"summary_large_image\" \/>\n<script type=\"application\/ld+json\" class=\"yoast-schema-graph\">{\"@context\":\"https:\/\/schema.org\",\"@graph\":[{\"@type\":\"WebPage\",\"@id\":\"https:\/\/www.dehner.de\/blumenpark\/der-blumenpark\/gastronomie\/\",\"url\":\"https:\/\/www.dehner.de\/blumenpark\/der-blumenpark\/gastronomie\/\",\"name\":\"Gastronomie - Dehner Blumenpark\",\"isPartOf\":{\"@id\":\"https:\/\/www.dehner.de\/blumenpark\/#website\"},\"datePublished\":\"2021-01-20T09:40:52+00:00\",\"dateModified\":\"2025-01-13T06:54:02+00:00\",\"breadcrumb\":{\"@id\":\"https:\/\/www.dehner.de\/blumenpark\/der-blumenpark\/gastronomie\/#breadcrumb\"},\"inLanguage\":\"de-DE\",\"potentialAction\":[{\"@type\":\"ReadAction\",\"target\":[\"https:\/\/www.dehner.de\/blumenpark\/der-blumenpark\/gastronomie\/\"]}]},{\"@type\":\"BreadcrumbList\",\"@id\":\"https:\/\/www.dehner.de\/blumenpark\/der-blumenpark\/gastronomie\/#breadcrumb\",\"itemListElement\":[{\"@type\":\"ListItem\",\"position\":1,\"name\":\"Home\",\"item\":\"https:\/\/www.dehner.de\/blumenpark\/\"},{\"@type\":\"ListItem\",\"position\":2,\"name\":\"Der Blumenpark\",\"item\":\"https:\/\/www.dehner.de\/blumenpark\/der-blumenpark\/\"},{\"@type\":\"ListItem\",\"position\":3,\"name\":\"Gastronomie\"}]},{\"@type\":\"WebSite\",\"@id\":\"https:\/\/www.dehner.de\/blumenpark\/#website\",\"url\":\"https:\/\/www.dehner.de\/blumenpark\/\",\"name\":\"Dehner Blumenpark\",\"description\":\"Dehner Blumenpark in Rain am Lech\",\"potentialAction\":[{\"@type\":\"SearchAction\",\"target\":{\"@type\":\"EntryPoint\",\"urlTemplate\":\"https:\/\/www.dehner.de\/blumenpark\/?s={search_term_string}\"},\"query-input\":{\"@type\":\"PropertyValueSpecification\",\"valueRequired\":true,\"valueName\":\"search_term_string\"}}],\"inLanguage\":\"de-DE\"}]}<\/script>\n<!-- \/ Yoast SEO plugin. -->","yoast_head_json":{"title":"Gastronomie - Dehner Blumenpark","robots":{"index":"index","follow":"follow","max-snippet":"max-snippet:-1","max-image-preview":"max-image-preview:large","max-video-preview":"max-video-preview:-1"},"canonical":"https:\/\/www.dehner.de\/blumenpark\/der-blumenpark\/gastronomie\/","og_locale":"de_DE","og_type":"article","og_title":"Gastronomie - Dehner Blumenpark","og_url":"https:\/\/www.dehner.de\/blumenpark\/der-blumenpark\/gastronomie\/","og_site_name":"Dehner Blumenpark","article_modified_time":"2025-01-13T06:54:02+00:00","twitter_card":"summary_large_image","schema":{"@context":"https:\/\/schema.org","@graph":[{"@type":"WebPage","@id":"https:\/\/www.dehner.de\/blumenpark\/der-blumenpark\/gastronomie\/","url":"https:\/\/www.dehner.de\/blumenpark\/der-blumenpark\/gastronomie\/","name":"Gastronomie - Dehner Blumenpark","isPartOf":{"@id":"https:\/\/www.dehner.de\/blumenpark\/#website"},"datePublished":"2021-01-20T09:40:52+00:00","dateModified":"2025-01-13T06:54:02+00:00","breadcrumb":{"@id":"https:\/\/www.dehner.de\/blumenpark\/der-blumenpark\/gastronomie\/#breadcrumb"},"inLanguage":"de-DE","potentialAction":[{"@type":"ReadAction","target":["https:\/\/www.dehner.de\/blumenpark\/der-blumenpark\/gastronomie\/"]}]},{"@type":"BreadcrumbList","@id":"https:\/\/www.dehner.de\/blumenpark\/der-blumenpark\/gastronomie\/#breadcrumb","itemListElement":[{"@type":"ListItem","position":1,"name":"Home","item":"https:\/\/www.dehner.de\/blumenpark\/"},{"@type":"ListItem","position":2,"name":"Der Blumenpark","item":"https:\/\/www.dehner.de\/blumenpark\/der-blumenpark\/"},{"@type":"ListItem","position":3,"name":"Gastronomie"}]},{"@type":"WebSite","@id":"https:\/\/www.dehner.de\/blumenpark\/#website","url":"https:\/\/www.dehner.de\/blumenpark\/","name":"Dehner Blumenpark","description":"Dehner Blumenpark in Rain am Lech","potentialAction":[{"@type":"SearchAction","target":{"@type":"EntryPoint","urlTemplate":"https:\/\/www.dehner.de\/blumenpark\/?s={search_term_string}"},"query-input":{"@type":"PropertyValueSpecification","valueRequired":true,"valueName":"search_term_string"}}],"inLanguage":"de-DE"}]}},"_links":{"self":[{"href":"https:\/\/www.dehner.de\/blumenpark\/wp-json\/wp\/v2\/pages\/231","targetHints":{"allow":["GET"]}}],"collection":[{"href":"https:\/\/www.dehner.de\/blumenpark\/wp-json\/wp\/v2\/pages"}],"about":[{"href":"https:\/\/www.dehner.de\/blumenpark\/wp-json\/wp\/v2\/types\/page"}],"author":[{"embeddable":true,"href":"https:\/\/www.dehner.de\/blumenpark\/wp-json\/wp\/v2\/users\/1"}],"replies":[{"embeddable":true,"href":"https:\/\/www.dehner.de\/blumenpark\/wp-json\/wp\/v2\/comments?post=231"}],"version-history":[{"count":126,"href":"https:\/\/www.dehner.de\/blumenpark\/wp-json\/wp\/v2\/pages\/231\/revisions"}],"predecessor-version":[{"id":3127,"href":"https:\/\/www.dehner.de\/blumenpark\/wp-json\/wp\/v2\/pages\/231\/revisions\/3127"}],"up":[{"embeddable":true,"href":"https:\/\/www.dehner.de\/blumenpark\/wp-json\/wp\/v2\/pages\/217"}],"wp:attachment":[{"href":"https:\/\/www.dehner.de\/blumenpark\/wp-json\/wp\/v2\/media?parent=231"}],"curies":[{"name":"wp","href":"https:\/\/api.w.org\/{rel}","templated":true}]}}