{"id":229,"date":"2021-01-20T10:40:21","date_gmt":"2021-01-20T09:40:21","guid":{"rendered":"https:\/\/www.dehner.de\/blumenpark\/?page_id=229"},"modified":"2023-03-07T16:39:08","modified_gmt":"2023-03-07T15:39:08","slug":"villa-bluetenstaengel","status":"publish","type":"page","link":"https:\/\/www.dehner.de\/blumenpark\/der-blumenpark\/villa-bluetenstaengel\/","title":{"rendered":"Villa Bl\u00fctenst\u00e4ngel"},"content":{"rendered":"<div id=\"page-hero\">\n    <div class=\"ce-slidercontainer hero-slider\">\n        <div class=\"slider\" id=\"slider-block_600a9e8329fe3\" data-slick='{&quot;autoplay&quot;:true,&quot;arrows&quot;:false,&quot;dots&quot;:false,&quot;slidesToShow&quot;:1,&quot;slidesToScroll&quot;:1}'>\n            <div class=\"ce-slideritem\">                            <div class=\"slide-text\">\n                                <header>\n                                    <h2>Villa Bl\u00fctenst\u00e4ngel<\/h2>\n                                <\/header>\n                                <p>Der gro\u00dfe Abenteuerspielplatz<\/p>\n                                                            <\/div>\n                        \n                                                    <picture>\n                                                                    <source media=\"(min-width:1200px)\" srcset=\"https:\/\/www.dehner.de\/blumenpark\/app\/uploads\/sites\/5\/2021\/01\/csm_20130427_BildM_001_Spielplatzeroeffnung_074_632a65f93f.jpg 1x\">\n                                                                    <source media=\"(min-width:992px)\" srcset=\"https:\/\/www.dehner.de\/blumenpark\/app\/uploads\/sites\/5\/2021\/01\/csm_20130427_BildM_001_Spielplatzeroeffnung_074_632a65f93f-1280x560.jpg 1x\">\n                                                                    <source media=\"(min-width:768px)\" srcset=\"https:\/\/www.dehner.de\/blumenpark\/app\/uploads\/sites\/5\/2021\/01\/csm_20130427_BildM_001_Spielplatzeroeffnung_074_632a65f93f-992x434.jpg 1x\">\n                                                                    <source media=\"(min-width:544px)\" srcset=\"https:\/\/www.dehner.de\/blumenpark\/app\/uploads\/sites\/5\/2021\/01\/csm_20130427_BildM_001_Spielplatzeroeffnung_074_632a65f93f-768x500.jpg 1x\">\n                                                                <img decoding=\"async\" src=\"https:\/\/www.dehner.de\/blumenpark\/app\/uploads\/sites\/5\/2021\/01\/csm_20130427_BildM_001_Spielplatzeroeffnung_074_632a65f93f-480x400.jpg\" alt=\"\"\/>\n                            <\/picture>\n                                                <\/div>\n                            <\/div>\n    <\/div><a href=\"javascript:void(0)\" class=\"btn btn-circle scroll-down\"><svg class=\"icon svg-chevron-down-dims \" viewBox=\"0 0 16 10\" role=\"img\" aria-labelledby=\"title\"><use xlink:href=\"https:\/\/www.dehner.de\/blumenpark\/app\/themes\/dehner-unternehmen\/assets\/images\/icons\/icons-symbols.svg#chevron-down\"><\/use><\/svg><\/a>\n<\/div>\n\n\n<div class=\"container page-content dehner-paragraph \">\n\t<div class=\"ce-gridRow6040 \">\n\t\t<div class=\"colpos-101 col-12\">\n\t\t\t<div id=\"block_600a9ead29fe5\" class=\"ce-text\">\n\t\t\t\t<header class=\"fsc\">\n\t\t\t\t\t\t\t\t\t\t\t<strong class=\"subheader\">Unser gro\u00dfer Spielplatz f\u00fcr die kleinen Besucher<\/strong>\n\t\t\t\t\t\t\t\t\t\t\t\t\t\t\t\t<h2>Villa Bl\u00fctenst\u00e4ngel<\/h2>\n\t\t\t\t\t\t\t\t\t<\/header>\n\t\t\t\t<div class=\"bodytext\">\n\t\t\t\t\t\t\t\t\t\t\t<p>Kinder aufgepasst:\u00a0 Die &#8222;Villa Bl\u00fctenst\u00e4ngel&#8220; ist werktags ge\u00f6ffnet und l\u00e4dt zum spielen, schaukeln, rutschen und klettern ein. Die Dehner Gr\u00fcnlinge freuen sich auf Euch und w\u00fcnschen einen spannenden und erlebnisreichen Besuch auf unserem Spielplatz!<\/p>\n<p>&nbsp;<\/p>\n\t\t\t\t\t\t\t\t\t<\/div>\n\t\t\t<\/div>\n\t\t<\/div>\n\t\t\t<\/div>\n<\/div>\n\n\n<div class=\"container page-content\">\n    <div class=\"ce-container\">\n        <div class=\"width-default\">\n                        <div class=\"slider ce-slidercontainer content-slider\" id=\"slider-block_600a9eca29fe6\" data-slick='{&quot;autoplay&quot;:true,&quot;arrows&quot;:true,&quot;dots&quot;:true,&quot;ease&quot;:&quot;ease-in-out&quot;,&quot;slidesToShow&quot;:1,&quot;slidesToScroll&quot;:1,&quot;autoplaySpeed&quot;:5000,&quot;prevArrow&quot;:&quot;&lt;button type=\\&quot;button\\&quot; class=\\&quot;slick-prev\\&quot;&gt;&lt;svg class=\\&quot;icon svg-chevron-left-dims\\&quot; viewBox=\\&quot;0 0 10 16\\&quot; role=\\&quot;img\\&quot; aria-labelledby=\\&quot;title\\&quot;&gt;&lt;use xlink:href=\\&quot;https:\\\/\\\/www.dehner.de\\\/blumenpark\\\/app\\\/themes\\\/dehner-unternehmen\\\/assets\\\/images\\\/icons\\\/icons-symbols.svg#chevron-left\\&quot;&gt;&lt;\\\/use&gt;&lt;\\\/svg&gt;&lt;\\\/button&gt;&quot;,&quot;nextArrow&quot;:&quot;&lt;button type=\\&quot;button\\&quot; class=\\&quot;slick-next\\&quot;&gt;&lt;svg class=\\&quot;icon svg-chevron-right-dims\\&quot; viewBox=\\&quot;0 0 10 16\\&quot; role=\\&quot;img\\&quot; aria-labelledby=\\&quot;title\\&quot;&gt;&lt;use xlink:href=\\&quot;https:\\\/\\\/www.dehner.de\\\/blumenpark\\\/app\\\/themes\\\/dehner-unternehmen\\\/assets\\\/images\\\/icons\\\/icons-symbols.svg#chevron-right\\&quot;&gt;&lt;\\\/use&gt;&lt;\\\/svg&gt;&lt;\\\/button&gt;&quot;,&quot;responsive&quot;:[{&quot;breakpoint&quot;:576,&quot;settings&quot;:{&quot;arrows&quot;:false}}]}'>\n                <div class=\"ce-slideritem\"><figure class='slide-image'><picture><img decoding=\"async\" class=\"\" src=\"https:\/\/www.dehner.de\/blumenpark\/app\/uploads\/sites\/5\/2021\/01\/csm_Villa_Bluetenstaengel_Schaukel_e01cdab120.jpg\" srcset=\"https:\/\/www.dehner.de\/blumenpark\/app\/uploads\/sites\/5\/2021\/01\/csm_Villa_Bluetenstaengel_Schaukel_e01cdab120.jpg 1920w, https:\/\/www.dehner.de\/blumenpark\/app\/uploads\/sites\/5\/2021\/01\/csm_Villa_Bluetenstaengel_Schaukel_e01cdab120-768x296.jpg 768w, https:\/\/www.dehner.de\/blumenpark\/app\/uploads\/sites\/5\/2021\/01\/csm_Villa_Bluetenstaengel_Schaukel_e01cdab120-1536x592.jpg 1536w\" sizes=\"(max-width: 1920px) 100vw, 1920px\"\/><\/picture><\/figure>                                    <figcaption class=\"slide-image-caption container\"><strong class=\"slide-image-caption-header \">Spielplatz mit Spa\u00dfgarantie<\/strong><\/figcaption>\n                                \n                            <\/div>\n                        <div class=\"ce-slideritem\"><figure class='slide-image'><picture><img decoding=\"async\" class=\"\" src=\"https:\/\/www.dehner.de\/blumenpark\/app\/uploads\/sites\/5\/2021\/01\/csm_20130427_BildM_001_Spielplatzeroeffnung_074_632a65f93f-1.jpg\" srcset=\"https:\/\/www.dehner.de\/blumenpark\/app\/uploads\/sites\/5\/2021\/01\/csm_20130427_BildM_001_Spielplatzeroeffnung_074_632a65f93f-1.jpg 1920w, https:\/\/www.dehner.de\/blumenpark\/app\/uploads\/sites\/5\/2021\/01\/csm_20130427_BildM_001_Spielplatzeroeffnung_074_632a65f93f-1-768x296.jpg 768w, https:\/\/www.dehner.de\/blumenpark\/app\/uploads\/sites\/5\/2021\/01\/csm_20130427_BildM_001_Spielplatzeroeffnung_074_632a65f93f-1-1536x592.jpg 1536w\" sizes=\"(max-width: 1920px) 100vw, 1920px\"\/><\/picture><\/figure>                                    <figcaption class=\"slide-image-caption container\"><strong class=\"slide-image-caption-header \">Kletterpartie in der Villa Bl\u00fctenst\u00e4ngel<\/strong><\/figcaption>\n                                \n                            <\/div>\n                        <div class=\"ce-slideritem\"><figure class='slide-image'><picture><img decoding=\"async\" class=\"\" src=\"https:\/\/www.dehner.de\/blumenpark\/app\/uploads\/sites\/5\/2021\/01\/csm_20130427_BildM_001_Spielplatzeroeffnung_111_f31486bf62.jpg\" srcset=\"https:\/\/www.dehner.de\/blumenpark\/app\/uploads\/sites\/5\/2021\/01\/csm_20130427_BildM_001_Spielplatzeroeffnung_111_f31486bf62.jpg 1920w, https:\/\/www.dehner.de\/blumenpark\/app\/uploads\/sites\/5\/2021\/01\/csm_20130427_BildM_001_Spielplatzeroeffnung_111_f31486bf62-768x296.jpg 768w, https:\/\/www.dehner.de\/blumenpark\/app\/uploads\/sites\/5\/2021\/01\/csm_20130427_BildM_001_Spielplatzeroeffnung_111_f31486bf62-1536x592.jpg 1536w\" sizes=\"(max-width: 1920px) 100vw, 1920px\"\/><\/picture><\/figure>                                    <figcaption class=\"slide-image-caption container\"><strong class=\"slide-image-caption-header \">Gr\u00fcnlinge Figur in der Villa Bl\u00fctenst\u00e4ngel<\/strong><\/figcaption>\n                                \n                            <\/div>\n                        <div class=\"ce-slideritem\"><figure class='slide-image'><picture><img decoding=\"async\" class=\"\" src=\"https:\/\/www.dehner.de\/blumenpark\/app\/uploads\/sites\/5\/2021\/01\/csm_20130427_BildM_001_Spielplatzeroeffnung_005_6176246d09.jpg\" srcset=\"https:\/\/www.dehner.de\/blumenpark\/app\/uploads\/sites\/5\/2021\/01\/csm_20130427_BildM_001_Spielplatzeroeffnung_005_6176246d09.jpg 1920w, https:\/\/www.dehner.de\/blumenpark\/app\/uploads\/sites\/5\/2021\/01\/csm_20130427_BildM_001_Spielplatzeroeffnung_005_6176246d09-768x296.jpg 768w, https:\/\/www.dehner.de\/blumenpark\/app\/uploads\/sites\/5\/2021\/01\/csm_20130427_BildM_001_Spielplatzeroeffnung_005_6176246d09-1536x592.jpg 1536w\" sizes=\"(max-width: 1920px) 100vw, 1920px\"\/><\/picture><\/figure>                                    <figcaption class=\"slide-image-caption container\"><strong class=\"slide-image-caption-header \">Spielplatz mit luftiger Aussicht<\/strong><\/figcaption>\n                                \n                            <\/div>\n                                    <\/div>\n        <\/div>\n    <\/div>\n<\/div>\n","protected":false},"excerpt":{"rendered":"","protected":false},"author":1,"featured_media":0,"parent":217,"menu_order":20,"comment_status":"closed","ping_status":"closed","template":"","meta":{"_acf_changed":false,"footnotes":""},"class_list":["post-229","page","type-page","status-publish","hentry"],"acf":[],"yoast_head":"<!-- This site is optimized with the Yoast SEO plugin v24.5 - https:\/\/yoast.com\/wordpress\/plugins\/seo\/ -->\n<title>Villa Bl\u00fctenst\u00e4ngel - Dehner Blumenpark<\/title>\n<meta name=\"robots\" content=\"index, follow, max-snippet:-1, max-image-preview:large, max-video-preview:-1\" \/>\n<link rel=\"canonical\" href=\"https:\/\/www.dehner.de\/blumenpark\/der-blumenpark\/villa-bluetenstaengel\/\" \/>\n<meta property=\"og:locale\" content=\"de_DE\" \/>\n<meta property=\"og:type\" content=\"article\" \/>\n<meta property=\"og:title\" content=\"Villa Bl\u00fctenst\u00e4ngel - Dehner Blumenpark\" \/>\n<meta property=\"og:url\" content=\"https:\/\/www.dehner.de\/blumenpark\/der-blumenpark\/villa-bluetenstaengel\/\" \/>\n<meta property=\"og:site_name\" content=\"Dehner Blumenpark\" \/>\n<meta property=\"article:modified_time\" content=\"2023-03-07T15:39:08+00:00\" \/>\n<meta name=\"twitter:card\" content=\"summary_large_image\" \/>\n<script type=\"application\/ld+json\" class=\"yoast-schema-graph\">{\"@context\":\"https:\/\/schema.org\",\"@graph\":[{\"@type\":\"WebPage\",\"@id\":\"https:\/\/www.dehner.de\/blumenpark\/der-blumenpark\/villa-bluetenstaengel\/\",\"url\":\"https:\/\/www.dehner.de\/blumenpark\/der-blumenpark\/villa-bluetenstaengel\/\",\"name\":\"Villa Bl\u00fctenst\u00e4ngel - Dehner Blumenpark\",\"isPartOf\":{\"@id\":\"https:\/\/www.dehner.de\/blumenpark\/#website\"},\"datePublished\":\"2021-01-20T09:40:21+00:00\",\"dateModified\":\"2023-03-07T15:39:08+00:00\",\"breadcrumb\":{\"@id\":\"https:\/\/www.dehner.de\/blumenpark\/der-blumenpark\/villa-bluetenstaengel\/#breadcrumb\"},\"inLanguage\":\"de-DE\",\"potentialAction\":[{\"@type\":\"ReadAction\",\"target\":[\"https:\/\/www.dehner.de\/blumenpark\/der-blumenpark\/villa-bluetenstaengel\/\"]}]},{\"@type\":\"BreadcrumbList\",\"@id\":\"https:\/\/www.dehner.de\/blumenpark\/der-blumenpark\/villa-bluetenstaengel\/#breadcrumb\",\"itemListElement\":[{\"@type\":\"ListItem\",\"position\":1,\"name\":\"Home\",\"item\":\"https:\/\/www.dehner.de\/blumenpark\/\"},{\"@type\":\"ListItem\",\"position\":2,\"name\":\"Der Blumenpark\",\"item\":\"https:\/\/www.dehner.de\/blumenpark\/der-blumenpark\/\"},{\"@type\":\"ListItem\",\"position\":3,\"name\":\"Villa Bl\u00fctenst\u00e4ngel\"}]},{\"@type\":\"WebSite\",\"@id\":\"https:\/\/www.dehner.de\/blumenpark\/#website\",\"url\":\"https:\/\/www.dehner.de\/blumenpark\/\",\"name\":\"Dehner Blumenpark\",\"description\":\"Dehner Blumenpark in Rain am Lech\",\"potentialAction\":[{\"@type\":\"SearchAction\",\"target\":{\"@type\":\"EntryPoint\",\"urlTemplate\":\"https:\/\/www.dehner.de\/blumenpark\/?s={search_term_string}\"},\"query-input\":{\"@type\":\"PropertyValueSpecification\",\"valueRequired\":true,\"valueName\":\"search_term_string\"}}],\"inLanguage\":\"de-DE\"}]}<\/script>\n<!-- \/ Yoast SEO plugin. -->","yoast_head_json":{"title":"Villa Bl\u00fctenst\u00e4ngel - Dehner Blumenpark","robots":{"index":"index","follow":"follow","max-snippet":"max-snippet:-1","max-image-preview":"max-image-preview:large","max-video-preview":"max-video-preview:-1"},"canonical":"https:\/\/www.dehner.de\/blumenpark\/der-blumenpark\/villa-bluetenstaengel\/","og_locale":"de_DE","og_type":"article","og_title":"Villa Bl\u00fctenst\u00e4ngel - Dehner Blumenpark","og_url":"https:\/\/www.dehner.de\/blumenpark\/der-blumenpark\/villa-bluetenstaengel\/","og_site_name":"Dehner Blumenpark","article_modified_time":"2023-03-07T15:39:08+00:00","twitter_card":"summary_large_image","schema":{"@context":"https:\/\/schema.org","@graph":[{"@type":"WebPage","@id":"https:\/\/www.dehner.de\/blumenpark\/der-blumenpark\/villa-bluetenstaengel\/","url":"https:\/\/www.dehner.de\/blumenpark\/der-blumenpark\/villa-bluetenstaengel\/","name":"Villa Bl\u00fctenst\u00e4ngel - Dehner Blumenpark","isPartOf":{"@id":"https:\/\/www.dehner.de\/blumenpark\/#website"},"datePublished":"2021-01-20T09:40:21+00:00","dateModified":"2023-03-07T15:39:08+00:00","breadcrumb":{"@id":"https:\/\/www.dehner.de\/blumenpark\/der-blumenpark\/villa-bluetenstaengel\/#breadcrumb"},"inLanguage":"de-DE","potentialAction":[{"@type":"ReadAction","target":["https:\/\/www.dehner.de\/blumenpark\/der-blumenpark\/villa-bluetenstaengel\/"]}]},{"@type":"BreadcrumbList","@id":"https:\/\/www.dehner.de\/blumenpark\/der-blumenpark\/villa-bluetenstaengel\/#breadcrumb","itemListElement":[{"@type":"ListItem","position":1,"name":"Home","item":"https:\/\/www.dehner.de\/blumenpark\/"},{"@type":"ListItem","position":2,"name":"Der Blumenpark","item":"https:\/\/www.dehner.de\/blumenpark\/der-blumenpark\/"},{"@type":"ListItem","position":3,"name":"Villa Bl\u00fctenst\u00e4ngel"}]},{"@type":"WebSite","@id":"https:\/\/www.dehner.de\/blumenpark\/#website","url":"https:\/\/www.dehner.de\/blumenpark\/","name":"Dehner Blumenpark","description":"Dehner Blumenpark in Rain am Lech","potentialAction":[{"@type":"SearchAction","target":{"@type":"EntryPoint","urlTemplate":"https:\/\/www.dehner.de\/blumenpark\/?s={search_term_string}"},"query-input":{"@type":"PropertyValueSpecification","valueRequired":true,"valueName":"search_term_string"}}],"inLanguage":"de-DE"}]}},"_links":{"self":[{"href":"https:\/\/www.dehner.de\/blumenpark\/wp-json\/wp\/v2\/pages\/229","targetHints":{"allow":["GET"]}}],"collection":[{"href":"https:\/\/www.dehner.de\/blumenpark\/wp-json\/wp\/v2\/pages"}],"about":[{"href":"https:\/\/www.dehner.de\/blumenpark\/wp-json\/wp\/v2\/types\/page"}],"author":[{"embeddable":true,"href":"https:\/\/www.dehner.de\/blumenpark\/wp-json\/wp\/v2\/users\/1"}],"replies":[{"embeddable":true,"href":"https:\/\/www.dehner.de\/blumenpark\/wp-json\/wp\/v2\/comments?post=229"}],"version-history":[{"count":19,"href":"https:\/\/www.dehner.de\/blumenpark\/wp-json\/wp\/v2\/pages\/229\/revisions"}],"predecessor-version":[{"id":1414,"href":"https:\/\/www.dehner.de\/blumenpark\/wp-json\/wp\/v2\/pages\/229\/revisions\/1414"}],"up":[{"embeddable":true,"href":"https:\/\/www.dehner.de\/blumenpark\/wp-json\/wp\/v2\/pages\/217"}],"wp:attachment":[{"href":"https:\/\/www.dehner.de\/blumenpark\/wp-json\/wp\/v2\/media?parent=229"}],"curies":[{"name":"wp","href":"https:\/\/api.w.org\/{rel}","templated":true}]}}