{"id":227,"date":"2021-01-20T10:39:55","date_gmt":"2021-01-20T09:39:55","guid":{"rendered":"https:\/\/www.dehner.de\/blumenpark\/?page_id=227"},"modified":"2026-02-09T15:36:30","modified_gmt":"2026-02-09T14:36:30","slug":"naturlehrgarten","status":"publish","type":"page","link":"https:\/\/www.dehner.de\/blumenpark\/der-blumenpark\/naturlehrgarten\/","title":{"rendered":"Naturlehrgarten"},"content":{"rendered":"<div id=\"page-hero\">\n    <div class=\"ce-slidercontainer hero-slider\">\n        <div class=\"slider\" id=\"slider-block_4ff6311c338394e20709c942b9ce3a7c\" data-slick='{&quot;autoplay&quot;:true,&quot;arrows&quot;:false,&quot;dots&quot;:false,&quot;slidesToShow&quot;:1,&quot;slidesToScroll&quot;:1}'>\n            <div class=\"ce-slideritem\">                            <div class=\"slide-text\">\n                                <header>\n                                    <h2>Dehner Naturlehrgarten<\/h2>\n                                <\/header>\n                                <p>Flora und Fauna der Heimat<\/p>\n                                                            <\/div>\n                        \n                                                    <picture>\n                                                                    <source media=\"(min-width:1200px)\" srcset=\"https:\/\/www.dehner.de\/blumenpark\/app\/uploads\/sites\/5\/2021\/03\/Naturlehrgarten-Bereich-Wasser-Ufer-1920x740.jpg 1x\">\n                                                                    <source media=\"(min-width:992px)\" srcset=\"https:\/\/www.dehner.de\/blumenpark\/app\/uploads\/sites\/5\/2021\/03\/Naturlehrgarten-Bereich-Wasser-Ufer-1280x560.jpg 1x\">\n                                                                    <source media=\"(min-width:768px)\" srcset=\"https:\/\/www.dehner.de\/blumenpark\/app\/uploads\/sites\/5\/2021\/03\/Naturlehrgarten-Bereich-Wasser-Ufer-992x434.jpg 1x\">\n                                                                    <source media=\"(min-width:544px)\" srcset=\"https:\/\/www.dehner.de\/blumenpark\/app\/uploads\/sites\/5\/2021\/03\/Naturlehrgarten-Bereich-Wasser-Ufer-768x500.jpg 1x\">\n                                                                <img decoding=\"async\" src=\"https:\/\/www.dehner.de\/blumenpark\/app\/uploads\/sites\/5\/2021\/03\/Naturlehrgarten-Bereich-Wasser-Ufer-480x400.jpg\" alt=\"\"\/>\n                            <\/picture>\n                                                <\/div>\n                            <\/div>\n    <\/div><a href=\"javascript:void(0)\" class=\"btn btn-circle scroll-down\"><svg class=\"icon svg-chevron-down-dims \" viewBox=\"0 0 16 10\" role=\"img\" aria-labelledby=\"title\"><use xlink:href=\"https:\/\/www.dehner.de\/blumenpark\/app\/themes\/dehner-unternehmen\/assets\/images\/icons\/icons-symbols.svg#chevron-down\"><\/use><\/svg><\/a>\n<\/div>\n\n\n<div class=\"container page-content dehner-paragraph \">\n\t<div class=\"ce-gridRow6040 row\">\n\t\t<div class=\"colpos-101 col-xs-12 col-md-7\">\n\t\t\t<div id=\"block_b8579096fc7d99bf6027a5d17dec9766\" class=\"ce-text\">\n\t\t\t\t<header class=\"fsc\">\n\t\t\t\t\t\t\t\t\t\t\t<strong class=\"subheader\">Flora und Fauna der Heimat<\/strong>\n\t\t\t\t\t\t\t\t\t\t\t\t\t\t\t\t<h2>Naturerlebnis f\u00fcr Entdecker<\/h2>\n\t\t\t\t\t\t\t\t\t<\/header>\n\t\t\t\t<div class=\"bodytext\">\n\t\t\t\t\t\t\t\t\t\t\t<p>Entdecken Sie die heimische Tier- und Pflanzenwelt in unserem 12.000m\u00b2 gro\u00dfen Naturlehrgarten.<\/p>\n<p>In ihrem nat\u00fcrlichen Lebensraum wachsen hier Str\u00e4ucher wie Wei\u00dfdorn, Schlehe oder Liguster und B\u00e4ume wie Ulme, Eiche oder Pappel. Tafeln<b>\u00a0<\/b>entlang des Rundweges informieren \u00fcber Besonderheiten und Ausgefallenes, erkl\u00e4ren Bl\u00fcten, Samen und Bl\u00e4tter der B\u00e4ume.<br \/>\nNaturgetreue Bronzenachbildungen von Fr\u00f6schen, F\u00fcchsen, V\u00f6geln, Wildschweinen und Rehen k\u00f6nnen in Ruhe betrachtet und nat\u00fcrlich auch gestreichelt werden. Ein integriertes Klangkonzept mit Tierstimmenimitationen sorgt f\u00fcr spannende Abwechslung.<\/p>\n<p>F\u00fcr Schulklassen, Kindergartengruppen, Gruppen und Vereine bieten wir von Montag bis Freitag &#8211; und an Samstagen nach Absprache &#8211; F\u00fchrungen durch die verschiedenen Lebensr\u00e4ume an!<\/p>\n<p>F\u00fcr Schulen, die F\u00fchrungen im Rahmen einer Projektwoche \u201eAlltagskompetenzen\u201c buchen, kann schon im Anmeldeformular die Rechnung beantragt werden.<\/p>\n<p>Im Dezember, Januar und Februar werden keine F\u00fchrungen im Naturlehrgarten angeboten.<\/p>\n\t\t\t\t\t\t\t\t\t<\/div>\n\t\t\t<\/div>\n\t\t<\/div>\n\t\t\t\t\t<div class=\"colpos-102 col-xs-12 col-md-5\">\n\t\t\t\t                                                <div id=\"block_b8579096fc7d99bf6027a5d17dec9766\">\n                                                            <h2>Infos &amp; Anmeldung<\/h2>\n                                                                                    <ul class=\"arrows ce-menu ce-menu-0\">\n                                                                        <li>\n                                        <svg id=\"chevron-right\" class=\"icon svg-chevron-right-dims\" viewBox=\"0 0 10 16\" role=\"img\" aria-labelledby=\"title\"><title>chevron-right<\/title><path d=\"M6.55 8.112L.02 14.459l1.394 1.434L9.37 8.16 1.434 0 0 1.395z\" fill=\"currentColor\" fill-rule=\"evenodd\"><\/path><\/svg>\n                                            <a target=\"\" href=\"https:\/\/www.dehner.de\/unternehmen\/app\/uploads\/sites\/3\/2026\/02\/FL_Erwachsene_NLG.pdf\">Flyer Naturlehrgarten &#8211; Erwachsene<\/a>\n                                        <\/li>\n                                                                                                            <li>\n                                        <svg id=\"chevron-right\" class=\"icon svg-chevron-right-dims\" viewBox=\"0 0 10 16\" role=\"img\" aria-labelledby=\"title\"><title>chevron-right<\/title><path d=\"M6.55 8.112L.02 14.459l1.394 1.434L9.37 8.16 1.434 0 0 1.395z\" fill=\"currentColor\" fill-rule=\"evenodd\"><\/path><\/svg>\n                                            <a target=\"_blank\" href=\"https:\/\/www.dehner.de\/unternehmen\/app\/uploads\/sites\/3\/2026\/02\/FL_Kids_NLG.pdf\">Flyer Naturlehrgarten &#8211; Kids<\/a>\n                                        <\/li>\n                                                                                                            <li>\n                                        <svg id=\"chevron-right\" class=\"icon svg-chevron-right-dims\" viewBox=\"0 0 10 16\" role=\"img\" aria-labelledby=\"title\"><title>chevron-right<\/title><path d=\"M6.55 8.112L.02 14.459l1.394 1.434L9.37 8.16 1.434 0 0 1.395z\" fill=\"currentColor\" fill-rule=\"evenodd\"><\/path><\/svg>\n                                            <a target=\"\" href=\"https:\/\/www.dehner.de\/blumenpark\/naturlehrgarten_formular\/\">Anmeldeformular Naturlehrgarten Online<\/a>\n                                        <\/li>\n                                                                                                            <li>\n                                        <svg id=\"chevron-right\" class=\"icon svg-chevron-right-dims\" viewBox=\"0 0 10 16\" role=\"img\" aria-labelledby=\"title\"><title>chevron-right<\/title><path d=\"M6.55 8.112L.02 14.459l1.394 1.434L9.37 8.16 1.434 0 0 1.395z\" fill=\"currentColor\" fill-rule=\"evenodd\"><\/path><\/svg>\n                                            <a target=\"_blank\" href=\"https:\/\/www.dehner.de\/unternehmen\/app\/uploads\/sites\/3\/2026\/02\/Anmeldeformular_Gruppen_Vereine_NLG.pdf\">Anmeldeformular Naturlehrgarten &#8211; Gruppen &amp; Vereine<\/a>\n                                        <\/li>\n                                                                                                            <li>\n                                        <svg id=\"chevron-right\" class=\"icon svg-chevron-right-dims\" viewBox=\"0 0 10 16\" role=\"img\" aria-labelledby=\"title\"><title>chevron-right<\/title><path d=\"M6.55 8.112L.02 14.459l1.394 1.434L9.37 8.16 1.434 0 0 1.395z\" fill=\"currentColor\" fill-rule=\"evenodd\"><\/path><\/svg>\n                                            <a target=\"\" href=\"https:\/\/www.dehner.de\/unternehmen\/app\/uploads\/sites\/3\/2026\/02\/Anmeldeformular_Kids_NLG.pdf\">Anmeldeformular Naturlehrgarten &#8211; Kids<\/a>\n                                        <\/li>\n                                                                                                <\/ul>\n                                                    <\/div>\n\t\t\t\t\t\t\t\t\t\t\t\t\t\t\t<div id=\"block_b8579096fc7d99bf6027a5d17dec9766\" class=\"ce-image\">\n\t\t\t\t\t\t\t<picture><img decoding=\"async\" class=\"img-responsive\" src=\"https:\/\/www.dehner.de\/blumenpark\/app\/uploads\/sites\/5\/2021\/01\/csm_Dehner_Naturlehrgarten_Straeucher_und_Gehoelz_84555db225.jpg\" srcset=\"https:\/\/www.dehner.de\/blumenpark\/app\/uploads\/sites\/5\/2021\/01\/csm_Dehner_Naturlehrgarten_Straeucher_und_Gehoelz_84555db225.jpg 900w, https:\/\/www.dehner.de\/blumenpark\/app\/uploads\/sites\/5\/2021\/01\/csm_Dehner_Naturlehrgarten_Straeucher_und_Gehoelz_84555db225-768x512.jpg 768w\" sizes=\"(max-width: ) 100vw, \"\/><\/picture>\t\t\t\t\t\t<\/div>\n\n\t\t\t\t\t\t\t\t\t\t\t\t<\/div>\n\t\t\t<\/div>\n<\/div>\n","protected":false},"excerpt":{"rendered":"","protected":false},"author":1,"featured_media":0,"parent":217,"menu_order":10,"comment_status":"closed","ping_status":"closed","template":"","meta":{"_acf_changed":false,"footnotes":""},"class_list":["post-227","page","type-page","status-publish","hentry"],"acf":[],"yoast_head":"<!-- This site is optimized with the Yoast SEO plugin v24.5 - https:\/\/yoast.com\/wordpress\/plugins\/seo\/ -->\n<title>Naturlehrgarten - Dehner Blumenpark<\/title>\n<meta name=\"robots\" content=\"index, follow, max-snippet:-1, max-image-preview:large, max-video-preview:-1\" \/>\n<link rel=\"canonical\" href=\"https:\/\/www.dehner.de\/blumenpark\/der-blumenpark\/naturlehrgarten\/\" \/>\n<meta property=\"og:locale\" content=\"de_DE\" \/>\n<meta property=\"og:type\" content=\"article\" \/>\n<meta property=\"og:title\" content=\"Naturlehrgarten - Dehner Blumenpark\" \/>\n<meta property=\"og:url\" content=\"https:\/\/www.dehner.de\/blumenpark\/der-blumenpark\/naturlehrgarten\/\" \/>\n<meta property=\"og:site_name\" content=\"Dehner Blumenpark\" \/>\n<meta property=\"article:modified_time\" content=\"2026-02-09T14:36:30+00:00\" \/>\n<meta name=\"twitter:card\" content=\"summary_large_image\" \/>\n<meta name=\"twitter:label1\" content=\"Est. reading time\" \/>\n\t<meta name=\"twitter:data1\" content=\"2 Minuten\" \/>\n<script type=\"application\/ld+json\" class=\"yoast-schema-graph\">{\"@context\":\"https:\/\/schema.org\",\"@graph\":[{\"@type\":\"WebPage\",\"@id\":\"https:\/\/www.dehner.de\/blumenpark\/der-blumenpark\/naturlehrgarten\/\",\"url\":\"https:\/\/www.dehner.de\/blumenpark\/der-blumenpark\/naturlehrgarten\/\",\"name\":\"Naturlehrgarten - Dehner Blumenpark\",\"isPartOf\":{\"@id\":\"https:\/\/www.dehner.de\/blumenpark\/#website\"},\"datePublished\":\"2021-01-20T09:39:55+00:00\",\"dateModified\":\"2026-02-09T14:36:30+00:00\",\"breadcrumb\":{\"@id\":\"https:\/\/www.dehner.de\/blumenpark\/der-blumenpark\/naturlehrgarten\/#breadcrumb\"},\"inLanguage\":\"de-DE\",\"potentialAction\":[{\"@type\":\"ReadAction\",\"target\":[\"https:\/\/www.dehner.de\/blumenpark\/der-blumenpark\/naturlehrgarten\/\"]}]},{\"@type\":\"BreadcrumbList\",\"@id\":\"https:\/\/www.dehner.de\/blumenpark\/der-blumenpark\/naturlehrgarten\/#breadcrumb\",\"itemListElement\":[{\"@type\":\"ListItem\",\"position\":1,\"name\":\"Home\",\"item\":\"https:\/\/www.dehner.de\/blumenpark\/\"},{\"@type\":\"ListItem\",\"position\":2,\"name\":\"Der Blumenpark\",\"item\":\"https:\/\/www.dehner.de\/blumenpark\/der-blumenpark\/\"},{\"@type\":\"ListItem\",\"position\":3,\"name\":\"Naturlehrgarten\"}]},{\"@type\":\"WebSite\",\"@id\":\"https:\/\/www.dehner.de\/blumenpark\/#website\",\"url\":\"https:\/\/www.dehner.de\/blumenpark\/\",\"name\":\"Dehner Blumenpark\",\"description\":\"Dehner Blumenpark in Rain am Lech\",\"potentialAction\":[{\"@type\":\"SearchAction\",\"target\":{\"@type\":\"EntryPoint\",\"urlTemplate\":\"https:\/\/www.dehner.de\/blumenpark\/?s={search_term_string}\"},\"query-input\":{\"@type\":\"PropertyValueSpecification\",\"valueRequired\":true,\"valueName\":\"search_term_string\"}}],\"inLanguage\":\"de-DE\"}]}<\/script>\n<!-- \/ Yoast SEO plugin. -->","yoast_head_json":{"title":"Naturlehrgarten - Dehner Blumenpark","robots":{"index":"index","follow":"follow","max-snippet":"max-snippet:-1","max-image-preview":"max-image-preview:large","max-video-preview":"max-video-preview:-1"},"canonical":"https:\/\/www.dehner.de\/blumenpark\/der-blumenpark\/naturlehrgarten\/","og_locale":"de_DE","og_type":"article","og_title":"Naturlehrgarten - Dehner Blumenpark","og_url":"https:\/\/www.dehner.de\/blumenpark\/der-blumenpark\/naturlehrgarten\/","og_site_name":"Dehner Blumenpark","article_modified_time":"2026-02-09T14:36:30+00:00","twitter_card":"summary_large_image","twitter_misc":{"Est. reading time":"2 Minuten"},"schema":{"@context":"https:\/\/schema.org","@graph":[{"@type":"WebPage","@id":"https:\/\/www.dehner.de\/blumenpark\/der-blumenpark\/naturlehrgarten\/","url":"https:\/\/www.dehner.de\/blumenpark\/der-blumenpark\/naturlehrgarten\/","name":"Naturlehrgarten - Dehner Blumenpark","isPartOf":{"@id":"https:\/\/www.dehner.de\/blumenpark\/#website"},"datePublished":"2021-01-20T09:39:55+00:00","dateModified":"2026-02-09T14:36:30+00:00","breadcrumb":{"@id":"https:\/\/www.dehner.de\/blumenpark\/der-blumenpark\/naturlehrgarten\/#breadcrumb"},"inLanguage":"de-DE","potentialAction":[{"@type":"ReadAction","target":["https:\/\/www.dehner.de\/blumenpark\/der-blumenpark\/naturlehrgarten\/"]}]},{"@type":"BreadcrumbList","@id":"https:\/\/www.dehner.de\/blumenpark\/der-blumenpark\/naturlehrgarten\/#breadcrumb","itemListElement":[{"@type":"ListItem","position":1,"name":"Home","item":"https:\/\/www.dehner.de\/blumenpark\/"},{"@type":"ListItem","position":2,"name":"Der Blumenpark","item":"https:\/\/www.dehner.de\/blumenpark\/der-blumenpark\/"},{"@type":"ListItem","position":3,"name":"Naturlehrgarten"}]},{"@type":"WebSite","@id":"https:\/\/www.dehner.de\/blumenpark\/#website","url":"https:\/\/www.dehner.de\/blumenpark\/","name":"Dehner Blumenpark","description":"Dehner Blumenpark in Rain am Lech","potentialAction":[{"@type":"SearchAction","target":{"@type":"EntryPoint","urlTemplate":"https:\/\/www.dehner.de\/blumenpark\/?s={search_term_string}"},"query-input":{"@type":"PropertyValueSpecification","valueRequired":true,"valueName":"search_term_string"}}],"inLanguage":"de-DE"}]}},"_links":{"self":[{"href":"https:\/\/www.dehner.de\/blumenpark\/wp-json\/wp\/v2\/pages\/227","targetHints":{"allow":["GET"]}}],"collection":[{"href":"https:\/\/www.dehner.de\/blumenpark\/wp-json\/wp\/v2\/pages"}],"about":[{"href":"https:\/\/www.dehner.de\/blumenpark\/wp-json\/wp\/v2\/types\/page"}],"author":[{"embeddable":true,"href":"https:\/\/www.dehner.de\/blumenpark\/wp-json\/wp\/v2\/users\/1"}],"replies":[{"embeddable":true,"href":"https:\/\/www.dehner.de\/blumenpark\/wp-json\/wp\/v2\/comments?post=227"}],"version-history":[{"count":102,"href":"https:\/\/www.dehner.de\/blumenpark\/wp-json\/wp\/v2\/pages\/227\/revisions"}],"predecessor-version":[{"id":3775,"href":"https:\/\/www.dehner.de\/blumenpark\/wp-json\/wp\/v2\/pages\/227\/revisions\/3775"}],"up":[{"embeddable":true,"href":"https:\/\/www.dehner.de\/blumenpark\/wp-json\/wp\/v2\/pages\/217"}],"wp:attachment":[{"href":"https:\/\/www.dehner.de\/blumenpark\/wp-json\/wp\/v2\/media?parent=227"}],"curies":[{"name":"wp","href":"https:\/\/api.w.org\/{rel}","templated":true}]}}