{"id":215,"date":"2021-01-20T10:31:49","date_gmt":"2021-01-20T09:31:49","guid":{"rendered":"https:\/\/www.dehner.de\/blumenpark\/?page_id=215"},"modified":"2022-03-14T09:40:22","modified_gmt":"2022-03-14T08:40:22","slug":"startseite","status":"publish","type":"page","link":"https:\/\/www.dehner.de\/blumenpark\/","title":{"rendered":"Startseite"},"content":{"rendered":"<div id=\"page-hero\">\n    <div class=\"ce-slidercontainer hero-slider\">\n        <div class=\"slider\" id=\"slider-block_6009ad5fc76a2\" data-slick='{&quot;autoplay&quot;:true,&quot;arrows&quot;:false,&quot;dots&quot;:false,&quot;slidesToShow&quot;:1,&quot;slidesToScroll&quot;:1}'>\n            <div class=\"ce-slideritem\">                            <div class=\"slide-text\">\n                                <header>\n                                    <h2>Herzlich Willkommen im Blumenpark<\/h2>\n                                <\/header>\n                                <p>Entdecken Sie eine faszinierende Welt <\/p>\n                                                                    <a href=\"\/blumenpark\/der-blumenpark\/\" class=\"btn btn-tertiary\" tabindex=\"-1\">Jetzt erkunden<\/a>\n                                                            <\/div>\n                        \n                                                    <picture>\n                                                                    <source media=\"(min-width:1200px)\" srcset=\"https:\/\/www.dehner.de\/blumenpark\/app\/uploads\/sites\/5\/2021\/10\/Blumenpark-Herbst-2019_Experimentiergarten-mit-Taubenhaus-1920x740.jpg 1x\">\n                                                                    <source media=\"(min-width:992px)\" srcset=\"https:\/\/www.dehner.de\/blumenpark\/app\/uploads\/sites\/5\/2021\/10\/Blumenpark-Herbst-2019_Experimentiergarten-mit-Taubenhaus-1280x560.jpg 1x\">\n                                                                    <source media=\"(min-width:768px)\" srcset=\"https:\/\/www.dehner.de\/blumenpark\/app\/uploads\/sites\/5\/2021\/10\/Blumenpark-Herbst-2019_Experimentiergarten-mit-Taubenhaus-992x434.jpg 1x\">\n                                                                    <source media=\"(min-width:544px)\" srcset=\"https:\/\/www.dehner.de\/blumenpark\/app\/uploads\/sites\/5\/2021\/10\/Blumenpark-Herbst-2019_Experimentiergarten-mit-Taubenhaus-768x500.jpg 1x\">\n                                                                <img decoding=\"async\" src=\"https:\/\/www.dehner.de\/blumenpark\/app\/uploads\/sites\/5\/2021\/10\/Blumenpark-Herbst-2019_Experimentiergarten-mit-Taubenhaus-480x400.jpg\" alt=\"\"\/>\n                            <\/picture>\n                                                <\/div>\n                            <\/div>\n    <\/div><a href=\"javascript:void(0)\" class=\"btn btn-circle scroll-down\"><svg class=\"icon svg-chevron-down-dims \" viewBox=\"0 0 16 10\" role=\"img\" aria-labelledby=\"title\"><use xlink:href=\"https:\/\/www.dehner.de\/blumenpark\/app\/themes\/dehner-unternehmen\/assets\/images\/icons\/icons-symbols.svg#chevron-down\"><\/use><\/svg><\/a>\n<\/div>\n\n\n<div class=\"container page-content dehner-paragraph \">\n\t<div class=\"ce-gridRow6040 row\">\n\t\t<div class=\"colpos-101 col-xs-12 col-md-7\">\n\t\t\t<div id=\"block_6009ae05c76a4\" class=\"ce-text\">\n\t\t\t\t<header class=\"fsc\">\n\t\t\t\t\t\t\t\t\t\t\t<strong class=\"subheader\">Einkaufserlebnis und Freizeitspa\u00df<\/strong>\n\t\t\t\t\t\t\t\t\t\t\t\t\t\t\t\t<h2>Das Paradies f\u00fcr Gartenfreunde<\/h2>\n\t\t\t\t\t\t\t\t\t<\/header>\n\t\t\t\t<div class=\"bodytext\">\n\t\t\t\t\t\t\t\t\t\t\t<p>Im Blumenpark erwartet Sie eine faszinierende Kombination aus Einkaufserlebnis und Freizeitspa\u00df. Als Europas Marktf\u00fchrer in der Garten-Center Branche m\u00f6chten wir unsere Liebe zur Natur und unsere hohe Kompetenz im Bereich Pflanzen und Tiere an unsere G\u00e4ste und Besucher weitergeben. Deshalb haben wir diese einzigartige Verbindung aus Garten-Center, Zoo Erlebniswelt, Schau- &amp; Naturlehrgarten und Gastronomie geschaffen.<\/p>\n<p><i><b>Im Blumenpark sind der Schau- und Naturlehrgarten sowie unser Kinderspielplatz werktags f\u00fcr Sie ge\u00f6ffnet. Das Gartenbistro ist von Montag bis Samstag von 11 bis 17.30 Uhr ge\u00f6ffnet. Im Dehner Naturlehrgarten finden die beliebten F\u00fchrungen durch die einzelnen Lebensr\u00e4ume sowie Spezialf\u00fchrungen f\u00fcr Schulklassen und Kindergartengruppen statt.<\/b><\/i><\/p>\n<p><i><b> Bitte beachten Sie die aktuellen Verhaltens- Abstands- und Hygieneregeln!<\/b><\/i><\/p>\n\t\t\t\t\t\t\t\t\t<\/div>\n\t\t\t<\/div>\n\t\t<\/div>\n\t\t\t\t\t<div class=\"colpos-102 col-xs-12 col-md-5\">\n\t\t\t\t\t\t\t\t\t\t<div id=\"block_6009ae05c76a4\" class=\"ce-ctabox\">\n\t\t\t\t\t\t\t<header class=\"fsc hyphenate\">\n\t\t\t\t\t\t\t\t\t\t\t\t\t\t\t\t\t\t\t\t\t\t\t<header>\n\t\t\t\t\t\t\t\t\t\t\t\t\t\t\t\t\t\t\t\t\t\t\t\t<a\n                                        href=\"\/blumenpark\/kontakt\/\"\n                                        target=\"_blank\"\n                                        class=\"btn btn-primary\"\n                                    >\n                                        Zu den \u00d6ffnungszeiten                                    <\/a>\n\t\t\t\t\t\t\t\t\t\t\t\t\t\t\t\t\t\t\t\t\t<\/div>\n\t\t\t\t\t\t\t\t\t\t\t\t<\/div>\n\t\t\t<\/div>\n<\/div>\n\n\n<div class=\"container page-content dehner-paragraph \">\n\t<div class=\"ce-gridRow6040 \">\n\t\t<div class=\"colpos-101 col-12\">\n\t\t\t<div id=\"block_600a99b29660b\" class=\"ce-text\">\n\t\t\t\t<header class=\"fsc\">\n\t\t\t\t\t\t\t\t\t\t\t<strong class=\"subheader\">Das gro\u00dfe &#8222;gr\u00fcne&#8220; Ausflugsziel<\/strong>\n\t\t\t\t\t\t\t\t\t\t\t\t\t\t\t\t<h2>Der Blumenpark im \u00dcberblick<\/h2>\n\t\t\t\t\t\t\t\t\t<\/header>\n\t\t\t\t<div class=\"bodytext\">\n\t\t\t\t\t\t\t\t\t\t\t<p>Der Blumenpark am Stammsitz der Firma Dehner ist mit seiner Gesamtfl\u00e4che von 115.000 m\u00b2 das gro\u00dfe &#8222;gr\u00fcne&#8220; Einkaufs- und Veranstaltungszentrum der Region. Mit dem einzigartigen Schaugarten, Naturlehrgarten, Flaggschiff Garten-Center mit einer Dehner Zoo-Erlebniswelt und dem Gartenbistro ist der Blumenpark die Attraktion f\u00fcr Touristen und Anwohner zugleich.<\/p>\n\t\t\t\t\t\t\t\t\t<\/div>\n\t\t\t<\/div>\n\t\t<\/div>\n\t\t\t<\/div>\n<\/div>\n\n\n<div class=\"container page-content blumenpark-grid\">\n\t<div id=\"block_600a9a619660c\" class=\"row ce-gridRow5050\">\n\t\t\t\t\t<div class=\"colpos-101 col-xs-12 col-md-6\">\n\t\t\t\t<div class=\"ce-teaserbox\">\n\t\t\t\t\t<a href=\"\/blumenpark\/der-blumenpark\/schaugarten\/\">\n\t\t\t\t\t\t<img loading=\"lazy\" decoding=\"async\" class=\"img-responsive-full\" title=\"Schaugarten\" alt=\"Dehner Online-Shop\" src=\"https:\/\/www.dehner.de\/blumenpark\/app\/uploads\/sites\/5\/2021\/01\/csm_Dehner_Erfurt_2787be3304.jpg\" width=\"432\" height=\"314\">\n\t\t\t\t\t<\/a>\n\t\t\t\t\t<div class=\"teaserbox-text-wrapper\">\n\t\t\t\t\t\t<h2><a href=\"\/blumenpark\/der-blumenpark\/schaugarten\/\">Schaugarten<\/a><\/h2>\n\t\t\t\t\t\t<a href=\"\/blumenpark\/der-blumenpark\/schaugarten\/\" class=\"btn btn-primary\">Jetzt entdecken<\/a>\n\t\t\t\t\t<\/div>\n\t\t\t\t<\/div>\n\t\t\t<\/div>\n\t\t\t\t\t<div class=\"colpos-102 col-xs-12 col-md-6\">\n\t\t\t\t<div class=\"ce-teaserbox\">\n\t\t\t\t\t<a href=\"\/blumenpark\/der-blumenpark\/naturlehrgarten\/\">\n\t\t\t\t\t\t<img loading=\"lazy\" decoding=\"async\" class=\"img-responsive-full\" title=\"Naturlehrgarten\" alt=\"Dehner Online-Shop\" src=\"https:\/\/www.dehner.de\/blumenpark\/app\/uploads\/sites\/5\/2021\/01\/csm_Naturlehrgarten_Bereich_Wasser_-_Ufer_fd331c1b70.jpg\" width=\"432\" height=\"314\">\n\t\t\t\t\t<\/a>\n\t\t\t\t\t<div class=\"teaserbox-text-wrapper\">\n\t\t\t\t\t\t<h2><a href=\"\/blumenpark\/der-blumenpark\/naturlehrgarten\/\">Naturlehrgarten<\/a><\/h2>\n\t\t\t\t\t\t<a href=\"\/blumenpark\/der-blumenpark\/naturlehrgarten\/\" class=\"btn btn-primary\">Jetzt entdecken<\/a>\n\t\t\t\t\t<\/div>\n\t\t\t\t<\/div>\n\t\t\t<\/div>\n\t\t\t\t\t<div class=\"colpos-103 col-xs-12 col-md-6\">\n\t\t\t\t<div class=\"ce-teaserbox\">\n\t\t\t\t\t<a href=\"https:\/\/www.dehner.de\/market\/dehner-gartencenter-rain\/\">\n\t\t\t\t\t\t<img loading=\"lazy\" decoding=\"async\" class=\"img-responsive-full\" title=\"Garten\/Center und Zoo Erlebniswelt\" alt=\"Dehner Online-Shop\" src=\"https:\/\/www.dehner.de\/blumenpark\/app\/uploads\/sites\/5\/2021\/10\/teaser-philosophie-engagement_432x314.jpg\" width=\"432\" height=\"314\">\n\t\t\t\t\t<\/a>\n\t\t\t\t\t<div class=\"teaserbox-text-wrapper\">\n\t\t\t\t\t\t<h2><a href=\"https:\/\/www.dehner.de\/market\/dehner-gartencenter-rain\/\">Garten\/Center und Zoo Erlebniswelt<\/a><\/h2>\n\t\t\t\t\t\t<a href=\"https:\/\/www.dehner.de\/market\/dehner-gartencenter-rain\/\" class=\"btn btn-primary\">Jetzt entdecken<\/a>\n\t\t\t\t\t<\/div>\n\t\t\t\t<\/div>\n\t\t\t<\/div>\n\t\t\t\t\t<div class=\"colpos-104 col-xs-12 col-md-6\">\n\t\t\t\t<div class=\"ce-teaserbox\">\n\t\t\t\t\t<a href=\"\/blumenpark\/der-blumenpark\/villa-bluetenstaengel\/\">\n\t\t\t\t\t\t<img loading=\"lazy\" decoding=\"async\" class=\"img-responsive-full\" title=\"Villa Bl\u00fctenst\u00e4ngel\" alt=\"Dehner Online-Shop\" src=\"https:\/\/www.dehner.de\/blumenpark\/app\/uploads\/sites\/5\/2021\/01\/csm_Villa_Bluetenstaengel_Schaukel_190f0c8295.jpg\" width=\"432\" height=\"314\">\n\t\t\t\t\t<\/a>\n\t\t\t\t\t<div class=\"teaserbox-text-wrapper\">\n\t\t\t\t\t\t<h2><a href=\"\/blumenpark\/der-blumenpark\/villa-bluetenstaengel\/\">Villa Bl\u00fctenst\u00e4ngel<\/a><\/h2>\n\t\t\t\t\t\t<a href=\"\/blumenpark\/der-blumenpark\/villa-bluetenstaengel\/\" class=\"btn btn-primary\">Jetzt entdecken<\/a>\n\t\t\t\t\t<\/div>\n\t\t\t\t<\/div>\n\t\t\t<\/div>\n\t\t\t<\/div>\n<\/div>\n\n<div class=\"container page-content dehner-paragraph \">\n\t<div class=\"ce-gridRow6040 row\">\n\t\t<div class=\"colpos-101 col-xs-12 col-md-7\">\n\t\t\t<div id=\"block_600a9c2796611\" class=\"ce-text\">\n\t\t\t\t<header class=\"fsc\">\n\t\t\t\t\t\t\t\t\t\t\t<strong class=\"subheader\">Essen &#038; Trinken<\/strong>\n\t\t\t\t\t\t\t\t\t\t\t\t\t\t\t\t<h2>Die Blumenpark Gastronomie<\/h2>\n\t\t\t\t\t\t\t\t\t<\/header>\n\t\t\t\t<div class=\"bodytext\">\n\t\t\t\t\t\t\t\t\t\t\t<p>Haben Ihnen die zahlreichen Erlebnisse im Blumenpark Appetit gemacht? Dann lassen Sie sich von uns verw\u00f6hnen. In unserer Blumenpark Gastronomie ist schon f\u00fcr Sie angerichtet. Die Palette ist breit gef\u00e4chert. Wir bieten f\u00fcr jeden Appetit die richtige Mahlzeit und f\u00fcr jeden Geschmack das passende Ambiente.<\/p>\n\t\t\t\t\t\t\t\t\t<\/div>\n\t\t\t<\/div>\n\t\t<\/div>\n\t\t\t\t\t<div class=\"colpos-102 col-xs-12 col-md-5\">\n\t\t\t\t\t\t\t\t\t\t<div id=\"block_600a9c2796611\" class=\"ce-ctabox\">\n\t\t\t\t\t\t\t<header class=\"fsc hyphenate\">\n\t\t\t\t\t\t\t\t\t\t\t\t\t\t\t\t\t\t\t\t\t\t\t\t\t<h2>Blumenpark Gastronomie<\/h2>\n\t\t\t\t\t\t\t\t\t\t\t\t\t\t\t<header>\n\t\t\t\t\t\t\t\t\t\t\t\t\t\t\t\t\t\t\t\t\t\t\t\t<a\n                                        href=\"\/blumenpark\/der-blumenpark\/gastronomie\/\"\n                                        target=\"\"\n                                        class=\"btn btn-primary\"\n                                    >\n                                        Jetzt entdecken                                    <\/a>\n\t\t\t\t\t\t\t\t\t\t\t\t\t\t\t\t\t\t\t\t\t<\/div>\n\t\t\t\t\t\t\t\t\t\t\t\t<\/div>\n\t\t\t<\/div>\n<\/div>\n\n\n<div class=\"container page-content\">\n\t<div id=\"block_600a9c8a96613\" class=\"ce-teaserimgblock\">\n\t\t<div class=\"row\">\n\t\t\t<div class=\"col-sm-3\">\n\t\t\t\t<picture><img decoding=\"async\" class=\"img-responsive-full\" src=\"https:\/\/www.dehner.de\/blumenpark\/app\/uploads\/sites\/5\/2021\/01\/20221116_PR_MO_003_aquarien_gartenbistro_herzig_220x250.jpg\" srcset=\"\" sizes=\"(max-width: ) 100vw, \"\/><\/picture>\t\t\t<\/div>\n\t\t\t<div class=\"col-sm-6\">\n\t\t\t\t<picture><img decoding=\"async\" class=\"img-responsive-full\" src=\"https:\/\/www.dehner.de\/blumenpark\/app\/uploads\/sites\/5\/2021\/01\/20170601_PR_MO_Shooting_Juni_2017_Luckner_Gastro_Dehner_450x250.jpg\" srcset=\"https:\/\/www.dehner.de\/blumenpark\/app\/uploads\/sites\/5\/2021\/01\/20170601_PR_MO_Shooting_Juni_2017_Luckner_Gastro_Dehner_450x250.jpg 900w, https:\/\/www.dehner.de\/blumenpark\/app\/uploads\/sites\/5\/2021\/01\/20170601_PR_MO_Shooting_Juni_2017_Luckner_Gastro_Dehner_450x250-768x427.jpg 768w\" sizes=\"(max-width: ) 100vw, \"\/><\/picture>\t\t\t<\/div>\n\t\t\t<div class=\"col-sm-3\">\n\t\t\t\t<picture><img decoding=\"async\" class=\"img-responsive-full\" src=\"https:\/\/www.dehner.de\/blumenpark\/app\/uploads\/sites\/5\/2021\/01\/20170316_PR_MO_002_food_blumenrestaurant_220x250.jpg\" srcset=\"\" sizes=\"(max-width: ) 100vw, \"\/><\/picture>\t\t\t<\/div>\n\t\t<\/div>\n\t<\/div>\n<\/div>\n","protected":false},"excerpt":{"rendered":"","protected":false},"author":1,"featured_media":0,"parent":0,"menu_order":0,"comment_status":"closed","ping_status":"closed","template":"","meta":{"_acf_changed":false,"footnotes":""},"class_list":["post-215","page","type-page","status-publish","hentry"],"acf":[],"yoast_head":"<!-- This site is optimized with the Yoast SEO plugin v24.5 - https:\/\/yoast.com\/wordpress\/plugins\/seo\/ -->\n<title>Startseite - Dehner Blumenpark<\/title>\n<meta name=\"robots\" content=\"index, follow, max-snippet:-1, max-image-preview:large, max-video-preview:-1\" \/>\n<link rel=\"canonical\" href=\"https:\/\/www.dehner.de\/blumenpark\/\" \/>\n<meta property=\"og:locale\" content=\"de_DE\" \/>\n<meta property=\"og:type\" content=\"article\" \/>\n<meta property=\"og:title\" content=\"Startseite - Dehner Blumenpark\" \/>\n<meta property=\"og:url\" content=\"https:\/\/www.dehner.de\/blumenpark\/\" \/>\n<meta property=\"og:site_name\" content=\"Dehner Blumenpark\" \/>\n<meta property=\"article:modified_time\" content=\"2022-03-14T08:40:22+00:00\" \/>\n<meta name=\"twitter:card\" content=\"summary_large_image\" \/>\n<script type=\"application\/ld+json\" class=\"yoast-schema-graph\">{\"@context\":\"https:\/\/schema.org\",\"@graph\":[{\"@type\":\"WebPage\",\"@id\":\"https:\/\/www.dehner.de\/blumenpark\/\",\"url\":\"https:\/\/www.dehner.de\/blumenpark\/\",\"name\":\"Startseite - Dehner Blumenpark\",\"isPartOf\":{\"@id\":\"https:\/\/www.dehner.de\/blumenpark\/#website\"},\"datePublished\":\"2021-01-20T09:31:49+00:00\",\"dateModified\":\"2022-03-14T08:40:22+00:00\",\"breadcrumb\":{\"@id\":\"https:\/\/www.dehner.de\/blumenpark\/#breadcrumb\"},\"inLanguage\":\"de-DE\",\"potentialAction\":[{\"@type\":\"ReadAction\",\"target\":[\"https:\/\/www.dehner.de\/blumenpark\/\"]}]},{\"@type\":\"BreadcrumbList\",\"@id\":\"https:\/\/www.dehner.de\/blumenpark\/#breadcrumb\",\"itemListElement\":[{\"@type\":\"ListItem\",\"position\":1,\"name\":\"Home\",\"item\":\"https:\/\/www.dehner.de\/blumenpark\/\"},{\"@type\":\"ListItem\",\"position\":2,\"name\":\"Startseite\"}]},{\"@type\":\"WebSite\",\"@id\":\"https:\/\/www.dehner.de\/blumenpark\/#website\",\"url\":\"https:\/\/www.dehner.de\/blumenpark\/\",\"name\":\"Dehner Blumenpark\",\"description\":\"Dehner Blumenpark in Rain am Lech\",\"potentialAction\":[{\"@type\":\"SearchAction\",\"target\":{\"@type\":\"EntryPoint\",\"urlTemplate\":\"https:\/\/www.dehner.de\/blumenpark\/?s={search_term_string}\"},\"query-input\":{\"@type\":\"PropertyValueSpecification\",\"valueRequired\":true,\"valueName\":\"search_term_string\"}}],\"inLanguage\":\"de-DE\"}]}<\/script>\n<!-- \/ Yoast SEO plugin. -->","yoast_head_json":{"title":"Startseite - Dehner Blumenpark","robots":{"index":"index","follow":"follow","max-snippet":"max-snippet:-1","max-image-preview":"max-image-preview:large","max-video-preview":"max-video-preview:-1"},"canonical":"https:\/\/www.dehner.de\/blumenpark\/","og_locale":"de_DE","og_type":"article","og_title":"Startseite - Dehner Blumenpark","og_url":"https:\/\/www.dehner.de\/blumenpark\/","og_site_name":"Dehner Blumenpark","article_modified_time":"2022-03-14T08:40:22+00:00","twitter_card":"summary_large_image","schema":{"@context":"https:\/\/schema.org","@graph":[{"@type":"WebPage","@id":"https:\/\/www.dehner.de\/blumenpark\/","url":"https:\/\/www.dehner.de\/blumenpark\/","name":"Startseite - Dehner Blumenpark","isPartOf":{"@id":"https:\/\/www.dehner.de\/blumenpark\/#website"},"datePublished":"2021-01-20T09:31:49+00:00","dateModified":"2022-03-14T08:40:22+00:00","breadcrumb":{"@id":"https:\/\/www.dehner.de\/blumenpark\/#breadcrumb"},"inLanguage":"de-DE","potentialAction":[{"@type":"ReadAction","target":["https:\/\/www.dehner.de\/blumenpark\/"]}]},{"@type":"BreadcrumbList","@id":"https:\/\/www.dehner.de\/blumenpark\/#breadcrumb","itemListElement":[{"@type":"ListItem","position":1,"name":"Home","item":"https:\/\/www.dehner.de\/blumenpark\/"},{"@type":"ListItem","position":2,"name":"Startseite"}]},{"@type":"WebSite","@id":"https:\/\/www.dehner.de\/blumenpark\/#website","url":"https:\/\/www.dehner.de\/blumenpark\/","name":"Dehner Blumenpark","description":"Dehner Blumenpark in Rain am Lech","potentialAction":[{"@type":"SearchAction","target":{"@type":"EntryPoint","urlTemplate":"https:\/\/www.dehner.de\/blumenpark\/?s={search_term_string}"},"query-input":{"@type":"PropertyValueSpecification","valueRequired":true,"valueName":"search_term_string"}}],"inLanguage":"de-DE"}]}},"_links":{"self":[{"href":"https:\/\/www.dehner.de\/blumenpark\/wp-json\/wp\/v2\/pages\/215","targetHints":{"allow":["GET"]}}],"collection":[{"href":"https:\/\/www.dehner.de\/blumenpark\/wp-json\/wp\/v2\/pages"}],"about":[{"href":"https:\/\/www.dehner.de\/blumenpark\/wp-json\/wp\/v2\/types\/page"}],"author":[{"embeddable":true,"href":"https:\/\/www.dehner.de\/blumenpark\/wp-json\/wp\/v2\/users\/1"}],"replies":[{"embeddable":true,"href":"https:\/\/www.dehner.de\/blumenpark\/wp-json\/wp\/v2\/comments?post=215"}],"version-history":[{"count":71,"href":"https:\/\/www.dehner.de\/blumenpark\/wp-json\/wp\/v2\/pages\/215\/revisions"}],"predecessor-version":[{"id":2654,"href":"https:\/\/www.dehner.de\/blumenpark\/wp-json\/wp\/v2\/pages\/215\/revisions\/2654"}],"wp:attachment":[{"href":"https:\/\/www.dehner.de\/blumenpark\/wp-json\/wp\/v2\/media?parent=215"}],"curies":[{"name":"wp","href":"https:\/\/api.w.org\/{rel}","templated":true}]}}